{"id":8614,"date":"2021-02-24T11:46:20","date_gmt":"2021-04-27T04:06:18","guid":{"rendered":"https:\/\/znz.hu\/?post_type=product&#038;p=8614"},"modified":"2021-04-27T08:03:56","modified_gmt":"2021-04-27T08:03:56","slug":"pilomat-automatic-hydraulic-bollard","status":"publish","type":"product","link":"https:\/\/znz.hu\/en\/product\/pilomat-automatic-hydraulic-bollard\/","title":{"rendered":"Pilomat Automatic Hydraulic Bollard"},"content":{"rendered":"<p>At present, PILOMAT S.r.l. counts itself among the top leading manufacturers of automated access control technologies in the world. The top priority is the continued development and expansion of the line of products. PILOMAT S.r.l. has ensured the guarantee of the reliability and longevity of their mission, through the development of PILOMAT philosophy geared towards quality improvement, as well as placing ever higher quality standards into our production at competitive costs and reduced lead time and schedule.<\/p>\n<p><strong>Technical specifikation:<\/strong><\/p>\n<ul>\n<li>Bollard material: FE 510 steel (iron)<\/li>\n<li>Nominal Diameter of bollard: 275 mm<\/li>\n<li>Nominal High of bollard: 900 mm<\/li>\n<li>Cylinder thickness: 25 mm<\/li>\n<li>Surface treatment (FE 510 ac\u00e9l): polyester powder painting<\/li>\n<li>Surface (in case of other amterial): ribbed robe \u2013 316 AISI stainles brushed steel<\/li>\n<li>Rising speed: 22 cm\/mp, Lowering speed 22 cm\/mp<\/li>\n<li>Emergency manual lowering \u2013 to have options &#8211; automatic lowering<\/li>\n<li>Control cabel length: included 10 meter (max. 80 meter)<\/li>\n<li>Hydraulic pump: built-in the bollard<\/li>\n<li>Type of usage: intensive usage \u2013 average lifetime: 2.000.000 operation \u2013 2.000 operation\/day<\/li>\n<li>Impact resistance (without deformation) 700.000 J (2.000 kg @ 95 km\/h \u2013 6.800 kg @ 52 km\/h) Breakout resistance 2.000.000 J (2.000 kg @ 161 km\/h \u2013 6.800 kg @ 87 km\/h)<\/li>\n<\/ul>\n<p>Fore more information check out our website: <a href=\"https:\/\/orion21.hu\/pilomat\/\">here<\/a><\/p>\n<p>Whach our videos on our youtube channel: <a href=\"https:\/\/www.youtube.com\/watch?v=abY8i13u5-I\" target=\"_blank\" rel=\"noopener\">here<\/a><\/p>\n","protected":false},"excerpt":{"rendered":"<p>At present, PILOMAT S.r.l. counts itself among the top leading manufacturers of automated access control technologies in the world. The top priority is the continued development and expansion of the line of products. PILOMAT S.r.l. has ensured the guarantee of the reliability and longevity of their mission, through the development of PILOMAT philosophy geared towards [&hellip;]<\/p>\n","protected":false},"featured_media":17427,"template":"","meta":{"_et_pb_use_builder":"","_et_pb_old_content":"","_et_gb_content_width":""},"product_brand":[],"product_cat":[223],"product_tag":[],"class_list":{"0":"post-8614","1":"product","2":"type-product","3":"status-publish","4":"has-post-thumbnail","6":"product_cat-passive-defense-equipment","8":"first","9":"instock","10":"shipping-taxable","11":"product-type-simple"},"yoast_head":"<!-- This site is optimized with the Yoast SEO plugin v27.5 - https:\/\/yoast.com\/product\/yoast-seo-wordpress\/ -->\n<title>Pilomat Automatic Hydraulic Bollard - ZNZ<\/title>\n<meta name=\"description\" content=\"At present, PILOMAT S.r.l. counts itself among the top leading manufacturers of automated access control technologies in the world.\" \/>\n<meta name=\"robots\" content=\"index, follow, max-snippet:-1, max-image-preview:large, max-video-preview:-1\" \/>\n<link rel=\"canonical\" href=\"https:\/\/znz.hu\/en\/product\/pilomat-automatic-hydraulic-bollard\/\" \/>\n<meta property=\"og:locale\" content=\"en_US\" \/>\n<meta property=\"og:type\" content=\"article\" \/>\n<meta property=\"og:title\" content=\"Pilomat Automatic Hydraulic Bollard - ZNZ\" \/>\n<meta property=\"og:description\" content=\"At present, PILOMAT S.r.l. counts itself among the top leading manufacturers of automated access control technologies in the world.\" \/>\n<meta property=\"og:url\" content=\"https:\/\/znz.hu\/en\/product\/pilomat-automatic-hydraulic-bollard\/\" \/>\n<meta property=\"og:site_name\" content=\"ZNZ\" \/>\n<meta property=\"article:modified_time\" content=\"2021-04-27T08:03:56+00:00\" \/>\n<meta property=\"og:image\" content=\"https:\/\/znz.hu\/wp-content\/uploads\/2021\/02\/pilomat_sullyedo_oszlop_Rajztabla-1.jpg\" \/>\n\t<meta property=\"og:image:width\" content=\"2084\" \/>\n\t<meta property=\"og:image:height\" content=\"2084\" \/>\n\t<meta property=\"og:image:type\" content=\"image\/jpeg\" \/>\n<meta name=\"twitter:card\" content=\"summary_large_image\" \/>\n<meta name=\"twitter:label1\" content=\"Est. reading time\" \/>\n\t<meta name=\"twitter:data1\" content=\"1 minute\" \/>\n<script type=\"application\/ld+json\" class=\"yoast-schema-graph\">{\"@context\":\"https:\\\/\\\/schema.org\",\"@graph\":[{\"@type\":\"WebPage\",\"@id\":\"https:\\\/\\\/znz.hu\\\/en\\\/product\\\/pilomat-automatic-hydraulic-bollard\\\/\",\"url\":\"https:\\\/\\\/znz.hu\\\/en\\\/product\\\/pilomat-automatic-hydraulic-bollard\\\/\",\"name\":\"Pilomat Automatic Hydraulic Bollard - ZNZ\",\"isPartOf\":{\"@id\":\"https:\\\/\\\/znz.hu\\\/en\\\/#website\"},\"primaryImageOfPage\":{\"@id\":\"https:\\\/\\\/znz.hu\\\/en\\\/product\\\/pilomat-automatic-hydraulic-bollard\\\/#primaryimage\"},\"image\":{\"@id\":\"https:\\\/\\\/znz.hu\\\/en\\\/product\\\/pilomat-automatic-hydraulic-bollard\\\/#primaryimage\"},\"thumbnailUrl\":\"https:\\\/\\\/znz.hu\\\/wp-content\\\/uploads\\\/2021\\\/02\\\/pilomat_sullyedo_oszlop_Rajztabla-1.jpg\",\"datePublished\":\"2021-04-27T04:06:18+00:00\",\"dateModified\":\"2021-04-27T08:03:56+00:00\",\"description\":\"At present, PILOMAT S.r.l. counts itself among the top leading manufacturers of automated access control technologies in the world.\",\"breadcrumb\":{\"@id\":\"https:\\\/\\\/znz.hu\\\/en\\\/product\\\/pilomat-automatic-hydraulic-bollard\\\/#breadcrumb\"},\"inLanguage\":\"en-US\",\"potentialAction\":[{\"@type\":\"ReadAction\",\"target\":[\"https:\\\/\\\/znz.hu\\\/en\\\/product\\\/pilomat-automatic-hydraulic-bollard\\\/\"]}]},{\"@type\":\"ImageObject\",\"inLanguage\":\"en-US\",\"@id\":\"https:\\\/\\\/znz.hu\\\/en\\\/product\\\/pilomat-automatic-hydraulic-bollard\\\/#primaryimage\",\"url\":\"https:\\\/\\\/znz.hu\\\/wp-content\\\/uploads\\\/2021\\\/02\\\/pilomat_sullyedo_oszlop_Rajztabla-1.jpg\",\"contentUrl\":\"https:\\\/\\\/znz.hu\\\/wp-content\\\/uploads\\\/2021\\\/02\\\/pilomat_sullyedo_oszlop_Rajztabla-1.jpg\",\"width\":2084,\"height\":2084,\"caption\":\"Pilomat s\u00fcllyed\u0151 oszlop\"},{\"@type\":\"BreadcrumbList\",\"@id\":\"https:\\\/\\\/znz.hu\\\/en\\\/product\\\/pilomat-automatic-hydraulic-bollard\\\/#breadcrumb\",\"itemListElement\":[{\"@type\":\"ListItem\",\"position\":1,\"name\":\"Kezd\u0151lap\",\"item\":\"https:\\\/\\\/znz.hu\\\/en\\\/\"},{\"@type\":\"ListItem\",\"position\":2,\"name\":\"\u00dczlet\",\"item\":\"https:\\\/\\\/znz.hu\\\/uzlet\\\/\"},{\"@type\":\"ListItem\",\"position\":3,\"name\":\"Pilomat Automatic Hydraulic Bollard\"}]},{\"@type\":\"WebSite\",\"@id\":\"https:\\\/\\\/znz.hu\\\/en\\\/#website\",\"url\":\"https:\\\/\\\/znz.hu\\\/en\\\/\",\"name\":\"ZNZ\",\"description\":\"A vil\u00e1g vezet\u0151 v\u00e9delemtechnol\u00f3giai megold\u00e1sai teljes term\u00e9kt\u00e1mogat\u00e1ssal m\u00e1r 30 \u00e9ve.\",\"potentialAction\":[{\"@type\":\"SearchAction\",\"target\":{\"@type\":\"EntryPoint\",\"urlTemplate\":\"https:\\\/\\\/znz.hu\\\/en\\\/?s={search_term_string}\"},\"query-input\":{\"@type\":\"PropertyValueSpecification\",\"valueRequired\":true,\"valueName\":\"search_term_string\"}}],\"inLanguage\":\"en-US\"}]}<\/script>\n<!-- \/ Yoast SEO plugin. -->","yoast_head_json":{"title":"Pilomat Automatic Hydraulic Bollard - ZNZ","description":"At present, PILOMAT S.r.l. counts itself among the top leading manufacturers of automated access control technologies in the world.","robots":{"index":"index","follow":"follow","max-snippet":"max-snippet:-1","max-image-preview":"max-image-preview:large","max-video-preview":"max-video-preview:-1"},"canonical":"https:\/\/znz.hu\/en\/product\/pilomat-automatic-hydraulic-bollard\/","og_locale":"en_US","og_type":"article","og_title":"Pilomat Automatic Hydraulic Bollard - ZNZ","og_description":"At present, PILOMAT S.r.l. counts itself among the top leading manufacturers of automated access control technologies in the world.","og_url":"https:\/\/znz.hu\/en\/product\/pilomat-automatic-hydraulic-bollard\/","og_site_name":"ZNZ","article_modified_time":"2021-04-27T08:03:56+00:00","og_image":[{"width":2084,"height":2084,"url":"https:\/\/znz.hu\/wp-content\/uploads\/2021\/02\/pilomat_sullyedo_oszlop_Rajztabla-1.jpg","type":"image\/jpeg"}],"twitter_card":"summary_large_image","twitter_misc":{"Est. reading time":"1 minute"},"schema":{"@context":"https:\/\/schema.org","@graph":[{"@type":"WebPage","@id":"https:\/\/znz.hu\/en\/product\/pilomat-automatic-hydraulic-bollard\/","url":"https:\/\/znz.hu\/en\/product\/pilomat-automatic-hydraulic-bollard\/","name":"Pilomat Automatic Hydraulic Bollard - ZNZ","isPartOf":{"@id":"https:\/\/znz.hu\/en\/#website"},"primaryImageOfPage":{"@id":"https:\/\/znz.hu\/en\/product\/pilomat-automatic-hydraulic-bollard\/#primaryimage"},"image":{"@id":"https:\/\/znz.hu\/en\/product\/pilomat-automatic-hydraulic-bollard\/#primaryimage"},"thumbnailUrl":"https:\/\/znz.hu\/wp-content\/uploads\/2021\/02\/pilomat_sullyedo_oszlop_Rajztabla-1.jpg","datePublished":"2021-04-27T04:06:18+00:00","dateModified":"2021-04-27T08:03:56+00:00","description":"At present, PILOMAT S.r.l. counts itself among the top leading manufacturers of automated access control technologies in the world.","breadcrumb":{"@id":"https:\/\/znz.hu\/en\/product\/pilomat-automatic-hydraulic-bollard\/#breadcrumb"},"inLanguage":"en-US","potentialAction":[{"@type":"ReadAction","target":["https:\/\/znz.hu\/en\/product\/pilomat-automatic-hydraulic-bollard\/"]}]},{"@type":"ImageObject","inLanguage":"en-US","@id":"https:\/\/znz.hu\/en\/product\/pilomat-automatic-hydraulic-bollard\/#primaryimage","url":"https:\/\/znz.hu\/wp-content\/uploads\/2021\/02\/pilomat_sullyedo_oszlop_Rajztabla-1.jpg","contentUrl":"https:\/\/znz.hu\/wp-content\/uploads\/2021\/02\/pilomat_sullyedo_oszlop_Rajztabla-1.jpg","width":2084,"height":2084,"caption":"Pilomat s\u00fcllyed\u0151 oszlop"},{"@type":"BreadcrumbList","@id":"https:\/\/znz.hu\/en\/product\/pilomat-automatic-hydraulic-bollard\/#breadcrumb","itemListElement":[{"@type":"ListItem","position":1,"name":"Kezd\u0151lap","item":"https:\/\/znz.hu\/en\/"},{"@type":"ListItem","position":2,"name":"\u00dczlet","item":"https:\/\/znz.hu\/uzlet\/"},{"@type":"ListItem","position":3,"name":"Pilomat Automatic Hydraulic Bollard"}]},{"@type":"WebSite","@id":"https:\/\/znz.hu\/en\/#website","url":"https:\/\/znz.hu\/en\/","name":"ZNZ","description":"A vil\u00e1g vezet\u0151 v\u00e9delemtechnol\u00f3giai megold\u00e1sai teljes term\u00e9kt\u00e1mogat\u00e1ssal m\u00e1r 30 \u00e9ve.","potentialAction":[{"@type":"SearchAction","target":{"@type":"EntryPoint","urlTemplate":"https:\/\/znz.hu\/en\/?s={search_term_string}"},"query-input":{"@type":"PropertyValueSpecification","valueRequired":true,"valueName":"search_term_string"}}],"inLanguage":"en-US"}]}},"_links":{"self":[{"href":"https:\/\/znz.hu\/en\/wp-json\/wp\/v2\/product\/8614","targetHints":{"allow":["GET"]}}],"collection":[{"href":"https:\/\/znz.hu\/en\/wp-json\/wp\/v2\/product"}],"about":[{"href":"https:\/\/znz.hu\/en\/wp-json\/wp\/v2\/types\/product"}],"wp:featuredmedia":[{"embeddable":true,"href":"https:\/\/znz.hu\/en\/wp-json\/wp\/v2\/media\/17427"}],"wp:attachment":[{"href":"https:\/\/znz.hu\/en\/wp-json\/wp\/v2\/media?parent=8614"}],"wp:term":[{"taxonomy":"product_brand","embeddable":true,"href":"https:\/\/znz.hu\/en\/wp-json\/wp\/v2\/product_brand?post=8614"},{"taxonomy":"product_cat","embeddable":true,"href":"https:\/\/znz.hu\/en\/wp-json\/wp\/v2\/product_cat?post=8614"},{"taxonomy":"product_tag","embeddable":true,"href":"https:\/\/znz.hu\/en\/wp-json\/wp\/v2\/product_tag?post=8614"}],"curies":[{"name":"wp","href":"https:\/\/api.w.org\/{rel}","templated":true}]}}