{"id":2963,"date":"2015-12-23T10:48:45","date_gmt":"2018-09-24T13:21:54","guid":{"rendered":"https:\/\/dev-z-and-z.pantheonsite.io\/?post_type=product&#038;p=2963"},"modified":"2018-09-24T13:28:57","modified_gmt":"2018-09-24T13:28:57","slug":"emis","status":"publish","type":"product","link":"https:\/\/znz.hu\/en\/product\/emis\/","title":{"rendered":"EMIS &#8211; Automatic Screening for non-metallic cargo"},"content":{"rendered":"<p>The CEIA EMIS (Electro-Magnetic Inspection Scanner) equipment are security screening devices designed to inspect non-metallic cargo. Using CEIA exclusive Electromagnetic Profile Analysis technology, these devices ensure automatic detection of detonators and electronic circuits from IEDs (Improvised Explosive Devices), ammunition and weapons composed of metal (knives, firearms). In case of detection, the scanners give an audible and visual alarm.<\/p>\n<p>&nbsp;<\/p>\n<p>The CEIA EMIS units can inspect the following types of goods:<\/p>\n<ul>\n<li>Perishable goods such as:\n<ul>\n<li>seafood and meat<\/li>\n<li>farm produce (grain, fruits, vegetables)<\/li>\n<li>flowers, herbs and organic materials in general<\/li>\n<li>bakery goods<\/li>\n<li>dry goods<\/li>\n<li>beverage in non-metallic containers<\/li>\n<\/ul>\n<\/li>\n<\/ul>\n<p>&nbsp;<\/p>\n<ul>\n<li>Frozen goods in non-metallic containers<\/li>\n<li>Live animals<\/li>\n<li>Wearing Apparel without metallic components<\/li>\n<li>Paper products, plastic, rubber<\/li>\n<li>Non-metallic hazardous materials<\/li>\n<\/ul>\n<p>&nbsp;<\/p>\n<p>The EMIS units are suitable for the following field of applications:<\/p>\n<ul>\n<li>Shipping facilities<\/li>\n<li>Freight Forwarding Facilities<\/li>\n<li>Third Party Logistics Providers<\/li>\n<li>Critical Infrastructure warehouses and receiving centers<\/li>\n<li>Warehouses<\/li>\n<li>Distribution Centers<\/li>\n<li>Manufacturing Facilities<\/li>\n<li>Growers of produce<\/li>\n<\/ul>\n<p>&nbsp;<\/p>\n<p>The EMIS product line currently includes 5 standard models for both package and pallet screening applications.<\/p>\n","protected":false},"excerpt":{"rendered":"<p>The CEIA EMIS (Electro-Magnetic Inspection Scanner) equipment are security screening devices designed to inspect non-metallic cargo. Using CEIA exclusive Electromagnetic Profile Analysis technology, these devices ensure automatic detection of detonators and electronic circuits from IEDs (Improvised Explosive Devices), ammunition and weapons composed of metal (knives, firearms). In case of detection, the scanners give an audible [&hellip;]<\/p>\n","protected":false},"featured_media":17156,"template":"","meta":{"_et_pb_use_builder":"","_et_pb_old_content":"","_et_gb_content_width":""},"product_brand":[],"product_cat":[225],"product_tag":[549,550],"class_list":{"0":"post-2963","1":"product","2":"type-product","3":"status-publish","4":"has-post-thumbnail","6":"product_cat-hazardous-material-detection","7":"product_tag-infrastruktura-vedelem-en","8":"product_tag-repuloter-en","10":"first","11":"instock","12":"shipping-taxable","13":"product-type-simple"},"yoast_head":"<!-- This site is optimized with the Yoast SEO plugin v27.5 - https:\/\/yoast.com\/product\/yoast-seo-wordpress\/ -->\n<title>EMIS - Automatic Screening for non-metallic cargo - ZNZ<\/title>\n<meta name=\"description\" content=\"The CEIA EMIS (Electro-Magnetic Inspection Scanner) equipment are security screening devices designed to inspect non-metallic cargo. Using CEIA exclusive Electromagnetic Profile Analysis technology, these devices ensure automatic detection of detonators and electronic circuits from IEDs (Improvised Explosive Devices), ammunition and weapons composed of metal (knives, firearms).\" \/>\n<meta name=\"robots\" content=\"index, follow, max-snippet:-1, max-image-preview:large, max-video-preview:-1\" \/>\n<link rel=\"canonical\" href=\"https:\/\/znz.hu\/en\/product\/emis\/\" \/>\n<meta property=\"og:locale\" content=\"en_US\" \/>\n<meta property=\"og:type\" content=\"article\" \/>\n<meta property=\"og:title\" content=\"EMIS - Automatic Screening for non-metallic cargo - ZNZ\" \/>\n<meta property=\"og:description\" content=\"The CEIA EMIS (Electro-Magnetic Inspection Scanner) equipment are security screening devices designed to inspect non-metallic cargo. Using CEIA exclusive Electromagnetic Profile Analysis technology, these devices ensure automatic detection of detonators and electronic circuits from IEDs (Improvised Explosive Devices), ammunition and weapons composed of metal (knives, firearms).\" \/>\n<meta property=\"og:url\" content=\"https:\/\/znz.hu\/en\/product\/emis\/\" \/>\n<meta property=\"og:site_name\" content=\"ZNZ\" \/>\n<meta property=\"article:modified_time\" content=\"2018-09-24T13:28:57+00:00\" \/>\n<meta property=\"og:image\" content=\"https:\/\/znz.hu\/wp-content\/uploads\/2018\/09\/bk050-9.jpg\" \/>\n\t<meta property=\"og:image:width\" content=\"600\" \/>\n\t<meta property=\"og:image:height\" content=\"600\" \/>\n\t<meta property=\"og:image:type\" content=\"image\/jpeg\" \/>\n<meta name=\"twitter:card\" content=\"summary_large_image\" \/>\n<meta name=\"twitter:label1\" content=\"Est. reading time\" \/>\n\t<meta name=\"twitter:data1\" content=\"1 minute\" \/>\n<script type=\"application\/ld+json\" class=\"yoast-schema-graph\">{\"@context\":\"https:\\\/\\\/schema.org\",\"@graph\":[{\"@type\":\"WebPage\",\"@id\":\"https:\\\/\\\/znz.hu\\\/en\\\/product\\\/emis\\\/\",\"url\":\"https:\\\/\\\/znz.hu\\\/en\\\/product\\\/emis\\\/\",\"name\":\"EMIS - Automatic Screening for non-metallic cargo - ZNZ\",\"isPartOf\":{\"@id\":\"https:\\\/\\\/znz.hu\\\/en\\\/#website\"},\"primaryImageOfPage\":{\"@id\":\"https:\\\/\\\/znz.hu\\\/en\\\/product\\\/emis\\\/#primaryimage\"},\"image\":{\"@id\":\"https:\\\/\\\/znz.hu\\\/en\\\/product\\\/emis\\\/#primaryimage\"},\"thumbnailUrl\":\"https:\\\/\\\/znz.hu\\\/wp-content\\\/uploads\\\/2018\\\/09\\\/bk050-9.jpg\",\"datePublished\":\"2018-09-24T13:21:54+00:00\",\"dateModified\":\"2018-09-24T13:28:57+00:00\",\"description\":\"The CEIA EMIS (Electro-Magnetic Inspection Scanner) equipment are security screening devices designed to inspect non-metallic cargo. Using CEIA exclusive Electromagnetic Profile Analysis technology, these devices ensure automatic detection of detonators and electronic circuits from IEDs (Improvised Explosive Devices), ammunition and weapons composed of metal (knives, firearms).\",\"breadcrumb\":{\"@id\":\"https:\\\/\\\/znz.hu\\\/en\\\/product\\\/emis\\\/#breadcrumb\"},\"inLanguage\":\"en-US\",\"potentialAction\":[{\"@type\":\"ReadAction\",\"target\":[\"https:\\\/\\\/znz.hu\\\/en\\\/product\\\/emis\\\/\"]}]},{\"@type\":\"ImageObject\",\"inLanguage\":\"en-US\",\"@id\":\"https:\\\/\\\/znz.hu\\\/en\\\/product\\\/emis\\\/#primaryimage\",\"url\":\"https:\\\/\\\/znz.hu\\\/wp-content\\\/uploads\\\/2018\\\/09\\\/bk050-9.jpg\",\"contentUrl\":\"https:\\\/\\\/znz.hu\\\/wp-content\\\/uploads\\\/2018\\\/09\\\/bk050-9.jpg\",\"width\":600,\"height\":600},{\"@type\":\"BreadcrumbList\",\"@id\":\"https:\\\/\\\/znz.hu\\\/en\\\/product\\\/emis\\\/#breadcrumb\",\"itemListElement\":[{\"@type\":\"ListItem\",\"position\":1,\"name\":\"Kezd\u0151lap\",\"item\":\"https:\\\/\\\/znz.hu\\\/en\\\/\"},{\"@type\":\"ListItem\",\"position\":2,\"name\":\"\u00dczlet\",\"item\":\"https:\\\/\\\/znz.hu\\\/uzlet\\\/\"},{\"@type\":\"ListItem\",\"position\":3,\"name\":\"EMIS &#8211; Automatic Screening for non-metallic cargo\"}]},{\"@type\":\"WebSite\",\"@id\":\"https:\\\/\\\/znz.hu\\\/en\\\/#website\",\"url\":\"https:\\\/\\\/znz.hu\\\/en\\\/\",\"name\":\"ZNZ\",\"description\":\"A vil\u00e1g vezet\u0151 v\u00e9delemtechnol\u00f3giai megold\u00e1sai teljes term\u00e9kt\u00e1mogat\u00e1ssal m\u00e1r 30 \u00e9ve.\",\"potentialAction\":[{\"@type\":\"SearchAction\",\"target\":{\"@type\":\"EntryPoint\",\"urlTemplate\":\"https:\\\/\\\/znz.hu\\\/en\\\/?s={search_term_string}\"},\"query-input\":{\"@type\":\"PropertyValueSpecification\",\"valueRequired\":true,\"valueName\":\"search_term_string\"}}],\"inLanguage\":\"en-US\"}]}<\/script>\n<!-- \/ Yoast SEO plugin. -->","yoast_head_json":{"title":"EMIS - Automatic Screening for non-metallic cargo - ZNZ","description":"The CEIA EMIS (Electro-Magnetic Inspection Scanner) equipment are security screening devices designed to inspect non-metallic cargo. Using CEIA exclusive Electromagnetic Profile Analysis technology, these devices ensure automatic detection of detonators and electronic circuits from IEDs (Improvised Explosive Devices), ammunition and weapons composed of metal (knives, firearms).","robots":{"index":"index","follow":"follow","max-snippet":"max-snippet:-1","max-image-preview":"max-image-preview:large","max-video-preview":"max-video-preview:-1"},"canonical":"https:\/\/znz.hu\/en\/product\/emis\/","og_locale":"en_US","og_type":"article","og_title":"EMIS - Automatic Screening for non-metallic cargo - ZNZ","og_description":"The CEIA EMIS (Electro-Magnetic Inspection Scanner) equipment are security screening devices designed to inspect non-metallic cargo. Using CEIA exclusive Electromagnetic Profile Analysis technology, these devices ensure automatic detection of detonators and electronic circuits from IEDs (Improvised Explosive Devices), ammunition and weapons composed of metal (knives, firearms).","og_url":"https:\/\/znz.hu\/en\/product\/emis\/","og_site_name":"ZNZ","article_modified_time":"2018-09-24T13:28:57+00:00","og_image":[{"width":600,"height":600,"url":"https:\/\/znz.hu\/wp-content\/uploads\/2018\/09\/bk050-9.jpg","type":"image\/jpeg"}],"twitter_card":"summary_large_image","twitter_misc":{"Est. reading time":"1 minute"},"schema":{"@context":"https:\/\/schema.org","@graph":[{"@type":"WebPage","@id":"https:\/\/znz.hu\/en\/product\/emis\/","url":"https:\/\/znz.hu\/en\/product\/emis\/","name":"EMIS - Automatic Screening for non-metallic cargo - ZNZ","isPartOf":{"@id":"https:\/\/znz.hu\/en\/#website"},"primaryImageOfPage":{"@id":"https:\/\/znz.hu\/en\/product\/emis\/#primaryimage"},"image":{"@id":"https:\/\/znz.hu\/en\/product\/emis\/#primaryimage"},"thumbnailUrl":"https:\/\/znz.hu\/wp-content\/uploads\/2018\/09\/bk050-9.jpg","datePublished":"2018-09-24T13:21:54+00:00","dateModified":"2018-09-24T13:28:57+00:00","description":"The CEIA EMIS (Electro-Magnetic Inspection Scanner) equipment are security screening devices designed to inspect non-metallic cargo. Using CEIA exclusive Electromagnetic Profile Analysis technology, these devices ensure automatic detection of detonators and electronic circuits from IEDs (Improvised Explosive Devices), ammunition and weapons composed of metal (knives, firearms).","breadcrumb":{"@id":"https:\/\/znz.hu\/en\/product\/emis\/#breadcrumb"},"inLanguage":"en-US","potentialAction":[{"@type":"ReadAction","target":["https:\/\/znz.hu\/en\/product\/emis\/"]}]},{"@type":"ImageObject","inLanguage":"en-US","@id":"https:\/\/znz.hu\/en\/product\/emis\/#primaryimage","url":"https:\/\/znz.hu\/wp-content\/uploads\/2018\/09\/bk050-9.jpg","contentUrl":"https:\/\/znz.hu\/wp-content\/uploads\/2018\/09\/bk050-9.jpg","width":600,"height":600},{"@type":"BreadcrumbList","@id":"https:\/\/znz.hu\/en\/product\/emis\/#breadcrumb","itemListElement":[{"@type":"ListItem","position":1,"name":"Kezd\u0151lap","item":"https:\/\/znz.hu\/en\/"},{"@type":"ListItem","position":2,"name":"\u00dczlet","item":"https:\/\/znz.hu\/uzlet\/"},{"@type":"ListItem","position":3,"name":"EMIS &#8211; Automatic Screening for non-metallic cargo"}]},{"@type":"WebSite","@id":"https:\/\/znz.hu\/en\/#website","url":"https:\/\/znz.hu\/en\/","name":"ZNZ","description":"A vil\u00e1g vezet\u0151 v\u00e9delemtechnol\u00f3giai megold\u00e1sai teljes term\u00e9kt\u00e1mogat\u00e1ssal m\u00e1r 30 \u00e9ve.","potentialAction":[{"@type":"SearchAction","target":{"@type":"EntryPoint","urlTemplate":"https:\/\/znz.hu\/en\/?s={search_term_string}"},"query-input":{"@type":"PropertyValueSpecification","valueRequired":true,"valueName":"search_term_string"}}],"inLanguage":"en-US"}]}},"_links":{"self":[{"href":"https:\/\/znz.hu\/en\/wp-json\/wp\/v2\/product\/2963","targetHints":{"allow":["GET"]}}],"collection":[{"href":"https:\/\/znz.hu\/en\/wp-json\/wp\/v2\/product"}],"about":[{"href":"https:\/\/znz.hu\/en\/wp-json\/wp\/v2\/types\/product"}],"wp:featuredmedia":[{"embeddable":true,"href":"https:\/\/znz.hu\/en\/wp-json\/wp\/v2\/media\/17156"}],"wp:attachment":[{"href":"https:\/\/znz.hu\/en\/wp-json\/wp\/v2\/media?parent=2963"}],"wp:term":[{"taxonomy":"product_brand","embeddable":true,"href":"https:\/\/znz.hu\/en\/wp-json\/wp\/v2\/product_brand?post=2963"},{"taxonomy":"product_cat","embeddable":true,"href":"https:\/\/znz.hu\/en\/wp-json\/wp\/v2\/product_cat?post=2963"},{"taxonomy":"product_tag","embeddable":true,"href":"https:\/\/znz.hu\/en\/wp-json\/wp\/v2\/product_tag?post=2963"}],"curies":[{"name":"wp","href":"https:\/\/api.w.org\/{rel}","templated":true}]}}