{"id":2824,"date":"2015-12-22T13:10:50","date_gmt":"2018-09-05T15:45:56","guid":{"rendered":"https:\/\/dev-z-and-z.pantheonsite.io\/?post_type=product&#038;p=2824"},"modified":"2018-09-06T15:31:31","modified_gmt":"2018-09-06T15:31:31","slug":"dcu-detonator-carrier-units","status":"publish","type":"product","link":"https:\/\/znz.hu\/en\/product\/dcu-detonator-carrier-units\/","title":{"rendered":"DCU Detonator Carrier Units"},"content":{"rendered":"<p>&nbsp;<\/p>\n<p>Safety, cost and compliance with internationally recognised UN Hazard Classifications and General Mixing Rules are among the most important factors with respect to storing and transporting explosives in a ready state.<\/p>\n<p>When your explosive storage &amp; transport containers need to conform to 1.4S UN Classification, Energetics Technology can offer you a solution. Our UN 1.4S Munitions Boxes prevent sympathetic detonation and contain blast and secondary fragmentation enabling personnel to store and transport different explosives in the same vehicle, thus providing the best safety available to personnel as well as offering the opportunity for cost effective combined transportation. Our UN 1.4S Munitions Boxes are fully tested and compliant to 1.4S UN Hazard Classification.<\/p>\n<p>&nbsp;<\/p>\n<p><strong>Detonator Carrier Unit : DCU 105<\/strong><\/p>\n<p>The Detonator Containment Unit DCU105 Series has been developed for safe and secure containment of commercial and EOD new, recovered, improvised and unserviceable large NEQ detonators. Lightweight and highly durable, the DCU101 (for smaller detonators) and the DCU102.2 (for larger or multiple detonators) fit standard ammunition\/utility webbing pouches to meet demanding operational needs.<\/p>\n<ul>\n<li>SABREMAT blast protection and KevlarTM ballistic protection.<\/li>\n<li>Prevents sympathetic detonation.<\/li>\n<li>Contains blast &amp; secondary fragments protecting nearby personnel.<\/li>\n<li>Suits most standard types of detonators.<\/li>\n<li>RF\/EMI Shielded.<\/li>\n<li>Rugged anti-shock impact resistant construction.<\/li>\n<li>Lightweight with high NEQ capability<\/li>\n<\/ul>\n<p>&nbsp;<\/p>\n<p><strong>Detonator Carrier Unit : DCU 500<\/strong><\/p>\n<p>The Detonator Containment Unit DCU500 Series reduces the hazard classification and compatibility group from 1.1B to 1.4S, thus improving safety of personnel when storing and transporting electric and non-electric detonators. The DCU500 Series are widely used by demining companies, NATO and EOD Teams in the UK (Army, Navy and RAF) and Europe.<\/p>\n<ul>\n<li>Contains blast &amp; secondary fragments protecting personnel when carried by hand.<\/li>\n<li>Prevents sympathetic detonation.<\/li>\n<li>Enables detonators &amp; explosives to be stored\/transported in same vehicle.<\/li>\n<li>Improves logistical options significantly reducing transport costs.<\/li>\n<li>Comes in various formats to suit most standard types of detonators.<\/li>\n<\/ul>\n<p>&nbsp;<\/p>\n<p><strong>Detonator Carrier Unit : DCU 1000<\/strong><\/p>\n<p>The Detonator Containment Unit DCU1000 provides blast protection to personnel when storing, handling and transporting bulk quantities of electric &amp; non-electric detonators. The DCU1000 reduces the UN Hazard Classification and compatibility group from 1.1B to 1.4S, making it compliant with road and air transportation regulations and enabling cost effective logistical options.<\/p>\n<ul>\n<li>Certified with UN Hazard Classification 1.4S \u2013 compliant with road &amp; air transport regulations<\/li>\n<li>Prevents sympathetic detonation<\/li>\n<li>Contains blast &amp; secondary fragments protecting nearby personnel<\/li>\n<li>Enables detonators and explosives to be stored &amp; transported in same vehicle improving logistical options and significantly reducing transport costs<\/li>\n<li>Suits most standard types of detonators<\/li>\n<\/ul>\n<p>&nbsp;<\/p>\n","protected":false},"excerpt":{"rendered":"<p>&nbsp; Safety, cost and compliance with internationally recognised UN Hazard Classifications and General Mixing Rules are among the most important factors with respect to storing and transporting explosives in a ready state. When your explosive storage &amp; transport containers need to conform to 1.4S UN Classification, Energetics Technology can offer you a solution. Our UN [&hellip;]<\/p>\n","protected":false},"featured_media":16781,"template":"","meta":{"_et_pb_use_builder":"","_et_pb_old_content":"","_et_gb_content_width":""},"product_brand":[],"product_cat":[223],"product_tag":[549,550],"class_list":{"0":"post-2824","1":"product","2":"type-product","3":"status-publish","4":"has-post-thumbnail","6":"product_cat-passive-defense-equipment","7":"product_tag-infrastruktura-vedelem-en","8":"product_tag-repuloter-en","10":"first","11":"instock","12":"shipping-taxable","13":"product-type-simple"},"yoast_head":"<!-- This site is optimized with the Yoast SEO plugin v27.5 - https:\/\/yoast.com\/product\/yoast-seo-wordpress\/ -->\n<title>DCU Detonator Carrier Units - ZNZ<\/title>\n<meta name=\"description\" content=\"Safety, cost and compliance with internationally recognised UN Hazard Classifications and General Mixing Rules are among the most important factors with respect to storing and transporting explosives in a ready state.\" \/>\n<meta name=\"robots\" content=\"index, follow, max-snippet:-1, max-image-preview:large, max-video-preview:-1\" \/>\n<link rel=\"canonical\" href=\"https:\/\/znz.hu\/en\/product\/dcu-detonator-carrier-units\/\" \/>\n<meta property=\"og:locale\" content=\"en_US\" \/>\n<meta property=\"og:type\" content=\"article\" \/>\n<meta property=\"og:title\" content=\"DCU Detonator Carrier Units - ZNZ\" \/>\n<meta property=\"og:description\" content=\"Safety, cost and compliance with internationally recognised UN Hazard Classifications and General Mixing Rules are among the most important factors with respect to storing and transporting explosives in a ready state.\" \/>\n<meta property=\"og:url\" content=\"https:\/\/znz.hu\/en\/product\/dcu-detonator-carrier-units\/\" \/>\n<meta property=\"og:site_name\" content=\"ZNZ\" \/>\n<meta property=\"article:modified_time\" content=\"2018-09-06T15:31:31+00:00\" \/>\n<meta property=\"og:image\" content=\"https:\/\/znz.hu\/wp-content\/uploads\/2015\/12\/DCU_500_robbanas_elleni_vedelem.jpg\" \/>\n\t<meta property=\"og:image:width\" content=\"527\" \/>\n\t<meta property=\"og:image:height\" content=\"559\" \/>\n\t<meta property=\"og:image:type\" content=\"image\/jpeg\" \/>\n<meta name=\"twitter:card\" content=\"summary_large_image\" \/>\n<meta name=\"twitter:label1\" content=\"Est. reading time\" \/>\n\t<meta name=\"twitter:data1\" content=\"2 minutes\" \/>\n<script type=\"application\/ld+json\" class=\"yoast-schema-graph\">{\"@context\":\"https:\\\/\\\/schema.org\",\"@graph\":[{\"@type\":\"WebPage\",\"@id\":\"https:\\\/\\\/znz.hu\\\/en\\\/product\\\/dcu-detonator-carrier-units\\\/\",\"url\":\"https:\\\/\\\/znz.hu\\\/en\\\/product\\\/dcu-detonator-carrier-units\\\/\",\"name\":\"DCU Detonator Carrier Units - ZNZ\",\"isPartOf\":{\"@id\":\"https:\\\/\\\/znz.hu\\\/en\\\/#website\"},\"primaryImageOfPage\":{\"@id\":\"https:\\\/\\\/znz.hu\\\/en\\\/product\\\/dcu-detonator-carrier-units\\\/#primaryimage\"},\"image\":{\"@id\":\"https:\\\/\\\/znz.hu\\\/en\\\/product\\\/dcu-detonator-carrier-units\\\/#primaryimage\"},\"thumbnailUrl\":\"https:\\\/\\\/znz.hu\\\/wp-content\\\/uploads\\\/2015\\\/12\\\/DCU_500_robbanas_elleni_vedelem1.jpg\",\"datePublished\":\"2018-09-05T15:45:56+00:00\",\"dateModified\":\"2018-09-06T15:31:31+00:00\",\"description\":\"Safety, cost and compliance with internationally recognised UN Hazard Classifications and General Mixing Rules are among the most important factors with respect to storing and transporting explosives in a ready state.\",\"breadcrumb\":{\"@id\":\"https:\\\/\\\/znz.hu\\\/en\\\/product\\\/dcu-detonator-carrier-units\\\/#breadcrumb\"},\"inLanguage\":\"en-US\",\"potentialAction\":[{\"@type\":\"ReadAction\",\"target\":[\"https:\\\/\\\/znz.hu\\\/en\\\/product\\\/dcu-detonator-carrier-units\\\/\"]}]},{\"@type\":\"ImageObject\",\"inLanguage\":\"en-US\",\"@id\":\"https:\\\/\\\/znz.hu\\\/en\\\/product\\\/dcu-detonator-carrier-units\\\/#primaryimage\",\"url\":\"https:\\\/\\\/znz.hu\\\/wp-content\\\/uploads\\\/2015\\\/12\\\/DCU_500_robbanas_elleni_vedelem1.jpg\",\"contentUrl\":\"https:\\\/\\\/znz.hu\\\/wp-content\\\/uploads\\\/2015\\\/12\\\/DCU_500_robbanas_elleni_vedelem1.jpg\",\"width\":500,\"height\":500},{\"@type\":\"BreadcrumbList\",\"@id\":\"https:\\\/\\\/znz.hu\\\/en\\\/product\\\/dcu-detonator-carrier-units\\\/#breadcrumb\",\"itemListElement\":[{\"@type\":\"ListItem\",\"position\":1,\"name\":\"Kezd\u0151lap\",\"item\":\"https:\\\/\\\/znz.hu\\\/en\\\/\"},{\"@type\":\"ListItem\",\"position\":2,\"name\":\"\u00dczlet\",\"item\":\"https:\\\/\\\/znz.hu\\\/uzlet\\\/\"},{\"@type\":\"ListItem\",\"position\":3,\"name\":\"DCU Detonator Carrier Units\"}]},{\"@type\":\"WebSite\",\"@id\":\"https:\\\/\\\/znz.hu\\\/en\\\/#website\",\"url\":\"https:\\\/\\\/znz.hu\\\/en\\\/\",\"name\":\"ZNZ\",\"description\":\"A vil\u00e1g vezet\u0151 v\u00e9delemtechnol\u00f3giai megold\u00e1sai teljes term\u00e9kt\u00e1mogat\u00e1ssal m\u00e1r 30 \u00e9ve.\",\"potentialAction\":[{\"@type\":\"SearchAction\",\"target\":{\"@type\":\"EntryPoint\",\"urlTemplate\":\"https:\\\/\\\/znz.hu\\\/en\\\/?s={search_term_string}\"},\"query-input\":{\"@type\":\"PropertyValueSpecification\",\"valueRequired\":true,\"valueName\":\"search_term_string\"}}],\"inLanguage\":\"en-US\"}]}<\/script>\n<!-- \/ Yoast SEO plugin. -->","yoast_head_json":{"title":"DCU Detonator Carrier Units - ZNZ","description":"Safety, cost and compliance with internationally recognised UN Hazard Classifications and General Mixing Rules are among the most important factors with respect to storing and transporting explosives in a ready state.","robots":{"index":"index","follow":"follow","max-snippet":"max-snippet:-1","max-image-preview":"max-image-preview:large","max-video-preview":"max-video-preview:-1"},"canonical":"https:\/\/znz.hu\/en\/product\/dcu-detonator-carrier-units\/","og_locale":"en_US","og_type":"article","og_title":"DCU Detonator Carrier Units - ZNZ","og_description":"Safety, cost and compliance with internationally recognised UN Hazard Classifications and General Mixing Rules are among the most important factors with respect to storing and transporting explosives in a ready state.","og_url":"https:\/\/znz.hu\/en\/product\/dcu-detonator-carrier-units\/","og_site_name":"ZNZ","article_modified_time":"2018-09-06T15:31:31+00:00","og_image":[{"width":527,"height":559,"url":"https:\/\/znz.hu\/wp-content\/uploads\/2015\/12\/DCU_500_robbanas_elleni_vedelem.jpg","type":"image\/jpeg"}],"twitter_card":"summary_large_image","twitter_misc":{"Est. reading time":"2 minutes"},"schema":{"@context":"https:\/\/schema.org","@graph":[{"@type":"WebPage","@id":"https:\/\/znz.hu\/en\/product\/dcu-detonator-carrier-units\/","url":"https:\/\/znz.hu\/en\/product\/dcu-detonator-carrier-units\/","name":"DCU Detonator Carrier Units - ZNZ","isPartOf":{"@id":"https:\/\/znz.hu\/en\/#website"},"primaryImageOfPage":{"@id":"https:\/\/znz.hu\/en\/product\/dcu-detonator-carrier-units\/#primaryimage"},"image":{"@id":"https:\/\/znz.hu\/en\/product\/dcu-detonator-carrier-units\/#primaryimage"},"thumbnailUrl":"https:\/\/znz.hu\/wp-content\/uploads\/2015\/12\/DCU_500_robbanas_elleni_vedelem1.jpg","datePublished":"2018-09-05T15:45:56+00:00","dateModified":"2018-09-06T15:31:31+00:00","description":"Safety, cost and compliance with internationally recognised UN Hazard Classifications and General Mixing Rules are among the most important factors with respect to storing and transporting explosives in a ready state.","breadcrumb":{"@id":"https:\/\/znz.hu\/en\/product\/dcu-detonator-carrier-units\/#breadcrumb"},"inLanguage":"en-US","potentialAction":[{"@type":"ReadAction","target":["https:\/\/znz.hu\/en\/product\/dcu-detonator-carrier-units\/"]}]},{"@type":"ImageObject","inLanguage":"en-US","@id":"https:\/\/znz.hu\/en\/product\/dcu-detonator-carrier-units\/#primaryimage","url":"https:\/\/znz.hu\/wp-content\/uploads\/2015\/12\/DCU_500_robbanas_elleni_vedelem1.jpg","contentUrl":"https:\/\/znz.hu\/wp-content\/uploads\/2015\/12\/DCU_500_robbanas_elleni_vedelem1.jpg","width":500,"height":500},{"@type":"BreadcrumbList","@id":"https:\/\/znz.hu\/en\/product\/dcu-detonator-carrier-units\/#breadcrumb","itemListElement":[{"@type":"ListItem","position":1,"name":"Kezd\u0151lap","item":"https:\/\/znz.hu\/en\/"},{"@type":"ListItem","position":2,"name":"\u00dczlet","item":"https:\/\/znz.hu\/uzlet\/"},{"@type":"ListItem","position":3,"name":"DCU Detonator Carrier Units"}]},{"@type":"WebSite","@id":"https:\/\/znz.hu\/en\/#website","url":"https:\/\/znz.hu\/en\/","name":"ZNZ","description":"A vil\u00e1g vezet\u0151 v\u00e9delemtechnol\u00f3giai megold\u00e1sai teljes term\u00e9kt\u00e1mogat\u00e1ssal m\u00e1r 30 \u00e9ve.","potentialAction":[{"@type":"SearchAction","target":{"@type":"EntryPoint","urlTemplate":"https:\/\/znz.hu\/en\/?s={search_term_string}"},"query-input":{"@type":"PropertyValueSpecification","valueRequired":true,"valueName":"search_term_string"}}],"inLanguage":"en-US"}]}},"_links":{"self":[{"href":"https:\/\/znz.hu\/en\/wp-json\/wp\/v2\/product\/2824","targetHints":{"allow":["GET"]}}],"collection":[{"href":"https:\/\/znz.hu\/en\/wp-json\/wp\/v2\/product"}],"about":[{"href":"https:\/\/znz.hu\/en\/wp-json\/wp\/v2\/types\/product"}],"wp:featuredmedia":[{"embeddable":true,"href":"https:\/\/znz.hu\/en\/wp-json\/wp\/v2\/media\/16781"}],"wp:attachment":[{"href":"https:\/\/znz.hu\/en\/wp-json\/wp\/v2\/media?parent=2824"}],"wp:term":[{"taxonomy":"product_brand","embeddable":true,"href":"https:\/\/znz.hu\/en\/wp-json\/wp\/v2\/product_brand?post=2824"},{"taxonomy":"product_cat","embeddable":true,"href":"https:\/\/znz.hu\/en\/wp-json\/wp\/v2\/product_cat?post=2824"},{"taxonomy":"product_tag","embeddable":true,"href":"https:\/\/znz.hu\/en\/wp-json\/wp\/v2\/product_tag?post=2824"}],"curies":[{"name":"wp","href":"https:\/\/api.w.org\/{rel}","templated":true}]}}