{"id":2814,"date":"2015-12-22T13:11:20","date_gmt":"2018-09-05T15:31:52","guid":{"rendered":"https:\/\/dev-z-and-z.pantheonsite.io\/?post_type=product&#038;p=2814"},"modified":"2018-09-06T15:29:33","modified_gmt":"2018-09-06T15:29:33","slug":"gcu-grenade-carrier-unit","status":"publish","type":"product","link":"https:\/\/znz.hu\/en\/product\/gcu-grenade-carrier-unit\/","title":{"rendered":"GCU Grenade Carrier Unit"},"content":{"rendered":"<p>&nbsp;<\/p>\n<p>The Grenade Carrier Unit (GCU) Trolley System reduces the hazard classification and compatibility group from 1.22F to 1.4S, thus improving personnel safety when storing and transporting grenades in a ready state. The GCU can be integrated into a suitable vehicle and is currently used by the military, police and canine units worldwide.<\/p>\n<p>&nbsp;<\/p>\n<ul>\n<li>Transports up to 1.5kg of armed explosives per tray (75g TNT per chamber)<\/li>\n<li>Also suitable for explosives samples<\/li>\n<li>Mitigates blast &amp; secondary fragments protecting personnel when in same vehicle<\/li>\n<li>Prevents sympathetic detonation<\/li>\n<li>Easy to fit in suitable vehicle<\/li>\n<\/ul>\n<p>&nbsp;<\/p>\n","protected":false},"excerpt":{"rendered":"<p>&nbsp; The Grenade Carrier Unit (GCU) Trolley System reduces the hazard classification and compatibility group from 1.22F to 1.4S, thus improving personnel safety when storing and transporting grenades in a ready state. The GCU can be integrated into a suitable vehicle and is currently used by the military, police and canine units worldwide. &nbsp; Transports [&hellip;]<\/p>\n","protected":false},"featured_media":16780,"template":"","meta":{"_et_pb_use_builder":"","_et_pb_old_content":"","_et_gb_content_width":""},"product_brand":[],"product_cat":[223],"product_tag":[549,550],"class_list":{"0":"post-2814","1":"product","2":"type-product","3":"status-publish","4":"has-post-thumbnail","6":"product_cat-passive-defense-equipment","7":"product_tag-infrastruktura-vedelem-en","8":"product_tag-repuloter-en","10":"first","11":"instock","12":"shipping-taxable","13":"product-type-simple"},"yoast_head":"<!-- This site is optimized with the Yoast SEO plugin v27.5 - https:\/\/yoast.com\/product\/yoast-seo-wordpress\/ -->\n<title>GCU Grenade Carrier Unit - ZNZ<\/title>\n<meta name=\"description\" content=\"The Grenade Carrier Unit (GCU) Trolley System reduces the hazard classification and compatibility group from 1.22F to 1.4S, thus improving personnel safety when storing and transporting grenades in a ready state.\" \/>\n<meta name=\"robots\" content=\"index, follow, max-snippet:-1, max-image-preview:large, max-video-preview:-1\" \/>\n<link rel=\"canonical\" href=\"https:\/\/znz.hu\/en\/product\/gcu-grenade-carrier-unit\/\" \/>\n<meta property=\"og:locale\" content=\"en_US\" \/>\n<meta property=\"og:type\" content=\"article\" \/>\n<meta property=\"og:title\" content=\"GCU Grenade Carrier Unit - ZNZ\" \/>\n<meta property=\"og:description\" content=\"The Grenade Carrier Unit (GCU) Trolley System reduces the hazard classification and compatibility group from 1.22F to 1.4S, thus improving personnel safety when storing and transporting grenades in a ready state.\" \/>\n<meta property=\"og:url\" content=\"https:\/\/znz.hu\/en\/product\/gcu-grenade-carrier-unit\/\" \/>\n<meta property=\"og:site_name\" content=\"ZNZ\" \/>\n<meta property=\"article:modified_time\" content=\"2018-09-06T15:29:33+00:00\" \/>\n<meta property=\"og:image\" content=\"https:\/\/znz.hu\/wp-content\/uploads\/2015\/12\/GCU_robbanas_elleni_vedelem.jpg\" \/>\n\t<meta property=\"og:image:width\" content=\"545\" \/>\n\t<meta property=\"og:image:height\" content=\"451\" \/>\n\t<meta property=\"og:image:type\" content=\"image\/jpeg\" \/>\n<meta name=\"twitter:card\" content=\"summary_large_image\" \/>\n<script type=\"application\/ld+json\" class=\"yoast-schema-graph\">{\"@context\":\"https:\\\/\\\/schema.org\",\"@graph\":[{\"@type\":\"WebPage\",\"@id\":\"https:\\\/\\\/znz.hu\\\/en\\\/product\\\/gcu-grenade-carrier-unit\\\/\",\"url\":\"https:\\\/\\\/znz.hu\\\/en\\\/product\\\/gcu-grenade-carrier-unit\\\/\",\"name\":\"GCU Grenade Carrier Unit - ZNZ\",\"isPartOf\":{\"@id\":\"https:\\\/\\\/znz.hu\\\/en\\\/#website\"},\"primaryImageOfPage\":{\"@id\":\"https:\\\/\\\/znz.hu\\\/en\\\/product\\\/gcu-grenade-carrier-unit\\\/#primaryimage\"},\"image\":{\"@id\":\"https:\\\/\\\/znz.hu\\\/en\\\/product\\\/gcu-grenade-carrier-unit\\\/#primaryimage\"},\"thumbnailUrl\":\"https:\\\/\\\/znz.hu\\\/wp-content\\\/uploads\\\/2015\\\/12\\\/GCU_robbanas_elleni_vedelem1.jpg\",\"datePublished\":\"2018-09-05T15:31:52+00:00\",\"dateModified\":\"2018-09-06T15:29:33+00:00\",\"description\":\"The Grenade Carrier Unit (GCU) Trolley System reduces the hazard classification and compatibility group from 1.22F to 1.4S, thus improving personnel safety when storing and transporting grenades in a ready state.\",\"breadcrumb\":{\"@id\":\"https:\\\/\\\/znz.hu\\\/en\\\/product\\\/gcu-grenade-carrier-unit\\\/#breadcrumb\"},\"inLanguage\":\"en-US\",\"potentialAction\":[{\"@type\":\"ReadAction\",\"target\":[\"https:\\\/\\\/znz.hu\\\/en\\\/product\\\/gcu-grenade-carrier-unit\\\/\"]}]},{\"@type\":\"ImageObject\",\"inLanguage\":\"en-US\",\"@id\":\"https:\\\/\\\/znz.hu\\\/en\\\/product\\\/gcu-grenade-carrier-unit\\\/#primaryimage\",\"url\":\"https:\\\/\\\/znz.hu\\\/wp-content\\\/uploads\\\/2015\\\/12\\\/GCU_robbanas_elleni_vedelem1.jpg\",\"contentUrl\":\"https:\\\/\\\/znz.hu\\\/wp-content\\\/uploads\\\/2015\\\/12\\\/GCU_robbanas_elleni_vedelem1.jpg\",\"width\":500,\"height\":500},{\"@type\":\"BreadcrumbList\",\"@id\":\"https:\\\/\\\/znz.hu\\\/en\\\/product\\\/gcu-grenade-carrier-unit\\\/#breadcrumb\",\"itemListElement\":[{\"@type\":\"ListItem\",\"position\":1,\"name\":\"Kezd\u0151lap\",\"item\":\"https:\\\/\\\/znz.hu\\\/en\\\/\"},{\"@type\":\"ListItem\",\"position\":2,\"name\":\"\u00dczlet\",\"item\":\"https:\\\/\\\/znz.hu\\\/uzlet\\\/\"},{\"@type\":\"ListItem\",\"position\":3,\"name\":\"GCU Grenade Carrier Unit\"}]},{\"@type\":\"WebSite\",\"@id\":\"https:\\\/\\\/znz.hu\\\/en\\\/#website\",\"url\":\"https:\\\/\\\/znz.hu\\\/en\\\/\",\"name\":\"ZNZ\",\"description\":\"A vil\u00e1g vezet\u0151 v\u00e9delemtechnol\u00f3giai megold\u00e1sai teljes term\u00e9kt\u00e1mogat\u00e1ssal m\u00e1r 30 \u00e9ve.\",\"potentialAction\":[{\"@type\":\"SearchAction\",\"target\":{\"@type\":\"EntryPoint\",\"urlTemplate\":\"https:\\\/\\\/znz.hu\\\/en\\\/?s={search_term_string}\"},\"query-input\":{\"@type\":\"PropertyValueSpecification\",\"valueRequired\":true,\"valueName\":\"search_term_string\"}}],\"inLanguage\":\"en-US\"}]}<\/script>\n<!-- \/ Yoast SEO plugin. -->","yoast_head_json":{"title":"GCU Grenade Carrier Unit - ZNZ","description":"The Grenade Carrier Unit (GCU) Trolley System reduces the hazard classification and compatibility group from 1.22F to 1.4S, thus improving personnel safety when storing and transporting grenades in a ready state.","robots":{"index":"index","follow":"follow","max-snippet":"max-snippet:-1","max-image-preview":"max-image-preview:large","max-video-preview":"max-video-preview:-1"},"canonical":"https:\/\/znz.hu\/en\/product\/gcu-grenade-carrier-unit\/","og_locale":"en_US","og_type":"article","og_title":"GCU Grenade Carrier Unit - ZNZ","og_description":"The Grenade Carrier Unit (GCU) Trolley System reduces the hazard classification and compatibility group from 1.22F to 1.4S, thus improving personnel safety when storing and transporting grenades in a ready state.","og_url":"https:\/\/znz.hu\/en\/product\/gcu-grenade-carrier-unit\/","og_site_name":"ZNZ","article_modified_time":"2018-09-06T15:29:33+00:00","og_image":[{"width":545,"height":451,"url":"https:\/\/znz.hu\/wp-content\/uploads\/2015\/12\/GCU_robbanas_elleni_vedelem.jpg","type":"image\/jpeg"}],"twitter_card":"summary_large_image","schema":{"@context":"https:\/\/schema.org","@graph":[{"@type":"WebPage","@id":"https:\/\/znz.hu\/en\/product\/gcu-grenade-carrier-unit\/","url":"https:\/\/znz.hu\/en\/product\/gcu-grenade-carrier-unit\/","name":"GCU Grenade Carrier Unit - ZNZ","isPartOf":{"@id":"https:\/\/znz.hu\/en\/#website"},"primaryImageOfPage":{"@id":"https:\/\/znz.hu\/en\/product\/gcu-grenade-carrier-unit\/#primaryimage"},"image":{"@id":"https:\/\/znz.hu\/en\/product\/gcu-grenade-carrier-unit\/#primaryimage"},"thumbnailUrl":"https:\/\/znz.hu\/wp-content\/uploads\/2015\/12\/GCU_robbanas_elleni_vedelem1.jpg","datePublished":"2018-09-05T15:31:52+00:00","dateModified":"2018-09-06T15:29:33+00:00","description":"The Grenade Carrier Unit (GCU) Trolley System reduces the hazard classification and compatibility group from 1.22F to 1.4S, thus improving personnel safety when storing and transporting grenades in a ready state.","breadcrumb":{"@id":"https:\/\/znz.hu\/en\/product\/gcu-grenade-carrier-unit\/#breadcrumb"},"inLanguage":"en-US","potentialAction":[{"@type":"ReadAction","target":["https:\/\/znz.hu\/en\/product\/gcu-grenade-carrier-unit\/"]}]},{"@type":"ImageObject","inLanguage":"en-US","@id":"https:\/\/znz.hu\/en\/product\/gcu-grenade-carrier-unit\/#primaryimage","url":"https:\/\/znz.hu\/wp-content\/uploads\/2015\/12\/GCU_robbanas_elleni_vedelem1.jpg","contentUrl":"https:\/\/znz.hu\/wp-content\/uploads\/2015\/12\/GCU_robbanas_elleni_vedelem1.jpg","width":500,"height":500},{"@type":"BreadcrumbList","@id":"https:\/\/znz.hu\/en\/product\/gcu-grenade-carrier-unit\/#breadcrumb","itemListElement":[{"@type":"ListItem","position":1,"name":"Kezd\u0151lap","item":"https:\/\/znz.hu\/en\/"},{"@type":"ListItem","position":2,"name":"\u00dczlet","item":"https:\/\/znz.hu\/uzlet\/"},{"@type":"ListItem","position":3,"name":"GCU Grenade Carrier Unit"}]},{"@type":"WebSite","@id":"https:\/\/znz.hu\/en\/#website","url":"https:\/\/znz.hu\/en\/","name":"ZNZ","description":"A vil\u00e1g vezet\u0151 v\u00e9delemtechnol\u00f3giai megold\u00e1sai teljes term\u00e9kt\u00e1mogat\u00e1ssal m\u00e1r 30 \u00e9ve.","potentialAction":[{"@type":"SearchAction","target":{"@type":"EntryPoint","urlTemplate":"https:\/\/znz.hu\/en\/?s={search_term_string}"},"query-input":{"@type":"PropertyValueSpecification","valueRequired":true,"valueName":"search_term_string"}}],"inLanguage":"en-US"}]}},"_links":{"self":[{"href":"https:\/\/znz.hu\/en\/wp-json\/wp\/v2\/product\/2814","targetHints":{"allow":["GET"]}}],"collection":[{"href":"https:\/\/znz.hu\/en\/wp-json\/wp\/v2\/product"}],"about":[{"href":"https:\/\/znz.hu\/en\/wp-json\/wp\/v2\/types\/product"}],"wp:featuredmedia":[{"embeddable":true,"href":"https:\/\/znz.hu\/en\/wp-json\/wp\/v2\/media\/16780"}],"wp:attachment":[{"href":"https:\/\/znz.hu\/en\/wp-json\/wp\/v2\/media?parent=2814"}],"wp:term":[{"taxonomy":"product_brand","embeddable":true,"href":"https:\/\/znz.hu\/en\/wp-json\/wp\/v2\/product_brand?post=2814"},{"taxonomy":"product_cat","embeddable":true,"href":"https:\/\/znz.hu\/en\/wp-json\/wp\/v2\/product_cat?post=2814"},{"taxonomy":"product_tag","embeddable":true,"href":"https:\/\/znz.hu\/en\/wp-json\/wp\/v2\/product_tag?post=2814"}],"curies":[{"name":"wp","href":"https:\/\/api.w.org\/{rel}","templated":true}]}}