{"id":2811,"date":"2015-12-18T15:53:06","date_gmt":"2018-09-05T15:22:57","guid":{"rendered":"https:\/\/dev-z-and-z.pantheonsite.io\/?post_type=product&#038;p=2811"},"modified":"2018-09-06T15:27:16","modified_gmt":"2018-09-06T15:27:16","slug":"iu-1700-threat-mitigation-unit","status":"publish","type":"product","link":"https:\/\/znz.hu\/en\/product\/iu-1700-threat-mitigation-unit\/","title":{"rendered":"IU 1700 Threat Mitigation Unit"},"content":{"rendered":"<p>Designed to accommodate all courier 25kg boxes (FedEx, UPS, DHL), the IU1700 revolutionises the rapid and safe isolation and removal of IED threats in high volume screening operations, meeting the demanding needs of global couriers during international cargo screening.<\/p>\n<p>The IU1700 is also ideal for any business facing a potential threat from packages and parcels received by courier or through the postal system to protect against blast and fragmentation from an explosive device.<\/p>\n<p>&nbsp;<\/p>\n<ul>\n<li>Protects people and surroundings from lethal blast effects<\/li>\n<li>Blast and fragment mitigation &#8211; many times the anticipated threat level<\/li>\n<li>Sized to fit all major courier 25kg standard boxes (FedEx, UPS, DHL)<\/li>\n<li>Suspect parcels easily mitigated in seconds and safely removed for resolution<\/li>\n<li>Simple operation &#8211; easily operated by one person<\/li>\n<li>Avoids costly evacuations or disruption of business operations<\/li>\n<\/ul>\n<p>&nbsp;<\/p>\n","protected":false},"excerpt":{"rendered":"<p>Designed to accommodate all courier 25kg boxes (FedEx, UPS, DHL), the IU1700 revolutionises the rapid and safe isolation and removal of IED threats in high volume screening operations, meeting the demanding needs of global couriers during international cargo screening. The IU1700 is also ideal for any business facing a potential threat from packages and parcels [&hellip;]<\/p>\n","protected":false},"featured_media":17127,"template":"","meta":{"_et_pb_use_builder":"","_et_pb_old_content":"","_et_gb_content_width":""},"product_brand":[],"product_cat":[223],"product_tag":[549,550],"class_list":{"0":"post-2811","1":"product","2":"type-product","3":"status-publish","4":"has-post-thumbnail","6":"product_cat-passive-defense-equipment","7":"product_tag-infrastruktura-vedelem-en","8":"product_tag-repuloter-en","10":"first","11":"instock","12":"shipping-taxable","13":"product-type-simple"},"yoast_head":"<!-- This site is optimized with the Yoast SEO plugin v27.5 - https:\/\/yoast.com\/product\/yoast-seo-wordpress\/ -->\n<title>IU 1700 Threat Mitigation Unit - ZNZ<\/title>\n<meta name=\"description\" content=\"Designed to accommodate all courier 25kg boxes (FedEx, UPS, DHL), the IU1700 revolutionises the rapid and safe isolation and removal of IED threats in high volume screening operations, meeting the demanding needs of global couriers during international cargo screening.\" \/>\n<meta name=\"robots\" content=\"index, follow, max-snippet:-1, max-image-preview:large, max-video-preview:-1\" \/>\n<link rel=\"canonical\" href=\"https:\/\/znz.hu\/en\/product\/iu-1700-threat-mitigation-unit\/\" \/>\n<meta property=\"og:locale\" content=\"en_US\" \/>\n<meta property=\"og:type\" content=\"article\" \/>\n<meta property=\"og:title\" content=\"IU 1700 Threat Mitigation Unit - ZNZ\" \/>\n<meta property=\"og:description\" content=\"Designed to accommodate all courier 25kg boxes (FedEx, UPS, DHL), the IU1700 revolutionises the rapid and safe isolation and removal of IED threats in high volume screening operations, meeting the demanding needs of global couriers during international cargo screening.\" \/>\n<meta property=\"og:url\" content=\"https:\/\/znz.hu\/en\/product\/iu-1700-threat-mitigation-unit\/\" \/>\n<meta property=\"og:site_name\" content=\"ZNZ\" \/>\n<meta property=\"article:modified_time\" content=\"2018-09-06T15:27:16+00:00\" \/>\n<meta property=\"og:image\" content=\"https:\/\/znz.hu\/wp-content\/uploads\/2018\/09\/IU-1700_2.jpg\" \/>\n\t<meta property=\"og:image:width\" content=\"600\" \/>\n\t<meta property=\"og:image:height\" content=\"600\" \/>\n\t<meta property=\"og:image:type\" content=\"image\/jpeg\" \/>\n<meta name=\"twitter:card\" content=\"summary_large_image\" \/>\n<meta name=\"twitter:label1\" content=\"Est. reading time\" \/>\n\t<meta name=\"twitter:data1\" content=\"1 minute\" \/>\n<script type=\"application\/ld+json\" class=\"yoast-schema-graph\">{\"@context\":\"https:\\\/\\\/schema.org\",\"@graph\":[{\"@type\":\"WebPage\",\"@id\":\"https:\\\/\\\/znz.hu\\\/en\\\/product\\\/iu-1700-threat-mitigation-unit\\\/\",\"url\":\"https:\\\/\\\/znz.hu\\\/en\\\/product\\\/iu-1700-threat-mitigation-unit\\\/\",\"name\":\"IU 1700 Threat Mitigation Unit - ZNZ\",\"isPartOf\":{\"@id\":\"https:\\\/\\\/znz.hu\\\/en\\\/#website\"},\"primaryImageOfPage\":{\"@id\":\"https:\\\/\\\/znz.hu\\\/en\\\/product\\\/iu-1700-threat-mitigation-unit\\\/#primaryimage\"},\"image\":{\"@id\":\"https:\\\/\\\/znz.hu\\\/en\\\/product\\\/iu-1700-threat-mitigation-unit\\\/#primaryimage\"},\"thumbnailUrl\":\"https:\\\/\\\/znz.hu\\\/wp-content\\\/uploads\\\/2018\\\/09\\\/IU-1700_2.jpg\",\"datePublished\":\"2018-09-05T15:22:57+00:00\",\"dateModified\":\"2018-09-06T15:27:16+00:00\",\"description\":\"Designed to accommodate all courier 25kg boxes (FedEx, UPS, DHL), the IU1700 revolutionises the rapid and safe isolation and removal of IED threats in high volume screening operations, meeting the demanding needs of global couriers during international cargo screening.\",\"breadcrumb\":{\"@id\":\"https:\\\/\\\/znz.hu\\\/en\\\/product\\\/iu-1700-threat-mitigation-unit\\\/#breadcrumb\"},\"inLanguage\":\"en-US\",\"potentialAction\":[{\"@type\":\"ReadAction\",\"target\":[\"https:\\\/\\\/znz.hu\\\/en\\\/product\\\/iu-1700-threat-mitigation-unit\\\/\"]}]},{\"@type\":\"ImageObject\",\"inLanguage\":\"en-US\",\"@id\":\"https:\\\/\\\/znz.hu\\\/en\\\/product\\\/iu-1700-threat-mitigation-unit\\\/#primaryimage\",\"url\":\"https:\\\/\\\/znz.hu\\\/wp-content\\\/uploads\\\/2018\\\/09\\\/IU-1700_2.jpg\",\"contentUrl\":\"https:\\\/\\\/znz.hu\\\/wp-content\\\/uploads\\\/2018\\\/09\\\/IU-1700_2.jpg\",\"width\":600,\"height\":600},{\"@type\":\"BreadcrumbList\",\"@id\":\"https:\\\/\\\/znz.hu\\\/en\\\/product\\\/iu-1700-threat-mitigation-unit\\\/#breadcrumb\",\"itemListElement\":[{\"@type\":\"ListItem\",\"position\":1,\"name\":\"Kezd\u0151lap\",\"item\":\"https:\\\/\\\/znz.hu\\\/en\\\/\"},{\"@type\":\"ListItem\",\"position\":2,\"name\":\"\u00dczlet\",\"item\":\"https:\\\/\\\/znz.hu\\\/uzlet\\\/\"},{\"@type\":\"ListItem\",\"position\":3,\"name\":\"IU 1700 Threat Mitigation Unit\"}]},{\"@type\":\"WebSite\",\"@id\":\"https:\\\/\\\/znz.hu\\\/en\\\/#website\",\"url\":\"https:\\\/\\\/znz.hu\\\/en\\\/\",\"name\":\"ZNZ\",\"description\":\"A vil\u00e1g vezet\u0151 v\u00e9delemtechnol\u00f3giai megold\u00e1sai teljes term\u00e9kt\u00e1mogat\u00e1ssal m\u00e1r 30 \u00e9ve.\",\"potentialAction\":[{\"@type\":\"SearchAction\",\"target\":{\"@type\":\"EntryPoint\",\"urlTemplate\":\"https:\\\/\\\/znz.hu\\\/en\\\/?s={search_term_string}\"},\"query-input\":{\"@type\":\"PropertyValueSpecification\",\"valueRequired\":true,\"valueName\":\"search_term_string\"}}],\"inLanguage\":\"en-US\"}]}<\/script>\n<!-- \/ Yoast SEO plugin. -->","yoast_head_json":{"title":"IU 1700 Threat Mitigation Unit - ZNZ","description":"Designed to accommodate all courier 25kg boxes (FedEx, UPS, DHL), the IU1700 revolutionises the rapid and safe isolation and removal of IED threats in high volume screening operations, meeting the demanding needs of global couriers during international cargo screening.","robots":{"index":"index","follow":"follow","max-snippet":"max-snippet:-1","max-image-preview":"max-image-preview:large","max-video-preview":"max-video-preview:-1"},"canonical":"https:\/\/znz.hu\/en\/product\/iu-1700-threat-mitigation-unit\/","og_locale":"en_US","og_type":"article","og_title":"IU 1700 Threat Mitigation Unit - ZNZ","og_description":"Designed to accommodate all courier 25kg boxes (FedEx, UPS, DHL), the IU1700 revolutionises the rapid and safe isolation and removal of IED threats in high volume screening operations, meeting the demanding needs of global couriers during international cargo screening.","og_url":"https:\/\/znz.hu\/en\/product\/iu-1700-threat-mitigation-unit\/","og_site_name":"ZNZ","article_modified_time":"2018-09-06T15:27:16+00:00","og_image":[{"width":600,"height":600,"url":"https:\/\/znz.hu\/wp-content\/uploads\/2018\/09\/IU-1700_2.jpg","type":"image\/jpeg"}],"twitter_card":"summary_large_image","twitter_misc":{"Est. reading time":"1 minute"},"schema":{"@context":"https:\/\/schema.org","@graph":[{"@type":"WebPage","@id":"https:\/\/znz.hu\/en\/product\/iu-1700-threat-mitigation-unit\/","url":"https:\/\/znz.hu\/en\/product\/iu-1700-threat-mitigation-unit\/","name":"IU 1700 Threat Mitigation Unit - ZNZ","isPartOf":{"@id":"https:\/\/znz.hu\/en\/#website"},"primaryImageOfPage":{"@id":"https:\/\/znz.hu\/en\/product\/iu-1700-threat-mitigation-unit\/#primaryimage"},"image":{"@id":"https:\/\/znz.hu\/en\/product\/iu-1700-threat-mitigation-unit\/#primaryimage"},"thumbnailUrl":"https:\/\/znz.hu\/wp-content\/uploads\/2018\/09\/IU-1700_2.jpg","datePublished":"2018-09-05T15:22:57+00:00","dateModified":"2018-09-06T15:27:16+00:00","description":"Designed to accommodate all courier 25kg boxes (FedEx, UPS, DHL), the IU1700 revolutionises the rapid and safe isolation and removal of IED threats in high volume screening operations, meeting the demanding needs of global couriers during international cargo screening.","breadcrumb":{"@id":"https:\/\/znz.hu\/en\/product\/iu-1700-threat-mitigation-unit\/#breadcrumb"},"inLanguage":"en-US","potentialAction":[{"@type":"ReadAction","target":["https:\/\/znz.hu\/en\/product\/iu-1700-threat-mitigation-unit\/"]}]},{"@type":"ImageObject","inLanguage":"en-US","@id":"https:\/\/znz.hu\/en\/product\/iu-1700-threat-mitigation-unit\/#primaryimage","url":"https:\/\/znz.hu\/wp-content\/uploads\/2018\/09\/IU-1700_2.jpg","contentUrl":"https:\/\/znz.hu\/wp-content\/uploads\/2018\/09\/IU-1700_2.jpg","width":600,"height":600},{"@type":"BreadcrumbList","@id":"https:\/\/znz.hu\/en\/product\/iu-1700-threat-mitigation-unit\/#breadcrumb","itemListElement":[{"@type":"ListItem","position":1,"name":"Kezd\u0151lap","item":"https:\/\/znz.hu\/en\/"},{"@type":"ListItem","position":2,"name":"\u00dczlet","item":"https:\/\/znz.hu\/uzlet\/"},{"@type":"ListItem","position":3,"name":"IU 1700 Threat Mitigation Unit"}]},{"@type":"WebSite","@id":"https:\/\/znz.hu\/en\/#website","url":"https:\/\/znz.hu\/en\/","name":"ZNZ","description":"A vil\u00e1g vezet\u0151 v\u00e9delemtechnol\u00f3giai megold\u00e1sai teljes term\u00e9kt\u00e1mogat\u00e1ssal m\u00e1r 30 \u00e9ve.","potentialAction":[{"@type":"SearchAction","target":{"@type":"EntryPoint","urlTemplate":"https:\/\/znz.hu\/en\/?s={search_term_string}"},"query-input":{"@type":"PropertyValueSpecification","valueRequired":true,"valueName":"search_term_string"}}],"inLanguage":"en-US"}]}},"_links":{"self":[{"href":"https:\/\/znz.hu\/en\/wp-json\/wp\/v2\/product\/2811","targetHints":{"allow":["GET"]}}],"collection":[{"href":"https:\/\/znz.hu\/en\/wp-json\/wp\/v2\/product"}],"about":[{"href":"https:\/\/znz.hu\/en\/wp-json\/wp\/v2\/types\/product"}],"wp:featuredmedia":[{"embeddable":true,"href":"https:\/\/znz.hu\/en\/wp-json\/wp\/v2\/media\/17127"}],"wp:attachment":[{"href":"https:\/\/znz.hu\/en\/wp-json\/wp\/v2\/media?parent=2811"}],"wp:term":[{"taxonomy":"product_brand","embeddable":true,"href":"https:\/\/znz.hu\/en\/wp-json\/wp\/v2\/product_brand?post=2811"},{"taxonomy":"product_cat","embeddable":true,"href":"https:\/\/znz.hu\/en\/wp-json\/wp\/v2\/product_cat?post=2811"},{"taxonomy":"product_tag","embeddable":true,"href":"https:\/\/znz.hu\/en\/wp-json\/wp\/v2\/product_tag?post=2811"}],"curies":[{"name":"wp","href":"https:\/\/api.w.org\/{rel}","templated":true}]}}