{"id":2795,"date":"2018-01-24T14:20:52","date_gmt":"2018-09-05T14:29:52","guid":{"rendered":"https:\/\/dev-z-and-z.pantheonsite.io\/?post_type=product&#038;p=2795"},"modified":"2019-02-05T14:31:50","modified_gmt":"2019-02-05T14:31:50","slug":"pitagone-f-11-2","status":"publish","type":"product","link":"https:\/\/znz.hu\/en\/product\/pitagone-f-11-2\/","title":{"rendered":"Pitagone F-11"},"content":{"rendered":"<p>&nbsp;<\/p>\n<ul>\n<li>Unique and mobile solution against ramming attacks<\/li>\n<li>Fully portable and movable barrier (priority vehicles)<\/li>\n<li>Stops the passage of vehicles even in a hostile situation<\/li>\n<li>Quick and easy assembly, requires no tools<\/li>\n<\/ul>\n<p>PITAGONE ANTI-TRUCK-RAM BARRIERS ARE DESIGNED, DEVELOPED AND PRODUCED IN BELGIUM.<\/p>\n<ul>\n<li>Capable to stop a vehicle or truck launched at average speed<\/li>\n<li>Resist to a shock of a 7,5 tons truck launched at 48 Km\/h<\/li>\n<li>Fully adjustable, the PITAGONE F-11 adapts to all surfaces and all terrain (including sidewalks, gradients and bumpy roads)<\/li>\n<li>Compact assembling elements, easy storage and transport<\/li>\n<li>Long service life, minimal maintenance<\/li>\n<\/ul>\n<p>&nbsp;<\/p>\n<h6>&nbsp;<\/h6>\n<h3 style=\"text-align: center;\"><strong>&#8211; PITAGONE ANTI-TRUCK-RAM BARRIER &#8211;<\/strong><\/h3>\n<p style=\"text-align: center;\">&nbsp;<\/p>\n<p style=\"text-align: center;\"><iframe loading=\"lazy\" src=\"https:\/\/www.youtube.com\/embed\/4qYAEfGbr5E\" width=\"560\" height=\"315\" frameborder=\"0\" allowfullscreen=\"allowfullscreen\"><\/iframe><\/p>\n<p style=\"text-align: center;\">&nbsp;<br \/>\n<iframe loading=\"lazy\" src=\"https:\/\/www.youtube.com\/embed\/UYDIVk11EAk\" width=\"560\" height=\"315\" frameborder=\"0\" allowfullscreen=\"allowfullscreen\"><\/iframe><\/p>\n<p style=\"text-align: center;\">&nbsp;<br \/>\n<iframe loading=\"lazy\" src=\"https:\/\/www.youtube.com\/embed\/b4JOk_FsogI\" width=\"560\" height=\"315\" frameborder=\"0\" allowfullscreen=\"allowfullscreen\"><\/iframe><\/p>\n<p style=\"text-align: center;\">&nbsp;<br \/>\n<iframe loading=\"lazy\" src=\"https:\/\/www.youtube.com\/embed\/AYKu_r_7AXU\" width=\"560\" height=\"315\" frameborder=\"0\" allowfullscreen=\"allowfullscreen\"><\/iframe><br \/>\n&nbsp;<\/p>\n","protected":false},"excerpt":{"rendered":"<p>&nbsp; Unique and mobile solution against ramming attacks Fully portable and movable barrier (priority vehicles) Stops the passage of vehicles even in a hostile situation Quick and easy assembly, requires no tools PITAGONE ANTI-TRUCK-RAM BARRIERS ARE DESIGNED, DEVELOPED AND PRODUCED IN BELGIUM. Capable to stop a vehicle or truck launched at average speed Resist to [&hellip;]<\/p>\n","protected":false},"featured_media":17426,"template":"","meta":{"_et_pb_use_builder":"on","_et_pb_old_content":"","_et_gb_content_width":""},"product_brand":[],"product_cat":[223],"product_tag":[],"class_list":{"0":"post-2795","1":"product","2":"type-product","3":"status-publish","4":"has-post-thumbnail","6":"product_cat-passive-defense-equipment","8":"first","9":"instock","10":"shipping-taxable","11":"product-type-simple"},"yoast_head":"<!-- This site is optimized with the Yoast SEO plugin v27.5 - https:\/\/yoast.com\/product\/yoast-seo-wordpress\/ -->\n<title>Pitagone F-11 - ZNZ<\/title>\n<meta name=\"description\" content=\"Unique and mobile solution against ramming attacks\" \/>\n<meta name=\"robots\" content=\"index, follow, max-snippet:-1, max-image-preview:large, max-video-preview:-1\" \/>\n<link rel=\"canonical\" href=\"https:\/\/znz.hu\/en\/product\/pitagone-f-11-2\/\" \/>\n<meta property=\"og:locale\" content=\"en_US\" \/>\n<meta property=\"og:type\" content=\"article\" \/>\n<meta property=\"og:title\" content=\"Pitagone F-11 - ZNZ\" \/>\n<meta property=\"og:description\" content=\"Unique and mobile solution against ramming attacks\" \/>\n<meta property=\"og:url\" content=\"https:\/\/znz.hu\/en\/product\/pitagone-f-11-2\/\" \/>\n<meta property=\"og:site_name\" content=\"ZNZ\" \/>\n<meta property=\"article:modified_time\" content=\"2019-02-05T14:31:50+00:00\" \/>\n<meta property=\"og:image\" content=\"https:\/\/znz.hu\/wp-content\/uploads\/2018\/01\/pitagone1000x1000_Rajztabla-1.jpg\" \/>\n\t<meta property=\"og:image:width\" content=\"1000\" \/>\n\t<meta property=\"og:image:height\" content=\"1000\" \/>\n\t<meta property=\"og:image:type\" content=\"image\/jpeg\" \/>\n<meta name=\"twitter:card\" content=\"summary_large_image\" \/>\n<meta name=\"twitter:label1\" content=\"Est. reading time\" \/>\n\t<meta name=\"twitter:data1\" content=\"1 minute\" \/>\n<script type=\"application\/ld+json\" class=\"yoast-schema-graph\">{\"@context\":\"https:\\\/\\\/schema.org\",\"@graph\":[{\"@type\":\"WebPage\",\"@id\":\"https:\\\/\\\/znz.hu\\\/en\\\/product\\\/pitagone-f-11-2\\\/\",\"url\":\"https:\\\/\\\/znz.hu\\\/en\\\/product\\\/pitagone-f-11-2\\\/\",\"name\":\"Pitagone F-11 - ZNZ\",\"isPartOf\":{\"@id\":\"https:\\\/\\\/znz.hu\\\/en\\\/#website\"},\"primaryImageOfPage\":{\"@id\":\"https:\\\/\\\/znz.hu\\\/en\\\/product\\\/pitagone-f-11-2\\\/#primaryimage\"},\"image\":{\"@id\":\"https:\\\/\\\/znz.hu\\\/en\\\/product\\\/pitagone-f-11-2\\\/#primaryimage\"},\"thumbnailUrl\":\"https:\\\/\\\/znz.hu\\\/wp-content\\\/uploads\\\/2018\\\/01\\\/pitagone1000x1000_Rajztabla-1.jpg\",\"datePublished\":\"2018-09-05T14:29:52+00:00\",\"dateModified\":\"2019-02-05T14:31:50+00:00\",\"description\":\"Unique and mobile solution against ramming attacks\",\"breadcrumb\":{\"@id\":\"https:\\\/\\\/znz.hu\\\/en\\\/product\\\/pitagone-f-11-2\\\/#breadcrumb\"},\"inLanguage\":\"en-US\",\"potentialAction\":[{\"@type\":\"ReadAction\",\"target\":[\"https:\\\/\\\/znz.hu\\\/en\\\/product\\\/pitagone-f-11-2\\\/\"]}]},{\"@type\":\"ImageObject\",\"inLanguage\":\"en-US\",\"@id\":\"https:\\\/\\\/znz.hu\\\/en\\\/product\\\/pitagone-f-11-2\\\/#primaryimage\",\"url\":\"https:\\\/\\\/znz.hu\\\/wp-content\\\/uploads\\\/2018\\\/01\\\/pitagone1000x1000_Rajztabla-1.jpg\",\"contentUrl\":\"https:\\\/\\\/znz.hu\\\/wp-content\\\/uploads\\\/2018\\\/01\\\/pitagone1000x1000_Rajztabla-1.jpg\",\"width\":1000,\"height\":1000,\"caption\":\"Pitagone_\u00fatakad\u00e1lyrendszer\"},{\"@type\":\"BreadcrumbList\",\"@id\":\"https:\\\/\\\/znz.hu\\\/en\\\/product\\\/pitagone-f-11-2\\\/#breadcrumb\",\"itemListElement\":[{\"@type\":\"ListItem\",\"position\":1,\"name\":\"Kezd\u0151lap\",\"item\":\"https:\\\/\\\/znz.hu\\\/en\\\/\"},{\"@type\":\"ListItem\",\"position\":2,\"name\":\"\u00dczlet\",\"item\":\"https:\\\/\\\/znz.hu\\\/uzlet\\\/\"},{\"@type\":\"ListItem\",\"position\":3,\"name\":\"Pitagone F-11\"}]},{\"@type\":\"WebSite\",\"@id\":\"https:\\\/\\\/znz.hu\\\/en\\\/#website\",\"url\":\"https:\\\/\\\/znz.hu\\\/en\\\/\",\"name\":\"ZNZ\",\"description\":\"A vil\u00e1g vezet\u0151 v\u00e9delemtechnol\u00f3giai megold\u00e1sai teljes term\u00e9kt\u00e1mogat\u00e1ssal m\u00e1r 30 \u00e9ve.\",\"potentialAction\":[{\"@type\":\"SearchAction\",\"target\":{\"@type\":\"EntryPoint\",\"urlTemplate\":\"https:\\\/\\\/znz.hu\\\/en\\\/?s={search_term_string}\"},\"query-input\":{\"@type\":\"PropertyValueSpecification\",\"valueRequired\":true,\"valueName\":\"search_term_string\"}}],\"inLanguage\":\"en-US\"}]}<\/script>\n<!-- \/ Yoast SEO plugin. -->","yoast_head_json":{"title":"Pitagone F-11 - ZNZ","description":"Unique and mobile solution against ramming attacks","robots":{"index":"index","follow":"follow","max-snippet":"max-snippet:-1","max-image-preview":"max-image-preview:large","max-video-preview":"max-video-preview:-1"},"canonical":"https:\/\/znz.hu\/en\/product\/pitagone-f-11-2\/","og_locale":"en_US","og_type":"article","og_title":"Pitagone F-11 - ZNZ","og_description":"Unique and mobile solution against ramming attacks","og_url":"https:\/\/znz.hu\/en\/product\/pitagone-f-11-2\/","og_site_name":"ZNZ","article_modified_time":"2019-02-05T14:31:50+00:00","og_image":[{"width":1000,"height":1000,"url":"https:\/\/znz.hu\/wp-content\/uploads\/2018\/01\/pitagone1000x1000_Rajztabla-1.jpg","type":"image\/jpeg"}],"twitter_card":"summary_large_image","twitter_misc":{"Est. reading time":"1 minute"},"schema":{"@context":"https:\/\/schema.org","@graph":[{"@type":"WebPage","@id":"https:\/\/znz.hu\/en\/product\/pitagone-f-11-2\/","url":"https:\/\/znz.hu\/en\/product\/pitagone-f-11-2\/","name":"Pitagone F-11 - ZNZ","isPartOf":{"@id":"https:\/\/znz.hu\/en\/#website"},"primaryImageOfPage":{"@id":"https:\/\/znz.hu\/en\/product\/pitagone-f-11-2\/#primaryimage"},"image":{"@id":"https:\/\/znz.hu\/en\/product\/pitagone-f-11-2\/#primaryimage"},"thumbnailUrl":"https:\/\/znz.hu\/wp-content\/uploads\/2018\/01\/pitagone1000x1000_Rajztabla-1.jpg","datePublished":"2018-09-05T14:29:52+00:00","dateModified":"2019-02-05T14:31:50+00:00","description":"Unique and mobile solution against ramming attacks","breadcrumb":{"@id":"https:\/\/znz.hu\/en\/product\/pitagone-f-11-2\/#breadcrumb"},"inLanguage":"en-US","potentialAction":[{"@type":"ReadAction","target":["https:\/\/znz.hu\/en\/product\/pitagone-f-11-2\/"]}]},{"@type":"ImageObject","inLanguage":"en-US","@id":"https:\/\/znz.hu\/en\/product\/pitagone-f-11-2\/#primaryimage","url":"https:\/\/znz.hu\/wp-content\/uploads\/2018\/01\/pitagone1000x1000_Rajztabla-1.jpg","contentUrl":"https:\/\/znz.hu\/wp-content\/uploads\/2018\/01\/pitagone1000x1000_Rajztabla-1.jpg","width":1000,"height":1000,"caption":"Pitagone_\u00fatakad\u00e1lyrendszer"},{"@type":"BreadcrumbList","@id":"https:\/\/znz.hu\/en\/product\/pitagone-f-11-2\/#breadcrumb","itemListElement":[{"@type":"ListItem","position":1,"name":"Kezd\u0151lap","item":"https:\/\/znz.hu\/en\/"},{"@type":"ListItem","position":2,"name":"\u00dczlet","item":"https:\/\/znz.hu\/uzlet\/"},{"@type":"ListItem","position":3,"name":"Pitagone F-11"}]},{"@type":"WebSite","@id":"https:\/\/znz.hu\/en\/#website","url":"https:\/\/znz.hu\/en\/","name":"ZNZ","description":"A vil\u00e1g vezet\u0151 v\u00e9delemtechnol\u00f3giai megold\u00e1sai teljes term\u00e9kt\u00e1mogat\u00e1ssal m\u00e1r 30 \u00e9ve.","potentialAction":[{"@type":"SearchAction","target":{"@type":"EntryPoint","urlTemplate":"https:\/\/znz.hu\/en\/?s={search_term_string}"},"query-input":{"@type":"PropertyValueSpecification","valueRequired":true,"valueName":"search_term_string"}}],"inLanguage":"en-US"}]}},"_links":{"self":[{"href":"https:\/\/znz.hu\/en\/wp-json\/wp\/v2\/product\/2795","targetHints":{"allow":["GET"]}}],"collection":[{"href":"https:\/\/znz.hu\/en\/wp-json\/wp\/v2\/product"}],"about":[{"href":"https:\/\/znz.hu\/en\/wp-json\/wp\/v2\/types\/product"}],"wp:featuredmedia":[{"embeddable":true,"href":"https:\/\/znz.hu\/en\/wp-json\/wp\/v2\/media\/17426"}],"wp:attachment":[{"href":"https:\/\/znz.hu\/en\/wp-json\/wp\/v2\/media?parent=2795"}],"wp:term":[{"taxonomy":"product_brand","embeddable":true,"href":"https:\/\/znz.hu\/en\/wp-json\/wp\/v2\/product_brand?post=2795"},{"taxonomy":"product_cat","embeddable":true,"href":"https:\/\/znz.hu\/en\/wp-json\/wp\/v2\/product_cat?post=2795"},{"taxonomy":"product_tag","embeddable":true,"href":"https:\/\/znz.hu\/en\/wp-json\/wp\/v2\/product_tag?post=2795"}],"curies":[{"name":"wp","href":"https:\/\/api.w.org\/{rel}","templated":true}]}}