{"id":2794,"date":"2018-09-05T14:19:16","date_gmt":"2018-09-05T14:19:16","guid":{"rendered":"https:\/\/dev-z-and-z.pantheonsite.io\/?post_type=product&#038;p=2794"},"modified":"2018-09-05T14:19:16","modified_gmt":"2018-09-05T14:19:16","slug":"e-t-e-explosive-transportation-equipment","status":"publish","type":"product","link":"https:\/\/znz.hu\/en\/product\/e-t-e-explosive-transportation-equipment\/","title":{"rendered":"E.T.E. (Explosive Transportation Equipment)"},"content":{"rendered":"<p>&nbsp;<\/p>\n<p>International Patent pending<\/p>\n<p>The ETE is an operational transportation equipment for explosives, detonators, det cord, offensive and defensive grenades, etc\u2026 The product is designed in different sizes from 1 to 12 boxes, and can be customized upon specific customer request. In case of one box blows up, there is no initiation with the others. Blast and fragmentation will be absorb and no damage inside car, truck, boat, helicopter or plane. This equipment is used by military and police Special Forces.<\/p>\n<p>&nbsp;<\/p>\n","protected":false},"excerpt":{"rendered":"<p>&nbsp; International Patent pending The ETE is an operational transportation equipment for explosives, detonators, det cord, offensive and defensive grenades, etc\u2026 The product is designed in different sizes from 1 to 12 boxes, and can be customized upon specific customer request. In case of one box blows up, there is no initiation with the others. [&hellip;]<\/p>\n","protected":false},"featured_media":1072,"template":"","meta":{"_et_pb_use_builder":"","_et_pb_old_content":"","_et_gb_content_width":""},"product_brand":[],"product_cat":[223],"product_tag":[248,252,340,378],"class_list":{"0":"post-2794","1":"product","2":"type-product","3":"status-publish","4":"has-post-thumbnail","6":"product_cat-passive-defense-equipment","7":"product_tag-airport","8":"product_tag-building-security","9":"product_tag-explosives","10":"product_tag-sema-world-en","12":"first","13":"instock","14":"shipping-taxable","15":"product-type-simple"},"yoast_head":"<!-- This site is optimized with the Yoast SEO plugin v27.5 - https:\/\/yoast.com\/product\/yoast-seo-wordpress\/ -->\n<title>E.T.E. (Explosive Transportation Equipment) - ZNZ<\/title>\n<meta name=\"robots\" content=\"index, follow, max-snippet:-1, max-image-preview:large, max-video-preview:-1\" \/>\n<link rel=\"canonical\" href=\"https:\/\/znz.hu\/en\/product\/e-t-e-explosive-transportation-equipment\/\" \/>\n<meta property=\"og:locale\" content=\"en_US\" \/>\n<meta property=\"og:type\" content=\"article\" \/>\n<meta property=\"og:title\" content=\"E.T.E. (Explosive Transportation Equipment) - ZNZ\" \/>\n<meta property=\"og:description\" content=\"&nbsp; International Patent pending The ETE is an operational transportation equipment for explosives, detonators, det cord, offensive and defensive grenades, etc\u2026 The product is designed in different sizes from 1 to 12 boxes, and can be customized upon specific customer request. In case of one box blows up, there is no initiation with the others. [&hellip;]\" \/>\n<meta property=\"og:url\" content=\"https:\/\/znz.hu\/en\/product\/e-t-e-explosive-transportation-equipment\/\" \/>\n<meta property=\"og:site_name\" content=\"ZNZ\" \/>\n<meta property=\"og:image\" content=\"https:\/\/znz.hu\/wp-content\/uploads\/2015\/12\/ETE_robbanoanyag_szallito_eszkoz.jpg\" \/>\n\t<meta property=\"og:image:width\" content=\"500\" \/>\n\t<meta property=\"og:image:height\" content=\"500\" \/>\n\t<meta property=\"og:image:type\" content=\"image\/jpeg\" \/>\n<meta name=\"twitter:card\" content=\"summary_large_image\" \/>\n<script type=\"application\/ld+json\" class=\"yoast-schema-graph\">{\"@context\":\"https:\\\/\\\/schema.org\",\"@graph\":[{\"@type\":\"WebPage\",\"@id\":\"https:\\\/\\\/znz.hu\\\/en\\\/product\\\/e-t-e-explosive-transportation-equipment\\\/\",\"url\":\"https:\\\/\\\/znz.hu\\\/en\\\/product\\\/e-t-e-explosive-transportation-equipment\\\/\",\"name\":\"E.T.E. (Explosive Transportation Equipment) - ZNZ\",\"isPartOf\":{\"@id\":\"https:\\\/\\\/znz.hu\\\/en\\\/#website\"},\"primaryImageOfPage\":{\"@id\":\"https:\\\/\\\/znz.hu\\\/en\\\/product\\\/e-t-e-explosive-transportation-equipment\\\/#primaryimage\"},\"image\":{\"@id\":\"https:\\\/\\\/znz.hu\\\/en\\\/product\\\/e-t-e-explosive-transportation-equipment\\\/#primaryimage\"},\"thumbnailUrl\":\"https:\\\/\\\/znz.hu\\\/wp-content\\\/uploads\\\/2015\\\/12\\\/ETE_robbanoanyag_szallito_eszkoz.jpg\",\"datePublished\":\"2018-09-05T14:19:16+00:00\",\"breadcrumb\":{\"@id\":\"https:\\\/\\\/znz.hu\\\/en\\\/product\\\/e-t-e-explosive-transportation-equipment\\\/#breadcrumb\"},\"inLanguage\":\"en-US\",\"potentialAction\":[{\"@type\":\"ReadAction\",\"target\":[\"https:\\\/\\\/znz.hu\\\/en\\\/product\\\/e-t-e-explosive-transportation-equipment\\\/\"]}]},{\"@type\":\"ImageObject\",\"inLanguage\":\"en-US\",\"@id\":\"https:\\\/\\\/znz.hu\\\/en\\\/product\\\/e-t-e-explosive-transportation-equipment\\\/#primaryimage\",\"url\":\"https:\\\/\\\/znz.hu\\\/wp-content\\\/uploads\\\/2015\\\/12\\\/ETE_robbanoanyag_szallito_eszkoz.jpg\",\"contentUrl\":\"https:\\\/\\\/znz.hu\\\/wp-content\\\/uploads\\\/2015\\\/12\\\/ETE_robbanoanyag_szallito_eszkoz.jpg\",\"width\":500,\"height\":500,\"caption\":\"ETE robban\u00f3anyag sz\u00e1ll\u00edt\u00f3 eszk\u00f6z\"},{\"@type\":\"BreadcrumbList\",\"@id\":\"https:\\\/\\\/znz.hu\\\/en\\\/product\\\/e-t-e-explosive-transportation-equipment\\\/#breadcrumb\",\"itemListElement\":[{\"@type\":\"ListItem\",\"position\":1,\"name\":\"Kezd\u0151lap\",\"item\":\"https:\\\/\\\/znz.hu\\\/en\\\/\"},{\"@type\":\"ListItem\",\"position\":2,\"name\":\"\u00dczlet\",\"item\":\"https:\\\/\\\/znz.hu\\\/uzlet\\\/\"},{\"@type\":\"ListItem\",\"position\":3,\"name\":\"E.T.E. (Explosive Transportation Equipment)\"}]},{\"@type\":\"WebSite\",\"@id\":\"https:\\\/\\\/znz.hu\\\/en\\\/#website\",\"url\":\"https:\\\/\\\/znz.hu\\\/en\\\/\",\"name\":\"ZNZ\",\"description\":\"A vil\u00e1g vezet\u0151 v\u00e9delemtechnol\u00f3giai megold\u00e1sai teljes term\u00e9kt\u00e1mogat\u00e1ssal m\u00e1r 30 \u00e9ve.\",\"potentialAction\":[{\"@type\":\"SearchAction\",\"target\":{\"@type\":\"EntryPoint\",\"urlTemplate\":\"https:\\\/\\\/znz.hu\\\/en\\\/?s={search_term_string}\"},\"query-input\":{\"@type\":\"PropertyValueSpecification\",\"valueRequired\":true,\"valueName\":\"search_term_string\"}}],\"inLanguage\":\"en-US\"}]}<\/script>\n<!-- \/ Yoast SEO plugin. -->","yoast_head_json":{"title":"E.T.E. (Explosive Transportation Equipment) - ZNZ","robots":{"index":"index","follow":"follow","max-snippet":"max-snippet:-1","max-image-preview":"max-image-preview:large","max-video-preview":"max-video-preview:-1"},"canonical":"https:\/\/znz.hu\/en\/product\/e-t-e-explosive-transportation-equipment\/","og_locale":"en_US","og_type":"article","og_title":"E.T.E. (Explosive Transportation Equipment) - ZNZ","og_description":"&nbsp; International Patent pending The ETE is an operational transportation equipment for explosives, detonators, det cord, offensive and defensive grenades, etc\u2026 The product is designed in different sizes from 1 to 12 boxes, and can be customized upon specific customer request. In case of one box blows up, there is no initiation with the others. [&hellip;]","og_url":"https:\/\/znz.hu\/en\/product\/e-t-e-explosive-transportation-equipment\/","og_site_name":"ZNZ","og_image":[{"width":500,"height":500,"url":"https:\/\/znz.hu\/wp-content\/uploads\/2015\/12\/ETE_robbanoanyag_szallito_eszkoz.jpg","type":"image\/jpeg"}],"twitter_card":"summary_large_image","schema":{"@context":"https:\/\/schema.org","@graph":[{"@type":"WebPage","@id":"https:\/\/znz.hu\/en\/product\/e-t-e-explosive-transportation-equipment\/","url":"https:\/\/znz.hu\/en\/product\/e-t-e-explosive-transportation-equipment\/","name":"E.T.E. (Explosive Transportation Equipment) - ZNZ","isPartOf":{"@id":"https:\/\/znz.hu\/en\/#website"},"primaryImageOfPage":{"@id":"https:\/\/znz.hu\/en\/product\/e-t-e-explosive-transportation-equipment\/#primaryimage"},"image":{"@id":"https:\/\/znz.hu\/en\/product\/e-t-e-explosive-transportation-equipment\/#primaryimage"},"thumbnailUrl":"https:\/\/znz.hu\/wp-content\/uploads\/2015\/12\/ETE_robbanoanyag_szallito_eszkoz.jpg","datePublished":"2018-09-05T14:19:16+00:00","breadcrumb":{"@id":"https:\/\/znz.hu\/en\/product\/e-t-e-explosive-transportation-equipment\/#breadcrumb"},"inLanguage":"en-US","potentialAction":[{"@type":"ReadAction","target":["https:\/\/znz.hu\/en\/product\/e-t-e-explosive-transportation-equipment\/"]}]},{"@type":"ImageObject","inLanguage":"en-US","@id":"https:\/\/znz.hu\/en\/product\/e-t-e-explosive-transportation-equipment\/#primaryimage","url":"https:\/\/znz.hu\/wp-content\/uploads\/2015\/12\/ETE_robbanoanyag_szallito_eszkoz.jpg","contentUrl":"https:\/\/znz.hu\/wp-content\/uploads\/2015\/12\/ETE_robbanoanyag_szallito_eszkoz.jpg","width":500,"height":500,"caption":"ETE robban\u00f3anyag sz\u00e1ll\u00edt\u00f3 eszk\u00f6z"},{"@type":"BreadcrumbList","@id":"https:\/\/znz.hu\/en\/product\/e-t-e-explosive-transportation-equipment\/#breadcrumb","itemListElement":[{"@type":"ListItem","position":1,"name":"Kezd\u0151lap","item":"https:\/\/znz.hu\/en\/"},{"@type":"ListItem","position":2,"name":"\u00dczlet","item":"https:\/\/znz.hu\/uzlet\/"},{"@type":"ListItem","position":3,"name":"E.T.E. (Explosive Transportation Equipment)"}]},{"@type":"WebSite","@id":"https:\/\/znz.hu\/en\/#website","url":"https:\/\/znz.hu\/en\/","name":"ZNZ","description":"A vil\u00e1g vezet\u0151 v\u00e9delemtechnol\u00f3giai megold\u00e1sai teljes term\u00e9kt\u00e1mogat\u00e1ssal m\u00e1r 30 \u00e9ve.","potentialAction":[{"@type":"SearchAction","target":{"@type":"EntryPoint","urlTemplate":"https:\/\/znz.hu\/en\/?s={search_term_string}"},"query-input":{"@type":"PropertyValueSpecification","valueRequired":true,"valueName":"search_term_string"}}],"inLanguage":"en-US"}]}},"_links":{"self":[{"href":"https:\/\/znz.hu\/en\/wp-json\/wp\/v2\/product\/2794","targetHints":{"allow":["GET"]}}],"collection":[{"href":"https:\/\/znz.hu\/en\/wp-json\/wp\/v2\/product"}],"about":[{"href":"https:\/\/znz.hu\/en\/wp-json\/wp\/v2\/types\/product"}],"wp:featuredmedia":[{"embeddable":true,"href":"https:\/\/znz.hu\/en\/wp-json\/wp\/v2\/media\/1072"}],"wp:attachment":[{"href":"https:\/\/znz.hu\/en\/wp-json\/wp\/v2\/media?parent=2794"}],"wp:term":[{"taxonomy":"product_brand","embeddable":true,"href":"https:\/\/znz.hu\/en\/wp-json\/wp\/v2\/product_brand?post=2794"},{"taxonomy":"product_cat","embeddable":true,"href":"https:\/\/znz.hu\/en\/wp-json\/wp\/v2\/product_cat?post=2794"},{"taxonomy":"product_tag","embeddable":true,"href":"https:\/\/znz.hu\/en\/wp-json\/wp\/v2\/product_tag?post=2794"}],"curies":[{"name":"wp","href":"https:\/\/api.w.org\/{rel}","templated":true}]}}