{"id":2783,"date":"2015-12-18T15:43:22","date_gmt":"2018-09-05T13:51:36","guid":{"rendered":"https:\/\/dev-z-and-z.pantheonsite.io\/?post_type=product&#038;p=2783"},"modified":"2018-09-05T13:54:31","modified_gmt":"2018-09-05T13:54:31","slug":"gbk","status":"publish","type":"product","link":"https:\/\/znz.hu\/en\/product\/gbk\/","title":{"rendered":"GBK"},"content":{"rendered":"<p>&nbsp;<\/p>\n<p>INTERNATIONAL PATENT PENDING<\/p>\n<p>GBK, Ground Bomb Killer, is the first response against Improvised Explosive Device. This equipment has been developed and patented by SEMA. Easy and fast installation in case of unattended item in a crowded area to secure people and scene. The target of the GBK is to canalize the blast wave upwards and to reduce the lateral fragmentation. For a doubt release, with the GBK over the unattended item, you will be able to use a portable X-ray or explosive dogs.<\/p>\n<p>Field of application<\/p>\n<ul>\n<li>Airports<\/li>\n<li>Train and Underground Stations<\/li>\n<li>Government Buildings<\/li>\n<li>Museums<\/li>\n<li>Conference Centers<\/li>\n<li>Private Company Offices<\/li>\n<li>Banks<\/li>\n<li>Shopping Centers<\/li>\n<li>Stadiums<\/li>\n<li>Concert Halls<\/li>\n<li>Amusement Parks etc\u2026<\/li>\n<\/ul>\n<p>&nbsp;<\/p>\n","protected":false},"excerpt":{"rendered":"<p>&nbsp; INTERNATIONAL PATENT PENDING GBK, Ground Bomb Killer, is the first response against Improvised Explosive Device. This equipment has been developed and patented by SEMA. Easy and fast installation in case of unattended item in a crowded area to secure people and scene. The target of the GBK is to canalize the blast wave upwards [&hellip;]<\/p>\n","protected":false},"featured_media":18874,"template":"","meta":{"_et_pb_use_builder":"","_et_pb_old_content":"","_et_gb_content_width":""},"product_brand":[],"product_cat":[223],"product_tag":[549,550],"class_list":{"0":"post-2783","1":"product","2":"type-product","3":"status-publish","4":"has-post-thumbnail","6":"product_cat-passive-defense-equipment","7":"product_tag-infrastruktura-vedelem-en","8":"product_tag-repuloter-en","10":"first","11":"instock","12":"shipping-taxable","13":"product-type-simple"},"yoast_head":"<!-- This site is optimized with the Yoast SEO plugin v27.5 - https:\/\/yoast.com\/product\/yoast-seo-wordpress\/ -->\n<title>GBK - ZNZ<\/title>\n<meta name=\"description\" content=\"GBK, Ground Bomb Killer, is the first response against Improvised Explosive Device. This equipment has been developed and patented by SEMA. Easy and fast installation in case of unattended item in a crowded area to secure people and scene.\" \/>\n<meta name=\"robots\" content=\"index, follow, max-snippet:-1, max-image-preview:large, max-video-preview:-1\" \/>\n<link rel=\"canonical\" href=\"https:\/\/znz.hu\/en\/product\/gbk\/\" \/>\n<meta property=\"og:locale\" content=\"en_US\" \/>\n<meta property=\"og:type\" content=\"article\" \/>\n<meta property=\"og:title\" content=\"GBK - ZNZ\" \/>\n<meta property=\"og:description\" content=\"GBK, Ground Bomb Killer, is the first response against Improvised Explosive Device. This equipment has been developed and patented by SEMA. Easy and fast installation in case of unattended item in a crowded area to secure people and scene.\" \/>\n<meta property=\"og:url\" content=\"https:\/\/znz.hu\/en\/product\/gbk\/\" \/>\n<meta property=\"og:site_name\" content=\"ZNZ\" \/>\n<meta property=\"article:modified_time\" content=\"2018-09-05T13:54:31+00:00\" \/>\n<meta property=\"og:image\" content=\"https:\/\/znz.hu\/wp-content\/uploads\/2015\/12\/GBK_1000x1000_Rajztabla-1-scaled.jpg\" \/>\n\t<meta property=\"og:image:width\" content=\"2560\" \/>\n\t<meta property=\"og:image:height\" content=\"2560\" \/>\n\t<meta property=\"og:image:type\" content=\"image\/jpeg\" \/>\n<meta name=\"twitter:card\" content=\"summary_large_image\" \/>\n<meta name=\"twitter:label1\" content=\"Est. reading time\" \/>\n\t<meta name=\"twitter:data1\" content=\"1 minute\" \/>\n<script type=\"application\/ld+json\" class=\"yoast-schema-graph\">{\"@context\":\"https:\\\/\\\/schema.org\",\"@graph\":[{\"@type\":\"WebPage\",\"@id\":\"https:\\\/\\\/znz.hu\\\/en\\\/product\\\/gbk\\\/\",\"url\":\"https:\\\/\\\/znz.hu\\\/en\\\/product\\\/gbk\\\/\",\"name\":\"GBK - ZNZ\",\"isPartOf\":{\"@id\":\"https:\\\/\\\/znz.hu\\\/en\\\/#website\"},\"primaryImageOfPage\":{\"@id\":\"https:\\\/\\\/znz.hu\\\/en\\\/product\\\/gbk\\\/#primaryimage\"},\"image\":{\"@id\":\"https:\\\/\\\/znz.hu\\\/en\\\/product\\\/gbk\\\/#primaryimage\"},\"thumbnailUrl\":\"https:\\\/\\\/znz.hu\\\/wp-content\\\/uploads\\\/2015\\\/12\\\/GBK_1000x1000_Rajztabla-1-scaled.jpg\",\"datePublished\":\"2018-09-05T13:51:36+00:00\",\"dateModified\":\"2018-09-05T13:54:31+00:00\",\"description\":\"GBK, Ground Bomb Killer, is the first response against Improvised Explosive Device. This equipment has been developed and patented by SEMA. Easy and fast installation in case of unattended item in a crowded area to secure people and scene.\",\"breadcrumb\":{\"@id\":\"https:\\\/\\\/znz.hu\\\/en\\\/product\\\/gbk\\\/#breadcrumb\"},\"inLanguage\":\"en-US\",\"potentialAction\":[{\"@type\":\"ReadAction\",\"target\":[\"https:\\\/\\\/znz.hu\\\/en\\\/product\\\/gbk\\\/\"]}]},{\"@type\":\"ImageObject\",\"inLanguage\":\"en-US\",\"@id\":\"https:\\\/\\\/znz.hu\\\/en\\\/product\\\/gbk\\\/#primaryimage\",\"url\":\"https:\\\/\\\/znz.hu\\\/wp-content\\\/uploads\\\/2015\\\/12\\\/GBK_1000x1000_Rajztabla-1-scaled.jpg\",\"contentUrl\":\"https:\\\/\\\/znz.hu\\\/wp-content\\\/uploads\\\/2015\\\/12\\\/GBK_1000x1000_Rajztabla-1-scaled.jpg\",\"width\":2560,\"height\":2560,\"caption\":\"Sema World GBK bombagy\u0171r\u0171\"},{\"@type\":\"BreadcrumbList\",\"@id\":\"https:\\\/\\\/znz.hu\\\/en\\\/product\\\/gbk\\\/#breadcrumb\",\"itemListElement\":[{\"@type\":\"ListItem\",\"position\":1,\"name\":\"Kezd\u0151lap\",\"item\":\"https:\\\/\\\/znz.hu\\\/en\\\/\"},{\"@type\":\"ListItem\",\"position\":2,\"name\":\"\u00dczlet\",\"item\":\"https:\\\/\\\/znz.hu\\\/uzlet\\\/\"},{\"@type\":\"ListItem\",\"position\":3,\"name\":\"GBK\"}]},{\"@type\":\"WebSite\",\"@id\":\"https:\\\/\\\/znz.hu\\\/en\\\/#website\",\"url\":\"https:\\\/\\\/znz.hu\\\/en\\\/\",\"name\":\"ZNZ\",\"description\":\"A vil\u00e1g vezet\u0151 v\u00e9delemtechnol\u00f3giai megold\u00e1sai teljes term\u00e9kt\u00e1mogat\u00e1ssal m\u00e1r 30 \u00e9ve.\",\"potentialAction\":[{\"@type\":\"SearchAction\",\"target\":{\"@type\":\"EntryPoint\",\"urlTemplate\":\"https:\\\/\\\/znz.hu\\\/en\\\/?s={search_term_string}\"},\"query-input\":{\"@type\":\"PropertyValueSpecification\",\"valueRequired\":true,\"valueName\":\"search_term_string\"}}],\"inLanguage\":\"en-US\"}]}<\/script>\n<!-- \/ Yoast SEO plugin. -->","yoast_head_json":{"title":"GBK - ZNZ","description":"GBK, Ground Bomb Killer, is the first response against Improvised Explosive Device. This equipment has been developed and patented by SEMA. Easy and fast installation in case of unattended item in a crowded area to secure people and scene.","robots":{"index":"index","follow":"follow","max-snippet":"max-snippet:-1","max-image-preview":"max-image-preview:large","max-video-preview":"max-video-preview:-1"},"canonical":"https:\/\/znz.hu\/en\/product\/gbk\/","og_locale":"en_US","og_type":"article","og_title":"GBK - ZNZ","og_description":"GBK, Ground Bomb Killer, is the first response against Improvised Explosive Device. This equipment has been developed and patented by SEMA. Easy and fast installation in case of unattended item in a crowded area to secure people and scene.","og_url":"https:\/\/znz.hu\/en\/product\/gbk\/","og_site_name":"ZNZ","article_modified_time":"2018-09-05T13:54:31+00:00","og_image":[{"width":2560,"height":2560,"url":"https:\/\/znz.hu\/wp-content\/uploads\/2015\/12\/GBK_1000x1000_Rajztabla-1-scaled.jpg","type":"image\/jpeg"}],"twitter_card":"summary_large_image","twitter_misc":{"Est. reading time":"1 minute"},"schema":{"@context":"https:\/\/schema.org","@graph":[{"@type":"WebPage","@id":"https:\/\/znz.hu\/en\/product\/gbk\/","url":"https:\/\/znz.hu\/en\/product\/gbk\/","name":"GBK - ZNZ","isPartOf":{"@id":"https:\/\/znz.hu\/en\/#website"},"primaryImageOfPage":{"@id":"https:\/\/znz.hu\/en\/product\/gbk\/#primaryimage"},"image":{"@id":"https:\/\/znz.hu\/en\/product\/gbk\/#primaryimage"},"thumbnailUrl":"https:\/\/znz.hu\/wp-content\/uploads\/2015\/12\/GBK_1000x1000_Rajztabla-1-scaled.jpg","datePublished":"2018-09-05T13:51:36+00:00","dateModified":"2018-09-05T13:54:31+00:00","description":"GBK, Ground Bomb Killer, is the first response against Improvised Explosive Device. This equipment has been developed and patented by SEMA. Easy and fast installation in case of unattended item in a crowded area to secure people and scene.","breadcrumb":{"@id":"https:\/\/znz.hu\/en\/product\/gbk\/#breadcrumb"},"inLanguage":"en-US","potentialAction":[{"@type":"ReadAction","target":["https:\/\/znz.hu\/en\/product\/gbk\/"]}]},{"@type":"ImageObject","inLanguage":"en-US","@id":"https:\/\/znz.hu\/en\/product\/gbk\/#primaryimage","url":"https:\/\/znz.hu\/wp-content\/uploads\/2015\/12\/GBK_1000x1000_Rajztabla-1-scaled.jpg","contentUrl":"https:\/\/znz.hu\/wp-content\/uploads\/2015\/12\/GBK_1000x1000_Rajztabla-1-scaled.jpg","width":2560,"height":2560,"caption":"Sema World GBK bombagy\u0171r\u0171"},{"@type":"BreadcrumbList","@id":"https:\/\/znz.hu\/en\/product\/gbk\/#breadcrumb","itemListElement":[{"@type":"ListItem","position":1,"name":"Kezd\u0151lap","item":"https:\/\/znz.hu\/en\/"},{"@type":"ListItem","position":2,"name":"\u00dczlet","item":"https:\/\/znz.hu\/uzlet\/"},{"@type":"ListItem","position":3,"name":"GBK"}]},{"@type":"WebSite","@id":"https:\/\/znz.hu\/en\/#website","url":"https:\/\/znz.hu\/en\/","name":"ZNZ","description":"A vil\u00e1g vezet\u0151 v\u00e9delemtechnol\u00f3giai megold\u00e1sai teljes term\u00e9kt\u00e1mogat\u00e1ssal m\u00e1r 30 \u00e9ve.","potentialAction":[{"@type":"SearchAction","target":{"@type":"EntryPoint","urlTemplate":"https:\/\/znz.hu\/en\/?s={search_term_string}"},"query-input":{"@type":"PropertyValueSpecification","valueRequired":true,"valueName":"search_term_string"}}],"inLanguage":"en-US"}]}},"_links":{"self":[{"href":"https:\/\/znz.hu\/en\/wp-json\/wp\/v2\/product\/2783","targetHints":{"allow":["GET"]}}],"collection":[{"href":"https:\/\/znz.hu\/en\/wp-json\/wp\/v2\/product"}],"about":[{"href":"https:\/\/znz.hu\/en\/wp-json\/wp\/v2\/types\/product"}],"wp:featuredmedia":[{"embeddable":true,"href":"https:\/\/znz.hu\/en\/wp-json\/wp\/v2\/media\/18874"}],"wp:attachment":[{"href":"https:\/\/znz.hu\/en\/wp-json\/wp\/v2\/media?parent=2783"}],"wp:term":[{"taxonomy":"product_brand","embeddable":true,"href":"https:\/\/znz.hu\/en\/wp-json\/wp\/v2\/product_brand?post=2783"},{"taxonomy":"product_cat","embeddable":true,"href":"https:\/\/znz.hu\/en\/wp-json\/wp\/v2\/product_cat?post=2783"},{"taxonomy":"product_tag","embeddable":true,"href":"https:\/\/znz.hu\/en\/wp-json\/wp\/v2\/product_tag?post=2783"}],"curies":[{"name":"wp","href":"https:\/\/api.w.org\/{rel}","templated":true}]}}