{"id":26646,"date":"2021-04-27T07:53:45","date_gmt":"2021-04-27T05:53:45","guid":{"rendered":"https:\/\/znz.hu\/termek\/hi-scan-6040-ctix\/"},"modified":"2025-02-25T16:28:16","modified_gmt":"2025-02-25T15:28:16","slug":"hi-scan-6040-ctix","status":"publish","type":"product","link":"https:\/\/znz.hu\/en\/product\/hi-scan-6040-ctix\/","title":{"rendered":"HI-SCAN 6040 CTiX"},"content":{"rendered":"<p>Meeting the highest available regulatory standards, the HI SCAN 6040 CTiX is available with ECAC EDS CB C3 approval and TSA APSS 6.2 Level 1 certification.<\/p>\n<p>The HI-SCAN 6040 CTiX and the updated Model S offer advanced screening of carry-on baggage using Computed Tomography (CT) and automatic explosives detection algorithms. In addition to both models achieving ECAC EDS CB C3, HI-SCAN 6040 CTiX is also STAC, ENAC and IPMO approved; and has TSA APSS v6.2 Level 1 certification. These are also currently underway for HI-SCAN 6040 CTiX Model S. ECAC EDS CB C3 approved systems eliminate the need to remove electronic devices, liquids and gels from hand luggage\u2013 expediting screening and making the whole process less stressful for passengers.<\/p>\n<p>The gantry rotates at a constant speed as baggage is carried through it on the conveyor belt. Hundreds of images are taken to create high quality 3D images in real-time, allowing for more accurate judgments on the bag contents. The user interface received the 2020 Red Dot Award for fast and intuitive 3D image evaluation.<\/p>\n<p>Due to the considerable reduction in width by 20cm and weight by 350kg, the HI-SCAN 6040 CTiX Model S is easily integrated into existing Smiths Detection and third-party checkpoints as well as checkpoints with size and layout limitations.<\/p>\n<p>Both, HI-SCAN 6040 CTiX and the Model S can be integrated with the automated object recognition software iCMORE, which can detect prohibited items such as weapons. Click\u00a0<a href=\"https:\/\/www.smithsdetection.com\/products\/icmore\/\">here<\/a>\u00a0to learn more.<\/p>\n","protected":false},"excerpt":{"rendered":"<p>Meeting the highest available regulatory standards, the HI SCAN 6040 CTiX is available with ECAC EDS CB C3 approval and TSA APSS 6.2 Level 1 certification. The HI-SCAN 6040 CTiX and the updated Model S offer advanced screening of carry-on baggage using Computed Tomography (CT) and automatic explosives detection algorithms. In addition to both models [&hellip;]<\/p>\n","protected":false},"featured_media":17455,"template":"","meta":{"_et_pb_use_builder":"","_et_pb_old_content":"","_et_gb_content_width":""},"product_brand":[],"product_cat":[260],"product_tag":[547,549,550,548,551,552],"class_list":{"0":"post-26646","1":"product","2":"type-product","3":"status-publish","4":"has-post-thumbnail","6":"product_cat-baggage-screening","7":"product_tag-csomagatvizsgalas-en","8":"product_tag-infrastruktura-vedelem-en","9":"product_tag-repuloter-en","10":"product_tag-rontgenberendezes-en","11":"product_tag-smiths-detection-en-2","12":"product_tag-smiths-heimann-en-2","14":"first","15":"instock","16":"featured","17":"shipping-taxable","18":"product-type-simple"},"yoast_head":"<!-- This site is optimized with the Yoast SEO plugin v27.5 - https:\/\/yoast.com\/product\/yoast-seo-wordpress\/ -->\n<title>HI-SCAN 6040 CTiX advanced screening using CT technology<\/title>\n<meta name=\"description\" content=\"Meeting the highest available regulatory standards, the HI SCAN 6040 CTiX is available with ECAC EDS CB C3 approval and TSA APSS 6.2 Level 1 certification.\" \/>\n<meta name=\"robots\" content=\"index, follow, max-snippet:-1, max-image-preview:large, max-video-preview:-1\" \/>\n<link rel=\"canonical\" href=\"https:\/\/znz.hu\/en\/product\/hi-scan-6040-ctix\/\" \/>\n<meta property=\"og:locale\" content=\"en_US\" \/>\n<meta property=\"og:type\" content=\"article\" \/>\n<meta property=\"og:title\" content=\"HI-SCAN 6040 CTiX advanced screening using CT technology\" \/>\n<meta property=\"og:description\" content=\"Meeting the highest available regulatory standards, the HI SCAN 6040 CTiX is available with ECAC EDS CB C3 approval and TSA APSS 6.2 Level 1 certification.\" \/>\n<meta property=\"og:url\" content=\"https:\/\/znz.hu\/en\/product\/hi-scan-6040-ctix\/\" \/>\n<meta property=\"og:site_name\" content=\"ZNZ\" \/>\n<meta property=\"article:modified_time\" content=\"2025-02-25T15:28:16+00:00\" \/>\n<meta property=\"og:image\" content=\"https:\/\/znz.hu\/wp-content\/uploads\/2021\/04\/CTX1000x1000_Rajztabla-1.jpg\" \/>\n\t<meta property=\"og:image:width\" content=\"2084\" \/>\n\t<meta property=\"og:image:height\" content=\"2084\" \/>\n\t<meta property=\"og:image:type\" content=\"image\/jpeg\" \/>\n<meta name=\"twitter:card\" content=\"summary_large_image\" \/>\n<meta name=\"twitter:label1\" content=\"Est. reading time\" \/>\n\t<meta name=\"twitter:data1\" content=\"1 minute\" \/>\n<script type=\"application\/ld+json\" class=\"yoast-schema-graph\">{\"@context\":\"https:\\\/\\\/schema.org\",\"@graph\":[{\"@type\":\"WebPage\",\"@id\":\"https:\\\/\\\/znz.hu\\\/en\\\/product\\\/hi-scan-6040-ctix\\\/\",\"url\":\"https:\\\/\\\/znz.hu\\\/en\\\/product\\\/hi-scan-6040-ctix\\\/\",\"name\":\"HI-SCAN 6040 CTiX advanced screening using CT technology\",\"isPartOf\":{\"@id\":\"https:\\\/\\\/znz.hu\\\/en\\\/#website\"},\"primaryImageOfPage\":{\"@id\":\"https:\\\/\\\/znz.hu\\\/en\\\/product\\\/hi-scan-6040-ctix\\\/#primaryimage\"},\"image\":{\"@id\":\"https:\\\/\\\/znz.hu\\\/en\\\/product\\\/hi-scan-6040-ctix\\\/#primaryimage\"},\"thumbnailUrl\":\"https:\\\/\\\/znz.hu\\\/wp-content\\\/uploads\\\/2021\\\/04\\\/CTX1000x1000_Rajztabla-1.jpg\",\"datePublished\":\"2021-04-27T05:53:45+00:00\",\"dateModified\":\"2025-02-25T15:28:16+00:00\",\"description\":\"Meeting the highest available regulatory standards, the HI SCAN 6040 CTiX is available with ECAC EDS CB C3 approval and TSA APSS 6.2 Level 1 certification.\",\"breadcrumb\":{\"@id\":\"https:\\\/\\\/znz.hu\\\/en\\\/product\\\/hi-scan-6040-ctix\\\/#breadcrumb\"},\"inLanguage\":\"en-US\",\"potentialAction\":[{\"@type\":\"ReadAction\",\"target\":[\"https:\\\/\\\/znz.hu\\\/en\\\/product\\\/hi-scan-6040-ctix\\\/\"]}]},{\"@type\":\"ImageObject\",\"inLanguage\":\"en-US\",\"@id\":\"https:\\\/\\\/znz.hu\\\/en\\\/product\\\/hi-scan-6040-ctix\\\/#primaryimage\",\"url\":\"https:\\\/\\\/znz.hu\\\/wp-content\\\/uploads\\\/2021\\\/04\\\/CTX1000x1000_Rajztabla-1.jpg\",\"contentUrl\":\"https:\\\/\\\/znz.hu\\\/wp-content\\\/uploads\\\/2021\\\/04\\\/CTX1000x1000_Rajztabla-1.jpg\",\"width\":2084,\"height\":2084,\"caption\":\"HI-SCAN 6040 CTiX advanced screening using CT technology\"},{\"@type\":\"BreadcrumbList\",\"@id\":\"https:\\\/\\\/znz.hu\\\/en\\\/product\\\/hi-scan-6040-ctix\\\/#breadcrumb\",\"itemListElement\":[{\"@type\":\"ListItem\",\"position\":1,\"name\":\"Kezd\u0151lap\",\"item\":\"https:\\\/\\\/znz.hu\\\/en\\\/\"},{\"@type\":\"ListItem\",\"position\":2,\"name\":\"\u00dczlet\",\"item\":\"https:\\\/\\\/znz.hu\\\/uzlet\\\/\"},{\"@type\":\"ListItem\",\"position\":3,\"name\":\"HI-SCAN 6040 CTiX\"}]},{\"@type\":\"WebSite\",\"@id\":\"https:\\\/\\\/znz.hu\\\/en\\\/#website\",\"url\":\"https:\\\/\\\/znz.hu\\\/en\\\/\",\"name\":\"ZNZ\",\"description\":\"A vil\u00e1g vezet\u0151 v\u00e9delemtechnol\u00f3giai megold\u00e1sai teljes term\u00e9kt\u00e1mogat\u00e1ssal m\u00e1r 30 \u00e9ve.\",\"potentialAction\":[{\"@type\":\"SearchAction\",\"target\":{\"@type\":\"EntryPoint\",\"urlTemplate\":\"https:\\\/\\\/znz.hu\\\/en\\\/?s={search_term_string}\"},\"query-input\":{\"@type\":\"PropertyValueSpecification\",\"valueRequired\":true,\"valueName\":\"search_term_string\"}}],\"inLanguage\":\"en-US\"}]}<\/script>\n<!-- \/ Yoast SEO plugin. -->","yoast_head_json":{"title":"HI-SCAN 6040 CTiX advanced screening using CT technology","description":"Meeting the highest available regulatory standards, the HI SCAN 6040 CTiX is available with ECAC EDS CB C3 approval and TSA APSS 6.2 Level 1 certification.","robots":{"index":"index","follow":"follow","max-snippet":"max-snippet:-1","max-image-preview":"max-image-preview:large","max-video-preview":"max-video-preview:-1"},"canonical":"https:\/\/znz.hu\/en\/product\/hi-scan-6040-ctix\/","og_locale":"en_US","og_type":"article","og_title":"HI-SCAN 6040 CTiX advanced screening using CT technology","og_description":"Meeting the highest available regulatory standards, the HI SCAN 6040 CTiX is available with ECAC EDS CB C3 approval and TSA APSS 6.2 Level 1 certification.","og_url":"https:\/\/znz.hu\/en\/product\/hi-scan-6040-ctix\/","og_site_name":"ZNZ","article_modified_time":"2025-02-25T15:28:16+00:00","og_image":[{"width":2084,"height":2084,"url":"https:\/\/znz.hu\/wp-content\/uploads\/2021\/04\/CTX1000x1000_Rajztabla-1.jpg","type":"image\/jpeg"}],"twitter_card":"summary_large_image","twitter_misc":{"Est. reading time":"1 minute"},"schema":{"@context":"https:\/\/schema.org","@graph":[{"@type":"WebPage","@id":"https:\/\/znz.hu\/en\/product\/hi-scan-6040-ctix\/","url":"https:\/\/znz.hu\/en\/product\/hi-scan-6040-ctix\/","name":"HI-SCAN 6040 CTiX advanced screening using CT technology","isPartOf":{"@id":"https:\/\/znz.hu\/en\/#website"},"primaryImageOfPage":{"@id":"https:\/\/znz.hu\/en\/product\/hi-scan-6040-ctix\/#primaryimage"},"image":{"@id":"https:\/\/znz.hu\/en\/product\/hi-scan-6040-ctix\/#primaryimage"},"thumbnailUrl":"https:\/\/znz.hu\/wp-content\/uploads\/2021\/04\/CTX1000x1000_Rajztabla-1.jpg","datePublished":"2021-04-27T05:53:45+00:00","dateModified":"2025-02-25T15:28:16+00:00","description":"Meeting the highest available regulatory standards, the HI SCAN 6040 CTiX is available with ECAC EDS CB C3 approval and TSA APSS 6.2 Level 1 certification.","breadcrumb":{"@id":"https:\/\/znz.hu\/en\/product\/hi-scan-6040-ctix\/#breadcrumb"},"inLanguage":"en-US","potentialAction":[{"@type":"ReadAction","target":["https:\/\/znz.hu\/en\/product\/hi-scan-6040-ctix\/"]}]},{"@type":"ImageObject","inLanguage":"en-US","@id":"https:\/\/znz.hu\/en\/product\/hi-scan-6040-ctix\/#primaryimage","url":"https:\/\/znz.hu\/wp-content\/uploads\/2021\/04\/CTX1000x1000_Rajztabla-1.jpg","contentUrl":"https:\/\/znz.hu\/wp-content\/uploads\/2021\/04\/CTX1000x1000_Rajztabla-1.jpg","width":2084,"height":2084,"caption":"HI-SCAN 6040 CTiX advanced screening using CT technology"},{"@type":"BreadcrumbList","@id":"https:\/\/znz.hu\/en\/product\/hi-scan-6040-ctix\/#breadcrumb","itemListElement":[{"@type":"ListItem","position":1,"name":"Kezd\u0151lap","item":"https:\/\/znz.hu\/en\/"},{"@type":"ListItem","position":2,"name":"\u00dczlet","item":"https:\/\/znz.hu\/uzlet\/"},{"@type":"ListItem","position":3,"name":"HI-SCAN 6040 CTiX"}]},{"@type":"WebSite","@id":"https:\/\/znz.hu\/en\/#website","url":"https:\/\/znz.hu\/en\/","name":"ZNZ","description":"A vil\u00e1g vezet\u0151 v\u00e9delemtechnol\u00f3giai megold\u00e1sai teljes term\u00e9kt\u00e1mogat\u00e1ssal m\u00e1r 30 \u00e9ve.","potentialAction":[{"@type":"SearchAction","target":{"@type":"EntryPoint","urlTemplate":"https:\/\/znz.hu\/en\/?s={search_term_string}"},"query-input":{"@type":"PropertyValueSpecification","valueRequired":true,"valueName":"search_term_string"}}],"inLanguage":"en-US"}]}},"_links":{"self":[{"href":"https:\/\/znz.hu\/en\/wp-json\/wp\/v2\/product\/26646","targetHints":{"allow":["GET"]}}],"collection":[{"href":"https:\/\/znz.hu\/en\/wp-json\/wp\/v2\/product"}],"about":[{"href":"https:\/\/znz.hu\/en\/wp-json\/wp\/v2\/types\/product"}],"wp:featuredmedia":[{"embeddable":true,"href":"https:\/\/znz.hu\/en\/wp-json\/wp\/v2\/media\/17455"}],"wp:attachment":[{"href":"https:\/\/znz.hu\/en\/wp-json\/wp\/v2\/media?parent=26646"}],"wp:term":[{"taxonomy":"product_brand","embeddable":true,"href":"https:\/\/znz.hu\/en\/wp-json\/wp\/v2\/product_brand?post=26646"},{"taxonomy":"product_cat","embeddable":true,"href":"https:\/\/znz.hu\/en\/wp-json\/wp\/v2\/product_cat?post=26646"},{"taxonomy":"product_tag","embeddable":true,"href":"https:\/\/znz.hu\/en\/wp-json\/wp\/v2\/product_tag?post=26646"}],"curies":[{"name":"wp","href":"https:\/\/api.w.org\/{rel}","templated":true}]}}