{"id":26621,"date":"2024-05-30T16:59:50","date_gmt":"2024-05-30T14:59:50","guid":{"rendered":"https:\/\/znz.hu\/termek\/uviscan-pro-under-vehicle-inspection-system\/"},"modified":"2024-05-30T16:59:50","modified_gmt":"2024-05-30T14:59:50","slug":"uviscan-pro-under-vehicle-inspection-system","status":"publish","type":"product","link":"https:\/\/znz.hu\/en\/product\/uviscan-pro-under-vehicle-inspection-system\/","title":{"rendered":"UVIScan PRO: Under Vehicle Inspection System"},"content":{"rendered":"<p>The UVIScan Under Vehicle Inspection System (UVIS) offers the most advanced technology for identifying dangerous objects or contraband hidden under the vehicle. It has been developed to provide crystal-clear, 8 megapixel images of unbeatable quality, day and night, of the undercarriage of a vehicle travelling at speeds of up to 40 km\/h. Proven technology in the most extreme weather conditions.<\/p>\n<p><b><strong>Infrared LED technology<\/strong><\/b><\/p>\n<p>UVIScan technology is specifically designed for chassis inspection. The UVIScan infrared LED technology is invisible to the human eye, so it cannot attract the attention of criminals, avoiding overexposure to sunlight. The rugged UVIScan LED design is modular, specifically designed to scan small vehicles and trucks.<\/p>\n<p>Linux based UVIScan software provides an IT and operationally secure environment. The user-friendly interface makes it easy for security personnel to operate the system, allowing them to detect potential threats or contraband very efficiently and with high quality.<\/p>\n<p><b><strong>Features:<\/strong><\/b><\/p>\n<ul>\n<li>Full chassis inspection<\/li>\n<li>LINUX based software<\/li>\n<li>Infrared technology<\/li>\n<li>LINUX GUI<\/li>\n<li>High resolution still image<\/li>\n<li>Also applicable for moving vehicles with variable speed<\/li>\n<li>Fixed or mobile application<\/li>\n<\/ul>\n<p>With its stainless steel Heavy Duty housing, the UVIScan is suitable for permanent pavement mounted use. The Heavy Duty enclosure is T\u00dcV tested to withstand the toughest loads, providing the best protection for UVIScan technology. Easy to install and maintain by hand, available with yellow\/black reflective marking. Networked to manage multiple access points together.<\/p>\n<p><b><strong>Fixed installation options:<\/strong><\/b><\/p>\n<ul>\n<li>Recessed in the road surface<\/li>\n<li>Semi-recessed, with guide rails<\/li>\n<li>Flush-mounted, ramp-mounted<\/li>\n<\/ul>\n<p><b><strong>Additional options for fixed installation:<\/strong><\/b><\/p>\n<ul>\n<li>Magnetic detection<\/li>\n<li>Gamma-ray detection<\/li>\n<li>Automatic image comparison<\/li>\n<li>Anti-reflection recording of the driver<\/li>\n<li>Automatic number plate recognition: 200 countries, special characters, all weather conditions<\/li>\n<\/ul>\n","protected":false},"excerpt":{"rendered":"<p>The UVIScan Under Vehicle Inspection System (UVIS) offers the most advanced technology for identifying dangerous objects or contraband hidden under the vehicle. It has been developed to provide crystal-clear, 8 megapixel images of unbeatable quality, day and night, of the undercarriage of a vehicle travelling at speeds of up to 40 km\/h. Proven technology in [&hellip;]<\/p>\n","protected":false},"featured_media":25825,"template":"","meta":{"_et_pb_use_builder":"","_et_pb_old_content":"","_et_gb_content_width":""},"product_brand":[],"product_cat":[357],"product_tag":[],"class_list":{"0":"post-26621","1":"product","2":"type-product","3":"status-publish","4":"has-post-thumbnail","6":"product_cat-under-vehicle-inspection","8":"first","9":"instock","10":"shipping-taxable","11":"product-type-simple"},"yoast_head":"<!-- This site is optimized with the Yoast SEO plugin v27.5 - https:\/\/yoast.com\/product\/yoast-seo-wordpress\/ -->\n<title>UVIScan PRO: Under Vehicle Inspection System - ZNZ<\/title>\n<meta name=\"robots\" content=\"index, follow, max-snippet:-1, max-image-preview:large, max-video-preview:-1\" \/>\n<link rel=\"canonical\" href=\"https:\/\/znz.hu\/en\/product\/uviscan-pro-under-vehicle-inspection-system\/\" \/>\n<meta property=\"og:locale\" content=\"en_US\" \/>\n<meta property=\"og:type\" content=\"article\" \/>\n<meta property=\"og:title\" content=\"UVIScan PRO: Under Vehicle Inspection System - ZNZ\" \/>\n<meta property=\"og:description\" content=\"The UVIScan Under Vehicle Inspection System (UVIS) offers the most advanced technology for identifying dangerous objects or contraband hidden under the vehicle. It has been developed to provide crystal-clear, 8 megapixel images of unbeatable quality, day and night, of the undercarriage of a vehicle travelling at speeds of up to 40 km\/h. Proven technology in [&hellip;]\" \/>\n<meta property=\"og:url\" content=\"https:\/\/znz.hu\/en\/product\/uviscan-pro-under-vehicle-inspection-system\/\" \/>\n<meta property=\"og:site_name\" content=\"ZNZ\" \/>\n<meta property=\"og:image\" content=\"https:\/\/znz.hu\/wp-content\/uploads\/2024\/05\/fix1000x1000_Rajztabla-1_Rajztabla-1.jpg\" \/>\n\t<meta property=\"og:image:width\" content=\"1000\" \/>\n\t<meta property=\"og:image:height\" content=\"1000\" \/>\n\t<meta property=\"og:image:type\" content=\"image\/jpeg\" \/>\n<meta name=\"twitter:card\" content=\"summary_large_image\" \/>\n<meta name=\"twitter:label1\" content=\"Est. reading time\" \/>\n\t<meta name=\"twitter:data1\" content=\"1 minute\" \/>\n<script type=\"application\/ld+json\" class=\"yoast-schema-graph\">{\"@context\":\"https:\\\/\\\/schema.org\",\"@graph\":[{\"@type\":\"WebPage\",\"@id\":\"https:\\\/\\\/znz.hu\\\/en\\\/product\\\/uviscan-pro-under-vehicle-inspection-system\\\/\",\"url\":\"https:\\\/\\\/znz.hu\\\/en\\\/product\\\/uviscan-pro-under-vehicle-inspection-system\\\/\",\"name\":\"UVIScan PRO: Under Vehicle Inspection System - ZNZ\",\"isPartOf\":{\"@id\":\"https:\\\/\\\/znz.hu\\\/en\\\/#website\"},\"primaryImageOfPage\":{\"@id\":\"https:\\\/\\\/znz.hu\\\/en\\\/product\\\/uviscan-pro-under-vehicle-inspection-system\\\/#primaryimage\"},\"image\":{\"@id\":\"https:\\\/\\\/znz.hu\\\/en\\\/product\\\/uviscan-pro-under-vehicle-inspection-system\\\/#primaryimage\"},\"thumbnailUrl\":\"https:\\\/\\\/znz.hu\\\/wp-content\\\/uploads\\\/2024\\\/05\\\/fix1000x1000_Rajztabla-1_Rajztabla-1.jpg\",\"datePublished\":\"2024-05-30T14:59:50+00:00\",\"breadcrumb\":{\"@id\":\"https:\\\/\\\/znz.hu\\\/en\\\/product\\\/uviscan-pro-under-vehicle-inspection-system\\\/#breadcrumb\"},\"inLanguage\":\"en-US\",\"potentialAction\":[{\"@type\":\"ReadAction\",\"target\":[\"https:\\\/\\\/znz.hu\\\/en\\\/product\\\/uviscan-pro-under-vehicle-inspection-system\\\/\"]}]},{\"@type\":\"ImageObject\",\"inLanguage\":\"en-US\",\"@id\":\"https:\\\/\\\/znz.hu\\\/en\\\/product\\\/uviscan-pro-under-vehicle-inspection-system\\\/#primaryimage\",\"url\":\"https:\\\/\\\/znz.hu\\\/wp-content\\\/uploads\\\/2024\\\/05\\\/fix1000x1000_Rajztabla-1_Rajztabla-1.jpg\",\"contentUrl\":\"https:\\\/\\\/znz.hu\\\/wp-content\\\/uploads\\\/2024\\\/05\\\/fix1000x1000_Rajztabla-1_Rajztabla-1.jpg\",\"width\":1000,\"height\":1000,\"caption\":\"UVIScan PRO: Under Vehicle Inspection System\"},{\"@type\":\"BreadcrumbList\",\"@id\":\"https:\\\/\\\/znz.hu\\\/en\\\/product\\\/uviscan-pro-under-vehicle-inspection-system\\\/#breadcrumb\",\"itemListElement\":[{\"@type\":\"ListItem\",\"position\":1,\"name\":\"Kezd\u0151lap\",\"item\":\"https:\\\/\\\/znz.hu\\\/en\\\/\"},{\"@type\":\"ListItem\",\"position\":2,\"name\":\"\u00dczlet\",\"item\":\"https:\\\/\\\/znz.hu\\\/uzlet\\\/\"},{\"@type\":\"ListItem\",\"position\":3,\"name\":\"UVIScan PRO: Under Vehicle Inspection System\"}]},{\"@type\":\"WebSite\",\"@id\":\"https:\\\/\\\/znz.hu\\\/en\\\/#website\",\"url\":\"https:\\\/\\\/znz.hu\\\/en\\\/\",\"name\":\"ZNZ\",\"description\":\"A vil\u00e1g vezet\u0151 v\u00e9delemtechnol\u00f3giai megold\u00e1sai teljes term\u00e9kt\u00e1mogat\u00e1ssal m\u00e1r 30 \u00e9ve.\",\"potentialAction\":[{\"@type\":\"SearchAction\",\"target\":{\"@type\":\"EntryPoint\",\"urlTemplate\":\"https:\\\/\\\/znz.hu\\\/en\\\/?s={search_term_string}\"},\"query-input\":{\"@type\":\"PropertyValueSpecification\",\"valueRequired\":true,\"valueName\":\"search_term_string\"}}],\"inLanguage\":\"en-US\"}]}<\/script>\n<!-- \/ Yoast SEO plugin. -->","yoast_head_json":{"title":"UVIScan PRO: Under Vehicle Inspection System - ZNZ","robots":{"index":"index","follow":"follow","max-snippet":"max-snippet:-1","max-image-preview":"max-image-preview:large","max-video-preview":"max-video-preview:-1"},"canonical":"https:\/\/znz.hu\/en\/product\/uviscan-pro-under-vehicle-inspection-system\/","og_locale":"en_US","og_type":"article","og_title":"UVIScan PRO: Under Vehicle Inspection System - ZNZ","og_description":"The UVIScan Under Vehicle Inspection System (UVIS) offers the most advanced technology for identifying dangerous objects or contraband hidden under the vehicle. It has been developed to provide crystal-clear, 8 megapixel images of unbeatable quality, day and night, of the undercarriage of a vehicle travelling at speeds of up to 40 km\/h. Proven technology in [&hellip;]","og_url":"https:\/\/znz.hu\/en\/product\/uviscan-pro-under-vehicle-inspection-system\/","og_site_name":"ZNZ","og_image":[{"width":1000,"height":1000,"url":"https:\/\/znz.hu\/wp-content\/uploads\/2024\/05\/fix1000x1000_Rajztabla-1_Rajztabla-1.jpg","type":"image\/jpeg"}],"twitter_card":"summary_large_image","twitter_misc":{"Est. reading time":"1 minute"},"schema":{"@context":"https:\/\/schema.org","@graph":[{"@type":"WebPage","@id":"https:\/\/znz.hu\/en\/product\/uviscan-pro-under-vehicle-inspection-system\/","url":"https:\/\/znz.hu\/en\/product\/uviscan-pro-under-vehicle-inspection-system\/","name":"UVIScan PRO: Under Vehicle Inspection System - ZNZ","isPartOf":{"@id":"https:\/\/znz.hu\/en\/#website"},"primaryImageOfPage":{"@id":"https:\/\/znz.hu\/en\/product\/uviscan-pro-under-vehicle-inspection-system\/#primaryimage"},"image":{"@id":"https:\/\/znz.hu\/en\/product\/uviscan-pro-under-vehicle-inspection-system\/#primaryimage"},"thumbnailUrl":"https:\/\/znz.hu\/wp-content\/uploads\/2024\/05\/fix1000x1000_Rajztabla-1_Rajztabla-1.jpg","datePublished":"2024-05-30T14:59:50+00:00","breadcrumb":{"@id":"https:\/\/znz.hu\/en\/product\/uviscan-pro-under-vehicle-inspection-system\/#breadcrumb"},"inLanguage":"en-US","potentialAction":[{"@type":"ReadAction","target":["https:\/\/znz.hu\/en\/product\/uviscan-pro-under-vehicle-inspection-system\/"]}]},{"@type":"ImageObject","inLanguage":"en-US","@id":"https:\/\/znz.hu\/en\/product\/uviscan-pro-under-vehicle-inspection-system\/#primaryimage","url":"https:\/\/znz.hu\/wp-content\/uploads\/2024\/05\/fix1000x1000_Rajztabla-1_Rajztabla-1.jpg","contentUrl":"https:\/\/znz.hu\/wp-content\/uploads\/2024\/05\/fix1000x1000_Rajztabla-1_Rajztabla-1.jpg","width":1000,"height":1000,"caption":"UVIScan PRO: Under Vehicle Inspection System"},{"@type":"BreadcrumbList","@id":"https:\/\/znz.hu\/en\/product\/uviscan-pro-under-vehicle-inspection-system\/#breadcrumb","itemListElement":[{"@type":"ListItem","position":1,"name":"Kezd\u0151lap","item":"https:\/\/znz.hu\/en\/"},{"@type":"ListItem","position":2,"name":"\u00dczlet","item":"https:\/\/znz.hu\/uzlet\/"},{"@type":"ListItem","position":3,"name":"UVIScan PRO: Under Vehicle Inspection System"}]},{"@type":"WebSite","@id":"https:\/\/znz.hu\/en\/#website","url":"https:\/\/znz.hu\/en\/","name":"ZNZ","description":"A vil\u00e1g vezet\u0151 v\u00e9delemtechnol\u00f3giai megold\u00e1sai teljes term\u00e9kt\u00e1mogat\u00e1ssal m\u00e1r 30 \u00e9ve.","potentialAction":[{"@type":"SearchAction","target":{"@type":"EntryPoint","urlTemplate":"https:\/\/znz.hu\/en\/?s={search_term_string}"},"query-input":{"@type":"PropertyValueSpecification","valueRequired":true,"valueName":"search_term_string"}}],"inLanguage":"en-US"}]}},"_links":{"self":[{"href":"https:\/\/znz.hu\/en\/wp-json\/wp\/v2\/product\/26621","targetHints":{"allow":["GET"]}}],"collection":[{"href":"https:\/\/znz.hu\/en\/wp-json\/wp\/v2\/product"}],"about":[{"href":"https:\/\/znz.hu\/en\/wp-json\/wp\/v2\/types\/product"}],"wp:featuredmedia":[{"embeddable":true,"href":"https:\/\/znz.hu\/en\/wp-json\/wp\/v2\/media\/25825"}],"wp:attachment":[{"href":"https:\/\/znz.hu\/en\/wp-json\/wp\/v2\/media?parent=26621"}],"wp:term":[{"taxonomy":"product_brand","embeddable":true,"href":"https:\/\/znz.hu\/en\/wp-json\/wp\/v2\/product_brand?post=26621"},{"taxonomy":"product_cat","embeddable":true,"href":"https:\/\/znz.hu\/en\/wp-json\/wp\/v2\/product_cat?post=26621"},{"taxonomy":"product_tag","embeddable":true,"href":"https:\/\/znz.hu\/en\/wp-json\/wp\/v2\/product_tag?post=26621"}],"curies":[{"name":"wp","href":"https:\/\/api.w.org\/{rel}","templated":true}]}}