{"id":26618,"date":"2024-09-25T17:00:36","date_gmt":"2024-09-25T15:00:36","guid":{"rendered":"https:\/\/znz.hu\/termek\/seetrue-ai-powered-screening-software-automation-solution\/"},"modified":"2025-11-06T08:54:47","modified_gmt":"2025-11-06T07:54:47","slug":"seetrue-ai-powered-screening-software-automation-solution","status":"publish","type":"product","link":"https:\/\/znz.hu\/en\/product\/seetrue-ai-powered-screening-software-automation-solution\/","title":{"rendered":"SeeTrue AI-powered Screening Software Automation Solution"},"content":{"rendered":"<p>SeeTrue for X-ray uses AI-based algorithms to provide accurate, real-time detection of prohibited items including guns, knives, explosives, liquids, electronics, and other restricted objects across all baggage and parcel types.<\/p>\n<p>The software integrates seamlessly with leading X-ray machines from Smiths Detection, Rapiscan, Leidos, Voti, Astrophysics, and Nuctech. It upgrades existing equipment, extends machine life, and provides operators with instant results by clearly highlighting threats and their locations.<\/p>\n<p>Built for flexibility, SeeTrue for X-ray adapts to airports, seaports, transit hubs, and secure facilities. Its intuitive interface enables operators to become productive after just one hour of training.<\/p>\n<p>SeeTrue for X-ray\u2019s consistent, unbiased AI significantly reduces human error under pressure. It also provides remote monitoring, supervision, review, and analytics, boosting efficiency, lowering costs, and enhancing security outcomes.<\/p>\n<p><strong>Key Features<\/strong><\/p>\n<p>&nbsp;<\/p>\n<ul>\n<li>Accurate and consistent real-time detection of prohibited items.<\/li>\n<li>Quickly and seamlessly integrates with existing security infrastructure.<\/li>\n<li>Machine-agnostic and works with scanners from multiple vendors.<\/li>\n<li>Improves throughput by low false alarm and reject rates.<\/li>\n<li>Enables smart screening, auditing, and debriefing for better oversight.<\/li>\n<li>The bag recheck application simplifies secondary inspections.<\/li>\n<li>Operators can be trained and ready in just one hour.<\/li>\n<\/ul>\n","protected":false},"excerpt":{"rendered":"<p>SeeTrue for X-ray uses AI-based algorithms to provide accurate, real-time detection of prohibited items including guns, knives, explosives, liquids, electronics, and other restricted objects across all baggage and parcel types. The software integrates seamlessly with leading X-ray machines from Smiths Detection, Rapiscan, Leidos, Voti, Astrophysics, and Nuctech. It upgrades existing equipment, extends machine life, and [&hellip;]<\/p>\n","protected":false},"featured_media":27519,"template":"","meta":{"_et_pb_use_builder":"","_et_pb_old_content":"","_et_gb_content_width":""},"product_brand":[],"product_cat":[298],"product_tag":[],"class_list":{"0":"post-26618","1":"product","2":"type-product","3":"status-publish","4":"has-post-thumbnail","6":"product_cat-additional-equipment","8":"first","9":"instock","10":"shipping-taxable","11":"product-type-simple"},"yoast_head":"<!-- This site is optimized with the Yoast SEO plugin v27.5 - https:\/\/yoast.com\/product\/yoast-seo-wordpress\/ -->\n<title>SeeTrue AI-powered Screening Software Automation Solution - ZNZ<\/title>\n<meta name=\"robots\" content=\"index, follow, max-snippet:-1, max-image-preview:large, max-video-preview:-1\" \/>\n<link rel=\"canonical\" href=\"https:\/\/znz.hu\/en\/product\/seetrue-ai-powered-screening-software-automation-solution\/\" \/>\n<meta property=\"og:locale\" content=\"en_US\" \/>\n<meta property=\"og:type\" content=\"article\" \/>\n<meta property=\"og:title\" content=\"SeeTrue AI-powered Screening Software Automation Solution - ZNZ\" \/>\n<meta property=\"og:description\" content=\"SeeTrue for X-ray uses AI-based algorithms to provide accurate, real-time detection of prohibited items including guns, knives, explosives, liquids, electronics, and other restricted objects across all baggage and parcel types. The software integrates seamlessly with leading X-ray machines from Smiths Detection, Rapiscan, Leidos, Voti, Astrophysics, and Nuctech. It upgrades existing equipment, extends machine life, and [&hellip;]\" \/>\n<meta property=\"og:url\" content=\"https:\/\/znz.hu\/en\/product\/seetrue-ai-powered-screening-software-automation-solution\/\" \/>\n<meta property=\"og:site_name\" content=\"ZNZ\" \/>\n<meta property=\"article:modified_time\" content=\"2025-11-06T07:54:47+00:00\" \/>\n<meta property=\"og:image\" content=\"https:\/\/znz.hu\/wp-content\/uploads\/2024\/09\/Nevtelen-1.jpg\" \/>\n\t<meta property=\"og:image:width\" content=\"1000\" \/>\n\t<meta property=\"og:image:height\" content=\"1000\" \/>\n\t<meta property=\"og:image:type\" content=\"image\/jpeg\" \/>\n<meta name=\"twitter:card\" content=\"summary_large_image\" \/>\n<meta name=\"twitter:label1\" content=\"Est. reading time\" \/>\n\t<meta name=\"twitter:data1\" content=\"2 minutes\" \/>\n<script type=\"application\/ld+json\" class=\"yoast-schema-graph\">{\"@context\":\"https:\\\/\\\/schema.org\",\"@graph\":[{\"@type\":\"WebPage\",\"@id\":\"https:\\\/\\\/znz.hu\\\/en\\\/product\\\/seetrue-ai-powered-screening-software-automation-solution\\\/\",\"url\":\"https:\\\/\\\/znz.hu\\\/en\\\/product\\\/seetrue-ai-powered-screening-software-automation-solution\\\/\",\"name\":\"SeeTrue AI-powered Screening Software Automation Solution - ZNZ\",\"isPartOf\":{\"@id\":\"https:\\\/\\\/znz.hu\\\/en\\\/#website\"},\"primaryImageOfPage\":{\"@id\":\"https:\\\/\\\/znz.hu\\\/en\\\/product\\\/seetrue-ai-powered-screening-software-automation-solution\\\/#primaryimage\"},\"image\":{\"@id\":\"https:\\\/\\\/znz.hu\\\/en\\\/product\\\/seetrue-ai-powered-screening-software-automation-solution\\\/#primaryimage\"},\"thumbnailUrl\":\"https:\\\/\\\/znz.hu\\\/wp-content\\\/uploads\\\/2024\\\/09\\\/Nevtelen-1.jpg\",\"datePublished\":\"2024-09-25T15:00:36+00:00\",\"dateModified\":\"2025-11-06T07:54:47+00:00\",\"breadcrumb\":{\"@id\":\"https:\\\/\\\/znz.hu\\\/en\\\/product\\\/seetrue-ai-powered-screening-software-automation-solution\\\/#breadcrumb\"},\"inLanguage\":\"en-US\",\"potentialAction\":[{\"@type\":\"ReadAction\",\"target\":[\"https:\\\/\\\/znz.hu\\\/en\\\/product\\\/seetrue-ai-powered-screening-software-automation-solution\\\/\"]}]},{\"@type\":\"ImageObject\",\"inLanguage\":\"en-US\",\"@id\":\"https:\\\/\\\/znz.hu\\\/en\\\/product\\\/seetrue-ai-powered-screening-software-automation-solution\\\/#primaryimage\",\"url\":\"https:\\\/\\\/znz.hu\\\/wp-content\\\/uploads\\\/2024\\\/09\\\/Nevtelen-1.jpg\",\"contentUrl\":\"https:\\\/\\\/znz.hu\\\/wp-content\\\/uploads\\\/2024\\\/09\\\/Nevtelen-1.jpg\",\"width\":1000,\"height\":1000,\"caption\":\"SeeTrue AI alap\u00fa biztons\u00e1gi \u00e1tvil\u00e1g\u00edt\u00f3 szoftver csomagr\u00f6ntgenekhez\"},{\"@type\":\"BreadcrumbList\",\"@id\":\"https:\\\/\\\/znz.hu\\\/en\\\/product\\\/seetrue-ai-powered-screening-software-automation-solution\\\/#breadcrumb\",\"itemListElement\":[{\"@type\":\"ListItem\",\"position\":1,\"name\":\"Kezd\u0151lap\",\"item\":\"https:\\\/\\\/znz.hu\\\/en\\\/\"},{\"@type\":\"ListItem\",\"position\":2,\"name\":\"\u00dczlet\",\"item\":\"https:\\\/\\\/znz.hu\\\/uzlet\\\/\"},{\"@type\":\"ListItem\",\"position\":3,\"name\":\"SeeTrue AI-powered Screening Software Automation Solution\"}]},{\"@type\":\"WebSite\",\"@id\":\"https:\\\/\\\/znz.hu\\\/en\\\/#website\",\"url\":\"https:\\\/\\\/znz.hu\\\/en\\\/\",\"name\":\"ZNZ\",\"description\":\"A vil\u00e1g vezet\u0151 v\u00e9delemtechnol\u00f3giai megold\u00e1sai teljes term\u00e9kt\u00e1mogat\u00e1ssal m\u00e1r 30 \u00e9ve.\",\"potentialAction\":[{\"@type\":\"SearchAction\",\"target\":{\"@type\":\"EntryPoint\",\"urlTemplate\":\"https:\\\/\\\/znz.hu\\\/en\\\/?s={search_term_string}\"},\"query-input\":{\"@type\":\"PropertyValueSpecification\",\"valueRequired\":true,\"valueName\":\"search_term_string\"}}],\"inLanguage\":\"en-US\"}]}<\/script>\n<!-- \/ Yoast SEO plugin. -->","yoast_head_json":{"title":"SeeTrue AI-powered Screening Software Automation Solution - ZNZ","robots":{"index":"index","follow":"follow","max-snippet":"max-snippet:-1","max-image-preview":"max-image-preview:large","max-video-preview":"max-video-preview:-1"},"canonical":"https:\/\/znz.hu\/en\/product\/seetrue-ai-powered-screening-software-automation-solution\/","og_locale":"en_US","og_type":"article","og_title":"SeeTrue AI-powered Screening Software Automation Solution - ZNZ","og_description":"SeeTrue for X-ray uses AI-based algorithms to provide accurate, real-time detection of prohibited items including guns, knives, explosives, liquids, electronics, and other restricted objects across all baggage and parcel types. The software integrates seamlessly with leading X-ray machines from Smiths Detection, Rapiscan, Leidos, Voti, Astrophysics, and Nuctech. It upgrades existing equipment, extends machine life, and [&hellip;]","og_url":"https:\/\/znz.hu\/en\/product\/seetrue-ai-powered-screening-software-automation-solution\/","og_site_name":"ZNZ","article_modified_time":"2025-11-06T07:54:47+00:00","og_image":[{"width":1000,"height":1000,"url":"https:\/\/znz.hu\/wp-content\/uploads\/2024\/09\/Nevtelen-1.jpg","type":"image\/jpeg"}],"twitter_card":"summary_large_image","twitter_misc":{"Est. reading time":"2 minutes"},"schema":{"@context":"https:\/\/schema.org","@graph":[{"@type":"WebPage","@id":"https:\/\/znz.hu\/en\/product\/seetrue-ai-powered-screening-software-automation-solution\/","url":"https:\/\/znz.hu\/en\/product\/seetrue-ai-powered-screening-software-automation-solution\/","name":"SeeTrue AI-powered Screening Software Automation Solution - ZNZ","isPartOf":{"@id":"https:\/\/znz.hu\/en\/#website"},"primaryImageOfPage":{"@id":"https:\/\/znz.hu\/en\/product\/seetrue-ai-powered-screening-software-automation-solution\/#primaryimage"},"image":{"@id":"https:\/\/znz.hu\/en\/product\/seetrue-ai-powered-screening-software-automation-solution\/#primaryimage"},"thumbnailUrl":"https:\/\/znz.hu\/wp-content\/uploads\/2024\/09\/Nevtelen-1.jpg","datePublished":"2024-09-25T15:00:36+00:00","dateModified":"2025-11-06T07:54:47+00:00","breadcrumb":{"@id":"https:\/\/znz.hu\/en\/product\/seetrue-ai-powered-screening-software-automation-solution\/#breadcrumb"},"inLanguage":"en-US","potentialAction":[{"@type":"ReadAction","target":["https:\/\/znz.hu\/en\/product\/seetrue-ai-powered-screening-software-automation-solution\/"]}]},{"@type":"ImageObject","inLanguage":"en-US","@id":"https:\/\/znz.hu\/en\/product\/seetrue-ai-powered-screening-software-automation-solution\/#primaryimage","url":"https:\/\/znz.hu\/wp-content\/uploads\/2024\/09\/Nevtelen-1.jpg","contentUrl":"https:\/\/znz.hu\/wp-content\/uploads\/2024\/09\/Nevtelen-1.jpg","width":1000,"height":1000,"caption":"SeeTrue AI alap\u00fa biztons\u00e1gi \u00e1tvil\u00e1g\u00edt\u00f3 szoftver csomagr\u00f6ntgenekhez"},{"@type":"BreadcrumbList","@id":"https:\/\/znz.hu\/en\/product\/seetrue-ai-powered-screening-software-automation-solution\/#breadcrumb","itemListElement":[{"@type":"ListItem","position":1,"name":"Kezd\u0151lap","item":"https:\/\/znz.hu\/en\/"},{"@type":"ListItem","position":2,"name":"\u00dczlet","item":"https:\/\/znz.hu\/uzlet\/"},{"@type":"ListItem","position":3,"name":"SeeTrue AI-powered Screening Software Automation Solution"}]},{"@type":"WebSite","@id":"https:\/\/znz.hu\/en\/#website","url":"https:\/\/znz.hu\/en\/","name":"ZNZ","description":"A vil\u00e1g vezet\u0151 v\u00e9delemtechnol\u00f3giai megold\u00e1sai teljes term\u00e9kt\u00e1mogat\u00e1ssal m\u00e1r 30 \u00e9ve.","potentialAction":[{"@type":"SearchAction","target":{"@type":"EntryPoint","urlTemplate":"https:\/\/znz.hu\/en\/?s={search_term_string}"},"query-input":{"@type":"PropertyValueSpecification","valueRequired":true,"valueName":"search_term_string"}}],"inLanguage":"en-US"}]}},"_links":{"self":[{"href":"https:\/\/znz.hu\/en\/wp-json\/wp\/v2\/product\/26618","targetHints":{"allow":["GET"]}}],"collection":[{"href":"https:\/\/znz.hu\/en\/wp-json\/wp\/v2\/product"}],"about":[{"href":"https:\/\/znz.hu\/en\/wp-json\/wp\/v2\/types\/product"}],"wp:featuredmedia":[{"embeddable":true,"href":"https:\/\/znz.hu\/en\/wp-json\/wp\/v2\/media\/27519"}],"wp:attachment":[{"href":"https:\/\/znz.hu\/en\/wp-json\/wp\/v2\/media?parent=26618"}],"wp:term":[{"taxonomy":"product_brand","embeddable":true,"href":"https:\/\/znz.hu\/en\/wp-json\/wp\/v2\/product_brand?post=26618"},{"taxonomy":"product_cat","embeddable":true,"href":"https:\/\/znz.hu\/en\/wp-json\/wp\/v2\/product_cat?post=26618"},{"taxonomy":"product_tag","embeddable":true,"href":"https:\/\/znz.hu\/en\/wp-json\/wp\/v2\/product_tag?post=26618"}],"curies":[{"name":"wp","href":"https:\/\/api.w.org\/{rel}","templated":true}]}}