{"id":26616,"date":"2025-01-27T15:10:09","date_gmt":"2025-01-27T14:10:09","guid":{"rendered":"https:\/\/znz.hu\/termek\/hunter-mobile-phone-detection\/"},"modified":"2025-01-27T15:10:09","modified_gmt":"2025-01-27T14:10:09","slug":"hunter-mobile-phone-detection","status":"publish","type":"product","link":"https:\/\/znz.hu\/en\/product\/hunter-mobile-phone-detection\/","title":{"rendered":"Hunter &#8211; mobile phone detection"},"content":{"rendered":"<p>Hunter\u2122 is the new generation of smart and powerful mobile phone detection, capable of detecting every phone band in any country.<\/p>\n<p><strong>Features<\/strong>:<\/p>\n<ul>\n<li>Detects 2G, 3G, 4G and 5G, SMS Texts, TDD data transmissions and even registration pings<\/li>\n<li>Find active phones even if they aren\u2019t making a call<\/li>\n<li>Easy-to-use controls designed for \u2018pick up and go\u2019 use.<\/li>\n<li>Requires minimal training<\/li>\n<li>Switchable dual antenna system \u2013 omni-directional to find activity, and directional to track down individual phonesInterference frequency filter to cancel out interference signals<\/li>\n<li>Displays the service provider*, signal strength and time and date of detection in an instant, downloadable log<\/li>\n<li>Large 5.5\u201d AMOLED Display with HD touch screen<\/li>\n<li>Covert display mode for night-time use<\/li>\n<li>Long battery life \u2013 internal battery supports over 5 hours of continuous mobile operation, or 8 hours+ with optional external battery<\/li>\n<li>Probe antenna available for covert under-door signal detection.<\/li>\n<li>Tripod mountable with mains-powered option<\/li>\n<li>Vibration and audio alerts either through built-in speakers or attachable ear budsFeatures<\/li>\n<\/ul>\n","protected":false},"excerpt":{"rendered":"<p>Hunter\u2122 is the new generation of smart and powerful mobile phone detection, capable of detecting every phone band in any country. Features: Detects 2G, 3G, 4G and 5G, SMS Texts, TDD data transmissions and even registration pings Find active phones even if they aren\u2019t making a call Easy-to-use controls designed for \u2018pick up and go\u2019 [&hellip;]<\/p>\n","protected":false},"featured_media":26601,"template":"","meta":{"_et_pb_use_builder":"","_et_pb_old_content":"","_et_gb_content_width":""},"product_brand":[],"product_cat":[583],"product_tag":[],"class_list":{"0":"post-26616","1":"product","2":"type-product","3":"status-publish","4":"has-post-thumbnail","6":"product_cat-cellphone-detector","8":"first","9":"instock","10":"shipping-taxable","11":"product-type-simple"},"yoast_head":"<!-- This site is optimized with the Yoast SEO plugin v27.5 - https:\/\/yoast.com\/product\/yoast-seo-wordpress\/ -->\n<title>Hunter - mobile phone detection - ZNZ<\/title>\n<meta name=\"description\" content=\"Hunter is the new generation of smart and powerful mobile phone detection, capable of detecting every phone band in any country.\" \/>\n<meta name=\"robots\" content=\"index, follow, max-snippet:-1, max-image-preview:large, max-video-preview:-1\" \/>\n<link rel=\"canonical\" href=\"https:\/\/znz.hu\/en\/product\/hunter-mobile-phone-detection\/\" \/>\n<meta property=\"og:locale\" content=\"en_US\" \/>\n<meta property=\"og:type\" content=\"article\" \/>\n<meta property=\"og:title\" content=\"Hunter - mobile phone detection - ZNZ\" \/>\n<meta property=\"og:description\" content=\"Hunter is the new generation of smart and powerful mobile phone detection, capable of detecting every phone band in any country.\" \/>\n<meta property=\"og:url\" content=\"https:\/\/znz.hu\/en\/product\/hunter-mobile-phone-detection\/\" \/>\n<meta property=\"og:site_name\" content=\"ZNZ\" \/>\n<meta property=\"og:image\" content=\"https:\/\/znz.hu\/wp-content\/uploads\/2025\/01\/Comms-tek-Hunter-UK_ZNZhu_final0121-Image1.jpg\" \/>\n\t<meta property=\"og:image:width\" content=\"1182\" \/>\n\t<meta property=\"og:image:height\" content=\"1182\" \/>\n\t<meta property=\"og:image:type\" content=\"image\/jpeg\" \/>\n<meta name=\"twitter:card\" content=\"summary_large_image\" \/>\n<meta name=\"twitter:label1\" content=\"Est. reading time\" \/>\n\t<meta name=\"twitter:data1\" content=\"1 minute\" \/>\n<script type=\"application\/ld+json\" class=\"yoast-schema-graph\">{\"@context\":\"https:\\\/\\\/schema.org\",\"@graph\":[{\"@type\":\"WebPage\",\"@id\":\"https:\\\/\\\/znz.hu\\\/en\\\/product\\\/hunter-mobile-phone-detection\\\/\",\"url\":\"https:\\\/\\\/znz.hu\\\/en\\\/product\\\/hunter-mobile-phone-detection\\\/\",\"name\":\"Hunter - mobile phone detection - ZNZ\",\"isPartOf\":{\"@id\":\"https:\\\/\\\/znz.hu\\\/en\\\/#website\"},\"primaryImageOfPage\":{\"@id\":\"https:\\\/\\\/znz.hu\\\/en\\\/product\\\/hunter-mobile-phone-detection\\\/#primaryimage\"},\"image\":{\"@id\":\"https:\\\/\\\/znz.hu\\\/en\\\/product\\\/hunter-mobile-phone-detection\\\/#primaryimage\"},\"thumbnailUrl\":\"https:\\\/\\\/znz.hu\\\/wp-content\\\/uploads\\\/2025\\\/01\\\/Comms-tek-Hunter-UK_ZNZhu_final0121-Image1.jpg\",\"datePublished\":\"2025-01-27T14:10:09+00:00\",\"description\":\"Hunter is the new generation of smart and powerful mobile phone detection, capable of detecting every phone band in any country.\",\"breadcrumb\":{\"@id\":\"https:\\\/\\\/znz.hu\\\/en\\\/product\\\/hunter-mobile-phone-detection\\\/#breadcrumb\"},\"inLanguage\":\"en-US\",\"potentialAction\":[{\"@type\":\"ReadAction\",\"target\":[\"https:\\\/\\\/znz.hu\\\/en\\\/product\\\/hunter-mobile-phone-detection\\\/\"]}]},{\"@type\":\"ImageObject\",\"inLanguage\":\"en-US\",\"@id\":\"https:\\\/\\\/znz.hu\\\/en\\\/product\\\/hunter-mobile-phone-detection\\\/#primaryimage\",\"url\":\"https:\\\/\\\/znz.hu\\\/wp-content\\\/uploads\\\/2025\\\/01\\\/Comms-tek-Hunter-UK_ZNZhu_final0121-Image1.jpg\",\"contentUrl\":\"https:\\\/\\\/znz.hu\\\/wp-content\\\/uploads\\\/2025\\\/01\\\/Comms-tek-Hunter-UK_ZNZhu_final0121-Image1.jpg\",\"width\":1182,\"height\":1182,\"caption\":\"Hunter - mobile phone detection\"},{\"@type\":\"BreadcrumbList\",\"@id\":\"https:\\\/\\\/znz.hu\\\/en\\\/product\\\/hunter-mobile-phone-detection\\\/#breadcrumb\",\"itemListElement\":[{\"@type\":\"ListItem\",\"position\":1,\"name\":\"Kezd\u0151lap\",\"item\":\"https:\\\/\\\/znz.hu\\\/en\\\/\"},{\"@type\":\"ListItem\",\"position\":2,\"name\":\"\u00dczlet\",\"item\":\"https:\\\/\\\/znz.hu\\\/uzlet\\\/\"},{\"@type\":\"ListItem\",\"position\":3,\"name\":\"Hunter &#8211; mobile phone detection\"}]},{\"@type\":\"WebSite\",\"@id\":\"https:\\\/\\\/znz.hu\\\/en\\\/#website\",\"url\":\"https:\\\/\\\/znz.hu\\\/en\\\/\",\"name\":\"ZNZ\",\"description\":\"A vil\u00e1g vezet\u0151 v\u00e9delemtechnol\u00f3giai megold\u00e1sai teljes term\u00e9kt\u00e1mogat\u00e1ssal m\u00e1r 30 \u00e9ve.\",\"potentialAction\":[{\"@type\":\"SearchAction\",\"target\":{\"@type\":\"EntryPoint\",\"urlTemplate\":\"https:\\\/\\\/znz.hu\\\/en\\\/?s={search_term_string}\"},\"query-input\":{\"@type\":\"PropertyValueSpecification\",\"valueRequired\":true,\"valueName\":\"search_term_string\"}}],\"inLanguage\":\"en-US\"}]}<\/script>\n<!-- \/ Yoast SEO plugin. -->","yoast_head_json":{"title":"Hunter - mobile phone detection - ZNZ","description":"Hunter is the new generation of smart and powerful mobile phone detection, capable of detecting every phone band in any country.","robots":{"index":"index","follow":"follow","max-snippet":"max-snippet:-1","max-image-preview":"max-image-preview:large","max-video-preview":"max-video-preview:-1"},"canonical":"https:\/\/znz.hu\/en\/product\/hunter-mobile-phone-detection\/","og_locale":"en_US","og_type":"article","og_title":"Hunter - mobile phone detection - ZNZ","og_description":"Hunter is the new generation of smart and powerful mobile phone detection, capable of detecting every phone band in any country.","og_url":"https:\/\/znz.hu\/en\/product\/hunter-mobile-phone-detection\/","og_site_name":"ZNZ","og_image":[{"width":1182,"height":1182,"url":"https:\/\/znz.hu\/wp-content\/uploads\/2025\/01\/Comms-tek-Hunter-UK_ZNZhu_final0121-Image1.jpg","type":"image\/jpeg"}],"twitter_card":"summary_large_image","twitter_misc":{"Est. reading time":"1 minute"},"schema":{"@context":"https:\/\/schema.org","@graph":[{"@type":"WebPage","@id":"https:\/\/znz.hu\/en\/product\/hunter-mobile-phone-detection\/","url":"https:\/\/znz.hu\/en\/product\/hunter-mobile-phone-detection\/","name":"Hunter - mobile phone detection - ZNZ","isPartOf":{"@id":"https:\/\/znz.hu\/en\/#website"},"primaryImageOfPage":{"@id":"https:\/\/znz.hu\/en\/product\/hunter-mobile-phone-detection\/#primaryimage"},"image":{"@id":"https:\/\/znz.hu\/en\/product\/hunter-mobile-phone-detection\/#primaryimage"},"thumbnailUrl":"https:\/\/znz.hu\/wp-content\/uploads\/2025\/01\/Comms-tek-Hunter-UK_ZNZhu_final0121-Image1.jpg","datePublished":"2025-01-27T14:10:09+00:00","description":"Hunter is the new generation of smart and powerful mobile phone detection, capable of detecting every phone band in any country.","breadcrumb":{"@id":"https:\/\/znz.hu\/en\/product\/hunter-mobile-phone-detection\/#breadcrumb"},"inLanguage":"en-US","potentialAction":[{"@type":"ReadAction","target":["https:\/\/znz.hu\/en\/product\/hunter-mobile-phone-detection\/"]}]},{"@type":"ImageObject","inLanguage":"en-US","@id":"https:\/\/znz.hu\/en\/product\/hunter-mobile-phone-detection\/#primaryimage","url":"https:\/\/znz.hu\/wp-content\/uploads\/2025\/01\/Comms-tek-Hunter-UK_ZNZhu_final0121-Image1.jpg","contentUrl":"https:\/\/znz.hu\/wp-content\/uploads\/2025\/01\/Comms-tek-Hunter-UK_ZNZhu_final0121-Image1.jpg","width":1182,"height":1182,"caption":"Hunter - mobile phone detection"},{"@type":"BreadcrumbList","@id":"https:\/\/znz.hu\/en\/product\/hunter-mobile-phone-detection\/#breadcrumb","itemListElement":[{"@type":"ListItem","position":1,"name":"Kezd\u0151lap","item":"https:\/\/znz.hu\/en\/"},{"@type":"ListItem","position":2,"name":"\u00dczlet","item":"https:\/\/znz.hu\/uzlet\/"},{"@type":"ListItem","position":3,"name":"Hunter &#8211; mobile phone detection"}]},{"@type":"WebSite","@id":"https:\/\/znz.hu\/en\/#website","url":"https:\/\/znz.hu\/en\/","name":"ZNZ","description":"A vil\u00e1g vezet\u0151 v\u00e9delemtechnol\u00f3giai megold\u00e1sai teljes term\u00e9kt\u00e1mogat\u00e1ssal m\u00e1r 30 \u00e9ve.","potentialAction":[{"@type":"SearchAction","target":{"@type":"EntryPoint","urlTemplate":"https:\/\/znz.hu\/en\/?s={search_term_string}"},"query-input":{"@type":"PropertyValueSpecification","valueRequired":true,"valueName":"search_term_string"}}],"inLanguage":"en-US"}]}},"_links":{"self":[{"href":"https:\/\/znz.hu\/en\/wp-json\/wp\/v2\/product\/26616","targetHints":{"allow":["GET"]}}],"collection":[{"href":"https:\/\/znz.hu\/en\/wp-json\/wp\/v2\/product"}],"about":[{"href":"https:\/\/znz.hu\/en\/wp-json\/wp\/v2\/types\/product"}],"wp:featuredmedia":[{"embeddable":true,"href":"https:\/\/znz.hu\/en\/wp-json\/wp\/v2\/media\/26601"}],"wp:attachment":[{"href":"https:\/\/znz.hu\/en\/wp-json\/wp\/v2\/media?parent=26616"}],"wp:term":[{"taxonomy":"product_brand","embeddable":true,"href":"https:\/\/znz.hu\/en\/wp-json\/wp\/v2\/product_brand?post=26616"},{"taxonomy":"product_cat","embeddable":true,"href":"https:\/\/znz.hu\/en\/wp-json\/wp\/v2\/product_cat?post=26616"},{"taxonomy":"product_tag","embeddable":true,"href":"https:\/\/znz.hu\/en\/wp-json\/wp\/v2\/product_tag?post=26616"}],"curies":[{"name":"wp","href":"https:\/\/api.w.org\/{rel}","templated":true}]}}