{"id":26613,"date":"2025-01-27T15:52:41","date_gmt":"2025-01-27T14:52:41","guid":{"rendered":"https:\/\/znz.hu\/termek\/i-scan-handheld-ims-explosives-narcotics-toxics-trace-vapors-detector\/"},"modified":"2025-01-27T15:52:41","modified_gmt":"2025-01-27T14:52:41","slug":"i-scan-handheld-ims-explosives-narcotics-toxics-trace-vapors-detector","status":"publish","type":"product","link":"https:\/\/znz.hu\/en\/product\/i-scan-handheld-ims-explosives-narcotics-toxics-trace-vapors-detector\/","title":{"rendered":"I-SCAN Handheld IMS Explosives, Narcotics &#038; Toxics Trace &#038; Vapors Detector"},"content":{"rendered":"<p>LDS\u2019s I-SCAN is a state-of-the-art hand-held snifer designed to detect explosives, narcotics, toxic and other hazardous substances in trace particle and vapor form. The I-SCAN detection process targets the air surrounding concealed objects, bags, and various surfaces. The I-SCAN is also capable of detecting hazardous traces on human hands and clothing.<\/p>\n<p><strong>Key Features<\/strong><\/p>\n<p>Highly operative: Designed to optimize security and flow<\/p>\n<p>Simultaneous detection of drugs and explosives: Detection of positive and negative ions at the same time<\/p>\n<p>Cost effective consumables: Short logistic tail, based mainly on Commercial-Of-The-Shelf (COTS) consumables<\/p>\n<p>Non-radioactive ionization source: Ionization source based on a &#8220;Corona&#8221; chamber power source<\/p>\n","protected":false},"excerpt":{"rendered":"<p>LDS\u2019s I-SCAN is a state-of-the-art hand-held snifer designed to detect explosives, narcotics, toxic and other hazardous substances in trace particle and vapor form. The I-SCAN detection process targets the air surrounding concealed objects, bags, and various surfaces. The I-SCAN is also capable of detecting hazardous traces on human hands and clothing. Key Features Highly operative: [&hellip;]<\/p>\n","protected":false},"featured_media":26606,"template":"","meta":{"_et_pb_use_builder":"","_et_pb_old_content":"","_et_gb_content_width":""},"product_brand":[],"product_cat":[225],"product_tag":[],"class_list":{"0":"post-26613","1":"product","2":"type-product","3":"status-publish","4":"has-post-thumbnail","6":"product_cat-hazardous-material-detection","8":"first","9":"instock","10":"shipping-taxable","11":"product-type-simple"},"yoast_head":"<!-- This site is optimized with the Yoast SEO plugin v27.5 - https:\/\/yoast.com\/product\/yoast-seo-wordpress\/ -->\n<title>I-SCAN Handheld IMS Explosives, Narcotics &amp; Toxics Trace &amp; Vapors Detector - ZNZ<\/title>\n<meta name=\"description\" content=\"I-SCAN Handheld IMS Explosives, Narcotics &amp; Toxics Trace &amp; Vapors Detector\" \/>\n<meta name=\"robots\" content=\"index, follow, max-snippet:-1, max-image-preview:large, max-video-preview:-1\" \/>\n<link rel=\"canonical\" href=\"https:\/\/znz.hu\/en\/product\/i-scan-handheld-ims-explosives-narcotics-toxics-trace-vapors-detector\/\" \/>\n<meta property=\"og:locale\" content=\"en_US\" \/>\n<meta property=\"og:type\" content=\"article\" \/>\n<meta property=\"og:title\" content=\"I-SCAN Handheld IMS Explosives, Narcotics &amp; Toxics Trace &amp; Vapors Detector - ZNZ\" \/>\n<meta property=\"og:description\" content=\"I-SCAN Handheld IMS Explosives, Narcotics &amp; Toxics Trace &amp; Vapors Detector\" \/>\n<meta property=\"og:url\" content=\"https:\/\/znz.hu\/en\/product\/i-scan-handheld-ims-explosives-narcotics-toxics-trace-vapors-detector\/\" \/>\n<meta property=\"og:site_name\" content=\"ZNZ\" \/>\n<meta property=\"og:image\" content=\"https:\/\/znz.hu\/wp-content\/uploads\/2025\/01\/I-SCAN-portret-1.jpg\" \/>\n\t<meta property=\"og:image:width\" content=\"398\" \/>\n\t<meta property=\"og:image:height\" content=\"389\" \/>\n\t<meta property=\"og:image:type\" content=\"image\/jpeg\" \/>\n<meta name=\"twitter:card\" content=\"summary_large_image\" \/>\n<meta name=\"twitter:label1\" content=\"Est. reading time\" \/>\n\t<meta name=\"twitter:data1\" content=\"1 minute\" \/>\n<script type=\"application\/ld+json\" class=\"yoast-schema-graph\">{\"@context\":\"https:\\\/\\\/schema.org\",\"@graph\":[{\"@type\":\"WebPage\",\"@id\":\"https:\\\/\\\/znz.hu\\\/en\\\/product\\\/i-scan-handheld-ims-explosives-narcotics-toxics-trace-vapors-detector\\\/\",\"url\":\"https:\\\/\\\/znz.hu\\\/en\\\/product\\\/i-scan-handheld-ims-explosives-narcotics-toxics-trace-vapors-detector\\\/\",\"name\":\"I-SCAN Handheld IMS Explosives, Narcotics & Toxics Trace & Vapors Detector - ZNZ\",\"isPartOf\":{\"@id\":\"https:\\\/\\\/znz.hu\\\/en\\\/#website\"},\"primaryImageOfPage\":{\"@id\":\"https:\\\/\\\/znz.hu\\\/en\\\/product\\\/i-scan-handheld-ims-explosives-narcotics-toxics-trace-vapors-detector\\\/#primaryimage\"},\"image\":{\"@id\":\"https:\\\/\\\/znz.hu\\\/en\\\/product\\\/i-scan-handheld-ims-explosives-narcotics-toxics-trace-vapors-detector\\\/#primaryimage\"},\"thumbnailUrl\":\"https:\\\/\\\/znz.hu\\\/wp-content\\\/uploads\\\/2025\\\/01\\\/I-SCAN-portret-1.jpg\",\"datePublished\":\"2025-01-27T14:52:41+00:00\",\"description\":\"I-SCAN Handheld IMS Explosives, Narcotics & Toxics Trace & Vapors Detector\",\"breadcrumb\":{\"@id\":\"https:\\\/\\\/znz.hu\\\/en\\\/product\\\/i-scan-handheld-ims-explosives-narcotics-toxics-trace-vapors-detector\\\/#breadcrumb\"},\"inLanguage\":\"en-US\",\"potentialAction\":[{\"@type\":\"ReadAction\",\"target\":[\"https:\\\/\\\/znz.hu\\\/en\\\/product\\\/i-scan-handheld-ims-explosives-narcotics-toxics-trace-vapors-detector\\\/\"]}]},{\"@type\":\"ImageObject\",\"inLanguage\":\"en-US\",\"@id\":\"https:\\\/\\\/znz.hu\\\/en\\\/product\\\/i-scan-handheld-ims-explosives-narcotics-toxics-trace-vapors-detector\\\/#primaryimage\",\"url\":\"https:\\\/\\\/znz.hu\\\/wp-content\\\/uploads\\\/2025\\\/01\\\/I-SCAN-portret-1.jpg\",\"contentUrl\":\"https:\\\/\\\/znz.hu\\\/wp-content\\\/uploads\\\/2025\\\/01\\\/I-SCAN-portret-1.jpg\",\"width\":398,\"height\":389,\"caption\":\"Scout k\u00e9zi mobiltelefon detektor\"},{\"@type\":\"BreadcrumbList\",\"@id\":\"https:\\\/\\\/znz.hu\\\/en\\\/product\\\/i-scan-handheld-ims-explosives-narcotics-toxics-trace-vapors-detector\\\/#breadcrumb\",\"itemListElement\":[{\"@type\":\"ListItem\",\"position\":1,\"name\":\"Kezd\u0151lap\",\"item\":\"https:\\\/\\\/znz.hu\\\/en\\\/\"},{\"@type\":\"ListItem\",\"position\":2,\"name\":\"\u00dczlet\",\"item\":\"https:\\\/\\\/znz.hu\\\/uzlet\\\/\"},{\"@type\":\"ListItem\",\"position\":3,\"name\":\"I-SCAN Handheld IMS Explosives, Narcotics &#038; Toxics Trace &#038; Vapors Detector\"}]},{\"@type\":\"WebSite\",\"@id\":\"https:\\\/\\\/znz.hu\\\/en\\\/#website\",\"url\":\"https:\\\/\\\/znz.hu\\\/en\\\/\",\"name\":\"ZNZ\",\"description\":\"A vil\u00e1g vezet\u0151 v\u00e9delemtechnol\u00f3giai megold\u00e1sai teljes term\u00e9kt\u00e1mogat\u00e1ssal m\u00e1r 30 \u00e9ve.\",\"potentialAction\":[{\"@type\":\"SearchAction\",\"target\":{\"@type\":\"EntryPoint\",\"urlTemplate\":\"https:\\\/\\\/znz.hu\\\/en\\\/?s={search_term_string}\"},\"query-input\":{\"@type\":\"PropertyValueSpecification\",\"valueRequired\":true,\"valueName\":\"search_term_string\"}}],\"inLanguage\":\"en-US\"}]}<\/script>\n<!-- \/ Yoast SEO plugin. -->","yoast_head_json":{"title":"I-SCAN Handheld IMS Explosives, Narcotics & Toxics Trace & Vapors Detector - ZNZ","description":"I-SCAN Handheld IMS Explosives, Narcotics & Toxics Trace & Vapors Detector","robots":{"index":"index","follow":"follow","max-snippet":"max-snippet:-1","max-image-preview":"max-image-preview:large","max-video-preview":"max-video-preview:-1"},"canonical":"https:\/\/znz.hu\/en\/product\/i-scan-handheld-ims-explosives-narcotics-toxics-trace-vapors-detector\/","og_locale":"en_US","og_type":"article","og_title":"I-SCAN Handheld IMS Explosives, Narcotics & Toxics Trace & Vapors Detector - ZNZ","og_description":"I-SCAN Handheld IMS Explosives, Narcotics & Toxics Trace & Vapors Detector","og_url":"https:\/\/znz.hu\/en\/product\/i-scan-handheld-ims-explosives-narcotics-toxics-trace-vapors-detector\/","og_site_name":"ZNZ","og_image":[{"width":398,"height":389,"url":"https:\/\/znz.hu\/wp-content\/uploads\/2025\/01\/I-SCAN-portret-1.jpg","type":"image\/jpeg"}],"twitter_card":"summary_large_image","twitter_misc":{"Est. reading time":"1 minute"},"schema":{"@context":"https:\/\/schema.org","@graph":[{"@type":"WebPage","@id":"https:\/\/znz.hu\/en\/product\/i-scan-handheld-ims-explosives-narcotics-toxics-trace-vapors-detector\/","url":"https:\/\/znz.hu\/en\/product\/i-scan-handheld-ims-explosives-narcotics-toxics-trace-vapors-detector\/","name":"I-SCAN Handheld IMS Explosives, Narcotics & Toxics Trace & Vapors Detector - ZNZ","isPartOf":{"@id":"https:\/\/znz.hu\/en\/#website"},"primaryImageOfPage":{"@id":"https:\/\/znz.hu\/en\/product\/i-scan-handheld-ims-explosives-narcotics-toxics-trace-vapors-detector\/#primaryimage"},"image":{"@id":"https:\/\/znz.hu\/en\/product\/i-scan-handheld-ims-explosives-narcotics-toxics-trace-vapors-detector\/#primaryimage"},"thumbnailUrl":"https:\/\/znz.hu\/wp-content\/uploads\/2025\/01\/I-SCAN-portret-1.jpg","datePublished":"2025-01-27T14:52:41+00:00","description":"I-SCAN Handheld IMS Explosives, Narcotics & Toxics Trace & Vapors Detector","breadcrumb":{"@id":"https:\/\/znz.hu\/en\/product\/i-scan-handheld-ims-explosives-narcotics-toxics-trace-vapors-detector\/#breadcrumb"},"inLanguage":"en-US","potentialAction":[{"@type":"ReadAction","target":["https:\/\/znz.hu\/en\/product\/i-scan-handheld-ims-explosives-narcotics-toxics-trace-vapors-detector\/"]}]},{"@type":"ImageObject","inLanguage":"en-US","@id":"https:\/\/znz.hu\/en\/product\/i-scan-handheld-ims-explosives-narcotics-toxics-trace-vapors-detector\/#primaryimage","url":"https:\/\/znz.hu\/wp-content\/uploads\/2025\/01\/I-SCAN-portret-1.jpg","contentUrl":"https:\/\/znz.hu\/wp-content\/uploads\/2025\/01\/I-SCAN-portret-1.jpg","width":398,"height":389,"caption":"Scout k\u00e9zi mobiltelefon detektor"},{"@type":"BreadcrumbList","@id":"https:\/\/znz.hu\/en\/product\/i-scan-handheld-ims-explosives-narcotics-toxics-trace-vapors-detector\/#breadcrumb","itemListElement":[{"@type":"ListItem","position":1,"name":"Kezd\u0151lap","item":"https:\/\/znz.hu\/en\/"},{"@type":"ListItem","position":2,"name":"\u00dczlet","item":"https:\/\/znz.hu\/uzlet\/"},{"@type":"ListItem","position":3,"name":"I-SCAN Handheld IMS Explosives, Narcotics &#038; Toxics Trace &#038; Vapors Detector"}]},{"@type":"WebSite","@id":"https:\/\/znz.hu\/en\/#website","url":"https:\/\/znz.hu\/en\/","name":"ZNZ","description":"A vil\u00e1g vezet\u0151 v\u00e9delemtechnol\u00f3giai megold\u00e1sai teljes term\u00e9kt\u00e1mogat\u00e1ssal m\u00e1r 30 \u00e9ve.","potentialAction":[{"@type":"SearchAction","target":{"@type":"EntryPoint","urlTemplate":"https:\/\/znz.hu\/en\/?s={search_term_string}"},"query-input":{"@type":"PropertyValueSpecification","valueRequired":true,"valueName":"search_term_string"}}],"inLanguage":"en-US"}]}},"_links":{"self":[{"href":"https:\/\/znz.hu\/en\/wp-json\/wp\/v2\/product\/26613","targetHints":{"allow":["GET"]}}],"collection":[{"href":"https:\/\/znz.hu\/en\/wp-json\/wp\/v2\/product"}],"about":[{"href":"https:\/\/znz.hu\/en\/wp-json\/wp\/v2\/types\/product"}],"wp:featuredmedia":[{"embeddable":true,"href":"https:\/\/znz.hu\/en\/wp-json\/wp\/v2\/media\/26606"}],"wp:attachment":[{"href":"https:\/\/znz.hu\/en\/wp-json\/wp\/v2\/media?parent=26613"}],"wp:term":[{"taxonomy":"product_brand","embeddable":true,"href":"https:\/\/znz.hu\/en\/wp-json\/wp\/v2\/product_brand?post=26613"},{"taxonomy":"product_cat","embeddable":true,"href":"https:\/\/znz.hu\/en\/wp-json\/wp\/v2\/product_cat?post=26613"},{"taxonomy":"product_tag","embeddable":true,"href":"https:\/\/znz.hu\/en\/wp-json\/wp\/v2\/product_tag?post=26613"}],"curies":[{"name":"wp","href":"https:\/\/api.w.org\/{rel}","templated":true}]}}