{"id":2647,"date":"2015-12-18T15:25:33","date_gmt":"2015-12-18T15:25:33","guid":{"rendered":"https:\/\/dev-z-and-z.pantheonsite.io\/?post_type=product&#038;p=2647"},"modified":"2018-09-19T11:11:54","modified_gmt":"2018-09-19T11:11:54","slug":"pmd3-plus-walk-through-metal-detector","status":"publish","type":"product","link":"https:\/\/znz.hu\/en\/product\/pmd3-plus-walk-through-metal-detector\/","title":{"rendered":"PMD3 Plus Walk-Through Metal Detector"},"content":{"rendered":"<p>&nbsp;<\/p>\n<ul>\n<li>Superior detection and throughput<\/li>\n<li>Compliant with and certified to the applicable standards for enhanced metal detectors<\/li>\n<li>Improved detection, discrimination, spatial resolution and interference immunity<\/li>\n<li>High installation adaptability in all environments<\/li>\n<li>Integrated camera system<\/li>\n<li>New mechanical structure with higher protection degree and easy replacement of internal mechanical and electronic parts<\/li>\n<li>Embedded Radiation Monitor for the detection of radioactive materials (option)<\/li>\n<li>Column and panel versions<\/li>\n<\/ul>\n<p>&nbsp;<\/p>\n<p>The recent introduction of stringent Federal security standards has prompted CEIA to release a series of walkthrough metal detectors expressly designed for high level applications.<br \/>\nThese metal detectors look similar to other models in CEIAs product offering, but feature a combination of advanced target detection and state of the art personal object discrimination.<\/p>\n<p>&nbsp;<\/p>\n","protected":false},"excerpt":{"rendered":"<p>&nbsp; Superior detection and throughput Compliant with and certified to the applicable standards for enhanced metal detectors Improved detection, discrimination, spatial resolution and interference immunity High installation adaptability in all environments Integrated camera system New mechanical structure with higher protection degree and easy replacement of internal mechanical and electronic parts Embedded Radiation Monitor for the [&hellip;]<\/p>\n","protected":false},"featured_media":16790,"template":"","meta":{"_et_pb_use_builder":"","_et_pb_old_content":"","_et_gb_content_width":""},"product_brand":[],"product_cat":[303],"product_tag":[576,549,550],"class_list":{"0":"post-2647","1":"product","2":"type-product","3":"status-publish","4":"has-post-thumbnail","6":"product_cat-walk-through-metal-detectors","7":"product_tag-ceia-en-2","8":"product_tag-infrastruktura-vedelem-en","9":"product_tag-repuloter-en","11":"first","12":"instock","13":"shipping-taxable","14":"product-type-simple"},"yoast_head":"<!-- This site is optimized with the Yoast SEO plugin v27.5 - https:\/\/yoast.com\/product\/yoast-seo-wordpress\/ -->\n<title>PMD3 Plus Walk-Through Metal Detector - ZNZ<\/title>\n<meta name=\"description\" content=\"The recent introduction of stringent Federal security standards has prompted CEIA to release a series of walkthrough metal detectors expressly designed for high level applications.\" \/>\n<meta name=\"robots\" content=\"index, follow, max-snippet:-1, max-image-preview:large, max-video-preview:-1\" \/>\n<link rel=\"canonical\" href=\"https:\/\/znz.hu\/en\/product\/pmd3-plus-walk-through-metal-detector\/\" \/>\n<meta property=\"og:locale\" content=\"en_US\" \/>\n<meta property=\"og:type\" content=\"article\" \/>\n<meta property=\"og:title\" content=\"PMD3 Plus Walk-Through Metal Detector - ZNZ\" \/>\n<meta property=\"og:description\" content=\"The recent introduction of stringent Federal security standards has prompted CEIA to release a series of walkthrough metal detectors expressly designed for high level applications.\" \/>\n<meta property=\"og:url\" content=\"https:\/\/znz.hu\/en\/product\/pmd3-plus-walk-through-metal-detector\/\" \/>\n<meta property=\"og:site_name\" content=\"ZNZ\" \/>\n<meta property=\"article:modified_time\" content=\"2018-09-19T11:11:54+00:00\" \/>\n<meta property=\"og:image\" content=\"https:\/\/znz.hu\/wp-content\/uploads\/2015\/12\/PMD3_Gamma_femkereso_kapu1.jpg\" \/>\n\t<meta property=\"og:image:width\" content=\"500\" \/>\n\t<meta property=\"og:image:height\" content=\"500\" \/>\n\t<meta property=\"og:image:type\" content=\"image\/jpeg\" \/>\n<meta name=\"twitter:card\" content=\"summary_large_image\" \/>\n<meta name=\"twitter:label1\" content=\"Est. reading time\" \/>\n\t<meta name=\"twitter:data1\" content=\"1 minute\" \/>\n<script type=\"application\/ld+json\" class=\"yoast-schema-graph\">{\"@context\":\"https:\\\/\\\/schema.org\",\"@graph\":[{\"@type\":\"WebPage\",\"@id\":\"https:\\\/\\\/znz.hu\\\/en\\\/product\\\/pmd3-plus-walk-through-metal-detector\\\/\",\"url\":\"https:\\\/\\\/znz.hu\\\/en\\\/product\\\/pmd3-plus-walk-through-metal-detector\\\/\",\"name\":\"PMD3 Plus Walk-Through Metal Detector - ZNZ\",\"isPartOf\":{\"@id\":\"https:\\\/\\\/znz.hu\\\/en\\\/#website\"},\"primaryImageOfPage\":{\"@id\":\"https:\\\/\\\/znz.hu\\\/en\\\/product\\\/pmd3-plus-walk-through-metal-detector\\\/#primaryimage\"},\"image\":{\"@id\":\"https:\\\/\\\/znz.hu\\\/en\\\/product\\\/pmd3-plus-walk-through-metal-detector\\\/#primaryimage\"},\"thumbnailUrl\":\"https:\\\/\\\/znz.hu\\\/wp-content\\\/uploads\\\/2015\\\/12\\\/PMD3_Gamma_femkereso_kapu1.jpg\",\"datePublished\":\"2015-12-18T15:25:33+00:00\",\"dateModified\":\"2018-09-19T11:11:54+00:00\",\"description\":\"The recent introduction of stringent Federal security standards has prompted CEIA to release a series of walkthrough metal detectors expressly designed for high level applications.\",\"breadcrumb\":{\"@id\":\"https:\\\/\\\/znz.hu\\\/en\\\/product\\\/pmd3-plus-walk-through-metal-detector\\\/#breadcrumb\"},\"inLanguage\":\"en-US\",\"potentialAction\":[{\"@type\":\"ReadAction\",\"target\":[\"https:\\\/\\\/znz.hu\\\/en\\\/product\\\/pmd3-plus-walk-through-metal-detector\\\/\"]}]},{\"@type\":\"ImageObject\",\"inLanguage\":\"en-US\",\"@id\":\"https:\\\/\\\/znz.hu\\\/en\\\/product\\\/pmd3-plus-walk-through-metal-detector\\\/#primaryimage\",\"url\":\"https:\\\/\\\/znz.hu\\\/wp-content\\\/uploads\\\/2015\\\/12\\\/PMD3_Gamma_femkereso_kapu1.jpg\",\"contentUrl\":\"https:\\\/\\\/znz.hu\\\/wp-content\\\/uploads\\\/2015\\\/12\\\/PMD3_Gamma_femkereso_kapu1.jpg\",\"width\":500,\"height\":500},{\"@type\":\"BreadcrumbList\",\"@id\":\"https:\\\/\\\/znz.hu\\\/en\\\/product\\\/pmd3-plus-walk-through-metal-detector\\\/#breadcrumb\",\"itemListElement\":[{\"@type\":\"ListItem\",\"position\":1,\"name\":\"Kezd\u0151lap\",\"item\":\"https:\\\/\\\/znz.hu\\\/en\\\/\"},{\"@type\":\"ListItem\",\"position\":2,\"name\":\"\u00dczlet\",\"item\":\"https:\\\/\\\/znz.hu\\\/uzlet\\\/\"},{\"@type\":\"ListItem\",\"position\":3,\"name\":\"PMD3 Plus Walk-Through Metal Detector\"}]},{\"@type\":\"WebSite\",\"@id\":\"https:\\\/\\\/znz.hu\\\/en\\\/#website\",\"url\":\"https:\\\/\\\/znz.hu\\\/en\\\/\",\"name\":\"ZNZ\",\"description\":\"A vil\u00e1g vezet\u0151 v\u00e9delemtechnol\u00f3giai megold\u00e1sai teljes term\u00e9kt\u00e1mogat\u00e1ssal m\u00e1r 30 \u00e9ve.\",\"potentialAction\":[{\"@type\":\"SearchAction\",\"target\":{\"@type\":\"EntryPoint\",\"urlTemplate\":\"https:\\\/\\\/znz.hu\\\/en\\\/?s={search_term_string}\"},\"query-input\":{\"@type\":\"PropertyValueSpecification\",\"valueRequired\":true,\"valueName\":\"search_term_string\"}}],\"inLanguage\":\"en-US\"}]}<\/script>\n<!-- \/ Yoast SEO plugin. -->","yoast_head_json":{"title":"PMD3 Plus Walk-Through Metal Detector - ZNZ","description":"The recent introduction of stringent Federal security standards has prompted CEIA to release a series of walkthrough metal detectors expressly designed for high level applications.","robots":{"index":"index","follow":"follow","max-snippet":"max-snippet:-1","max-image-preview":"max-image-preview:large","max-video-preview":"max-video-preview:-1"},"canonical":"https:\/\/znz.hu\/en\/product\/pmd3-plus-walk-through-metal-detector\/","og_locale":"en_US","og_type":"article","og_title":"PMD3 Plus Walk-Through Metal Detector - ZNZ","og_description":"The recent introduction of stringent Federal security standards has prompted CEIA to release a series of walkthrough metal detectors expressly designed for high level applications.","og_url":"https:\/\/znz.hu\/en\/product\/pmd3-plus-walk-through-metal-detector\/","og_site_name":"ZNZ","article_modified_time":"2018-09-19T11:11:54+00:00","og_image":[{"width":500,"height":500,"url":"https:\/\/znz.hu\/wp-content\/uploads\/2015\/12\/PMD3_Gamma_femkereso_kapu1.jpg","type":"image\/jpeg"}],"twitter_card":"summary_large_image","twitter_misc":{"Est. reading time":"1 minute"},"schema":{"@context":"https:\/\/schema.org","@graph":[{"@type":"WebPage","@id":"https:\/\/znz.hu\/en\/product\/pmd3-plus-walk-through-metal-detector\/","url":"https:\/\/znz.hu\/en\/product\/pmd3-plus-walk-through-metal-detector\/","name":"PMD3 Plus Walk-Through Metal Detector - ZNZ","isPartOf":{"@id":"https:\/\/znz.hu\/en\/#website"},"primaryImageOfPage":{"@id":"https:\/\/znz.hu\/en\/product\/pmd3-plus-walk-through-metal-detector\/#primaryimage"},"image":{"@id":"https:\/\/znz.hu\/en\/product\/pmd3-plus-walk-through-metal-detector\/#primaryimage"},"thumbnailUrl":"https:\/\/znz.hu\/wp-content\/uploads\/2015\/12\/PMD3_Gamma_femkereso_kapu1.jpg","datePublished":"2015-12-18T15:25:33+00:00","dateModified":"2018-09-19T11:11:54+00:00","description":"The recent introduction of stringent Federal security standards has prompted CEIA to release a series of walkthrough metal detectors expressly designed for high level applications.","breadcrumb":{"@id":"https:\/\/znz.hu\/en\/product\/pmd3-plus-walk-through-metal-detector\/#breadcrumb"},"inLanguage":"en-US","potentialAction":[{"@type":"ReadAction","target":["https:\/\/znz.hu\/en\/product\/pmd3-plus-walk-through-metal-detector\/"]}]},{"@type":"ImageObject","inLanguage":"en-US","@id":"https:\/\/znz.hu\/en\/product\/pmd3-plus-walk-through-metal-detector\/#primaryimage","url":"https:\/\/znz.hu\/wp-content\/uploads\/2015\/12\/PMD3_Gamma_femkereso_kapu1.jpg","contentUrl":"https:\/\/znz.hu\/wp-content\/uploads\/2015\/12\/PMD3_Gamma_femkereso_kapu1.jpg","width":500,"height":500},{"@type":"BreadcrumbList","@id":"https:\/\/znz.hu\/en\/product\/pmd3-plus-walk-through-metal-detector\/#breadcrumb","itemListElement":[{"@type":"ListItem","position":1,"name":"Kezd\u0151lap","item":"https:\/\/znz.hu\/en\/"},{"@type":"ListItem","position":2,"name":"\u00dczlet","item":"https:\/\/znz.hu\/uzlet\/"},{"@type":"ListItem","position":3,"name":"PMD3 Plus Walk-Through Metal Detector"}]},{"@type":"WebSite","@id":"https:\/\/znz.hu\/en\/#website","url":"https:\/\/znz.hu\/en\/","name":"ZNZ","description":"A vil\u00e1g vezet\u0151 v\u00e9delemtechnol\u00f3giai megold\u00e1sai teljes term\u00e9kt\u00e1mogat\u00e1ssal m\u00e1r 30 \u00e9ve.","potentialAction":[{"@type":"SearchAction","target":{"@type":"EntryPoint","urlTemplate":"https:\/\/znz.hu\/en\/?s={search_term_string}"},"query-input":{"@type":"PropertyValueSpecification","valueRequired":true,"valueName":"search_term_string"}}],"inLanguage":"en-US"}]}},"_links":{"self":[{"href":"https:\/\/znz.hu\/en\/wp-json\/wp\/v2\/product\/2647","targetHints":{"allow":["GET"]}}],"collection":[{"href":"https:\/\/znz.hu\/en\/wp-json\/wp\/v2\/product"}],"about":[{"href":"https:\/\/znz.hu\/en\/wp-json\/wp\/v2\/types\/product"}],"wp:featuredmedia":[{"embeddable":true,"href":"https:\/\/znz.hu\/en\/wp-json\/wp\/v2\/media\/16790"}],"wp:attachment":[{"href":"https:\/\/znz.hu\/en\/wp-json\/wp\/v2\/media?parent=2647"}],"wp:term":[{"taxonomy":"product_brand","embeddable":true,"href":"https:\/\/znz.hu\/en\/wp-json\/wp\/v2\/product_brand?post=2647"},{"taxonomy":"product_cat","embeddable":true,"href":"https:\/\/znz.hu\/en\/wp-json\/wp\/v2\/product_cat?post=2647"},{"taxonomy":"product_tag","embeddable":true,"href":"https:\/\/znz.hu\/en\/wp-json\/wp\/v2\/product_tag?post=2647"}],"curies":[{"name":"wp","href":"https:\/\/api.w.org\/{rel}","templated":true}]}}