{"id":2637,"date":"2017-09-14T07:58:34","date_gmt":"2018-08-24T12:00:50","guid":{"rendered":"https:\/\/dev-z-and-z.pantheonsite.io\/?post_type=product&#038;p=2637"},"modified":"2018-08-24T12:01:56","modified_gmt":"2018-08-24T12:01:56","slug":"easyroller","status":"publish","type":"product","link":"https:\/\/znz.hu\/en\/product\/easyroller\/","title":{"rendered":"EasyRoller"},"content":{"rendered":"<p>EasyRoller is a manual wheelchair made from 100 % environment friendly thermoplastics. The EasyRoller is especially designed as a MR SAFE transport device for hospitals &amp; institutions.<\/p>\n<ul>\n<li>EasyRoller Hospital &amp; Institution, is a MR SAFE \u2013 manual transport device. It is made from 100 % thermoplastics, which are environmental friendly and fully recyclable. The<\/li>\n<li>EasyRoller is designed for use at hospitals and institutions.<\/li>\n<li>In swimming pool and SPA the chair will not be ruined by chlorinated water and humid air<\/li>\n<li>At the airport and other security points the wheelchair user can pass the security control without activating the metal detector.<\/li>\n<\/ul>\n<p>&nbsp;<\/p>\n","protected":false},"excerpt":{"rendered":"<p>EasyRoller is a manual wheelchair made from 100 % environment friendly thermoplastics. The EasyRoller is especially designed as a MR SAFE transport device for hospitals &amp; institutions. EasyRoller Hospital &amp; Institution, is a MR SAFE \u2013 manual transport device. It is made from 100 % thermoplastics, which are environmental friendly and fully recyclable. The EasyRoller [&hellip;]<\/p>\n","protected":false},"featured_media":16955,"template":"","meta":{"_et_pb_use_builder":"","_et_pb_old_content":"","_et_gb_content_width":""},"product_brand":[],"product_cat":[305,227,584],"product_tag":[576,549,550],"class_list":{"0":"post-2637","1":"product","2":"type-product","3":"status-publish","4":"has-post-thumbnail","6":"product_cat-add-ons-for-walk-through-metal-detectors","7":"product_cat-checkpoint-solutions","8":"product_cat-mri-safety","9":"product_tag-ceia-en-2","10":"product_tag-infrastruktura-vedelem-en","11":"product_tag-repuloter-en","13":"first","14":"instock","15":"shipping-taxable","16":"product-type-simple"},"yoast_head":"<!-- This site is optimized with the Yoast SEO plugin v27.5 - https:\/\/yoast.com\/product\/yoast-seo-wordpress\/ -->\n<title>EasyRoller - ZNZ<\/title>\n<meta name=\"robots\" content=\"index, follow, max-snippet:-1, max-image-preview:large, max-video-preview:-1\" \/>\n<link rel=\"canonical\" href=\"https:\/\/znz.hu\/en\/product\/easyroller\/\" \/>\n<meta property=\"og:locale\" content=\"en_US\" \/>\n<meta property=\"og:type\" content=\"article\" \/>\n<meta property=\"og:title\" content=\"EasyRoller - ZNZ\" \/>\n<meta property=\"og:description\" content=\"EasyRoller is a manual wheelchair made from 100 % environment friendly thermoplastics. The EasyRoller is especially designed as a MR SAFE transport device for hospitals &amp; institutions. EasyRoller Hospital &amp; Institution, is a MR SAFE \u2013 manual transport device. It is made from 100 % thermoplastics, which are environmental friendly and fully recyclable. The EasyRoller [&hellip;]\" \/>\n<meta property=\"og:url\" content=\"https:\/\/znz.hu\/en\/product\/easyroller\/\" \/>\n<meta property=\"og:site_name\" content=\"ZNZ\" \/>\n<meta property=\"article:modified_time\" content=\"2018-08-24T12:01:56+00:00\" \/>\n<meta property=\"og:image\" content=\"https:\/\/znz.hu\/wp-content\/uploads\/2017\/09\/EasyRoller_200.jpg\" \/>\n\t<meta property=\"og:image:width\" content=\"811\" \/>\n\t<meta property=\"og:image:height\" content=\"811\" \/>\n\t<meta property=\"og:image:type\" content=\"image\/jpeg\" \/>\n<meta name=\"twitter:card\" content=\"summary_large_image\" \/>\n<script type=\"application\/ld+json\" class=\"yoast-schema-graph\">{\"@context\":\"https:\\\/\\\/schema.org\",\"@graph\":[{\"@type\":\"WebPage\",\"@id\":\"https:\\\/\\\/znz.hu\\\/en\\\/product\\\/easyroller\\\/\",\"url\":\"https:\\\/\\\/znz.hu\\\/en\\\/product\\\/easyroller\\\/\",\"name\":\"EasyRoller - ZNZ\",\"isPartOf\":{\"@id\":\"https:\\\/\\\/znz.hu\\\/en\\\/#website\"},\"primaryImageOfPage\":{\"@id\":\"https:\\\/\\\/znz.hu\\\/en\\\/product\\\/easyroller\\\/#primaryimage\"},\"image\":{\"@id\":\"https:\\\/\\\/znz.hu\\\/en\\\/product\\\/easyroller\\\/#primaryimage\"},\"thumbnailUrl\":\"https:\\\/\\\/znz.hu\\\/wp-content\\\/uploads\\\/2017\\\/09\\\/EasyRoller_200.jpg\",\"datePublished\":\"2018-08-24T12:00:50+00:00\",\"dateModified\":\"2018-08-24T12:01:56+00:00\",\"breadcrumb\":{\"@id\":\"https:\\\/\\\/znz.hu\\\/en\\\/product\\\/easyroller\\\/#breadcrumb\"},\"inLanguage\":\"en-US\",\"potentialAction\":[{\"@type\":\"ReadAction\",\"target\":[\"https:\\\/\\\/znz.hu\\\/en\\\/product\\\/easyroller\\\/\"]}]},{\"@type\":\"ImageObject\",\"inLanguage\":\"en-US\",\"@id\":\"https:\\\/\\\/znz.hu\\\/en\\\/product\\\/easyroller\\\/#primaryimage\",\"url\":\"https:\\\/\\\/znz.hu\\\/wp-content\\\/uploads\\\/2017\\\/09\\\/EasyRoller_200.jpg\",\"contentUrl\":\"https:\\\/\\\/znz.hu\\\/wp-content\\\/uploads\\\/2017\\\/09\\\/EasyRoller_200.jpg\",\"width\":811,\"height\":811,\"caption\":\"Easyroller f\u00e9mmentes kerekessz\u00e9k\"},{\"@type\":\"BreadcrumbList\",\"@id\":\"https:\\\/\\\/znz.hu\\\/en\\\/product\\\/easyroller\\\/#breadcrumb\",\"itemListElement\":[{\"@type\":\"ListItem\",\"position\":1,\"name\":\"Kezd\u0151lap\",\"item\":\"https:\\\/\\\/znz.hu\\\/en\\\/\"},{\"@type\":\"ListItem\",\"position\":2,\"name\":\"\u00dczlet\",\"item\":\"https:\\\/\\\/znz.hu\\\/uzlet\\\/\"},{\"@type\":\"ListItem\",\"position\":3,\"name\":\"EasyRoller\"}]},{\"@type\":\"WebSite\",\"@id\":\"https:\\\/\\\/znz.hu\\\/en\\\/#website\",\"url\":\"https:\\\/\\\/znz.hu\\\/en\\\/\",\"name\":\"ZNZ\",\"description\":\"A vil\u00e1g vezet\u0151 v\u00e9delemtechnol\u00f3giai megold\u00e1sai teljes term\u00e9kt\u00e1mogat\u00e1ssal m\u00e1r 30 \u00e9ve.\",\"potentialAction\":[{\"@type\":\"SearchAction\",\"target\":{\"@type\":\"EntryPoint\",\"urlTemplate\":\"https:\\\/\\\/znz.hu\\\/en\\\/?s={search_term_string}\"},\"query-input\":{\"@type\":\"PropertyValueSpecification\",\"valueRequired\":true,\"valueName\":\"search_term_string\"}}],\"inLanguage\":\"en-US\"}]}<\/script>\n<!-- \/ Yoast SEO plugin. -->","yoast_head_json":{"title":"EasyRoller - ZNZ","robots":{"index":"index","follow":"follow","max-snippet":"max-snippet:-1","max-image-preview":"max-image-preview:large","max-video-preview":"max-video-preview:-1"},"canonical":"https:\/\/znz.hu\/en\/product\/easyroller\/","og_locale":"en_US","og_type":"article","og_title":"EasyRoller - ZNZ","og_description":"EasyRoller is a manual wheelchair made from 100 % environment friendly thermoplastics. The EasyRoller is especially designed as a MR SAFE transport device for hospitals &amp; institutions. EasyRoller Hospital &amp; Institution, is a MR SAFE \u2013 manual transport device. It is made from 100 % thermoplastics, which are environmental friendly and fully recyclable. The EasyRoller [&hellip;]","og_url":"https:\/\/znz.hu\/en\/product\/easyroller\/","og_site_name":"ZNZ","article_modified_time":"2018-08-24T12:01:56+00:00","og_image":[{"width":811,"height":811,"url":"https:\/\/znz.hu\/wp-content\/uploads\/2017\/09\/EasyRoller_200.jpg","type":"image\/jpeg"}],"twitter_card":"summary_large_image","schema":{"@context":"https:\/\/schema.org","@graph":[{"@type":"WebPage","@id":"https:\/\/znz.hu\/en\/product\/easyroller\/","url":"https:\/\/znz.hu\/en\/product\/easyroller\/","name":"EasyRoller - ZNZ","isPartOf":{"@id":"https:\/\/znz.hu\/en\/#website"},"primaryImageOfPage":{"@id":"https:\/\/znz.hu\/en\/product\/easyroller\/#primaryimage"},"image":{"@id":"https:\/\/znz.hu\/en\/product\/easyroller\/#primaryimage"},"thumbnailUrl":"https:\/\/znz.hu\/wp-content\/uploads\/2017\/09\/EasyRoller_200.jpg","datePublished":"2018-08-24T12:00:50+00:00","dateModified":"2018-08-24T12:01:56+00:00","breadcrumb":{"@id":"https:\/\/znz.hu\/en\/product\/easyroller\/#breadcrumb"},"inLanguage":"en-US","potentialAction":[{"@type":"ReadAction","target":["https:\/\/znz.hu\/en\/product\/easyroller\/"]}]},{"@type":"ImageObject","inLanguage":"en-US","@id":"https:\/\/znz.hu\/en\/product\/easyroller\/#primaryimage","url":"https:\/\/znz.hu\/wp-content\/uploads\/2017\/09\/EasyRoller_200.jpg","contentUrl":"https:\/\/znz.hu\/wp-content\/uploads\/2017\/09\/EasyRoller_200.jpg","width":811,"height":811,"caption":"Easyroller f\u00e9mmentes kerekessz\u00e9k"},{"@type":"BreadcrumbList","@id":"https:\/\/znz.hu\/en\/product\/easyroller\/#breadcrumb","itemListElement":[{"@type":"ListItem","position":1,"name":"Kezd\u0151lap","item":"https:\/\/znz.hu\/en\/"},{"@type":"ListItem","position":2,"name":"\u00dczlet","item":"https:\/\/znz.hu\/uzlet\/"},{"@type":"ListItem","position":3,"name":"EasyRoller"}]},{"@type":"WebSite","@id":"https:\/\/znz.hu\/en\/#website","url":"https:\/\/znz.hu\/en\/","name":"ZNZ","description":"A vil\u00e1g vezet\u0151 v\u00e9delemtechnol\u00f3giai megold\u00e1sai teljes term\u00e9kt\u00e1mogat\u00e1ssal m\u00e1r 30 \u00e9ve.","potentialAction":[{"@type":"SearchAction","target":{"@type":"EntryPoint","urlTemplate":"https:\/\/znz.hu\/en\/?s={search_term_string}"},"query-input":{"@type":"PropertyValueSpecification","valueRequired":true,"valueName":"search_term_string"}}],"inLanguage":"en-US"}]}},"_links":{"self":[{"href":"https:\/\/znz.hu\/en\/wp-json\/wp\/v2\/product\/2637","targetHints":{"allow":["GET"]}}],"collection":[{"href":"https:\/\/znz.hu\/en\/wp-json\/wp\/v2\/product"}],"about":[{"href":"https:\/\/znz.hu\/en\/wp-json\/wp\/v2\/types\/product"}],"wp:featuredmedia":[{"embeddable":true,"href":"https:\/\/znz.hu\/en\/wp-json\/wp\/v2\/media\/16955"}],"wp:attachment":[{"href":"https:\/\/znz.hu\/en\/wp-json\/wp\/v2\/media?parent=2637"}],"wp:term":[{"taxonomy":"product_brand","embeddable":true,"href":"https:\/\/znz.hu\/en\/wp-json\/wp\/v2\/product_brand?post=2637"},{"taxonomy":"product_cat","embeddable":true,"href":"https:\/\/znz.hu\/en\/wp-json\/wp\/v2\/product_cat?post=2637"},{"taxonomy":"product_tag","embeddable":true,"href":"https:\/\/znz.hu\/en\/wp-json\/wp\/v2\/product_tag?post=2637"}],"curies":[{"name":"wp","href":"https:\/\/api.w.org\/{rel}","templated":true}]}}