{"id":2636,"date":"2018-08-24T11:46:22","date_gmt":"2018-08-24T11:46:22","guid":{"rendered":"https:\/\/dev-z-and-z.pantheonsite.io\/?post_type=product&#038;p=2636"},"modified":"2018-08-24T11:46:42","modified_gmt":"2018-08-24T11:46:42","slug":"mdar","status":"publish","type":"product","link":"https:\/\/znz.hu\/en\/product\/mdar\/","title":{"rendered":"MDAR"},"content":{"rendered":"<p>&nbsp;<\/p>\n<ul>\n<li>Centralized checkpoint monitoring and recording of all transits<\/li>\n<li>Real time management of multiple Metal Detectors with built-in camera<\/li>\n<li>Automatic review of the last transit with alarm, including source and strength details<\/li>\n<li>Automatic statistical reporting of all transits and alarms<\/li>\n<li>Simple installation and configuration<\/li>\n<li>Scalable to any application<\/li>\n<\/ul>\n<p>&nbsp;<\/p>\n<p>Video Recorder and Instant Alarm Player for Networked Metal Detectors<\/p>\n<p>&nbsp;<\/p>\n<p><strong>Software features<\/strong><\/p>\n<ul>\n<li>Wide capability of data storage depending on hard drive size<\/li>\n<li>Videos include time\/date stamp, alarm, and metal mass indication<\/li>\n<li>Filters video results by alarm, date, time, and by metal detector<\/li>\n<li>Exports full video or still images of any frame<\/li>\n<li>Compatible with Microsoft, Apple, and Linux operating systems<\/li>\n<\/ul>\n<p>&nbsp;<\/p>\n<p><strong>Hardware Setup<\/strong><\/p>\n<ul>\n<li>Compatible with CEIA Metal Detectors equipped with the camera option<\/li>\n<li>Connects up to 64 Metal Detectors on a single workstation<\/li>\n<li>Uses existing Ethernet network<\/li>\n<\/ul>\n<p>&nbsp;<\/p>\n","protected":false},"excerpt":{"rendered":"<p>&nbsp; Centralized checkpoint monitoring and recording of all transits Real time management of multiple Metal Detectors with built-in camera Automatic review of the last transit with alarm, including source and strength details Automatic statistical reporting of all transits and alarms Simple installation and configuration Scalable to any application &nbsp; Video Recorder and Instant Alarm Player [&hellip;]<\/p>\n","protected":false},"featured_media":997,"template":"","meta":{"_et_pb_use_builder":"","_et_pb_old_content":"","_et_gb_content_width":""},"product_brand":[],"product_cat":[305],"product_tag":[252,293,310,312],"class_list":{"0":"post-2636","1":"product","2":"type-product","3":"status-publish","4":"has-post-thumbnail","6":"product_cat-add-ons-for-walk-through-metal-detectors","7":"product_tag-building-security","8":"product_tag-ceia-en","9":"product_tag-metal-detector","10":"product_tag-people-screening","12":"first","13":"instock","14":"shipping-taxable","15":"product-type-simple"},"yoast_head":"<!-- This site is optimized with the Yoast SEO plugin v27.5 - https:\/\/yoast.com\/product\/yoast-seo-wordpress\/ -->\n<title>MDAR - ZNZ<\/title>\n<meta name=\"description\" content=\"Video Recorder and Instant Alarm Player for Networked Walk-Through Metal Detectors\" \/>\n<meta name=\"robots\" content=\"index, follow, max-snippet:-1, max-image-preview:large, max-video-preview:-1\" \/>\n<link rel=\"canonical\" href=\"https:\/\/znz.hu\/en\/product\/mdar\/\" \/>\n<meta property=\"og:locale\" content=\"en_US\" \/>\n<meta property=\"og:type\" content=\"article\" \/>\n<meta property=\"og:title\" content=\"MDAR - ZNZ\" \/>\n<meta property=\"og:description\" content=\"Video Recorder and Instant Alarm Player for Networked Walk-Through Metal Detectors\" \/>\n<meta property=\"og:url\" content=\"https:\/\/znz.hu\/en\/product\/mdar\/\" \/>\n<meta property=\"og:site_name\" content=\"ZNZ\" \/>\n<meta property=\"article:modified_time\" content=\"2018-08-24T11:46:42+00:00\" \/>\n<meta property=\"og:image\" content=\"https:\/\/znz.hu\/wp-content\/uploads\/2015\/12\/MDAR_femkereso_kapu.jpg\" \/>\n\t<meta property=\"og:image:width\" content=\"500\" \/>\n\t<meta property=\"og:image:height\" content=\"500\" \/>\n\t<meta property=\"og:image:type\" content=\"image\/jpeg\" \/>\n<meta name=\"twitter:card\" content=\"summary_large_image\" \/>\n<meta name=\"twitter:label1\" content=\"Est. reading time\" \/>\n\t<meta name=\"twitter:data1\" content=\"1 minute\" \/>\n<script type=\"application\/ld+json\" class=\"yoast-schema-graph\">{\"@context\":\"https:\\\/\\\/schema.org\",\"@graph\":[{\"@type\":\"WebPage\",\"@id\":\"https:\\\/\\\/znz.hu\\\/en\\\/product\\\/mdar\\\/\",\"url\":\"https:\\\/\\\/znz.hu\\\/en\\\/product\\\/mdar\\\/\",\"name\":\"MDAR - ZNZ\",\"isPartOf\":{\"@id\":\"https:\\\/\\\/znz.hu\\\/en\\\/#website\"},\"primaryImageOfPage\":{\"@id\":\"https:\\\/\\\/znz.hu\\\/en\\\/product\\\/mdar\\\/#primaryimage\"},\"image\":{\"@id\":\"https:\\\/\\\/znz.hu\\\/en\\\/product\\\/mdar\\\/#primaryimage\"},\"thumbnailUrl\":\"https:\\\/\\\/znz.hu\\\/wp-content\\\/uploads\\\/2015\\\/12\\\/MDAR_femkereso_kapu.jpg\",\"datePublished\":\"2018-08-24T11:46:22+00:00\",\"dateModified\":\"2018-08-24T11:46:42+00:00\",\"description\":\"Video Recorder and Instant Alarm Player for Networked Walk-Through Metal Detectors\",\"breadcrumb\":{\"@id\":\"https:\\\/\\\/znz.hu\\\/en\\\/product\\\/mdar\\\/#breadcrumb\"},\"inLanguage\":\"en-US\",\"potentialAction\":[{\"@type\":\"ReadAction\",\"target\":[\"https:\\\/\\\/znz.hu\\\/en\\\/product\\\/mdar\\\/\"]}]},{\"@type\":\"ImageObject\",\"inLanguage\":\"en-US\",\"@id\":\"https:\\\/\\\/znz.hu\\\/en\\\/product\\\/mdar\\\/#primaryimage\",\"url\":\"https:\\\/\\\/znz.hu\\\/wp-content\\\/uploads\\\/2015\\\/12\\\/MDAR_femkereso_kapu.jpg\",\"contentUrl\":\"https:\\\/\\\/znz.hu\\\/wp-content\\\/uploads\\\/2015\\\/12\\\/MDAR_femkereso_kapu.jpg\",\"width\":500,\"height\":500,\"caption\":\"MDAR f\u00e9mkeres\u0151 kapu kieg\u00e9sz\u00edt\u0151\"},{\"@type\":\"BreadcrumbList\",\"@id\":\"https:\\\/\\\/znz.hu\\\/en\\\/product\\\/mdar\\\/#breadcrumb\",\"itemListElement\":[{\"@type\":\"ListItem\",\"position\":1,\"name\":\"Kezd\u0151lap\",\"item\":\"https:\\\/\\\/znz.hu\\\/en\\\/\"},{\"@type\":\"ListItem\",\"position\":2,\"name\":\"\u00dczlet\",\"item\":\"https:\\\/\\\/znz.hu\\\/uzlet\\\/\"},{\"@type\":\"ListItem\",\"position\":3,\"name\":\"MDAR\"}]},{\"@type\":\"WebSite\",\"@id\":\"https:\\\/\\\/znz.hu\\\/en\\\/#website\",\"url\":\"https:\\\/\\\/znz.hu\\\/en\\\/\",\"name\":\"ZNZ\",\"description\":\"A vil\u00e1g vezet\u0151 v\u00e9delemtechnol\u00f3giai megold\u00e1sai teljes term\u00e9kt\u00e1mogat\u00e1ssal m\u00e1r 30 \u00e9ve.\",\"potentialAction\":[{\"@type\":\"SearchAction\",\"target\":{\"@type\":\"EntryPoint\",\"urlTemplate\":\"https:\\\/\\\/znz.hu\\\/en\\\/?s={search_term_string}\"},\"query-input\":{\"@type\":\"PropertyValueSpecification\",\"valueRequired\":true,\"valueName\":\"search_term_string\"}}],\"inLanguage\":\"en-US\"}]}<\/script>\n<!-- \/ Yoast SEO plugin. -->","yoast_head_json":{"title":"MDAR - ZNZ","description":"Video Recorder and Instant Alarm Player for Networked Walk-Through Metal Detectors","robots":{"index":"index","follow":"follow","max-snippet":"max-snippet:-1","max-image-preview":"max-image-preview:large","max-video-preview":"max-video-preview:-1"},"canonical":"https:\/\/znz.hu\/en\/product\/mdar\/","og_locale":"en_US","og_type":"article","og_title":"MDAR - ZNZ","og_description":"Video Recorder and Instant Alarm Player for Networked Walk-Through Metal Detectors","og_url":"https:\/\/znz.hu\/en\/product\/mdar\/","og_site_name":"ZNZ","article_modified_time":"2018-08-24T11:46:42+00:00","og_image":[{"width":500,"height":500,"url":"https:\/\/znz.hu\/wp-content\/uploads\/2015\/12\/MDAR_femkereso_kapu.jpg","type":"image\/jpeg"}],"twitter_card":"summary_large_image","twitter_misc":{"Est. reading time":"1 minute"},"schema":{"@context":"https:\/\/schema.org","@graph":[{"@type":"WebPage","@id":"https:\/\/znz.hu\/en\/product\/mdar\/","url":"https:\/\/znz.hu\/en\/product\/mdar\/","name":"MDAR - ZNZ","isPartOf":{"@id":"https:\/\/znz.hu\/en\/#website"},"primaryImageOfPage":{"@id":"https:\/\/znz.hu\/en\/product\/mdar\/#primaryimage"},"image":{"@id":"https:\/\/znz.hu\/en\/product\/mdar\/#primaryimage"},"thumbnailUrl":"https:\/\/znz.hu\/wp-content\/uploads\/2015\/12\/MDAR_femkereso_kapu.jpg","datePublished":"2018-08-24T11:46:22+00:00","dateModified":"2018-08-24T11:46:42+00:00","description":"Video Recorder and Instant Alarm Player for Networked Walk-Through Metal Detectors","breadcrumb":{"@id":"https:\/\/znz.hu\/en\/product\/mdar\/#breadcrumb"},"inLanguage":"en-US","potentialAction":[{"@type":"ReadAction","target":["https:\/\/znz.hu\/en\/product\/mdar\/"]}]},{"@type":"ImageObject","inLanguage":"en-US","@id":"https:\/\/znz.hu\/en\/product\/mdar\/#primaryimage","url":"https:\/\/znz.hu\/wp-content\/uploads\/2015\/12\/MDAR_femkereso_kapu.jpg","contentUrl":"https:\/\/znz.hu\/wp-content\/uploads\/2015\/12\/MDAR_femkereso_kapu.jpg","width":500,"height":500,"caption":"MDAR f\u00e9mkeres\u0151 kapu kieg\u00e9sz\u00edt\u0151"},{"@type":"BreadcrumbList","@id":"https:\/\/znz.hu\/en\/product\/mdar\/#breadcrumb","itemListElement":[{"@type":"ListItem","position":1,"name":"Kezd\u0151lap","item":"https:\/\/znz.hu\/en\/"},{"@type":"ListItem","position":2,"name":"\u00dczlet","item":"https:\/\/znz.hu\/uzlet\/"},{"@type":"ListItem","position":3,"name":"MDAR"}]},{"@type":"WebSite","@id":"https:\/\/znz.hu\/en\/#website","url":"https:\/\/znz.hu\/en\/","name":"ZNZ","description":"A vil\u00e1g vezet\u0151 v\u00e9delemtechnol\u00f3giai megold\u00e1sai teljes term\u00e9kt\u00e1mogat\u00e1ssal m\u00e1r 30 \u00e9ve.","potentialAction":[{"@type":"SearchAction","target":{"@type":"EntryPoint","urlTemplate":"https:\/\/znz.hu\/en\/?s={search_term_string}"},"query-input":{"@type":"PropertyValueSpecification","valueRequired":true,"valueName":"search_term_string"}}],"inLanguage":"en-US"}]}},"_links":{"self":[{"href":"https:\/\/znz.hu\/en\/wp-json\/wp\/v2\/product\/2636","targetHints":{"allow":["GET"]}}],"collection":[{"href":"https:\/\/znz.hu\/en\/wp-json\/wp\/v2\/product"}],"about":[{"href":"https:\/\/znz.hu\/en\/wp-json\/wp\/v2\/types\/product"}],"wp:featuredmedia":[{"embeddable":true,"href":"https:\/\/znz.hu\/en\/wp-json\/wp\/v2\/media\/997"}],"wp:attachment":[{"href":"https:\/\/znz.hu\/en\/wp-json\/wp\/v2\/media?parent=2636"}],"wp:term":[{"taxonomy":"product_brand","embeddable":true,"href":"https:\/\/znz.hu\/en\/wp-json\/wp\/v2\/product_brand?post=2636"},{"taxonomy":"product_cat","embeddable":true,"href":"https:\/\/znz.hu\/en\/wp-json\/wp\/v2\/product_cat?post=2636"},{"taxonomy":"product_tag","embeddable":true,"href":"https:\/\/znz.hu\/en\/wp-json\/wp\/v2\/product_tag?post=2636"}],"curies":[{"name":"wp","href":"https:\/\/api.w.org\/{rel}","templated":true}]}}