{"id":2633,"date":"2015-12-18T15:35:37","date_gmt":"2018-08-24T11:28:52","guid":{"rendered":"https:\/\/dev-z-and-z.pantheonsite.io\/?post_type=product&#038;p=2633"},"modified":"2024-07-04T12:03:55","modified_gmt":"2024-07-04T10:03:55","slug":"pd240cb-hand-held-metal-detector","status":"publish","type":"product","link":"https:\/\/znz.hu\/en\/product\/pd240cb-hand-held-metal-detector\/","title":{"rendered":"PD240CB Hand Held Metal Detector"},"content":{"rendered":"<p>The PD240CB Hand Held Metal Detector combines high reliability and ergonomics with advanced detection and operator signalling features. Long detection range for weapons and minimum metal targets, effective sensitivity to all alloys, exceeds the latest Security Standards and has high immunity to external metal masses.<\/p>\n<p><strong>Advantages &amp; Benefits<\/strong><\/p>\n<ul>\n<li>Programmable Sensitivity<\/li>\n<li>Long Detection Range<\/li>\n<li>Extended Continuous Operation Time<\/li>\n<li>Automatic Low Power Mode during Screening Pauses<\/li>\n<li>Embedded Long Life Rechargeable Batteries are renewable energy and eliminate the Operation Cost of Alkaline Batteries<\/li>\n<li>Embedded Fast and Reliable Battery Charger: no need for removal of batteries<\/li>\n<li>Dedicated Docking Station acts as Table Stand and Mains connection for Battery Charge<\/li>\n<li>Operator Functions can be standard or customized by the user through PC GUI and USB connection<\/li>\n<\/ul>\n<p><strong>Elegant, robust and ergonomic<\/strong><br \/>\nThe PD240CB features a special ergonomic design consisting of an off set hand grip which ensures that the operator\u2019s hand does not interfere with the sensitive detection area. Special care has gone into the mechanical design of the detector.<br \/>\nAbsence of sharp edges or corners allows the detector to be passed smoothly over the inspected area without getting caught in buttons, buckles, folds or other parts of clothing.<\/p>\n<p><strong>Advanced control panel<\/strong><br \/>\nThe control panel with buttons and warning lights is made from high-thickness silicon guaranteeing a high degree of protection to make the PD240CB suitable for indoor and outdoor use.<\/p>\n<p><strong>NIJ Standard 0602.02 compliant<\/strong><br \/>\nThe technical features of the detector comply with the NIJ standard 0602.02 and the new NIJ draft standard 0602.03. The PD240CB has uniform sensitivity to magnetic and nonmagnetic targets including those made of stainless steel. At the same time the detector offers excellent body-effect compensation and has high immunity to external disturbance from electromagnetic and mechanical sources.<\/p>\n<p><strong>Full digital design<\/strong><br \/>\nThe PD240CB is fully digital. Electronic functions include an inspection field transmitter-receiver based on Digital Signal Processing (DSP) technology, a digital operator interface and external communications over the incorporated USB port.<\/p>\n<p><strong>Extended continuous operation time<\/strong><br \/>\nThe PD240CB is powered by two AA-size NiMH batteries with a battery life of over 50 hours. A Low Power Mode is automatically activated during periods of inactivity, extending the battery life up to 100 hours. An internal circuit optimizes battery recharging which takes less than five hours.<\/p>\n<p><strong>Sophisticated communication capabilities<\/strong><br \/>\nThe digital design of the new metal detector also enables the maximum flexibility in selecting how detection alarms are signalled. Users can keep the factory settings or connect the detector over its USB to a PC and then personalize the settings with a dedicated graphic interface.<\/p>\n","protected":false},"excerpt":{"rendered":"<p>The PD240CB Hand Held Metal Detector combines high reliability and ergonomics with advanced detection and operator signalling features. Long detection range for weapons and minimum metal targets, effective sensitivity to all alloys, exceeds the latest Security Standards and has high immunity to external metal masses. Advantages &amp; Benefits Programmable Sensitivity Long Detection Range Extended Continuous [&hellip;]<\/p>\n","protected":false},"featured_media":16797,"template":"","meta":{"_et_pb_use_builder":"","_et_pb_old_content":"","_et_gb_content_width":""},"product_brand":[],"product_cat":[301],"product_tag":[576,549,550],"class_list":{"0":"post-2633","1":"product","2":"type-product","3":"status-publish","4":"has-post-thumbnail","6":"product_cat-hand-held-metal-detectors","7":"product_tag-ceia-en-2","8":"product_tag-infrastruktura-vedelem-en","9":"product_tag-repuloter-en","11":"first","12":"instock","13":"shipping-taxable","14":"product-type-simple"},"yoast_head":"<!-- This site is optimized with the Yoast SEO plugin v27.5 - https:\/\/yoast.com\/product\/yoast-seo-wordpress\/ -->\n<title>PD240CB Hand Held Metal Detector - ZNZ<\/title>\n<meta name=\"description\" content=\"The PD240CB is a Hand Held Metal Detector has long detection range for weapons and minimum metal targets, effective sensitivity to all alloys.\" \/>\n<meta name=\"robots\" content=\"index, follow, max-snippet:-1, max-image-preview:large, max-video-preview:-1\" \/>\n<link rel=\"canonical\" href=\"https:\/\/znz.hu\/en\/product\/pd240cb-hand-held-metal-detector\/\" \/>\n<meta property=\"og:locale\" content=\"en_US\" \/>\n<meta property=\"og:type\" content=\"article\" \/>\n<meta property=\"og:title\" content=\"PD240CB Hand Held Metal Detector - ZNZ\" \/>\n<meta property=\"og:description\" content=\"The PD240CB is a Hand Held Metal Detector has long detection range for weapons and minimum metal targets, effective sensitivity to all alloys.\" \/>\n<meta property=\"og:url\" content=\"https:\/\/znz.hu\/en\/product\/pd240cb-hand-held-metal-detector\/\" \/>\n<meta property=\"og:site_name\" content=\"ZNZ\" \/>\n<meta property=\"article:modified_time\" content=\"2024-07-04T10:03:55+00:00\" \/>\n<meta property=\"og:image\" content=\"https:\/\/znz.hu\/wp-content\/uploads\/2015\/12\/PD240C_kezi_femkereso1.jpg\" \/>\n\t<meta property=\"og:image:width\" content=\"500\" \/>\n\t<meta property=\"og:image:height\" content=\"500\" \/>\n\t<meta property=\"og:image:type\" content=\"image\/jpeg\" \/>\n<meta name=\"twitter:card\" content=\"summary_large_image\" \/>\n<meta name=\"twitter:label1\" content=\"Est. reading time\" \/>\n\t<meta name=\"twitter:data1\" content=\"3 minutes\" \/>\n<script type=\"application\/ld+json\" class=\"yoast-schema-graph\">{\"@context\":\"https:\\\/\\\/schema.org\",\"@graph\":[{\"@type\":\"WebPage\",\"@id\":\"https:\\\/\\\/znz.hu\\\/en\\\/product\\\/pd240cb-hand-held-metal-detector\\\/\",\"url\":\"https:\\\/\\\/znz.hu\\\/en\\\/product\\\/pd240cb-hand-held-metal-detector\\\/\",\"name\":\"PD240CB Hand Held Metal Detector - ZNZ\",\"isPartOf\":{\"@id\":\"https:\\\/\\\/znz.hu\\\/en\\\/#website\"},\"primaryImageOfPage\":{\"@id\":\"https:\\\/\\\/znz.hu\\\/en\\\/product\\\/pd240cb-hand-held-metal-detector\\\/#primaryimage\"},\"image\":{\"@id\":\"https:\\\/\\\/znz.hu\\\/en\\\/product\\\/pd240cb-hand-held-metal-detector\\\/#primaryimage\"},\"thumbnailUrl\":\"https:\\\/\\\/znz.hu\\\/wp-content\\\/uploads\\\/2015\\\/12\\\/PD240C_kezi_femkereso1.jpg\",\"datePublished\":\"2018-08-24T11:28:52+00:00\",\"dateModified\":\"2024-07-04T10:03:55+00:00\",\"description\":\"The PD240CB is a Hand Held Metal Detector has long detection range for weapons and minimum metal targets, effective sensitivity to all alloys.\",\"breadcrumb\":{\"@id\":\"https:\\\/\\\/znz.hu\\\/en\\\/product\\\/pd240cb-hand-held-metal-detector\\\/#breadcrumb\"},\"inLanguage\":\"en-US\",\"potentialAction\":[{\"@type\":\"ReadAction\",\"target\":[\"https:\\\/\\\/znz.hu\\\/en\\\/product\\\/pd240cb-hand-held-metal-detector\\\/\"]}]},{\"@type\":\"ImageObject\",\"inLanguage\":\"en-US\",\"@id\":\"https:\\\/\\\/znz.hu\\\/en\\\/product\\\/pd240cb-hand-held-metal-detector\\\/#primaryimage\",\"url\":\"https:\\\/\\\/znz.hu\\\/wp-content\\\/uploads\\\/2015\\\/12\\\/PD240C_kezi_femkereso1.jpg\",\"contentUrl\":\"https:\\\/\\\/znz.hu\\\/wp-content\\\/uploads\\\/2015\\\/12\\\/PD240C_kezi_femkereso1.jpg\",\"width\":500,\"height\":500},{\"@type\":\"BreadcrumbList\",\"@id\":\"https:\\\/\\\/znz.hu\\\/en\\\/product\\\/pd240cb-hand-held-metal-detector\\\/#breadcrumb\",\"itemListElement\":[{\"@type\":\"ListItem\",\"position\":1,\"name\":\"Kezd\u0151lap\",\"item\":\"https:\\\/\\\/znz.hu\\\/en\\\/\"},{\"@type\":\"ListItem\",\"position\":2,\"name\":\"\u00dczlet\",\"item\":\"https:\\\/\\\/znz.hu\\\/uzlet\\\/\"},{\"@type\":\"ListItem\",\"position\":3,\"name\":\"PD240CB Hand Held Metal Detector\"}]},{\"@type\":\"WebSite\",\"@id\":\"https:\\\/\\\/znz.hu\\\/en\\\/#website\",\"url\":\"https:\\\/\\\/znz.hu\\\/en\\\/\",\"name\":\"ZNZ\",\"description\":\"A vil\u00e1g vezet\u0151 v\u00e9delemtechnol\u00f3giai megold\u00e1sai teljes term\u00e9kt\u00e1mogat\u00e1ssal m\u00e1r 30 \u00e9ve.\",\"potentialAction\":[{\"@type\":\"SearchAction\",\"target\":{\"@type\":\"EntryPoint\",\"urlTemplate\":\"https:\\\/\\\/znz.hu\\\/en\\\/?s={search_term_string}\"},\"query-input\":{\"@type\":\"PropertyValueSpecification\",\"valueRequired\":true,\"valueName\":\"search_term_string\"}}],\"inLanguage\":\"en-US\"}]}<\/script>\n<!-- \/ Yoast SEO plugin. -->","yoast_head_json":{"title":"PD240CB Hand Held Metal Detector - ZNZ","description":"The PD240CB is a Hand Held Metal Detector has long detection range for weapons and minimum metal targets, effective sensitivity to all alloys.","robots":{"index":"index","follow":"follow","max-snippet":"max-snippet:-1","max-image-preview":"max-image-preview:large","max-video-preview":"max-video-preview:-1"},"canonical":"https:\/\/znz.hu\/en\/product\/pd240cb-hand-held-metal-detector\/","og_locale":"en_US","og_type":"article","og_title":"PD240CB Hand Held Metal Detector - ZNZ","og_description":"The PD240CB is a Hand Held Metal Detector has long detection range for weapons and minimum metal targets, effective sensitivity to all alloys.","og_url":"https:\/\/znz.hu\/en\/product\/pd240cb-hand-held-metal-detector\/","og_site_name":"ZNZ","article_modified_time":"2024-07-04T10:03:55+00:00","og_image":[{"width":500,"height":500,"url":"https:\/\/znz.hu\/wp-content\/uploads\/2015\/12\/PD240C_kezi_femkereso1.jpg","type":"image\/jpeg"}],"twitter_card":"summary_large_image","twitter_misc":{"Est. reading time":"3 minutes"},"schema":{"@context":"https:\/\/schema.org","@graph":[{"@type":"WebPage","@id":"https:\/\/znz.hu\/en\/product\/pd240cb-hand-held-metal-detector\/","url":"https:\/\/znz.hu\/en\/product\/pd240cb-hand-held-metal-detector\/","name":"PD240CB Hand Held Metal Detector - ZNZ","isPartOf":{"@id":"https:\/\/znz.hu\/en\/#website"},"primaryImageOfPage":{"@id":"https:\/\/znz.hu\/en\/product\/pd240cb-hand-held-metal-detector\/#primaryimage"},"image":{"@id":"https:\/\/znz.hu\/en\/product\/pd240cb-hand-held-metal-detector\/#primaryimage"},"thumbnailUrl":"https:\/\/znz.hu\/wp-content\/uploads\/2015\/12\/PD240C_kezi_femkereso1.jpg","datePublished":"2018-08-24T11:28:52+00:00","dateModified":"2024-07-04T10:03:55+00:00","description":"The PD240CB is a Hand Held Metal Detector has long detection range for weapons and minimum metal targets, effective sensitivity to all alloys.","breadcrumb":{"@id":"https:\/\/znz.hu\/en\/product\/pd240cb-hand-held-metal-detector\/#breadcrumb"},"inLanguage":"en-US","potentialAction":[{"@type":"ReadAction","target":["https:\/\/znz.hu\/en\/product\/pd240cb-hand-held-metal-detector\/"]}]},{"@type":"ImageObject","inLanguage":"en-US","@id":"https:\/\/znz.hu\/en\/product\/pd240cb-hand-held-metal-detector\/#primaryimage","url":"https:\/\/znz.hu\/wp-content\/uploads\/2015\/12\/PD240C_kezi_femkereso1.jpg","contentUrl":"https:\/\/znz.hu\/wp-content\/uploads\/2015\/12\/PD240C_kezi_femkereso1.jpg","width":500,"height":500},{"@type":"BreadcrumbList","@id":"https:\/\/znz.hu\/en\/product\/pd240cb-hand-held-metal-detector\/#breadcrumb","itemListElement":[{"@type":"ListItem","position":1,"name":"Kezd\u0151lap","item":"https:\/\/znz.hu\/en\/"},{"@type":"ListItem","position":2,"name":"\u00dczlet","item":"https:\/\/znz.hu\/uzlet\/"},{"@type":"ListItem","position":3,"name":"PD240CB Hand Held Metal Detector"}]},{"@type":"WebSite","@id":"https:\/\/znz.hu\/en\/#website","url":"https:\/\/znz.hu\/en\/","name":"ZNZ","description":"A vil\u00e1g vezet\u0151 v\u00e9delemtechnol\u00f3giai megold\u00e1sai teljes term\u00e9kt\u00e1mogat\u00e1ssal m\u00e1r 30 \u00e9ve.","potentialAction":[{"@type":"SearchAction","target":{"@type":"EntryPoint","urlTemplate":"https:\/\/znz.hu\/en\/?s={search_term_string}"},"query-input":{"@type":"PropertyValueSpecification","valueRequired":true,"valueName":"search_term_string"}}],"inLanguage":"en-US"}]}},"_links":{"self":[{"href":"https:\/\/znz.hu\/en\/wp-json\/wp\/v2\/product\/2633","targetHints":{"allow":["GET"]}}],"collection":[{"href":"https:\/\/znz.hu\/en\/wp-json\/wp\/v2\/product"}],"about":[{"href":"https:\/\/znz.hu\/en\/wp-json\/wp\/v2\/types\/product"}],"wp:featuredmedia":[{"embeddable":true,"href":"https:\/\/znz.hu\/en\/wp-json\/wp\/v2\/media\/16797"}],"wp:attachment":[{"href":"https:\/\/znz.hu\/en\/wp-json\/wp\/v2\/media?parent=2633"}],"wp:term":[{"taxonomy":"product_brand","embeddable":true,"href":"https:\/\/znz.hu\/en\/wp-json\/wp\/v2\/product_brand?post=2633"},{"taxonomy":"product_cat","embeddable":true,"href":"https:\/\/znz.hu\/en\/wp-json\/wp\/v2\/product_cat?post=2633"},{"taxonomy":"product_tag","embeddable":true,"href":"https:\/\/znz.hu\/en\/wp-json\/wp\/v2\/product_tag?post=2633"}],"curies":[{"name":"wp","href":"https:\/\/api.w.org\/{rel}","templated":true}]}}