{"id":2624,"date":"2015-12-18T15:30:28","date_gmt":"2015-12-18T15:30:28","guid":{"rendered":"https:\/\/dev-z-and-z.pantheonsite.io\/?post_type=product&#038;p=2624"},"modified":"2018-09-19T11:15:13","modified_gmt":"2018-09-19T11:15:13","slug":"smd601-plus","status":"publish","type":"product","link":"https:\/\/znz.hu\/en\/product\/smd601-plus\/","title":{"rendered":"SMD601 Plus Walk-Through Metal Detector"},"content":{"rendered":"<p>&nbsp;<\/p>\n<ul>\n<li>Most Sensitive WTMD, fully compliant with the NIJ-0601.02 and NIJ-0601.03 Standards<\/li>\n<li>Very Accurate Pinpointing of individual and multiple metal targets<\/li>\n<li>Integrated Correctional Profiling System (optional)<\/li>\n<li>Exceptional Immunity to environmental interferences<\/li>\n<li>Unmatched Reliability<\/li>\n<\/ul>\n<p>The new SMD601 Plus extends the detection sensitivity of the SMD601 to metal threats previously considered undetectable due to their minimal dimensions and metal composition similar to the ones specified in the new NIJ-0601.03 Standard.<\/p>\n<p>SMD601 Plus detects even the smallest metal items anywhere on or in the body.<br \/>\nThe SMD601 Plus is a very high sensitive Walk-Through Metal Detector.<br \/>\nAn absolute must when the detection of extremely small metal masses is required on the body or even if hidden in body cavities.<br \/>\nA full-height light bar displays the location of the detected metal masses in transit. This results in rapid identification of threats and a reduction or elimination of the need for manual searches.<\/p>\n<ul>\n<li>Very accurate pinpointing of individual and multiple metal targets<\/li>\n<li>Quick, accurate analysis of all parts of the body of people in transit, from the shoe level to the crossbar<\/li>\n<li>Built-in programs to screen visitors and staff for weapons and contraband<\/li>\n<\/ul>\n<p>&nbsp;<\/p>\n<p><strong>Advanced Alarm Indication<br \/>\n<\/strong><\/p>\n<ul>\n<li>Entrance and Exit Multi-Zone Display Bars each programmable as entry pacing and\/or localization lights<\/li>\n<li>Flexible Acoustic Alarm Signaling System:\n<ul>\n<li>10 Continuous and Pulsed Tones<\/li>\n<li>34 Special Sounds<\/li>\n<\/ul>\n<\/li>\n<li>10 Acoustic Intensity Levels programmable from 0 up to 90 dBA at 1 m<\/li>\n<li>High Precision Transit Counter:\n<ul>\n<li>In-Bound Transits<\/li>\n<li>Out-Bound Transits<\/li>\n<li>Alarm Rate<\/li>\n<\/ul>\n<\/li>\n<\/ul>\n<p>An accurate and comprehensive alarm system allows the best use of Metal Detector. Optical indicators are fully programmable, both gate sides can indicate either separately or simultaneously vertical transit zones of detected threats and also be configured as traffic lights to regulate the access of the people being screened.<\/p>\n<p>&nbsp;<\/p>\n<p><strong>Comprehensive Security Features<\/strong><\/p>\n<ul>\n<li>Over 40 built-in Security Programs\n<ul>\n<li>Up to 22 pre-programmed Security Programs<\/li>\n<li>Up to 20 user programmable Security Programs<\/li>\n<\/ul>\n<\/li>\n<li>Chip Card system for fast, simple and secure parameter changes (i.e. alarm volume and tone, counter reading, etc&#8230;) and Security Level Selection. A feature of CEIA\u2019s Metal Detectors is a chip-card system that allows the Head of Security to set the Security Level quickly, reliably and discreetly, without any programming operation on the detector itself.<\/li>\n<\/ul>\n","protected":false},"excerpt":{"rendered":"<p>&nbsp; Most Sensitive WTMD, fully compliant with the NIJ-0601.02 and NIJ-0601.03 Standards Very Accurate Pinpointing of individual and multiple metal targets Integrated Correctional Profiling System (optional) Exceptional Immunity to environmental interferences Unmatched Reliability The new SMD601 Plus extends the detection sensitivity of the SMD601 to metal threats previously considered undetectable due to their minimal dimensions [&hellip;]<\/p>\n","protected":false},"featured_media":27653,"template":"","meta":{"_et_pb_use_builder":"","_et_pb_old_content":"","_et_gb_content_width":""},"product_brand":[],"product_cat":[303],"product_tag":[576,549,550],"class_list":{"0":"post-2624","1":"product","2":"type-product","3":"status-publish","4":"has-post-thumbnail","6":"product_cat-walk-through-metal-detectors","7":"product_tag-ceia-en-2","8":"product_tag-infrastruktura-vedelem-en","9":"product_tag-repuloter-en","11":"first","12":"instock","13":"shipping-taxable","14":"product-type-simple"},"yoast_head":"<!-- This site is optimized with the Yoast SEO plugin v27.5 - https:\/\/yoast.com\/product\/yoast-seo-wordpress\/ -->\n<title>SMD601 Plus Walk-Through Metal Detector - ZNZ<\/title>\n<meta name=\"description\" content=\"The new SMD601 Plus extends the detection sensitivity of the SMD601 to metal threats previously considered undetectable due to their minimal dimensions and metal composition similar to the ones specified in the new NIJ-0601.03 Standard\" \/>\n<meta name=\"robots\" content=\"index, follow, max-snippet:-1, max-image-preview:large, max-video-preview:-1\" \/>\n<link rel=\"canonical\" href=\"https:\/\/znz.hu\/en\/product\/smd601-plus\/\" \/>\n<meta property=\"og:locale\" content=\"en_US\" \/>\n<meta property=\"og:type\" content=\"article\" \/>\n<meta property=\"og:title\" content=\"SMD601 Plus Walk-Through Metal Detector - ZNZ\" \/>\n<meta property=\"og:description\" content=\"The new SMD601 Plus extends the detection sensitivity of the SMD601 to metal threats previously considered undetectable due to their minimal dimensions and metal composition similar to the ones specified in the new NIJ-0601.03 Standard\" \/>\n<meta property=\"og:url\" content=\"https:\/\/znz.hu\/en\/product\/smd601-plus\/\" \/>\n<meta property=\"og:site_name\" content=\"ZNZ\" \/>\n<meta property=\"article:modified_time\" content=\"2018-09-19T11:15:13+00:00\" \/>\n<meta property=\"og:image\" content=\"https:\/\/znz.hu\/wp-content\/uploads\/2015\/12\/bk056-0.jpg\" \/>\n\t<meta property=\"og:image:width\" content=\"600\" \/>\n\t<meta property=\"og:image:height\" content=\"600\" \/>\n\t<meta property=\"og:image:type\" content=\"image\/jpeg\" \/>\n<meta name=\"twitter:card\" content=\"summary_large_image\" \/>\n<meta name=\"twitter:label1\" content=\"Est. reading time\" \/>\n\t<meta name=\"twitter:data1\" content=\"2 minutes\" \/>\n<script type=\"application\/ld+json\" class=\"yoast-schema-graph\">{\"@context\":\"https:\\\/\\\/schema.org\",\"@graph\":[{\"@type\":\"WebPage\",\"@id\":\"https:\\\/\\\/znz.hu\\\/en\\\/product\\\/smd601-plus\\\/\",\"url\":\"https:\\\/\\\/znz.hu\\\/en\\\/product\\\/smd601-plus\\\/\",\"name\":\"SMD601 Plus Walk-Through Metal Detector - ZNZ\",\"isPartOf\":{\"@id\":\"https:\\\/\\\/znz.hu\\\/en\\\/#website\"},\"primaryImageOfPage\":{\"@id\":\"https:\\\/\\\/znz.hu\\\/en\\\/product\\\/smd601-plus\\\/#primaryimage\"},\"image\":{\"@id\":\"https:\\\/\\\/znz.hu\\\/en\\\/product\\\/smd601-plus\\\/#primaryimage\"},\"thumbnailUrl\":\"https:\\\/\\\/znz.hu\\\/wp-content\\\/uploads\\\/2015\\\/12\\\/Lopasmegelozes4.jpg\",\"datePublished\":\"2015-12-18T15:30:28+00:00\",\"dateModified\":\"2018-09-19T11:15:13+00:00\",\"description\":\"The new SMD601 Plus extends the detection sensitivity of the SMD601 to metal threats previously considered undetectable due to their minimal dimensions and metal composition similar to the ones specified in the new NIJ-0601.03 Standard\",\"breadcrumb\":{\"@id\":\"https:\\\/\\\/znz.hu\\\/en\\\/product\\\/smd601-plus\\\/#breadcrumb\"},\"inLanguage\":\"en-US\",\"potentialAction\":[{\"@type\":\"ReadAction\",\"target\":[\"https:\\\/\\\/znz.hu\\\/en\\\/product\\\/smd601-plus\\\/\"]}]},{\"@type\":\"ImageObject\",\"inLanguage\":\"en-US\",\"@id\":\"https:\\\/\\\/znz.hu\\\/en\\\/product\\\/smd601-plus\\\/#primaryimage\",\"url\":\"https:\\\/\\\/znz.hu\\\/wp-content\\\/uploads\\\/2015\\\/12\\\/Lopasmegelozes4.jpg\",\"contentUrl\":\"https:\\\/\\\/znz.hu\\\/wp-content\\\/uploads\\\/2015\\\/12\\\/Lopasmegelozes4.jpg\",\"width\":600,\"height\":600,\"caption\":\"SMD601Plus lop\u00e1smegel\u0151z\u00e9s\"},{\"@type\":\"BreadcrumbList\",\"@id\":\"https:\\\/\\\/znz.hu\\\/en\\\/product\\\/smd601-plus\\\/#breadcrumb\",\"itemListElement\":[{\"@type\":\"ListItem\",\"position\":1,\"name\":\"Kezd\u0151lap\",\"item\":\"https:\\\/\\\/znz.hu\\\/en\\\/\"},{\"@type\":\"ListItem\",\"position\":2,\"name\":\"\u00dczlet\",\"item\":\"https:\\\/\\\/znz.hu\\\/uzlet\\\/\"},{\"@type\":\"ListItem\",\"position\":3,\"name\":\"SMD601 Plus Walk-Through Metal Detector\"}]},{\"@type\":\"WebSite\",\"@id\":\"https:\\\/\\\/znz.hu\\\/en\\\/#website\",\"url\":\"https:\\\/\\\/znz.hu\\\/en\\\/\",\"name\":\"ZNZ\",\"description\":\"A vil\u00e1g vezet\u0151 v\u00e9delemtechnol\u00f3giai megold\u00e1sai teljes term\u00e9kt\u00e1mogat\u00e1ssal m\u00e1r 30 \u00e9ve.\",\"potentialAction\":[{\"@type\":\"SearchAction\",\"target\":{\"@type\":\"EntryPoint\",\"urlTemplate\":\"https:\\\/\\\/znz.hu\\\/en\\\/?s={search_term_string}\"},\"query-input\":{\"@type\":\"PropertyValueSpecification\",\"valueRequired\":true,\"valueName\":\"search_term_string\"}}],\"inLanguage\":\"en-US\"}]}<\/script>\n<!-- \/ Yoast SEO plugin. -->","yoast_head_json":{"title":"SMD601 Plus Walk-Through Metal Detector - ZNZ","description":"The new SMD601 Plus extends the detection sensitivity of the SMD601 to metal threats previously considered undetectable due to their minimal dimensions and metal composition similar to the ones specified in the new NIJ-0601.03 Standard","robots":{"index":"index","follow":"follow","max-snippet":"max-snippet:-1","max-image-preview":"max-image-preview:large","max-video-preview":"max-video-preview:-1"},"canonical":"https:\/\/znz.hu\/en\/product\/smd601-plus\/","og_locale":"en_US","og_type":"article","og_title":"SMD601 Plus Walk-Through Metal Detector - ZNZ","og_description":"The new SMD601 Plus extends the detection sensitivity of the SMD601 to metal threats previously considered undetectable due to their minimal dimensions and metal composition similar to the ones specified in the new NIJ-0601.03 Standard","og_url":"https:\/\/znz.hu\/en\/product\/smd601-plus\/","og_site_name":"ZNZ","article_modified_time":"2018-09-19T11:15:13+00:00","og_image":[{"width":600,"height":600,"url":"https:\/\/znz.hu\/wp-content\/uploads\/2015\/12\/bk056-0.jpg","type":"image\/jpeg"}],"twitter_card":"summary_large_image","twitter_misc":{"Est. reading time":"2 minutes"},"schema":{"@context":"https:\/\/schema.org","@graph":[{"@type":"WebPage","@id":"https:\/\/znz.hu\/en\/product\/smd601-plus\/","url":"https:\/\/znz.hu\/en\/product\/smd601-plus\/","name":"SMD601 Plus Walk-Through Metal Detector - ZNZ","isPartOf":{"@id":"https:\/\/znz.hu\/en\/#website"},"primaryImageOfPage":{"@id":"https:\/\/znz.hu\/en\/product\/smd601-plus\/#primaryimage"},"image":{"@id":"https:\/\/znz.hu\/en\/product\/smd601-plus\/#primaryimage"},"thumbnailUrl":"https:\/\/znz.hu\/wp-content\/uploads\/2015\/12\/Lopasmegelozes4.jpg","datePublished":"2015-12-18T15:30:28+00:00","dateModified":"2018-09-19T11:15:13+00:00","description":"The new SMD601 Plus extends the detection sensitivity of the SMD601 to metal threats previously considered undetectable due to their minimal dimensions and metal composition similar to the ones specified in the new NIJ-0601.03 Standard","breadcrumb":{"@id":"https:\/\/znz.hu\/en\/product\/smd601-plus\/#breadcrumb"},"inLanguage":"en-US","potentialAction":[{"@type":"ReadAction","target":["https:\/\/znz.hu\/en\/product\/smd601-plus\/"]}]},{"@type":"ImageObject","inLanguage":"en-US","@id":"https:\/\/znz.hu\/en\/product\/smd601-plus\/#primaryimage","url":"https:\/\/znz.hu\/wp-content\/uploads\/2015\/12\/Lopasmegelozes4.jpg","contentUrl":"https:\/\/znz.hu\/wp-content\/uploads\/2015\/12\/Lopasmegelozes4.jpg","width":600,"height":600,"caption":"SMD601Plus lop\u00e1smegel\u0151z\u00e9s"},{"@type":"BreadcrumbList","@id":"https:\/\/znz.hu\/en\/product\/smd601-plus\/#breadcrumb","itemListElement":[{"@type":"ListItem","position":1,"name":"Kezd\u0151lap","item":"https:\/\/znz.hu\/en\/"},{"@type":"ListItem","position":2,"name":"\u00dczlet","item":"https:\/\/znz.hu\/uzlet\/"},{"@type":"ListItem","position":3,"name":"SMD601 Plus Walk-Through Metal Detector"}]},{"@type":"WebSite","@id":"https:\/\/znz.hu\/en\/#website","url":"https:\/\/znz.hu\/en\/","name":"ZNZ","description":"A vil\u00e1g vezet\u0151 v\u00e9delemtechnol\u00f3giai megold\u00e1sai teljes term\u00e9kt\u00e1mogat\u00e1ssal m\u00e1r 30 \u00e9ve.","potentialAction":[{"@type":"SearchAction","target":{"@type":"EntryPoint","urlTemplate":"https:\/\/znz.hu\/en\/?s={search_term_string}"},"query-input":{"@type":"PropertyValueSpecification","valueRequired":true,"valueName":"search_term_string"}}],"inLanguage":"en-US"}]}},"_links":{"self":[{"href":"https:\/\/znz.hu\/en\/wp-json\/wp\/v2\/product\/2624","targetHints":{"allow":["GET"]}}],"collection":[{"href":"https:\/\/znz.hu\/en\/wp-json\/wp\/v2\/product"}],"about":[{"href":"https:\/\/znz.hu\/en\/wp-json\/wp\/v2\/types\/product"}],"wp:featuredmedia":[{"embeddable":true,"href":"https:\/\/znz.hu\/en\/wp-json\/wp\/v2\/media\/27653"}],"wp:attachment":[{"href":"https:\/\/znz.hu\/en\/wp-json\/wp\/v2\/media?parent=2624"}],"wp:term":[{"taxonomy":"product_brand","embeddable":true,"href":"https:\/\/znz.hu\/en\/wp-json\/wp\/v2\/product_brand?post=2624"},{"taxonomy":"product_cat","embeddable":true,"href":"https:\/\/znz.hu\/en\/wp-json\/wp\/v2\/product_cat?post=2624"},{"taxonomy":"product_tag","embeddable":true,"href":"https:\/\/znz.hu\/en\/wp-json\/wp\/v2\/product_tag?post=2624"}],"curies":[{"name":"wp","href":"https:\/\/api.w.org\/{rel}","templated":true}]}}