{"id":2623,"date":"2015-12-18T15:22:33","date_gmt":"2018-08-23T14:12:13","guid":{"rendered":"https:\/\/dev-z-and-z.pantheonsite.io\/?post_type=product&#038;p=2623"},"modified":"2018-09-19T11:10:47","modified_gmt":"2018-09-19T11:10:47","slug":"classic","status":"publish","type":"product","link":"https:\/\/znz.hu\/en\/product\/classic\/","title":{"rendered":"Classic Walk-Through Metal Detector"},"content":{"rendered":"<p>&nbsp;<\/p>\n<ul>\n<li>High Level of Detection Uniformity<\/li>\n<li>Leading Edge Technology<\/li>\n<li>Easy to Install and Use<\/li>\n<li>Suitable for Portable Applications<\/li>\n<li>No Maintenance Required<\/li>\n<li>Affordable Pricing<\/li>\n<\/ul>\n<p>The column construction, both attractive and compact, allows it to be inserted with ease into public environments such as, for example, schools and discotheques.<br \/>\nThe Classic Metal Detector has an extremely competitive price\/performance ratio.<\/p>\n<p>The Classic is a Walk Through Metal Detector designed and engineered to meet the specific security needs of public facilities such as schools, hotels, amusement parks and city halls.<\/p>\n<p>The Classic Metal Detector combines the required Security with a high level of operating efficiency. The leading edge technology features a high flow rate of people through the gate with the minimum number of nuisance alarms, as personal effects such as coins, keys and belt buckles can pass through the magnetic field without causing an alarm.<\/p>\n<p>The Classic Metal Detector is compact and lightweight, making this portable unit adaptable to any surroundings. The patented cylinder design is aesthetically suitable for the most discrete applications.<\/p>\n<p>This security equipment does not require any special training for normal use, making this the most user friendly Walk Through Metal Detector in the industry.<\/p>\n<p>CEIA Metal Detectors have been selected by the leading security agencies worldwide to protect highranking government officials and schools. The Classic conforms to all International Security Standards and is capable of detecting both magnetic and non-magnetic weapons.<\/p>\n<p>When security, operating efficiency and affordable pricing are required, the CEIA Classic Metal Detector is the obvious solution.<\/p>\n<p>&nbsp;<\/p>\n","protected":false},"excerpt":{"rendered":"<p>&nbsp; High Level of Detection Uniformity Leading Edge Technology Easy to Install and Use Suitable for Portable Applications No Maintenance Required Affordable Pricing The column construction, both attractive and compact, allows it to be inserted with ease into public environments such as, for example, schools and discotheques. The Classic Metal Detector has an extremely competitive [&hellip;]<\/p>\n","protected":false},"featured_media":16794,"template":"","meta":{"_et_pb_use_builder":"","_et_pb_old_content":"","_et_gb_content_width":""},"product_brand":[],"product_cat":[303],"product_tag":[549,550],"class_list":{"0":"post-2623","1":"product","2":"type-product","3":"status-publish","4":"has-post-thumbnail","6":"product_cat-walk-through-metal-detectors","7":"product_tag-infrastruktura-vedelem-en","8":"product_tag-repuloter-en","10":"first","11":"instock","12":"shipping-taxable","13":"product-type-simple"},"yoast_head":"<!-- This site is optimized with the Yoast SEO plugin v27.5 - https:\/\/yoast.com\/product\/yoast-seo-wordpress\/ -->\n<title>Classic Walk-Through Metal Detector - ZNZ<\/title>\n<meta name=\"description\" content=\"The column construction, both attractive and compact, allows it to be inserted with ease into public environments such as, for example, schools and discotheques.The Classic Metal Detector has an extremely competitive price\/performance ratio.\" \/>\n<meta name=\"robots\" content=\"index, follow, max-snippet:-1, max-image-preview:large, max-video-preview:-1\" \/>\n<link rel=\"canonical\" href=\"https:\/\/znz.hu\/en\/product\/classic\/\" \/>\n<meta property=\"og:locale\" content=\"en_US\" \/>\n<meta property=\"og:type\" content=\"article\" \/>\n<meta property=\"og:title\" content=\"Classic Walk-Through Metal Detector - ZNZ\" \/>\n<meta property=\"og:description\" content=\"The column construction, both attractive and compact, allows it to be inserted with ease into public environments such as, for example, schools and discotheques.The Classic Metal Detector has an extremely competitive price\/performance ratio.\" \/>\n<meta property=\"og:url\" content=\"https:\/\/znz.hu\/en\/product\/classic\/\" \/>\n<meta property=\"og:site_name\" content=\"ZNZ\" \/>\n<meta property=\"article:modified_time\" content=\"2018-09-19T11:10:47+00:00\" \/>\n<meta property=\"og:image\" content=\"https:\/\/znz.hu\/wp-content\/uploads\/2015\/12\/Classic_kapu_femkereso_kapu1.jpg\" \/>\n\t<meta property=\"og:image:width\" content=\"500\" \/>\n\t<meta property=\"og:image:height\" content=\"500\" \/>\n\t<meta property=\"og:image:type\" content=\"image\/jpeg\" \/>\n<meta name=\"twitter:card\" content=\"summary_large_image\" \/>\n<meta name=\"twitter:label1\" content=\"Est. reading time\" \/>\n\t<meta name=\"twitter:data1\" content=\"1 minute\" \/>\n<script type=\"application\/ld+json\" class=\"yoast-schema-graph\">{\"@context\":\"https:\\\/\\\/schema.org\",\"@graph\":[{\"@type\":\"WebPage\",\"@id\":\"https:\\\/\\\/znz.hu\\\/en\\\/product\\\/classic\\\/\",\"url\":\"https:\\\/\\\/znz.hu\\\/en\\\/product\\\/classic\\\/\",\"name\":\"Classic Walk-Through Metal Detector - ZNZ\",\"isPartOf\":{\"@id\":\"https:\\\/\\\/znz.hu\\\/en\\\/#website\"},\"primaryImageOfPage\":{\"@id\":\"https:\\\/\\\/znz.hu\\\/en\\\/product\\\/classic\\\/#primaryimage\"},\"image\":{\"@id\":\"https:\\\/\\\/znz.hu\\\/en\\\/product\\\/classic\\\/#primaryimage\"},\"thumbnailUrl\":\"https:\\\/\\\/znz.hu\\\/wp-content\\\/uploads\\\/2015\\\/12\\\/Classic_kapu_femkereso_kapu1.jpg\",\"datePublished\":\"2018-08-23T14:12:13+00:00\",\"dateModified\":\"2018-09-19T11:10:47+00:00\",\"description\":\"The column construction, both attractive and compact, allows it to be inserted with ease into public environments such as, for example, schools and discotheques.The Classic Metal Detector has an extremely competitive price\\\/performance ratio.\",\"breadcrumb\":{\"@id\":\"https:\\\/\\\/znz.hu\\\/en\\\/product\\\/classic\\\/#breadcrumb\"},\"inLanguage\":\"en-US\",\"potentialAction\":[{\"@type\":\"ReadAction\",\"target\":[\"https:\\\/\\\/znz.hu\\\/en\\\/product\\\/classic\\\/\"]}]},{\"@type\":\"ImageObject\",\"inLanguage\":\"en-US\",\"@id\":\"https:\\\/\\\/znz.hu\\\/en\\\/product\\\/classic\\\/#primaryimage\",\"url\":\"https:\\\/\\\/znz.hu\\\/wp-content\\\/uploads\\\/2015\\\/12\\\/Classic_kapu_femkereso_kapu1.jpg\",\"contentUrl\":\"https:\\\/\\\/znz.hu\\\/wp-content\\\/uploads\\\/2015\\\/12\\\/Classic_kapu_femkereso_kapu1.jpg\",\"width\":500,\"height\":500},{\"@type\":\"BreadcrumbList\",\"@id\":\"https:\\\/\\\/znz.hu\\\/en\\\/product\\\/classic\\\/#breadcrumb\",\"itemListElement\":[{\"@type\":\"ListItem\",\"position\":1,\"name\":\"Kezd\u0151lap\",\"item\":\"https:\\\/\\\/znz.hu\\\/en\\\/\"},{\"@type\":\"ListItem\",\"position\":2,\"name\":\"\u00dczlet\",\"item\":\"https:\\\/\\\/znz.hu\\\/uzlet\\\/\"},{\"@type\":\"ListItem\",\"position\":3,\"name\":\"Classic Walk-Through Metal Detector\"}]},{\"@type\":\"WebSite\",\"@id\":\"https:\\\/\\\/znz.hu\\\/en\\\/#website\",\"url\":\"https:\\\/\\\/znz.hu\\\/en\\\/\",\"name\":\"ZNZ\",\"description\":\"A vil\u00e1g vezet\u0151 v\u00e9delemtechnol\u00f3giai megold\u00e1sai teljes term\u00e9kt\u00e1mogat\u00e1ssal m\u00e1r 30 \u00e9ve.\",\"potentialAction\":[{\"@type\":\"SearchAction\",\"target\":{\"@type\":\"EntryPoint\",\"urlTemplate\":\"https:\\\/\\\/znz.hu\\\/en\\\/?s={search_term_string}\"},\"query-input\":{\"@type\":\"PropertyValueSpecification\",\"valueRequired\":true,\"valueName\":\"search_term_string\"}}],\"inLanguage\":\"en-US\"}]}<\/script>\n<!-- \/ Yoast SEO plugin. -->","yoast_head_json":{"title":"Classic Walk-Through Metal Detector - ZNZ","description":"The column construction, both attractive and compact, allows it to be inserted with ease into public environments such as, for example, schools and discotheques.The Classic Metal Detector has an extremely competitive price\/performance ratio.","robots":{"index":"index","follow":"follow","max-snippet":"max-snippet:-1","max-image-preview":"max-image-preview:large","max-video-preview":"max-video-preview:-1"},"canonical":"https:\/\/znz.hu\/en\/product\/classic\/","og_locale":"en_US","og_type":"article","og_title":"Classic Walk-Through Metal Detector - ZNZ","og_description":"The column construction, both attractive and compact, allows it to be inserted with ease into public environments such as, for example, schools and discotheques.The Classic Metal Detector has an extremely competitive price\/performance ratio.","og_url":"https:\/\/znz.hu\/en\/product\/classic\/","og_site_name":"ZNZ","article_modified_time":"2018-09-19T11:10:47+00:00","og_image":[{"width":500,"height":500,"url":"https:\/\/znz.hu\/wp-content\/uploads\/2015\/12\/Classic_kapu_femkereso_kapu1.jpg","type":"image\/jpeg"}],"twitter_card":"summary_large_image","twitter_misc":{"Est. reading time":"1 minute"},"schema":{"@context":"https:\/\/schema.org","@graph":[{"@type":"WebPage","@id":"https:\/\/znz.hu\/en\/product\/classic\/","url":"https:\/\/znz.hu\/en\/product\/classic\/","name":"Classic Walk-Through Metal Detector - ZNZ","isPartOf":{"@id":"https:\/\/znz.hu\/en\/#website"},"primaryImageOfPage":{"@id":"https:\/\/znz.hu\/en\/product\/classic\/#primaryimage"},"image":{"@id":"https:\/\/znz.hu\/en\/product\/classic\/#primaryimage"},"thumbnailUrl":"https:\/\/znz.hu\/wp-content\/uploads\/2015\/12\/Classic_kapu_femkereso_kapu1.jpg","datePublished":"2018-08-23T14:12:13+00:00","dateModified":"2018-09-19T11:10:47+00:00","description":"The column construction, both attractive and compact, allows it to be inserted with ease into public environments such as, for example, schools and discotheques.The Classic Metal Detector has an extremely competitive price\/performance ratio.","breadcrumb":{"@id":"https:\/\/znz.hu\/en\/product\/classic\/#breadcrumb"},"inLanguage":"en-US","potentialAction":[{"@type":"ReadAction","target":["https:\/\/znz.hu\/en\/product\/classic\/"]}]},{"@type":"ImageObject","inLanguage":"en-US","@id":"https:\/\/znz.hu\/en\/product\/classic\/#primaryimage","url":"https:\/\/znz.hu\/wp-content\/uploads\/2015\/12\/Classic_kapu_femkereso_kapu1.jpg","contentUrl":"https:\/\/znz.hu\/wp-content\/uploads\/2015\/12\/Classic_kapu_femkereso_kapu1.jpg","width":500,"height":500},{"@type":"BreadcrumbList","@id":"https:\/\/znz.hu\/en\/product\/classic\/#breadcrumb","itemListElement":[{"@type":"ListItem","position":1,"name":"Kezd\u0151lap","item":"https:\/\/znz.hu\/en\/"},{"@type":"ListItem","position":2,"name":"\u00dczlet","item":"https:\/\/znz.hu\/uzlet\/"},{"@type":"ListItem","position":3,"name":"Classic Walk-Through Metal Detector"}]},{"@type":"WebSite","@id":"https:\/\/znz.hu\/en\/#website","url":"https:\/\/znz.hu\/en\/","name":"ZNZ","description":"A vil\u00e1g vezet\u0151 v\u00e9delemtechnol\u00f3giai megold\u00e1sai teljes term\u00e9kt\u00e1mogat\u00e1ssal m\u00e1r 30 \u00e9ve.","potentialAction":[{"@type":"SearchAction","target":{"@type":"EntryPoint","urlTemplate":"https:\/\/znz.hu\/en\/?s={search_term_string}"},"query-input":{"@type":"PropertyValueSpecification","valueRequired":true,"valueName":"search_term_string"}}],"inLanguage":"en-US"}]}},"_links":{"self":[{"href":"https:\/\/znz.hu\/en\/wp-json\/wp\/v2\/product\/2623","targetHints":{"allow":["GET"]}}],"collection":[{"href":"https:\/\/znz.hu\/en\/wp-json\/wp\/v2\/product"}],"about":[{"href":"https:\/\/znz.hu\/en\/wp-json\/wp\/v2\/types\/product"}],"wp:featuredmedia":[{"embeddable":true,"href":"https:\/\/znz.hu\/en\/wp-json\/wp\/v2\/media\/16794"}],"wp:attachment":[{"href":"https:\/\/znz.hu\/en\/wp-json\/wp\/v2\/media?parent=2623"}],"wp:term":[{"taxonomy":"product_brand","embeddable":true,"href":"https:\/\/znz.hu\/en\/wp-json\/wp\/v2\/product_brand?post=2623"},{"taxonomy":"product_cat","embeddable":true,"href":"https:\/\/znz.hu\/en\/wp-json\/wp\/v2\/product_cat?post=2623"},{"taxonomy":"product_tag","embeddable":true,"href":"https:\/\/znz.hu\/en\/wp-json\/wp\/v2\/product_tag?post=2623"}],"curies":[{"name":"wp","href":"https:\/\/api.w.org\/{rel}","templated":true}]}}