{"id":2622,"date":"2015-12-18T15:40:00","date_gmt":"2018-08-23T13:17:42","guid":{"rendered":"https:\/\/dev-z-and-z.pantheonsite.io\/?post_type=product&#038;p=2622"},"modified":"2018-09-19T11:18:59","modified_gmt":"2018-09-19T11:18:59","slug":"g-scan-gamma-detector","status":"publish","type":"product","link":"https:\/\/znz.hu\/en\/product\/g-scan-gamma-detector\/","title":{"rendered":"G-SCAN Gamma Detector"},"content":{"rendered":"<p>&nbsp;<\/p>\n<ul>\n<li>High sensitivity gamma-source detection<\/li>\n<li>Autonomous operation<\/li>\n<li>Automatic background compensation<\/li>\n<li>Optical and acoustical alarm signalling<\/li>\n<li>Remote Management and Monitoring through Ethernet Connection<\/li>\n<li>Integrated, real time Clock and Data Logging System<\/li>\n<li>RS-232 interface for local programming and diagnostic<\/li>\n<\/ul>\n<p>&nbsp;<\/p>\n<p>The CEIA G-SCAN Gamma Detector is a sensitive radioactive substance detector, designed to operate in tandem with X-ray scanners to inspect hand baggage.<br \/>\nThe Gamma Detector can be installed at the entrance or the exit of the scanner, and operates completely independently.<br \/>\nAfter switching on, the device carries out a brief phase of self-calibration, signalled via a yellow light. The operative state of the detector is then confirmed by a green light.<br \/>\nIf radioactive substances are detected, the G-SCAN provides an acoustic alarm and two blue optical signals. Any self-diagnostic alarms are signalled by a red light.<br \/>\nThe device is constructed in AISI 316 stainless steel, and features great reliability and stability throughout its working life.<br \/>\nThe detection sensitivity of the G-SCAN complies with the regulations in force for radiation detectors for the inspection of people and goods.<\/p>\n<p>&nbsp;<\/p>\n","protected":false},"excerpt":{"rendered":"<p>&nbsp; High sensitivity gamma-source detection Autonomous operation Automatic background compensation Optical and acoustical alarm signalling Remote Management and Monitoring through Ethernet Connection Integrated, real time Clock and Data Logging System RS-232 interface for local programming and diagnostic &nbsp; The CEIA G-SCAN Gamma Detector is a sensitive radioactive substance detector, designed to operate in tandem with [&hellip;]<\/p>\n","protected":false},"featured_media":549,"template":"","meta":{"_et_pb_use_builder":"","_et_pb_old_content":"","_et_gb_content_width":""},"product_brand":[],"product_cat":[298],"product_tag":[547,549,550,548],"class_list":{"0":"post-2622","1":"product","2":"type-product","3":"status-publish","4":"has-post-thumbnail","6":"product_cat-additional-equipment","7":"product_tag-csomagatvizsgalas-en","8":"product_tag-infrastruktura-vedelem-en","9":"product_tag-repuloter-en","10":"product_tag-rontgenberendezes-en","12":"first","13":"instock","14":"shipping-taxable","15":"product-type-simple"},"yoast_head":"<!-- This site is optimized with the Yoast SEO plugin v27.5 - https:\/\/yoast.com\/product\/yoast-seo-wordpress\/ -->\n<title>G-SCAN Gamma Detector - ZNZ<\/title>\n<meta name=\"description\" content=\"The CEIA G-SCAN Gamma Detector is a sensitive radioactive substance detector, designed to operate in tandem with X-ray scanners to inspect hand baggage.\" \/>\n<meta name=\"robots\" content=\"index, follow, max-snippet:-1, max-image-preview:large, max-video-preview:-1\" \/>\n<link rel=\"canonical\" href=\"https:\/\/znz.hu\/en\/product\/g-scan-gamma-detector\/\" \/>\n<meta property=\"og:locale\" content=\"en_US\" \/>\n<meta property=\"og:type\" content=\"article\" \/>\n<meta property=\"og:title\" content=\"G-SCAN Gamma Detector - ZNZ\" \/>\n<meta property=\"og:description\" content=\"The CEIA G-SCAN Gamma Detector is a sensitive radioactive substance detector, designed to operate in tandem with X-ray scanners to inspect hand baggage.\" \/>\n<meta property=\"og:url\" content=\"https:\/\/znz.hu\/en\/product\/g-scan-gamma-detector\/\" \/>\n<meta property=\"og:site_name\" content=\"ZNZ\" \/>\n<meta property=\"article:modified_time\" content=\"2018-09-19T11:18:59+00:00\" \/>\n<meta property=\"og:image\" content=\"https:\/\/znz.hu\/wp-content\/uploads\/2015\/12\/G-SCAN_1_gamma_detektor.jpg\" \/>\n\t<meta property=\"og:image:width\" content=\"500\" \/>\n\t<meta property=\"og:image:height\" content=\"500\" \/>\n\t<meta property=\"og:image:type\" content=\"image\/jpeg\" \/>\n<meta name=\"twitter:card\" content=\"summary_large_image\" \/>\n<meta name=\"twitter:label1\" content=\"Est. reading time\" \/>\n\t<meta name=\"twitter:data1\" content=\"1 minute\" \/>\n<script type=\"application\/ld+json\" class=\"yoast-schema-graph\">{\"@context\":\"https:\\\/\\\/schema.org\",\"@graph\":[{\"@type\":\"WebPage\",\"@id\":\"https:\\\/\\\/znz.hu\\\/en\\\/product\\\/g-scan-gamma-detector\\\/\",\"url\":\"https:\\\/\\\/znz.hu\\\/en\\\/product\\\/g-scan-gamma-detector\\\/\",\"name\":\"G-SCAN Gamma Detector - ZNZ\",\"isPartOf\":{\"@id\":\"https:\\\/\\\/znz.hu\\\/en\\\/#website\"},\"primaryImageOfPage\":{\"@id\":\"https:\\\/\\\/znz.hu\\\/en\\\/product\\\/g-scan-gamma-detector\\\/#primaryimage\"},\"image\":{\"@id\":\"https:\\\/\\\/znz.hu\\\/en\\\/product\\\/g-scan-gamma-detector\\\/#primaryimage\"},\"thumbnailUrl\":\"https:\\\/\\\/znz.hu\\\/wp-content\\\/uploads\\\/2015\\\/12\\\/G-SCAN_1_gamma_detektor.jpg\",\"datePublished\":\"2018-08-23T13:17:42+00:00\",\"dateModified\":\"2018-09-19T11:18:59+00:00\",\"description\":\"The CEIA G-SCAN Gamma Detector is a sensitive radioactive substance detector, designed to operate in tandem with X-ray scanners to inspect hand baggage.\",\"breadcrumb\":{\"@id\":\"https:\\\/\\\/znz.hu\\\/en\\\/product\\\/g-scan-gamma-detector\\\/#breadcrumb\"},\"inLanguage\":\"en-US\",\"potentialAction\":[{\"@type\":\"ReadAction\",\"target\":[\"https:\\\/\\\/znz.hu\\\/en\\\/product\\\/g-scan-gamma-detector\\\/\"]}]},{\"@type\":\"ImageObject\",\"inLanguage\":\"en-US\",\"@id\":\"https:\\\/\\\/znz.hu\\\/en\\\/product\\\/g-scan-gamma-detector\\\/#primaryimage\",\"url\":\"https:\\\/\\\/znz.hu\\\/wp-content\\\/uploads\\\/2015\\\/12\\\/G-SCAN_1_gamma_detektor.jpg\",\"contentUrl\":\"https:\\\/\\\/znz.hu\\\/wp-content\\\/uploads\\\/2015\\\/12\\\/G-SCAN_1_gamma_detektor.jpg\",\"width\":500,\"height\":500,\"caption\":\"G-SCAN gamma detektor\"},{\"@type\":\"BreadcrumbList\",\"@id\":\"https:\\\/\\\/znz.hu\\\/en\\\/product\\\/g-scan-gamma-detector\\\/#breadcrumb\",\"itemListElement\":[{\"@type\":\"ListItem\",\"position\":1,\"name\":\"Kezd\u0151lap\",\"item\":\"https:\\\/\\\/znz.hu\\\/en\\\/\"},{\"@type\":\"ListItem\",\"position\":2,\"name\":\"\u00dczlet\",\"item\":\"https:\\\/\\\/znz.hu\\\/uzlet\\\/\"},{\"@type\":\"ListItem\",\"position\":3,\"name\":\"G-SCAN Gamma Detector\"}]},{\"@type\":\"WebSite\",\"@id\":\"https:\\\/\\\/znz.hu\\\/en\\\/#website\",\"url\":\"https:\\\/\\\/znz.hu\\\/en\\\/\",\"name\":\"ZNZ\",\"description\":\"A vil\u00e1g vezet\u0151 v\u00e9delemtechnol\u00f3giai megold\u00e1sai teljes term\u00e9kt\u00e1mogat\u00e1ssal m\u00e1r 30 \u00e9ve.\",\"potentialAction\":[{\"@type\":\"SearchAction\",\"target\":{\"@type\":\"EntryPoint\",\"urlTemplate\":\"https:\\\/\\\/znz.hu\\\/en\\\/?s={search_term_string}\"},\"query-input\":{\"@type\":\"PropertyValueSpecification\",\"valueRequired\":true,\"valueName\":\"search_term_string\"}}],\"inLanguage\":\"en-US\"}]}<\/script>\n<!-- \/ Yoast SEO plugin. -->","yoast_head_json":{"title":"G-SCAN Gamma Detector - ZNZ","description":"The CEIA G-SCAN Gamma Detector is a sensitive radioactive substance detector, designed to operate in tandem with X-ray scanners to inspect hand baggage.","robots":{"index":"index","follow":"follow","max-snippet":"max-snippet:-1","max-image-preview":"max-image-preview:large","max-video-preview":"max-video-preview:-1"},"canonical":"https:\/\/znz.hu\/en\/product\/g-scan-gamma-detector\/","og_locale":"en_US","og_type":"article","og_title":"G-SCAN Gamma Detector - ZNZ","og_description":"The CEIA G-SCAN Gamma Detector is a sensitive radioactive substance detector, designed to operate in tandem with X-ray scanners to inspect hand baggage.","og_url":"https:\/\/znz.hu\/en\/product\/g-scan-gamma-detector\/","og_site_name":"ZNZ","article_modified_time":"2018-09-19T11:18:59+00:00","og_image":[{"width":500,"height":500,"url":"https:\/\/znz.hu\/wp-content\/uploads\/2015\/12\/G-SCAN_1_gamma_detektor.jpg","type":"image\/jpeg"}],"twitter_card":"summary_large_image","twitter_misc":{"Est. reading time":"1 minute"},"schema":{"@context":"https:\/\/schema.org","@graph":[{"@type":"WebPage","@id":"https:\/\/znz.hu\/en\/product\/g-scan-gamma-detector\/","url":"https:\/\/znz.hu\/en\/product\/g-scan-gamma-detector\/","name":"G-SCAN Gamma Detector - ZNZ","isPartOf":{"@id":"https:\/\/znz.hu\/en\/#website"},"primaryImageOfPage":{"@id":"https:\/\/znz.hu\/en\/product\/g-scan-gamma-detector\/#primaryimage"},"image":{"@id":"https:\/\/znz.hu\/en\/product\/g-scan-gamma-detector\/#primaryimage"},"thumbnailUrl":"https:\/\/znz.hu\/wp-content\/uploads\/2015\/12\/G-SCAN_1_gamma_detektor.jpg","datePublished":"2018-08-23T13:17:42+00:00","dateModified":"2018-09-19T11:18:59+00:00","description":"The CEIA G-SCAN Gamma Detector is a sensitive radioactive substance detector, designed to operate in tandem with X-ray scanners to inspect hand baggage.","breadcrumb":{"@id":"https:\/\/znz.hu\/en\/product\/g-scan-gamma-detector\/#breadcrumb"},"inLanguage":"en-US","potentialAction":[{"@type":"ReadAction","target":["https:\/\/znz.hu\/en\/product\/g-scan-gamma-detector\/"]}]},{"@type":"ImageObject","inLanguage":"en-US","@id":"https:\/\/znz.hu\/en\/product\/g-scan-gamma-detector\/#primaryimage","url":"https:\/\/znz.hu\/wp-content\/uploads\/2015\/12\/G-SCAN_1_gamma_detektor.jpg","contentUrl":"https:\/\/znz.hu\/wp-content\/uploads\/2015\/12\/G-SCAN_1_gamma_detektor.jpg","width":500,"height":500,"caption":"G-SCAN gamma detektor"},{"@type":"BreadcrumbList","@id":"https:\/\/znz.hu\/en\/product\/g-scan-gamma-detector\/#breadcrumb","itemListElement":[{"@type":"ListItem","position":1,"name":"Kezd\u0151lap","item":"https:\/\/znz.hu\/en\/"},{"@type":"ListItem","position":2,"name":"\u00dczlet","item":"https:\/\/znz.hu\/uzlet\/"},{"@type":"ListItem","position":3,"name":"G-SCAN Gamma Detector"}]},{"@type":"WebSite","@id":"https:\/\/znz.hu\/en\/#website","url":"https:\/\/znz.hu\/en\/","name":"ZNZ","description":"A vil\u00e1g vezet\u0151 v\u00e9delemtechnol\u00f3giai megold\u00e1sai teljes term\u00e9kt\u00e1mogat\u00e1ssal m\u00e1r 30 \u00e9ve.","potentialAction":[{"@type":"SearchAction","target":{"@type":"EntryPoint","urlTemplate":"https:\/\/znz.hu\/en\/?s={search_term_string}"},"query-input":{"@type":"PropertyValueSpecification","valueRequired":true,"valueName":"search_term_string"}}],"inLanguage":"en-US"}]}},"_links":{"self":[{"href":"https:\/\/znz.hu\/en\/wp-json\/wp\/v2\/product\/2622","targetHints":{"allow":["GET"]}}],"collection":[{"href":"https:\/\/znz.hu\/en\/wp-json\/wp\/v2\/product"}],"about":[{"href":"https:\/\/znz.hu\/en\/wp-json\/wp\/v2\/types\/product"}],"wp:featuredmedia":[{"embeddable":true,"href":"https:\/\/znz.hu\/en\/wp-json\/wp\/v2\/media\/549"}],"wp:attachment":[{"href":"https:\/\/znz.hu\/en\/wp-json\/wp\/v2\/media?parent=2622"}],"wp:term":[{"taxonomy":"product_brand","embeddable":true,"href":"https:\/\/znz.hu\/en\/wp-json\/wp\/v2\/product_brand?post=2622"},{"taxonomy":"product_cat","embeddable":true,"href":"https:\/\/znz.hu\/en\/wp-json\/wp\/v2\/product_cat?post=2622"},{"taxonomy":"product_tag","embeddable":true,"href":"https:\/\/znz.hu\/en\/wp-json\/wp\/v2\/product_tag?post=2622"}],"curies":[{"name":"wp","href":"https:\/\/api.w.org\/{rel}","templated":true}]}}