{"id":26136,"date":"2024-08-13T12:02:23","date_gmt":"2024-08-13T10:02:23","guid":{"rendered":"https:\/\/znz.hu\/termek\/pd240ch-hand-held-ferromagnetic-detection\/"},"modified":"2024-08-26T13:02:16","modified_gmt":"2024-08-26T11:02:16","slug":"pd240ch-hand-held-ferromagnetic-detector","status":"publish","type":"product","link":"https:\/\/znz.hu\/en\/product\/pd240ch-hand-held-ferromagnetic-detector\/","title":{"rendered":"PD240CH HAND-HELD FERROMAGNETIC DETECTOR"},"content":{"rendered":"<p>The only hand-held MRI patient screening device capable of separately detecting both ferromagnetic and non-ferromagnetic metals, the PD240CH Hand-held Patient Screener provides protection from both adverse magnetic field interaction and potential RF-induced metallic heating.<br \/>\nDesigned as a safer and more convenient than similar alternatives, the lightweight portable patient screener has three analysis modes and a control interface that can be personalized to refine analysis capabilities based on specific patient needs.<\/p>\n<p>\u2022 LARGE SEARCH AREA\u00a0 &#8211; for faster and accurate screening operations<br \/>\n\u2022 HIGH PRECISION PINPOINTING &#8211; by dual-tone audio signalling &amp; dual-colour display<br \/>\n\u2022 THREE MODES OF OPERATION &#8211; allow for high-performance ferrous detection, head or full body, or full metals detection in full body<br \/>\n\u2022 PATIENT SAFETY &#8211; Mitigates the risk of an RF burn occurring in the scanner due to either Ferrous or Non-Ferrous Metals<br \/>\n\u2022 DUAL SENSING &#8211; Separate screening for ferrous metallic items or any type of metallic item<br \/>\n\u2022 Audible, silent-vibration, and visual-magnitude alert settings<br \/>\n\u2022 Customizable interface, energy-saving mode, and sensitivity<br \/>\n\u2022 Embedded Long Life Rechargeable Batteries are renewable energy and eliminate the Operational Cost of Alkaline Batteries<\/p>\n","protected":false},"excerpt":{"rendered":"<p>The only hand-held MRI patient screening device capable of separately detecting both ferromagnetic and non-ferromagnetic metals, the PD240CH Hand-held Patient Screener provides protection from both adverse magnetic field interaction and potential RF-induced metallic heating. Designed as a safer and more convenient than similar alternatives, the lightweight portable patient screener has three analysis modes and a [&hellip;]<\/p>\n","protected":false},"featured_media":26124,"template":"","meta":{"_et_pb_use_builder":"","_et_pb_old_content":"","_et_gb_content_width":""},"product_brand":[],"product_cat":[301,584],"product_tag":[576,549,550],"class_list":{"0":"post-26136","1":"product","2":"type-product","3":"status-publish","4":"has-post-thumbnail","6":"product_cat-hand-held-metal-detectors","7":"product_cat-mri-safety","8":"product_tag-ceia-en-2","9":"product_tag-infrastruktura-vedelem-en","10":"product_tag-repuloter-en","12":"first","13":"instock","14":"shipping-taxable","15":"product-type-simple"},"yoast_head":"<!-- This site is optimized with the Yoast SEO plugin v27.5 - https:\/\/yoast.com\/product\/yoast-seo-wordpress\/ -->\n<title>PD240CH HAND-HELD FERROMAGNETIC DETECTOR - ZNZ<\/title>\n<meta name=\"description\" content=\"The only hand-held MRI patient screening device capable of separately detecting both ferromagnetic and non-ferromagnetic metals for MRI safety\" \/>\n<meta name=\"robots\" content=\"index, follow, max-snippet:-1, max-image-preview:large, max-video-preview:-1\" \/>\n<link rel=\"canonical\" href=\"https:\/\/znz.hu\/en\/product\/pd240ch-hand-held-ferromagnetic-detector\/\" \/>\n<meta property=\"og:locale\" content=\"en_US\" \/>\n<meta property=\"og:type\" content=\"article\" \/>\n<meta property=\"og:title\" content=\"PD240CH HAND-HELD FERROMAGNETIC DETECTOR - ZNZ\" \/>\n<meta property=\"og:description\" content=\"The only hand-held MRI patient screening device capable of separately detecting both ferromagnetic and non-ferromagnetic metals for MRI safety\" \/>\n<meta property=\"og:url\" content=\"https:\/\/znz.hu\/en\/product\/pd240ch-hand-held-ferromagnetic-detector\/\" \/>\n<meta property=\"og:site_name\" content=\"ZNZ\" \/>\n<meta property=\"article:modified_time\" content=\"2024-08-26T11:02:16+00:00\" \/>\n<meta property=\"og:image\" content=\"https:\/\/znz.hu\/wp-content\/uploads\/2024\/08\/bk070-1.jpg\" \/>\n\t<meta property=\"og:image:width\" content=\"600\" \/>\n\t<meta property=\"og:image:height\" content=\"600\" \/>\n\t<meta property=\"og:image:type\" content=\"image\/jpeg\" \/>\n<meta name=\"twitter:card\" content=\"summary_large_image\" \/>\n<meta name=\"twitter:label1\" content=\"Est. reading time\" \/>\n\t<meta name=\"twitter:data1\" content=\"2 minutes\" \/>\n<script type=\"application\/ld+json\" class=\"yoast-schema-graph\">{\"@context\":\"https:\\\/\\\/schema.org\",\"@graph\":[{\"@type\":\"WebPage\",\"@id\":\"https:\\\/\\\/znz.hu\\\/en\\\/product\\\/pd240ch-hand-held-ferromagnetic-detector\\\/\",\"url\":\"https:\\\/\\\/znz.hu\\\/en\\\/product\\\/pd240ch-hand-held-ferromagnetic-detector\\\/\",\"name\":\"PD240CH HAND-HELD FERROMAGNETIC DETECTOR - ZNZ\",\"isPartOf\":{\"@id\":\"https:\\\/\\\/znz.hu\\\/en\\\/#website\"},\"primaryImageOfPage\":{\"@id\":\"https:\\\/\\\/znz.hu\\\/en\\\/product\\\/pd240ch-hand-held-ferromagnetic-detector\\\/#primaryimage\"},\"image\":{\"@id\":\"https:\\\/\\\/znz.hu\\\/en\\\/product\\\/pd240ch-hand-held-ferromagnetic-detector\\\/#primaryimage\"},\"thumbnailUrl\":\"https:\\\/\\\/znz.hu\\\/wp-content\\\/uploads\\\/2024\\\/08\\\/bk070-1.jpg\",\"datePublished\":\"2024-08-13T10:02:23+00:00\",\"dateModified\":\"2024-08-26T11:02:16+00:00\",\"description\":\"The only hand-held MRI patient screening device capable of separately detecting both ferromagnetic and non-ferromagnetic metals for MRI safety\",\"breadcrumb\":{\"@id\":\"https:\\\/\\\/znz.hu\\\/en\\\/product\\\/pd240ch-hand-held-ferromagnetic-detector\\\/#breadcrumb\"},\"inLanguage\":\"en-US\",\"potentialAction\":[{\"@type\":\"ReadAction\",\"target\":[\"https:\\\/\\\/znz.hu\\\/en\\\/product\\\/pd240ch-hand-held-ferromagnetic-detector\\\/\"]}]},{\"@type\":\"ImageObject\",\"inLanguage\":\"en-US\",\"@id\":\"https:\\\/\\\/znz.hu\\\/en\\\/product\\\/pd240ch-hand-held-ferromagnetic-detector\\\/#primaryimage\",\"url\":\"https:\\\/\\\/znz.hu\\\/wp-content\\\/uploads\\\/2024\\\/08\\\/bk070-1.jpg\",\"contentUrl\":\"https:\\\/\\\/znz.hu\\\/wp-content\\\/uploads\\\/2024\\\/08\\\/bk070-1.jpg\",\"width\":600,\"height\":600,\"caption\":\"PD240CH k\u00e9zi f\u00e9mdetektor MRI el\u0151sz\u0171r\u00e9sre\"},{\"@type\":\"BreadcrumbList\",\"@id\":\"https:\\\/\\\/znz.hu\\\/en\\\/product\\\/pd240ch-hand-held-ferromagnetic-detector\\\/#breadcrumb\",\"itemListElement\":[{\"@type\":\"ListItem\",\"position\":1,\"name\":\"Kezd\u0151lap\",\"item\":\"https:\\\/\\\/znz.hu\\\/en\\\/\"},{\"@type\":\"ListItem\",\"position\":2,\"name\":\"\u00dczlet\",\"item\":\"https:\\\/\\\/znz.hu\\\/uzlet\\\/\"},{\"@type\":\"ListItem\",\"position\":3,\"name\":\"PD240CH HAND-HELD FERROMAGNETIC DETECTOR\"}]},{\"@type\":\"WebSite\",\"@id\":\"https:\\\/\\\/znz.hu\\\/en\\\/#website\",\"url\":\"https:\\\/\\\/znz.hu\\\/en\\\/\",\"name\":\"ZNZ\",\"description\":\"A vil\u00e1g vezet\u0151 v\u00e9delemtechnol\u00f3giai megold\u00e1sai teljes term\u00e9kt\u00e1mogat\u00e1ssal m\u00e1r 30 \u00e9ve.\",\"potentialAction\":[{\"@type\":\"SearchAction\",\"target\":{\"@type\":\"EntryPoint\",\"urlTemplate\":\"https:\\\/\\\/znz.hu\\\/en\\\/?s={search_term_string}\"},\"query-input\":{\"@type\":\"PropertyValueSpecification\",\"valueRequired\":true,\"valueName\":\"search_term_string\"}}],\"inLanguage\":\"en-US\"}]}<\/script>\n<!-- \/ Yoast SEO plugin. -->","yoast_head_json":{"title":"PD240CH HAND-HELD FERROMAGNETIC DETECTOR - ZNZ","description":"The only hand-held MRI patient screening device capable of separately detecting both ferromagnetic and non-ferromagnetic metals for MRI safety","robots":{"index":"index","follow":"follow","max-snippet":"max-snippet:-1","max-image-preview":"max-image-preview:large","max-video-preview":"max-video-preview:-1"},"canonical":"https:\/\/znz.hu\/en\/product\/pd240ch-hand-held-ferromagnetic-detector\/","og_locale":"en_US","og_type":"article","og_title":"PD240CH HAND-HELD FERROMAGNETIC DETECTOR - ZNZ","og_description":"The only hand-held MRI patient screening device capable of separately detecting both ferromagnetic and non-ferromagnetic metals for MRI safety","og_url":"https:\/\/znz.hu\/en\/product\/pd240ch-hand-held-ferromagnetic-detector\/","og_site_name":"ZNZ","article_modified_time":"2024-08-26T11:02:16+00:00","og_image":[{"width":600,"height":600,"url":"https:\/\/znz.hu\/wp-content\/uploads\/2024\/08\/bk070-1.jpg","type":"image\/jpeg"}],"twitter_card":"summary_large_image","twitter_misc":{"Est. reading time":"2 minutes"},"schema":{"@context":"https:\/\/schema.org","@graph":[{"@type":"WebPage","@id":"https:\/\/znz.hu\/en\/product\/pd240ch-hand-held-ferromagnetic-detector\/","url":"https:\/\/znz.hu\/en\/product\/pd240ch-hand-held-ferromagnetic-detector\/","name":"PD240CH HAND-HELD FERROMAGNETIC DETECTOR - ZNZ","isPartOf":{"@id":"https:\/\/znz.hu\/en\/#website"},"primaryImageOfPage":{"@id":"https:\/\/znz.hu\/en\/product\/pd240ch-hand-held-ferromagnetic-detector\/#primaryimage"},"image":{"@id":"https:\/\/znz.hu\/en\/product\/pd240ch-hand-held-ferromagnetic-detector\/#primaryimage"},"thumbnailUrl":"https:\/\/znz.hu\/wp-content\/uploads\/2024\/08\/bk070-1.jpg","datePublished":"2024-08-13T10:02:23+00:00","dateModified":"2024-08-26T11:02:16+00:00","description":"The only hand-held MRI patient screening device capable of separately detecting both ferromagnetic and non-ferromagnetic metals for MRI safety","breadcrumb":{"@id":"https:\/\/znz.hu\/en\/product\/pd240ch-hand-held-ferromagnetic-detector\/#breadcrumb"},"inLanguage":"en-US","potentialAction":[{"@type":"ReadAction","target":["https:\/\/znz.hu\/en\/product\/pd240ch-hand-held-ferromagnetic-detector\/"]}]},{"@type":"ImageObject","inLanguage":"en-US","@id":"https:\/\/znz.hu\/en\/product\/pd240ch-hand-held-ferromagnetic-detector\/#primaryimage","url":"https:\/\/znz.hu\/wp-content\/uploads\/2024\/08\/bk070-1.jpg","contentUrl":"https:\/\/znz.hu\/wp-content\/uploads\/2024\/08\/bk070-1.jpg","width":600,"height":600,"caption":"PD240CH k\u00e9zi f\u00e9mdetektor MRI el\u0151sz\u0171r\u00e9sre"},{"@type":"BreadcrumbList","@id":"https:\/\/znz.hu\/en\/product\/pd240ch-hand-held-ferromagnetic-detector\/#breadcrumb","itemListElement":[{"@type":"ListItem","position":1,"name":"Kezd\u0151lap","item":"https:\/\/znz.hu\/en\/"},{"@type":"ListItem","position":2,"name":"\u00dczlet","item":"https:\/\/znz.hu\/uzlet\/"},{"@type":"ListItem","position":3,"name":"PD240CH HAND-HELD FERROMAGNETIC DETECTOR"}]},{"@type":"WebSite","@id":"https:\/\/znz.hu\/en\/#website","url":"https:\/\/znz.hu\/en\/","name":"ZNZ","description":"A vil\u00e1g vezet\u0151 v\u00e9delemtechnol\u00f3giai megold\u00e1sai teljes term\u00e9kt\u00e1mogat\u00e1ssal m\u00e1r 30 \u00e9ve.","potentialAction":[{"@type":"SearchAction","target":{"@type":"EntryPoint","urlTemplate":"https:\/\/znz.hu\/en\/?s={search_term_string}"},"query-input":{"@type":"PropertyValueSpecification","valueRequired":true,"valueName":"search_term_string"}}],"inLanguage":"en-US"}]}},"_links":{"self":[{"href":"https:\/\/znz.hu\/en\/wp-json\/wp\/v2\/product\/26136","targetHints":{"allow":["GET"]}}],"collection":[{"href":"https:\/\/znz.hu\/en\/wp-json\/wp\/v2\/product"}],"about":[{"href":"https:\/\/znz.hu\/en\/wp-json\/wp\/v2\/types\/product"}],"wp:featuredmedia":[{"embeddable":true,"href":"https:\/\/znz.hu\/en\/wp-json\/wp\/v2\/media\/26124"}],"wp:attachment":[{"href":"https:\/\/znz.hu\/en\/wp-json\/wp\/v2\/media?parent=26136"}],"wp:term":[{"taxonomy":"product_brand","embeddable":true,"href":"https:\/\/znz.hu\/en\/wp-json\/wp\/v2\/product_brand?post=26136"},{"taxonomy":"product_cat","embeddable":true,"href":"https:\/\/znz.hu\/en\/wp-json\/wp\/v2\/product_cat?post=26136"},{"taxonomy":"product_tag","embeddable":true,"href":"https:\/\/znz.hu\/en\/wp-json\/wp\/v2\/product_tag?post=26136"}],"curies":[{"name":"wp","href":"https:\/\/api.w.org\/{rel}","templated":true}]}}