{"id":2611,"date":"2015-12-22T13:16:23","date_gmt":"2018-08-23T10:05:41","guid":{"rendered":"https:\/\/dev-z-and-z.pantheonsite.io\/?post_type=product&#038;p=2611"},"modified":"2018-08-28T14:34:22","modified_gmt":"2018-08-28T14:34:22","slug":"emis-mail","status":"publish","type":"product","link":"https:\/\/znz.hu\/en\/product\/emis-mail\/","title":{"rendered":"EMIS-MAIL Letter Bomb and IED Detector for mail &#038; parcel inspection"},"content":{"rendered":"<p>The EMIS-MAIL is designed to detect a wide variety of metal threat items including detonators, batteries, trigger circuits and other metal components of parcel bombs without false alarms for non-threat items such as metal staples, paper clips and metal binding spirals.<\/p>\n<p>The EMIS-MAIL is very easy to use and provides a fast and automatic alarm\/no alarm signal confirmation per each inspected package. Its compact, ergonomic design along with the electric and built-in NiMH rechargeable battery power supply allows for independent operation in a variety of locations. An optional embedded radioactive detector is also available for radioactive material threat detection.<\/p>\n<p>The EMIS-MAIL is uniquely qualified to operate in a prison or correctional facility environment with specific settings available for prison parcel inspection. Along with meeting the strictest safety and security standards, EMIS-MAIL is also compliant with the EU Regulation 185\/2010 for the inspection of letters and parcels.<\/p>\n<p>Key features of the CEIA EMIS-MAIL include:<\/p>\n<ul>\n<li>Ease of Installation and Setup<\/li>\n<li>Ease and Speed of System Use with Limited Screener Training Required<\/li>\n<li>Automatic Inspection of Parcels and Letters up to 450 mm x 75 mm<\/li>\n<li>No Calibration or Periodic Maintenance Required<\/li>\n<li>Independent Operation with Mains Power Supply or Built-in NiMH Rechargeable Batteries<\/li>\n<\/ul>\n<p>&nbsp;<\/p>\n","protected":false},"excerpt":{"rendered":"<p>The EMIS-MAIL is designed to detect a wide variety of metal threat items including detonators, batteries, trigger circuits and other metal components of parcel bombs without false alarms for non-threat items such as metal staples, paper clips and metal binding spirals. The EMIS-MAIL is very easy to use and provides a fast and automatic alarm\/no [&hellip;]<\/p>\n","protected":false},"featured_media":17028,"template":"","meta":{"_et_pb_use_builder":"","_et_pb_old_content":"","_et_gb_content_width":""},"product_brand":[],"product_cat":[242],"product_tag":[576,547,549],"class_list":{"0":"post-2611","1":"product","2":"type-product","3":"status-publish","4":"has-post-thumbnail","6":"product_cat-mail-inspection","7":"product_tag-ceia-en-2","8":"product_tag-csomagatvizsgalas-en","9":"product_tag-infrastruktura-vedelem-en","11":"first","12":"instock","13":"shipping-taxable","14":"product-type-simple"},"yoast_head":"<!-- This site is optimized with the Yoast SEO plugin v27.5 - https:\/\/yoast.com\/product\/yoast-seo-wordpress\/ -->\n<title>EMIS-MAIL Letter Bomb and IED Detector for mail &amp; parcel inspection - ZNZ<\/title>\n<meta name=\"description\" content=\"The EMIS-MAIL is designed to detect a wide variety of metal threat items including detonators, batteries, trigger circuits and other metal components of parcel bombs without false alarms for non-threat items such as metal staples, paper clips and metal binding spirals.\" \/>\n<meta name=\"robots\" content=\"index, follow, max-snippet:-1, max-image-preview:large, max-video-preview:-1\" \/>\n<link rel=\"canonical\" href=\"https:\/\/znz.hu\/en\/product\/emis-mail\/\" \/>\n<meta property=\"og:locale\" content=\"en_US\" \/>\n<meta property=\"og:type\" content=\"article\" \/>\n<meta property=\"og:title\" content=\"EMIS-MAIL Letter Bomb and IED Detector for mail &amp; parcel inspection - ZNZ\" \/>\n<meta property=\"og:description\" content=\"The EMIS-MAIL is designed to detect a wide variety of metal threat items including detonators, batteries, trigger circuits and other metal components of parcel bombs without false alarms for non-threat items such as metal staples, paper clips and metal binding spirals.\" \/>\n<meta property=\"og:url\" content=\"https:\/\/znz.hu\/en\/product\/emis-mail\/\" \/>\n<meta property=\"og:site_name\" content=\"ZNZ\" \/>\n<meta property=\"article:modified_time\" content=\"2018-08-28T14:34:22+00:00\" \/>\n<meta property=\"og:image\" content=\"https:\/\/znz.hu\/wp-content\/uploads\/2018\/08\/emis-mail-1.jpg\" \/>\n\t<meta property=\"og:image:width\" content=\"400\" \/>\n\t<meta property=\"og:image:height\" content=\"400\" \/>\n\t<meta property=\"og:image:type\" content=\"image\/jpeg\" \/>\n<meta name=\"twitter:card\" content=\"summary_large_image\" \/>\n<meta name=\"twitter:label1\" content=\"Est. reading time\" \/>\n\t<meta name=\"twitter:data1\" content=\"1 minute\" \/>\n<script type=\"application\/ld+json\" class=\"yoast-schema-graph\">{\"@context\":\"https:\\\/\\\/schema.org\",\"@graph\":[{\"@type\":\"WebPage\",\"@id\":\"https:\\\/\\\/znz.hu\\\/en\\\/product\\\/emis-mail\\\/\",\"url\":\"https:\\\/\\\/znz.hu\\\/en\\\/product\\\/emis-mail\\\/\",\"name\":\"EMIS-MAIL Letter Bomb and IED Detector for mail & parcel inspection - ZNZ\",\"isPartOf\":{\"@id\":\"https:\\\/\\\/znz.hu\\\/en\\\/#website\"},\"primaryImageOfPage\":{\"@id\":\"https:\\\/\\\/znz.hu\\\/en\\\/product\\\/emis-mail\\\/#primaryimage\"},\"image\":{\"@id\":\"https:\\\/\\\/znz.hu\\\/en\\\/product\\\/emis-mail\\\/#primaryimage\"},\"thumbnailUrl\":\"https:\\\/\\\/znz.hu\\\/wp-content\\\/uploads\\\/2018\\\/08\\\/emis-mail-1.jpg\",\"datePublished\":\"2018-08-23T10:05:41+00:00\",\"dateModified\":\"2018-08-28T14:34:22+00:00\",\"description\":\"The EMIS-MAIL is designed to detect a wide variety of metal threat items including detonators, batteries, trigger circuits and other metal components of parcel bombs without false alarms for non-threat items such as metal staples, paper clips and metal binding spirals.\",\"breadcrumb\":{\"@id\":\"https:\\\/\\\/znz.hu\\\/en\\\/product\\\/emis-mail\\\/#breadcrumb\"},\"inLanguage\":\"en-US\",\"potentialAction\":[{\"@type\":\"ReadAction\",\"target\":[\"https:\\\/\\\/znz.hu\\\/en\\\/product\\\/emis-mail\\\/\"]}]},{\"@type\":\"ImageObject\",\"inLanguage\":\"en-US\",\"@id\":\"https:\\\/\\\/znz.hu\\\/en\\\/product\\\/emis-mail\\\/#primaryimage\",\"url\":\"https:\\\/\\\/znz.hu\\\/wp-content\\\/uploads\\\/2018\\\/08\\\/emis-mail-1.jpg\",\"contentUrl\":\"https:\\\/\\\/znz.hu\\\/wp-content\\\/uploads\\\/2018\\\/08\\\/emis-mail-1.jpg\",\"width\":400,\"height\":400},{\"@type\":\"BreadcrumbList\",\"@id\":\"https:\\\/\\\/znz.hu\\\/en\\\/product\\\/emis-mail\\\/#breadcrumb\",\"itemListElement\":[{\"@type\":\"ListItem\",\"position\":1,\"name\":\"Kezd\u0151lap\",\"item\":\"https:\\\/\\\/znz.hu\\\/en\\\/\"},{\"@type\":\"ListItem\",\"position\":2,\"name\":\"\u00dczlet\",\"item\":\"https:\\\/\\\/znz.hu\\\/uzlet\\\/\"},{\"@type\":\"ListItem\",\"position\":3,\"name\":\"EMIS-MAIL Letter Bomb and IED Detector for mail &#038; parcel inspection\"}]},{\"@type\":\"WebSite\",\"@id\":\"https:\\\/\\\/znz.hu\\\/en\\\/#website\",\"url\":\"https:\\\/\\\/znz.hu\\\/en\\\/\",\"name\":\"ZNZ\",\"description\":\"A vil\u00e1g vezet\u0151 v\u00e9delemtechnol\u00f3giai megold\u00e1sai teljes term\u00e9kt\u00e1mogat\u00e1ssal m\u00e1r 30 \u00e9ve.\",\"potentialAction\":[{\"@type\":\"SearchAction\",\"target\":{\"@type\":\"EntryPoint\",\"urlTemplate\":\"https:\\\/\\\/znz.hu\\\/en\\\/?s={search_term_string}\"},\"query-input\":{\"@type\":\"PropertyValueSpecification\",\"valueRequired\":true,\"valueName\":\"search_term_string\"}}],\"inLanguage\":\"en-US\"}]}<\/script>\n<!-- \/ Yoast SEO plugin. -->","yoast_head_json":{"title":"EMIS-MAIL Letter Bomb and IED Detector for mail & parcel inspection - ZNZ","description":"The EMIS-MAIL is designed to detect a wide variety of metal threat items including detonators, batteries, trigger circuits and other metal components of parcel bombs without false alarms for non-threat items such as metal staples, paper clips and metal binding spirals.","robots":{"index":"index","follow":"follow","max-snippet":"max-snippet:-1","max-image-preview":"max-image-preview:large","max-video-preview":"max-video-preview:-1"},"canonical":"https:\/\/znz.hu\/en\/product\/emis-mail\/","og_locale":"en_US","og_type":"article","og_title":"EMIS-MAIL Letter Bomb and IED Detector for mail & parcel inspection - ZNZ","og_description":"The EMIS-MAIL is designed to detect a wide variety of metal threat items including detonators, batteries, trigger circuits and other metal components of parcel bombs without false alarms for non-threat items such as metal staples, paper clips and metal binding spirals.","og_url":"https:\/\/znz.hu\/en\/product\/emis-mail\/","og_site_name":"ZNZ","article_modified_time":"2018-08-28T14:34:22+00:00","og_image":[{"width":400,"height":400,"url":"https:\/\/znz.hu\/wp-content\/uploads\/2018\/08\/emis-mail-1.jpg","type":"image\/jpeg"}],"twitter_card":"summary_large_image","twitter_misc":{"Est. reading time":"1 minute"},"schema":{"@context":"https:\/\/schema.org","@graph":[{"@type":"WebPage","@id":"https:\/\/znz.hu\/en\/product\/emis-mail\/","url":"https:\/\/znz.hu\/en\/product\/emis-mail\/","name":"EMIS-MAIL Letter Bomb and IED Detector for mail & parcel inspection - ZNZ","isPartOf":{"@id":"https:\/\/znz.hu\/en\/#website"},"primaryImageOfPage":{"@id":"https:\/\/znz.hu\/en\/product\/emis-mail\/#primaryimage"},"image":{"@id":"https:\/\/znz.hu\/en\/product\/emis-mail\/#primaryimage"},"thumbnailUrl":"https:\/\/znz.hu\/wp-content\/uploads\/2018\/08\/emis-mail-1.jpg","datePublished":"2018-08-23T10:05:41+00:00","dateModified":"2018-08-28T14:34:22+00:00","description":"The EMIS-MAIL is designed to detect a wide variety of metal threat items including detonators, batteries, trigger circuits and other metal components of parcel bombs without false alarms for non-threat items such as metal staples, paper clips and metal binding spirals.","breadcrumb":{"@id":"https:\/\/znz.hu\/en\/product\/emis-mail\/#breadcrumb"},"inLanguage":"en-US","potentialAction":[{"@type":"ReadAction","target":["https:\/\/znz.hu\/en\/product\/emis-mail\/"]}]},{"@type":"ImageObject","inLanguage":"en-US","@id":"https:\/\/znz.hu\/en\/product\/emis-mail\/#primaryimage","url":"https:\/\/znz.hu\/wp-content\/uploads\/2018\/08\/emis-mail-1.jpg","contentUrl":"https:\/\/znz.hu\/wp-content\/uploads\/2018\/08\/emis-mail-1.jpg","width":400,"height":400},{"@type":"BreadcrumbList","@id":"https:\/\/znz.hu\/en\/product\/emis-mail\/#breadcrumb","itemListElement":[{"@type":"ListItem","position":1,"name":"Kezd\u0151lap","item":"https:\/\/znz.hu\/en\/"},{"@type":"ListItem","position":2,"name":"\u00dczlet","item":"https:\/\/znz.hu\/uzlet\/"},{"@type":"ListItem","position":3,"name":"EMIS-MAIL Letter Bomb and IED Detector for mail &#038; parcel inspection"}]},{"@type":"WebSite","@id":"https:\/\/znz.hu\/en\/#website","url":"https:\/\/znz.hu\/en\/","name":"ZNZ","description":"A vil\u00e1g vezet\u0151 v\u00e9delemtechnol\u00f3giai megold\u00e1sai teljes term\u00e9kt\u00e1mogat\u00e1ssal m\u00e1r 30 \u00e9ve.","potentialAction":[{"@type":"SearchAction","target":{"@type":"EntryPoint","urlTemplate":"https:\/\/znz.hu\/en\/?s={search_term_string}"},"query-input":{"@type":"PropertyValueSpecification","valueRequired":true,"valueName":"search_term_string"}}],"inLanguage":"en-US"}]}},"_links":{"self":[{"href":"https:\/\/znz.hu\/en\/wp-json\/wp\/v2\/product\/2611","targetHints":{"allow":["GET"]}}],"collection":[{"href":"https:\/\/znz.hu\/en\/wp-json\/wp\/v2\/product"}],"about":[{"href":"https:\/\/znz.hu\/en\/wp-json\/wp\/v2\/types\/product"}],"wp:featuredmedia":[{"embeddable":true,"href":"https:\/\/znz.hu\/en\/wp-json\/wp\/v2\/media\/17028"}],"wp:attachment":[{"href":"https:\/\/znz.hu\/en\/wp-json\/wp\/v2\/media?parent=2611"}],"wp:term":[{"taxonomy":"product_brand","embeddable":true,"href":"https:\/\/znz.hu\/en\/wp-json\/wp\/v2\/product_brand?post=2611"},{"taxonomy":"product_cat","embeddable":true,"href":"https:\/\/znz.hu\/en\/wp-json\/wp\/v2\/product_cat?post=2611"},{"taxonomy":"product_tag","embeddable":true,"href":"https:\/\/znz.hu\/en\/wp-json\/wp\/v2\/product_tag?post=2611"}],"curies":[{"name":"wp","href":"https:\/\/api.w.org\/{rel}","templated":true}]}}