{"id":2599,"date":"2015-12-18T15:05:42","date_gmt":"2018-08-22T08:42:51","guid":{"rendered":"https:\/\/dev-z-and-z.pantheonsite.io\/?post_type=product&#038;p=2599"},"modified":"2018-08-22T08:42:51","modified_gmt":"2018-08-22T08:42:51","slug":"hi-scan-100100t-2is-dual-view-scanner-for-large-objects","status":"publish","type":"product","link":"https:\/\/znz.hu\/en\/product\/hi-scan-100100t-2is-dual-view-scanner-for-large-objects\/","title":{"rendered":"HI-SCAN 100100T-2is Dual-view scanner for large objects"},"content":{"rendered":"<p>&nbsp;<\/p>\n<ul>\n<li>Optional lithium battery detection<\/li>\n<li>Ideal for inspecting oversized baggage and freight<\/li>\n<li>Dual-view shortens inspection times<\/li>\n<li>Low conveyor belt height allows for easy handling<\/li>\n<li>Maximum load of 220 kg<\/li>\n<li>HI-MAT Plus technology for better material distinction<\/li>\n<li>Typical penetration: 35 mm of steel (view 2), 37 mm (view 1)<\/li>\n<\/ul>\n<p>&nbsp;<\/p>\n<p>Equipped with two generators arranged at a 90\u00b0 angle to each other, the HI-SCAN 100100T-2is provides Dual-view screening of objects up to 100 x 100 cm (39 x 39 in). The Dual-view screening mode provides reliable inspection of tightly packed objects in a single process, while shortening inspection times and increasing the effectiveness of the procedure.<\/p>\n<p>With the low installation height of the HI-SCAN 100100T-2is conveyor belt, it is simple to connect supplementary feed and\/or discharge conveyor systems for heavy freight.<\/p>\n<p>Following IATA\u2019s recommendations regarding Dangerous Goods, the HI-SCAN 100100V-2is is also available with an option for detecting lithium batteries. Already proven and well-established in the field, the HI-SCAN 100100 series is the first in our range to offer this option, which will be available on other scanners soon.<\/p>\n<p>&nbsp;<\/p>\n","protected":false},"excerpt":{"rendered":"<p>&nbsp; Optional lithium battery detection Ideal for inspecting oversized baggage and freight Dual-view shortens inspection times Low conveyor belt height allows for easy handling Maximum load of 220 kg HI-MAT Plus technology for better material distinction Typical penetration: 35 mm of steel (view 2), 37 mm (view 1) &nbsp; Equipped with two generators arranged at [&hellip;]<\/p>\n","protected":false},"featured_media":16756,"template":"","meta":{"_et_pb_use_builder":"","_et_pb_old_content":"","_et_gb_content_width":""},"product_brand":[],"product_cat":[266],"product_tag":[547,549,550,548,551,552],"class_list":{"0":"post-2599","1":"product","2":"type-product","3":"status-publish","4":"has-post-thumbnail","6":"product_cat-cargo-screening","7":"product_tag-csomagatvizsgalas-en","8":"product_tag-infrastruktura-vedelem-en","9":"product_tag-repuloter-en","10":"product_tag-rontgenberendezes-en","11":"product_tag-smiths-detection-en-2","12":"product_tag-smiths-heimann-en-2","14":"first","15":"instock","16":"shipping-taxable","17":"product-type-simple"},"yoast_head":"<!-- This site is optimized with the Yoast SEO plugin v27.5 - https:\/\/yoast.com\/product\/yoast-seo-wordpress\/ -->\n<title>HI-SCAN 100100T-2is Dual-view scanner for large objects - ZNZ<\/title>\n<meta name=\"description\" content=\"The HI-SCAN 100100T-2is provides Dual-view screening of objects up to 100 x 100 cm (39 x 39 in).\" \/>\n<meta name=\"robots\" content=\"index, follow, max-snippet:-1, max-image-preview:large, max-video-preview:-1\" \/>\n<link rel=\"canonical\" href=\"https:\/\/znz.hu\/en\/product\/hi-scan-100100t-2is-dual-view-scanner-for-large-objects\/\" \/>\n<meta property=\"og:locale\" content=\"en_US\" \/>\n<meta property=\"og:type\" content=\"article\" \/>\n<meta property=\"og:title\" content=\"HI-SCAN 100100T-2is Dual-view scanner for large objects - ZNZ\" \/>\n<meta property=\"og:description\" content=\"The HI-SCAN 100100T-2is provides Dual-view screening of objects up to 100 x 100 cm (39 x 39 in).\" \/>\n<meta property=\"og:url\" content=\"https:\/\/znz.hu\/en\/product\/hi-scan-100100t-2is-dual-view-scanner-for-large-objects\/\" \/>\n<meta property=\"og:site_name\" content=\"ZNZ\" \/>\n<meta property=\"og:image\" content=\"https:\/\/znz.hu\/wp-content\/uploads\/2015\/12\/100100T_csomagatvizsgalo_rontgenberendezes1.jpg\" \/>\n\t<meta property=\"og:image:width\" content=\"500\" \/>\n\t<meta property=\"og:image:height\" content=\"500\" \/>\n\t<meta property=\"og:image:type\" content=\"image\/jpeg\" \/>\n<meta name=\"twitter:card\" content=\"summary_large_image\" \/>\n<meta name=\"twitter:label1\" content=\"Est. reading time\" \/>\n\t<meta name=\"twitter:data1\" content=\"1 minute\" \/>\n<script type=\"application\/ld+json\" class=\"yoast-schema-graph\">{\"@context\":\"https:\\\/\\\/schema.org\",\"@graph\":[{\"@type\":\"WebPage\",\"@id\":\"https:\\\/\\\/znz.hu\\\/en\\\/product\\\/hi-scan-100100t-2is-dual-view-scanner-for-large-objects\\\/\",\"url\":\"https:\\\/\\\/znz.hu\\\/en\\\/product\\\/hi-scan-100100t-2is-dual-view-scanner-for-large-objects\\\/\",\"name\":\"HI-SCAN 100100T-2is Dual-view scanner for large objects - ZNZ\",\"isPartOf\":{\"@id\":\"https:\\\/\\\/znz.hu\\\/en\\\/#website\"},\"primaryImageOfPage\":{\"@id\":\"https:\\\/\\\/znz.hu\\\/en\\\/product\\\/hi-scan-100100t-2is-dual-view-scanner-for-large-objects\\\/#primaryimage\"},\"image\":{\"@id\":\"https:\\\/\\\/znz.hu\\\/en\\\/product\\\/hi-scan-100100t-2is-dual-view-scanner-for-large-objects\\\/#primaryimage\"},\"thumbnailUrl\":\"https:\\\/\\\/znz.hu\\\/wp-content\\\/uploads\\\/2015\\\/12\\\/100100T_csomagatvizsgalo_rontgenberendezes1.jpg\",\"datePublished\":\"2018-08-22T08:42:51+00:00\",\"description\":\"The HI-SCAN 100100T-2is provides Dual-view screening of objects up to 100 x 100 cm (39 x 39 in).\",\"breadcrumb\":{\"@id\":\"https:\\\/\\\/znz.hu\\\/en\\\/product\\\/hi-scan-100100t-2is-dual-view-scanner-for-large-objects\\\/#breadcrumb\"},\"inLanguage\":\"en-US\",\"potentialAction\":[{\"@type\":\"ReadAction\",\"target\":[\"https:\\\/\\\/znz.hu\\\/en\\\/product\\\/hi-scan-100100t-2is-dual-view-scanner-for-large-objects\\\/\"]}]},{\"@type\":\"ImageObject\",\"inLanguage\":\"en-US\",\"@id\":\"https:\\\/\\\/znz.hu\\\/en\\\/product\\\/hi-scan-100100t-2is-dual-view-scanner-for-large-objects\\\/#primaryimage\",\"url\":\"https:\\\/\\\/znz.hu\\\/wp-content\\\/uploads\\\/2015\\\/12\\\/100100T_csomagatvizsgalo_rontgenberendezes1.jpg\",\"contentUrl\":\"https:\\\/\\\/znz.hu\\\/wp-content\\\/uploads\\\/2015\\\/12\\\/100100T_csomagatvizsgalo_rontgenberendezes1.jpg\",\"width\":500,\"height\":500},{\"@type\":\"BreadcrumbList\",\"@id\":\"https:\\\/\\\/znz.hu\\\/en\\\/product\\\/hi-scan-100100t-2is-dual-view-scanner-for-large-objects\\\/#breadcrumb\",\"itemListElement\":[{\"@type\":\"ListItem\",\"position\":1,\"name\":\"Kezd\u0151lap\",\"item\":\"https:\\\/\\\/znz.hu\\\/en\\\/\"},{\"@type\":\"ListItem\",\"position\":2,\"name\":\"\u00dczlet\",\"item\":\"https:\\\/\\\/znz.hu\\\/uzlet\\\/\"},{\"@type\":\"ListItem\",\"position\":3,\"name\":\"HI-SCAN 100100T-2is Dual-view scanner for large objects\"}]},{\"@type\":\"WebSite\",\"@id\":\"https:\\\/\\\/znz.hu\\\/en\\\/#website\",\"url\":\"https:\\\/\\\/znz.hu\\\/en\\\/\",\"name\":\"ZNZ\",\"description\":\"A vil\u00e1g vezet\u0151 v\u00e9delemtechnol\u00f3giai megold\u00e1sai teljes term\u00e9kt\u00e1mogat\u00e1ssal m\u00e1r 30 \u00e9ve.\",\"potentialAction\":[{\"@type\":\"SearchAction\",\"target\":{\"@type\":\"EntryPoint\",\"urlTemplate\":\"https:\\\/\\\/znz.hu\\\/en\\\/?s={search_term_string}\"},\"query-input\":{\"@type\":\"PropertyValueSpecification\",\"valueRequired\":true,\"valueName\":\"search_term_string\"}}],\"inLanguage\":\"en-US\"}]}<\/script>\n<!-- \/ Yoast SEO plugin. -->","yoast_head_json":{"title":"HI-SCAN 100100T-2is Dual-view scanner for large objects - ZNZ","description":"The HI-SCAN 100100T-2is provides Dual-view screening of objects up to 100 x 100 cm (39 x 39 in).","robots":{"index":"index","follow":"follow","max-snippet":"max-snippet:-1","max-image-preview":"max-image-preview:large","max-video-preview":"max-video-preview:-1"},"canonical":"https:\/\/znz.hu\/en\/product\/hi-scan-100100t-2is-dual-view-scanner-for-large-objects\/","og_locale":"en_US","og_type":"article","og_title":"HI-SCAN 100100T-2is Dual-view scanner for large objects - ZNZ","og_description":"The HI-SCAN 100100T-2is provides Dual-view screening of objects up to 100 x 100 cm (39 x 39 in).","og_url":"https:\/\/znz.hu\/en\/product\/hi-scan-100100t-2is-dual-view-scanner-for-large-objects\/","og_site_name":"ZNZ","og_image":[{"width":500,"height":500,"url":"https:\/\/znz.hu\/wp-content\/uploads\/2015\/12\/100100T_csomagatvizsgalo_rontgenberendezes1.jpg","type":"image\/jpeg"}],"twitter_card":"summary_large_image","twitter_misc":{"Est. reading time":"1 minute"},"schema":{"@context":"https:\/\/schema.org","@graph":[{"@type":"WebPage","@id":"https:\/\/znz.hu\/en\/product\/hi-scan-100100t-2is-dual-view-scanner-for-large-objects\/","url":"https:\/\/znz.hu\/en\/product\/hi-scan-100100t-2is-dual-view-scanner-for-large-objects\/","name":"HI-SCAN 100100T-2is Dual-view scanner for large objects - ZNZ","isPartOf":{"@id":"https:\/\/znz.hu\/en\/#website"},"primaryImageOfPage":{"@id":"https:\/\/znz.hu\/en\/product\/hi-scan-100100t-2is-dual-view-scanner-for-large-objects\/#primaryimage"},"image":{"@id":"https:\/\/znz.hu\/en\/product\/hi-scan-100100t-2is-dual-view-scanner-for-large-objects\/#primaryimage"},"thumbnailUrl":"https:\/\/znz.hu\/wp-content\/uploads\/2015\/12\/100100T_csomagatvizsgalo_rontgenberendezes1.jpg","datePublished":"2018-08-22T08:42:51+00:00","description":"The HI-SCAN 100100T-2is provides Dual-view screening of objects up to 100 x 100 cm (39 x 39 in).","breadcrumb":{"@id":"https:\/\/znz.hu\/en\/product\/hi-scan-100100t-2is-dual-view-scanner-for-large-objects\/#breadcrumb"},"inLanguage":"en-US","potentialAction":[{"@type":"ReadAction","target":["https:\/\/znz.hu\/en\/product\/hi-scan-100100t-2is-dual-view-scanner-for-large-objects\/"]}]},{"@type":"ImageObject","inLanguage":"en-US","@id":"https:\/\/znz.hu\/en\/product\/hi-scan-100100t-2is-dual-view-scanner-for-large-objects\/#primaryimage","url":"https:\/\/znz.hu\/wp-content\/uploads\/2015\/12\/100100T_csomagatvizsgalo_rontgenberendezes1.jpg","contentUrl":"https:\/\/znz.hu\/wp-content\/uploads\/2015\/12\/100100T_csomagatvizsgalo_rontgenberendezes1.jpg","width":500,"height":500},{"@type":"BreadcrumbList","@id":"https:\/\/znz.hu\/en\/product\/hi-scan-100100t-2is-dual-view-scanner-for-large-objects\/#breadcrumb","itemListElement":[{"@type":"ListItem","position":1,"name":"Kezd\u0151lap","item":"https:\/\/znz.hu\/en\/"},{"@type":"ListItem","position":2,"name":"\u00dczlet","item":"https:\/\/znz.hu\/uzlet\/"},{"@type":"ListItem","position":3,"name":"HI-SCAN 100100T-2is Dual-view scanner for large objects"}]},{"@type":"WebSite","@id":"https:\/\/znz.hu\/en\/#website","url":"https:\/\/znz.hu\/en\/","name":"ZNZ","description":"A vil\u00e1g vezet\u0151 v\u00e9delemtechnol\u00f3giai megold\u00e1sai teljes term\u00e9kt\u00e1mogat\u00e1ssal m\u00e1r 30 \u00e9ve.","potentialAction":[{"@type":"SearchAction","target":{"@type":"EntryPoint","urlTemplate":"https:\/\/znz.hu\/en\/?s={search_term_string}"},"query-input":{"@type":"PropertyValueSpecification","valueRequired":true,"valueName":"search_term_string"}}],"inLanguage":"en-US"}]}},"_links":{"self":[{"href":"https:\/\/znz.hu\/en\/wp-json\/wp\/v2\/product\/2599","targetHints":{"allow":["GET"]}}],"collection":[{"href":"https:\/\/znz.hu\/en\/wp-json\/wp\/v2\/product"}],"about":[{"href":"https:\/\/znz.hu\/en\/wp-json\/wp\/v2\/types\/product"}],"wp:featuredmedia":[{"embeddable":true,"href":"https:\/\/znz.hu\/en\/wp-json\/wp\/v2\/media\/16756"}],"wp:attachment":[{"href":"https:\/\/znz.hu\/en\/wp-json\/wp\/v2\/media?parent=2599"}],"wp:term":[{"taxonomy":"product_brand","embeddable":true,"href":"https:\/\/znz.hu\/en\/wp-json\/wp\/v2\/product_brand?post=2599"},{"taxonomy":"product_cat","embeddable":true,"href":"https:\/\/znz.hu\/en\/wp-json\/wp\/v2\/product_cat?post=2599"},{"taxonomy":"product_tag","embeddable":true,"href":"https:\/\/znz.hu\/en\/wp-json\/wp\/v2\/product_tag?post=2599"}],"curies":[{"name":"wp","href":"https:\/\/api.w.org\/{rel}","templated":true}]}}