{"id":2595,"date":"2015-12-18T15:04:30","date_gmt":"2018-08-22T08:24:20","guid":{"rendered":"https:\/\/dev-z-and-z.pantheonsite.io\/?post_type=product&#038;p=2595"},"modified":"2018-08-22T08:24:21","modified_gmt":"2018-08-22T08:24:21","slug":"hi-scan-100100v-break-bulk-cargo-scanner","status":"publish","type":"product","link":"https:\/\/znz.hu\/en\/product\/hi-scan-100100v-break-bulk-cargo-scanner\/","title":{"rendered":"HI-SCAN 100100V Break-bulk cargo scanner"},"content":{"rendered":"<p>&nbsp;<\/p>\n<ul>\n<li>Universal X-ray system for largest variety of item dimensions<\/li>\n<li>Excellent image presentation thanks to optimal X-ray geometry<\/li>\n<li>Outstanding image quality thanks to HiTraX electronics<\/li>\n<li>Bottom shooter imager generation<\/li>\n<li>Wire detectability AWG 38<\/li>\n<li>New HI-MAT Plus technology for better material discrimination<\/li>\n<\/ul>\n<p>&nbsp;<\/p>\n<p>The HI-SCAN 100100V is a compact X-ray security screening system with tunnel dimensions of 100 cm by 100 cm.<\/p>\n<p>Designed for facilities requiring high security screening of items with a large range of dimensions.<\/p>\n<p>It permits the inspection of bulky as well as small items without any loss of X-ray image quality, and is designed to meet the needs and applications of airports, customs facilities, transportation operations, carriers and parcel services.<\/p>\n<p>&nbsp;<\/p>\n","protected":false},"excerpt":{"rendered":"<p>&nbsp; Universal X-ray system for largest variety of item dimensions Excellent image presentation thanks to optimal X-ray geometry Outstanding image quality thanks to HiTraX electronics Bottom shooter imager generation Wire detectability AWG 38 New HI-MAT Plus technology for better material discrimination &nbsp; The HI-SCAN 100100V is a compact X-ray security screening system with tunnel dimensions [&hellip;]<\/p>\n","protected":false},"featured_media":17889,"template":"","meta":{"_et_pb_use_builder":"","_et_pb_old_content":"","_et_gb_content_width":""},"product_brand":[],"product_cat":[266],"product_tag":[547,549,550,548,551,552],"class_list":{"0":"post-2595","1":"product","2":"type-product","3":"status-publish","4":"has-post-thumbnail","6":"product_cat-cargo-screening","7":"product_tag-csomagatvizsgalas-en","8":"product_tag-infrastruktura-vedelem-en","9":"product_tag-repuloter-en","10":"product_tag-rontgenberendezes-en","11":"product_tag-smiths-detection-en-2","12":"product_tag-smiths-heimann-en-2","14":"first","15":"instock","16":"shipping-taxable","17":"product-type-simple"},"yoast_head":"<!-- This site is optimized with the Yoast SEO plugin v27.5 - https:\/\/yoast.com\/product\/yoast-seo-wordpress\/ -->\n<title>HI-SCAN 100100V Break-bulk cargo scanner - ZNZ<\/title>\n<meta name=\"description\" content=\"The HI-SCAN 100100V is a compact X-ray security screening system with tunnel dimensions of 100 cm by 100 cm.\" \/>\n<meta name=\"robots\" content=\"index, follow, max-snippet:-1, max-image-preview:large, max-video-preview:-1\" \/>\n<link rel=\"canonical\" href=\"https:\/\/znz.hu\/en\/product\/hi-scan-100100v-break-bulk-cargo-scanner\/\" \/>\n<meta property=\"og:locale\" content=\"en_US\" \/>\n<meta property=\"og:type\" content=\"article\" \/>\n<meta property=\"og:title\" content=\"HI-SCAN 100100V Break-bulk cargo scanner - ZNZ\" \/>\n<meta property=\"og:description\" content=\"The HI-SCAN 100100V is a compact X-ray security screening system with tunnel dimensions of 100 cm by 100 cm.\" \/>\n<meta property=\"og:url\" content=\"https:\/\/znz.hu\/en\/product\/hi-scan-100100v-break-bulk-cargo-scanner\/\" \/>\n<meta property=\"og:site_name\" content=\"ZNZ\" \/>\n<meta property=\"article:modified_time\" content=\"2018-08-22T08:24:21+00:00\" \/>\n<meta property=\"og:image\" content=\"https:\/\/znz.hu\/wp-content\/uploads\/2015\/12\/100100V_1000x1000_Rajztabla-1.jpg\" \/>\n\t<meta property=\"og:image:width\" content=\"2084\" \/>\n\t<meta property=\"og:image:height\" content=\"2084\" \/>\n\t<meta property=\"og:image:type\" content=\"image\/jpeg\" \/>\n<meta name=\"twitter:card\" content=\"summary_large_image\" \/>\n<meta name=\"twitter:label1\" content=\"Est. reading time\" \/>\n\t<meta name=\"twitter:data1\" content=\"1 minute\" \/>\n<script type=\"application\/ld+json\" class=\"yoast-schema-graph\">{\"@context\":\"https:\\\/\\\/schema.org\",\"@graph\":[{\"@type\":\"WebPage\",\"@id\":\"https:\\\/\\\/znz.hu\\\/en\\\/product\\\/hi-scan-100100v-break-bulk-cargo-scanner\\\/\",\"url\":\"https:\\\/\\\/znz.hu\\\/en\\\/product\\\/hi-scan-100100v-break-bulk-cargo-scanner\\\/\",\"name\":\"HI-SCAN 100100V Break-bulk cargo scanner - ZNZ\",\"isPartOf\":{\"@id\":\"https:\\\/\\\/znz.hu\\\/en\\\/#website\"},\"primaryImageOfPage\":{\"@id\":\"https:\\\/\\\/znz.hu\\\/en\\\/product\\\/hi-scan-100100v-break-bulk-cargo-scanner\\\/#primaryimage\"},\"image\":{\"@id\":\"https:\\\/\\\/znz.hu\\\/en\\\/product\\\/hi-scan-100100v-break-bulk-cargo-scanner\\\/#primaryimage\"},\"thumbnailUrl\":\"https:\\\/\\\/znz.hu\\\/wp-content\\\/uploads\\\/2015\\\/12\\\/100100V_1000x1000_Rajztabla-1.jpg\",\"datePublished\":\"2018-08-22T08:24:20+00:00\",\"dateModified\":\"2018-08-22T08:24:21+00:00\",\"description\":\"The HI-SCAN 100100V is a compact X-ray security screening system with tunnel dimensions of 100 cm by 100 cm.\",\"breadcrumb\":{\"@id\":\"https:\\\/\\\/znz.hu\\\/en\\\/product\\\/hi-scan-100100v-break-bulk-cargo-scanner\\\/#breadcrumb\"},\"inLanguage\":\"en-US\",\"potentialAction\":[{\"@type\":\"ReadAction\",\"target\":[\"https:\\\/\\\/znz.hu\\\/en\\\/product\\\/hi-scan-100100v-break-bulk-cargo-scanner\\\/\"]}]},{\"@type\":\"ImageObject\",\"inLanguage\":\"en-US\",\"@id\":\"https:\\\/\\\/znz.hu\\\/en\\\/product\\\/hi-scan-100100v-break-bulk-cargo-scanner\\\/#primaryimage\",\"url\":\"https:\\\/\\\/znz.hu\\\/wp-content\\\/uploads\\\/2015\\\/12\\\/100100V_1000x1000_Rajztabla-1.jpg\",\"contentUrl\":\"https:\\\/\\\/znz.hu\\\/wp-content\\\/uploads\\\/2015\\\/12\\\/100100V_1000x1000_Rajztabla-1.jpg\",\"width\":2084,\"height\":2084,\"caption\":\"Smiths Detection HS 100100V csomagvizsg\u00e1l\u00f3 r\u00f6ntgen\"},{\"@type\":\"BreadcrumbList\",\"@id\":\"https:\\\/\\\/znz.hu\\\/en\\\/product\\\/hi-scan-100100v-break-bulk-cargo-scanner\\\/#breadcrumb\",\"itemListElement\":[{\"@type\":\"ListItem\",\"position\":1,\"name\":\"Kezd\u0151lap\",\"item\":\"https:\\\/\\\/znz.hu\\\/en\\\/\"},{\"@type\":\"ListItem\",\"position\":2,\"name\":\"\u00dczlet\",\"item\":\"https:\\\/\\\/znz.hu\\\/uzlet\\\/\"},{\"@type\":\"ListItem\",\"position\":3,\"name\":\"HI-SCAN 100100V Break-bulk cargo scanner\"}]},{\"@type\":\"WebSite\",\"@id\":\"https:\\\/\\\/znz.hu\\\/en\\\/#website\",\"url\":\"https:\\\/\\\/znz.hu\\\/en\\\/\",\"name\":\"ZNZ\",\"description\":\"A vil\u00e1g vezet\u0151 v\u00e9delemtechnol\u00f3giai megold\u00e1sai teljes term\u00e9kt\u00e1mogat\u00e1ssal m\u00e1r 30 \u00e9ve.\",\"potentialAction\":[{\"@type\":\"SearchAction\",\"target\":{\"@type\":\"EntryPoint\",\"urlTemplate\":\"https:\\\/\\\/znz.hu\\\/en\\\/?s={search_term_string}\"},\"query-input\":{\"@type\":\"PropertyValueSpecification\",\"valueRequired\":true,\"valueName\":\"search_term_string\"}}],\"inLanguage\":\"en-US\"}]}<\/script>\n<!-- \/ Yoast SEO plugin. -->","yoast_head_json":{"title":"HI-SCAN 100100V Break-bulk cargo scanner - ZNZ","description":"The HI-SCAN 100100V is a compact X-ray security screening system with tunnel dimensions of 100 cm by 100 cm.","robots":{"index":"index","follow":"follow","max-snippet":"max-snippet:-1","max-image-preview":"max-image-preview:large","max-video-preview":"max-video-preview:-1"},"canonical":"https:\/\/znz.hu\/en\/product\/hi-scan-100100v-break-bulk-cargo-scanner\/","og_locale":"en_US","og_type":"article","og_title":"HI-SCAN 100100V Break-bulk cargo scanner - ZNZ","og_description":"The HI-SCAN 100100V is a compact X-ray security screening system with tunnel dimensions of 100 cm by 100 cm.","og_url":"https:\/\/znz.hu\/en\/product\/hi-scan-100100v-break-bulk-cargo-scanner\/","og_site_name":"ZNZ","article_modified_time":"2018-08-22T08:24:21+00:00","og_image":[{"width":2084,"height":2084,"url":"https:\/\/znz.hu\/wp-content\/uploads\/2015\/12\/100100V_1000x1000_Rajztabla-1.jpg","type":"image\/jpeg"}],"twitter_card":"summary_large_image","twitter_misc":{"Est. reading time":"1 minute"},"schema":{"@context":"https:\/\/schema.org","@graph":[{"@type":"WebPage","@id":"https:\/\/znz.hu\/en\/product\/hi-scan-100100v-break-bulk-cargo-scanner\/","url":"https:\/\/znz.hu\/en\/product\/hi-scan-100100v-break-bulk-cargo-scanner\/","name":"HI-SCAN 100100V Break-bulk cargo scanner - ZNZ","isPartOf":{"@id":"https:\/\/znz.hu\/en\/#website"},"primaryImageOfPage":{"@id":"https:\/\/znz.hu\/en\/product\/hi-scan-100100v-break-bulk-cargo-scanner\/#primaryimage"},"image":{"@id":"https:\/\/znz.hu\/en\/product\/hi-scan-100100v-break-bulk-cargo-scanner\/#primaryimage"},"thumbnailUrl":"https:\/\/znz.hu\/wp-content\/uploads\/2015\/12\/100100V_1000x1000_Rajztabla-1.jpg","datePublished":"2018-08-22T08:24:20+00:00","dateModified":"2018-08-22T08:24:21+00:00","description":"The HI-SCAN 100100V is a compact X-ray security screening system with tunnel dimensions of 100 cm by 100 cm.","breadcrumb":{"@id":"https:\/\/znz.hu\/en\/product\/hi-scan-100100v-break-bulk-cargo-scanner\/#breadcrumb"},"inLanguage":"en-US","potentialAction":[{"@type":"ReadAction","target":["https:\/\/znz.hu\/en\/product\/hi-scan-100100v-break-bulk-cargo-scanner\/"]}]},{"@type":"ImageObject","inLanguage":"en-US","@id":"https:\/\/znz.hu\/en\/product\/hi-scan-100100v-break-bulk-cargo-scanner\/#primaryimage","url":"https:\/\/znz.hu\/wp-content\/uploads\/2015\/12\/100100V_1000x1000_Rajztabla-1.jpg","contentUrl":"https:\/\/znz.hu\/wp-content\/uploads\/2015\/12\/100100V_1000x1000_Rajztabla-1.jpg","width":2084,"height":2084,"caption":"Smiths Detection HS 100100V csomagvizsg\u00e1l\u00f3 r\u00f6ntgen"},{"@type":"BreadcrumbList","@id":"https:\/\/znz.hu\/en\/product\/hi-scan-100100v-break-bulk-cargo-scanner\/#breadcrumb","itemListElement":[{"@type":"ListItem","position":1,"name":"Kezd\u0151lap","item":"https:\/\/znz.hu\/en\/"},{"@type":"ListItem","position":2,"name":"\u00dczlet","item":"https:\/\/znz.hu\/uzlet\/"},{"@type":"ListItem","position":3,"name":"HI-SCAN 100100V Break-bulk cargo scanner"}]},{"@type":"WebSite","@id":"https:\/\/znz.hu\/en\/#website","url":"https:\/\/znz.hu\/en\/","name":"ZNZ","description":"A vil\u00e1g vezet\u0151 v\u00e9delemtechnol\u00f3giai megold\u00e1sai teljes term\u00e9kt\u00e1mogat\u00e1ssal m\u00e1r 30 \u00e9ve.","potentialAction":[{"@type":"SearchAction","target":{"@type":"EntryPoint","urlTemplate":"https:\/\/znz.hu\/en\/?s={search_term_string}"},"query-input":{"@type":"PropertyValueSpecification","valueRequired":true,"valueName":"search_term_string"}}],"inLanguage":"en-US"}]}},"_links":{"self":[{"href":"https:\/\/znz.hu\/en\/wp-json\/wp\/v2\/product\/2595","targetHints":{"allow":["GET"]}}],"collection":[{"href":"https:\/\/znz.hu\/en\/wp-json\/wp\/v2\/product"}],"about":[{"href":"https:\/\/znz.hu\/en\/wp-json\/wp\/v2\/types\/product"}],"wp:featuredmedia":[{"embeddable":true,"href":"https:\/\/znz.hu\/en\/wp-json\/wp\/v2\/media\/17889"}],"wp:attachment":[{"href":"https:\/\/znz.hu\/en\/wp-json\/wp\/v2\/media?parent=2595"}],"wp:term":[{"taxonomy":"product_brand","embeddable":true,"href":"https:\/\/znz.hu\/en\/wp-json\/wp\/v2\/product_brand?post=2595"},{"taxonomy":"product_cat","embeddable":true,"href":"https:\/\/znz.hu\/en\/wp-json\/wp\/v2\/product_cat?post=2595"},{"taxonomy":"product_tag","embeddable":true,"href":"https:\/\/znz.hu\/en\/wp-json\/wp\/v2\/product_tag?post=2595"}],"curies":[{"name":"wp","href":"https:\/\/api.w.org\/{rel}","templated":true}]}}