{"id":2589,"date":"2015-12-22T13:14:05","date_gmt":"2018-08-21T15:17:11","guid":{"rendered":"https:\/\/dev-z-and-z.pantheonsite.io\/?post_type=product&#038;p=2589"},"modified":"2018-08-28T13:36:44","modified_gmt":"2018-08-28T13:36:44","slug":"scanmobile-130100-mobile-x-ray-inspection-system","status":"publish","type":"product","link":"https:\/\/znz.hu\/en\/product\/scanmobile-130100-mobile-x-ray-inspection-system\/","title":{"rendered":"ScanMobile 130100 Mobile X-ray inspection system"},"content":{"rendered":"<p>&nbsp;<\/p>\n<ul>\n<li>Incorporates HI-SCAN 130100<\/li>\n<li>Penetration up to 30mm steel (typical)<\/li>\n<li>Film safe up to ISO 1600 \/ 33 DIN<\/li>\n<li>Customizable vehicle chassis<\/li>\n<\/ul>\n<p>&nbsp;<\/p>\n<p>The ScanMobile integrates Smiths Detection\u2019s HI-SCAN 130100 X-ray inspection system a specially manufactured body chassis, allowing users to move the vehicle wherever demand arises.<\/p>\n<p>Designed for places where luggage, freight or mail is loaded or unloaded and must be checked for customs or security purposes.<\/p>\n<p>Fast and easy loading and unloading of inspected items is enabled by a motorized conveyor at the input side and a heavy-duty roller conveyor at the output side. Both have been designed to fold easily inside the vehicle for quick assembly and pack-up. The height of the conveyors is adjustable to meet the requirements of the operating area.<\/p>\n<p>Options available include air conditioning and an integrated power generator.<\/p>\n<p>&nbsp;<\/p>\n","protected":false},"excerpt":{"rendered":"<p>&nbsp; Incorporates HI-SCAN 130100 Penetration up to 30mm steel (typical) Film safe up to ISO 1600 \/ 33 DIN Customizable vehicle chassis &nbsp; The ScanMobile integrates Smiths Detection\u2019s HI-SCAN 130100 X-ray inspection system a specially manufactured body chassis, allowing users to move the vehicle wherever demand arises. Designed for places where luggage, freight or mail [&hellip;]<\/p>\n","protected":false},"featured_media":16752,"template":"","meta":{"_et_pb_use_builder":"","_et_pb_old_content":"","_et_gb_content_width":""},"product_brand":[],"product_cat":[264],"product_tag":[547,549,550,548,551,552],"class_list":{"0":"post-2589","1":"product","2":"type-product","3":"status-publish","4":"has-post-thumbnail","6":"product_cat-mobile-x-rays","7":"product_tag-csomagatvizsgalas-en","8":"product_tag-infrastruktura-vedelem-en","9":"product_tag-repuloter-en","10":"product_tag-rontgenberendezes-en","11":"product_tag-smiths-detection-en-2","12":"product_tag-smiths-heimann-en-2","14":"first","15":"instock","16":"shipping-taxable","17":"product-type-simple"},"yoast_head":"<!-- This site is optimized with the Yoast SEO plugin v27.5 - https:\/\/yoast.com\/product\/yoast-seo-wordpress\/ -->\n<title>ScanMobile 130100 Mobile X-ray inspection system - ZNZ<\/title>\n<meta name=\"description\" content=\"The ScanMobile integrates Smiths Detection\u2019s HI-SCAN 130100 X-ray inspection system a specially manufactured body chassis, allowing users to move the vehicle wherever demand arises. Designed for places where luggage, freight or mail is loaded or unloaded and must be checked for customs or security purposes.\" \/>\n<meta name=\"robots\" content=\"index, follow, max-snippet:-1, max-image-preview:large, max-video-preview:-1\" \/>\n<link rel=\"canonical\" href=\"https:\/\/znz.hu\/en\/product\/scanmobile-130100-mobile-x-ray-inspection-system\/\" \/>\n<meta property=\"og:locale\" content=\"en_US\" \/>\n<meta property=\"og:type\" content=\"article\" \/>\n<meta property=\"og:title\" content=\"ScanMobile 130100 Mobile X-ray inspection system - ZNZ\" \/>\n<meta property=\"og:description\" content=\"The ScanMobile integrates Smiths Detection\u2019s HI-SCAN 130100 X-ray inspection system a specially manufactured body chassis, allowing users to move the vehicle wherever demand arises. Designed for places where luggage, freight or mail is loaded or unloaded and must be checked for customs or security purposes.\" \/>\n<meta property=\"og:url\" content=\"https:\/\/znz.hu\/en\/product\/scanmobile-130100-mobile-x-ray-inspection-system\/\" \/>\n<meta property=\"og:site_name\" content=\"ZNZ\" \/>\n<meta property=\"article:modified_time\" content=\"2018-08-28T13:36:44+00:00\" \/>\n<meta property=\"og:image\" content=\"https:\/\/znz.hu\/wp-content\/uploads\/2015\/12\/ScanMobile_130100_csomagatvizsgalo_rontgenberendezes1.jpg\" \/>\n\t<meta property=\"og:image:width\" content=\"500\" \/>\n\t<meta property=\"og:image:height\" content=\"500\" \/>\n\t<meta property=\"og:image:type\" content=\"image\/jpeg\" \/>\n<meta name=\"twitter:card\" content=\"summary_large_image\" \/>\n<meta name=\"twitter:label1\" content=\"Est. reading time\" \/>\n\t<meta name=\"twitter:data1\" content=\"1 minute\" \/>\n<script type=\"application\/ld+json\" class=\"yoast-schema-graph\">{\"@context\":\"https:\\\/\\\/schema.org\",\"@graph\":[{\"@type\":\"WebPage\",\"@id\":\"https:\\\/\\\/znz.hu\\\/en\\\/product\\\/scanmobile-130100-mobile-x-ray-inspection-system\\\/\",\"url\":\"https:\\\/\\\/znz.hu\\\/en\\\/product\\\/scanmobile-130100-mobile-x-ray-inspection-system\\\/\",\"name\":\"ScanMobile 130100 Mobile X-ray inspection system - ZNZ\",\"isPartOf\":{\"@id\":\"https:\\\/\\\/znz.hu\\\/en\\\/#website\"},\"primaryImageOfPage\":{\"@id\":\"https:\\\/\\\/znz.hu\\\/en\\\/product\\\/scanmobile-130100-mobile-x-ray-inspection-system\\\/#primaryimage\"},\"image\":{\"@id\":\"https:\\\/\\\/znz.hu\\\/en\\\/product\\\/scanmobile-130100-mobile-x-ray-inspection-system\\\/#primaryimage\"},\"thumbnailUrl\":\"https:\\\/\\\/znz.hu\\\/wp-content\\\/uploads\\\/2015\\\/12\\\/ScanMobile_130100_csomagatvizsgalo_rontgenberendezes1.jpg\",\"datePublished\":\"2018-08-21T15:17:11+00:00\",\"dateModified\":\"2018-08-28T13:36:44+00:00\",\"description\":\"The ScanMobile integrates Smiths Detection\u2019s HI-SCAN 130100 X-ray inspection system a specially manufactured body chassis, allowing users to move the vehicle wherever demand arises. Designed for places where luggage, freight or mail is loaded or unloaded and must be checked for customs or security purposes.\",\"breadcrumb\":{\"@id\":\"https:\\\/\\\/znz.hu\\\/en\\\/product\\\/scanmobile-130100-mobile-x-ray-inspection-system\\\/#breadcrumb\"},\"inLanguage\":\"en-US\",\"potentialAction\":[{\"@type\":\"ReadAction\",\"target\":[\"https:\\\/\\\/znz.hu\\\/en\\\/product\\\/scanmobile-130100-mobile-x-ray-inspection-system\\\/\"]}]},{\"@type\":\"ImageObject\",\"inLanguage\":\"en-US\",\"@id\":\"https:\\\/\\\/znz.hu\\\/en\\\/product\\\/scanmobile-130100-mobile-x-ray-inspection-system\\\/#primaryimage\",\"url\":\"https:\\\/\\\/znz.hu\\\/wp-content\\\/uploads\\\/2015\\\/12\\\/ScanMobile_130100_csomagatvizsgalo_rontgenberendezes1.jpg\",\"contentUrl\":\"https:\\\/\\\/znz.hu\\\/wp-content\\\/uploads\\\/2015\\\/12\\\/ScanMobile_130100_csomagatvizsgalo_rontgenberendezes1.jpg\",\"width\":500,\"height\":500},{\"@type\":\"BreadcrumbList\",\"@id\":\"https:\\\/\\\/znz.hu\\\/en\\\/product\\\/scanmobile-130100-mobile-x-ray-inspection-system\\\/#breadcrumb\",\"itemListElement\":[{\"@type\":\"ListItem\",\"position\":1,\"name\":\"Kezd\u0151lap\",\"item\":\"https:\\\/\\\/znz.hu\\\/en\\\/\"},{\"@type\":\"ListItem\",\"position\":2,\"name\":\"\u00dczlet\",\"item\":\"https:\\\/\\\/znz.hu\\\/uzlet\\\/\"},{\"@type\":\"ListItem\",\"position\":3,\"name\":\"ScanMobile 130100 Mobile X-ray inspection system\"}]},{\"@type\":\"WebSite\",\"@id\":\"https:\\\/\\\/znz.hu\\\/en\\\/#website\",\"url\":\"https:\\\/\\\/znz.hu\\\/en\\\/\",\"name\":\"ZNZ\",\"description\":\"A vil\u00e1g vezet\u0151 v\u00e9delemtechnol\u00f3giai megold\u00e1sai teljes term\u00e9kt\u00e1mogat\u00e1ssal m\u00e1r 30 \u00e9ve.\",\"potentialAction\":[{\"@type\":\"SearchAction\",\"target\":{\"@type\":\"EntryPoint\",\"urlTemplate\":\"https:\\\/\\\/znz.hu\\\/en\\\/?s={search_term_string}\"},\"query-input\":{\"@type\":\"PropertyValueSpecification\",\"valueRequired\":true,\"valueName\":\"search_term_string\"}}],\"inLanguage\":\"en-US\"}]}<\/script>\n<!-- \/ Yoast SEO plugin. -->","yoast_head_json":{"title":"ScanMobile 130100 Mobile X-ray inspection system - ZNZ","description":"The ScanMobile integrates Smiths Detection\u2019s HI-SCAN 130100 X-ray inspection system a specially manufactured body chassis, allowing users to move the vehicle wherever demand arises. Designed for places where luggage, freight or mail is loaded or unloaded and must be checked for customs or security purposes.","robots":{"index":"index","follow":"follow","max-snippet":"max-snippet:-1","max-image-preview":"max-image-preview:large","max-video-preview":"max-video-preview:-1"},"canonical":"https:\/\/znz.hu\/en\/product\/scanmobile-130100-mobile-x-ray-inspection-system\/","og_locale":"en_US","og_type":"article","og_title":"ScanMobile 130100 Mobile X-ray inspection system - ZNZ","og_description":"The ScanMobile integrates Smiths Detection\u2019s HI-SCAN 130100 X-ray inspection system a specially manufactured body chassis, allowing users to move the vehicle wherever demand arises. Designed for places where luggage, freight or mail is loaded or unloaded and must be checked for customs or security purposes.","og_url":"https:\/\/znz.hu\/en\/product\/scanmobile-130100-mobile-x-ray-inspection-system\/","og_site_name":"ZNZ","article_modified_time":"2018-08-28T13:36:44+00:00","og_image":[{"width":500,"height":500,"url":"https:\/\/znz.hu\/wp-content\/uploads\/2015\/12\/ScanMobile_130100_csomagatvizsgalo_rontgenberendezes1.jpg","type":"image\/jpeg"}],"twitter_card":"summary_large_image","twitter_misc":{"Est. reading time":"1 minute"},"schema":{"@context":"https:\/\/schema.org","@graph":[{"@type":"WebPage","@id":"https:\/\/znz.hu\/en\/product\/scanmobile-130100-mobile-x-ray-inspection-system\/","url":"https:\/\/znz.hu\/en\/product\/scanmobile-130100-mobile-x-ray-inspection-system\/","name":"ScanMobile 130100 Mobile X-ray inspection system - ZNZ","isPartOf":{"@id":"https:\/\/znz.hu\/en\/#website"},"primaryImageOfPage":{"@id":"https:\/\/znz.hu\/en\/product\/scanmobile-130100-mobile-x-ray-inspection-system\/#primaryimage"},"image":{"@id":"https:\/\/znz.hu\/en\/product\/scanmobile-130100-mobile-x-ray-inspection-system\/#primaryimage"},"thumbnailUrl":"https:\/\/znz.hu\/wp-content\/uploads\/2015\/12\/ScanMobile_130100_csomagatvizsgalo_rontgenberendezes1.jpg","datePublished":"2018-08-21T15:17:11+00:00","dateModified":"2018-08-28T13:36:44+00:00","description":"The ScanMobile integrates Smiths Detection\u2019s HI-SCAN 130100 X-ray inspection system a specially manufactured body chassis, allowing users to move the vehicle wherever demand arises. Designed for places where luggage, freight or mail is loaded or unloaded and must be checked for customs or security purposes.","breadcrumb":{"@id":"https:\/\/znz.hu\/en\/product\/scanmobile-130100-mobile-x-ray-inspection-system\/#breadcrumb"},"inLanguage":"en-US","potentialAction":[{"@type":"ReadAction","target":["https:\/\/znz.hu\/en\/product\/scanmobile-130100-mobile-x-ray-inspection-system\/"]}]},{"@type":"ImageObject","inLanguage":"en-US","@id":"https:\/\/znz.hu\/en\/product\/scanmobile-130100-mobile-x-ray-inspection-system\/#primaryimage","url":"https:\/\/znz.hu\/wp-content\/uploads\/2015\/12\/ScanMobile_130100_csomagatvizsgalo_rontgenberendezes1.jpg","contentUrl":"https:\/\/znz.hu\/wp-content\/uploads\/2015\/12\/ScanMobile_130100_csomagatvizsgalo_rontgenberendezes1.jpg","width":500,"height":500},{"@type":"BreadcrumbList","@id":"https:\/\/znz.hu\/en\/product\/scanmobile-130100-mobile-x-ray-inspection-system\/#breadcrumb","itemListElement":[{"@type":"ListItem","position":1,"name":"Kezd\u0151lap","item":"https:\/\/znz.hu\/en\/"},{"@type":"ListItem","position":2,"name":"\u00dczlet","item":"https:\/\/znz.hu\/uzlet\/"},{"@type":"ListItem","position":3,"name":"ScanMobile 130100 Mobile X-ray inspection system"}]},{"@type":"WebSite","@id":"https:\/\/znz.hu\/en\/#website","url":"https:\/\/znz.hu\/en\/","name":"ZNZ","description":"A vil\u00e1g vezet\u0151 v\u00e9delemtechnol\u00f3giai megold\u00e1sai teljes term\u00e9kt\u00e1mogat\u00e1ssal m\u00e1r 30 \u00e9ve.","potentialAction":[{"@type":"SearchAction","target":{"@type":"EntryPoint","urlTemplate":"https:\/\/znz.hu\/en\/?s={search_term_string}"},"query-input":{"@type":"PropertyValueSpecification","valueRequired":true,"valueName":"search_term_string"}}],"inLanguage":"en-US"}]}},"_links":{"self":[{"href":"https:\/\/znz.hu\/en\/wp-json\/wp\/v2\/product\/2589","targetHints":{"allow":["GET"]}}],"collection":[{"href":"https:\/\/znz.hu\/en\/wp-json\/wp\/v2\/product"}],"about":[{"href":"https:\/\/znz.hu\/en\/wp-json\/wp\/v2\/types\/product"}],"wp:featuredmedia":[{"embeddable":true,"href":"https:\/\/znz.hu\/en\/wp-json\/wp\/v2\/media\/16752"}],"wp:attachment":[{"href":"https:\/\/znz.hu\/en\/wp-json\/wp\/v2\/media?parent=2589"}],"wp:term":[{"taxonomy":"product_brand","embeddable":true,"href":"https:\/\/znz.hu\/en\/wp-json\/wp\/v2\/product_brand?post=2589"},{"taxonomy":"product_cat","embeddable":true,"href":"https:\/\/znz.hu\/en\/wp-json\/wp\/v2\/product_cat?post=2589"},{"taxonomy":"product_tag","embeddable":true,"href":"https:\/\/znz.hu\/en\/wp-json\/wp\/v2\/product_tag?post=2589"}],"curies":[{"name":"wp","href":"https:\/\/api.w.org\/{rel}","templated":true}]}}