{"id":2583,"date":"2015-12-18T13:59:54","date_gmt":"2015-12-18T13:59:54","guid":{"rendered":"https:\/\/dev-z-and-z.pantheonsite.io\/?post_type=product&#038;p=2583"},"modified":"2018-09-20T08:09:17","modified_gmt":"2018-09-20T08:09:17","slug":"hi-scan-6040c","status":"publish","type":"product","link":"https:\/\/znz.hu\/en\/product\/hi-scan-6040c\/","title":{"rendered":"HI-SCAN 6040C Airport quality screening for buildings &#038; events"},"content":{"rendered":"<p>&nbsp;<\/p>\n<ul>\n<li>Designed for use at building entrances<\/li>\n<li>High reliability<\/li>\n<li>Best-in-class image quality<\/li>\n<li>Easy to operate<\/li>\n<li>Upgradable electronics and software<\/li>\n<li>Uses next-generation HiTrax Software &amp; Hardware<\/li>\n<li>Cost-optimised<\/li>\n<\/ul>\n<p>&nbsp;<\/p>\n<p>HI-SCAN 6040C is designed to screen bags, parcels and other objects for prohibited and dangerous items at building entrances.<\/p>\n<p>Generating highly detailed, easily interpreted X-ray images, with a background-contrast function that improves the recognizability of objects on the screen.<\/p>\n<p>Intelligent image-display functions support the operator in the rapid and reliable distinction of organic and inorganic threats.<\/p>\n<p>It can also provide real-time diagnostics on its operating status, ensuring easy handling and troubleshooting.<\/p>\n<p>&nbsp;<\/p>\n<p><iframe loading=\"lazy\" src=\"https:\/\/www.youtube.com\/embed\/iiXAnUQfMak\" width=\"560\" height=\"315\" frameborder=\"0\" allowfullscreen=\"allowfullscreen\"><\/iframe><\/p>\n<p>&nbsp;<\/p>\n<p><iframe loading=\"lazy\" src=\"https:\/\/www.youtube.com\/embed\/jL8kZ5O80Qk\" width=\"560\" height=\"315\" frameborder=\"0\" allowfullscreen=\"allowfullscreen\"><\/iframe><\/p>\n<p>&nbsp;<\/p>\n","protected":false},"excerpt":{"rendered":"<p>&nbsp; Designed for use at building entrances High reliability Best-in-class image quality Easy to operate Upgradable electronics and software Uses next-generation HiTrax Software &amp; Hardware Cost-optimised &nbsp; HI-SCAN 6040C is designed to screen bags, parcels and other objects for prohibited and dangerous items at building entrances. Generating highly detailed, easily interpreted X-ray images, with a [&hellip;]<\/p>\n","protected":false},"featured_media":16747,"template":"","meta":{"_et_pb_use_builder":"","_et_pb_old_content":"","_et_gb_content_width":""},"product_brand":[],"product_cat":[260,227],"product_tag":[547,549,550,548,551,552],"class_list":{"0":"post-2583","1":"product","2":"type-product","3":"status-publish","4":"has-post-thumbnail","6":"product_cat-baggage-screening","7":"product_cat-checkpoint-solutions","8":"product_tag-csomagatvizsgalas-en","9":"product_tag-infrastruktura-vedelem-en","10":"product_tag-repuloter-en","11":"product_tag-rontgenberendezes-en","12":"product_tag-smiths-detection-en-2","13":"product_tag-smiths-heimann-en-2","15":"first","16":"instock","17":"featured","18":"shipping-taxable","19":"product-type-simple"},"yoast_head":"<!-- This site is optimized with the Yoast SEO plugin v27.5 - https:\/\/yoast.com\/product\/yoast-seo-wordpress\/ -->\n<title>HI-SCAN 6040C Airport quality screening for buildings &amp; events - ZNZ<\/title>\n<meta name=\"description\" content=\"HI-SCAN 6040C is designed to screen bags, parcels and other objects for prohibited and dangerous items at building entrances.\" \/>\n<meta name=\"robots\" content=\"index, follow, max-snippet:-1, max-image-preview:large, max-video-preview:-1\" \/>\n<link rel=\"canonical\" href=\"https:\/\/znz.hu\/en\/product\/hi-scan-6040c\/\" \/>\n<meta property=\"og:locale\" content=\"en_US\" \/>\n<meta property=\"og:type\" content=\"article\" \/>\n<meta property=\"og:title\" content=\"HI-SCAN 6040C Airport quality screening for buildings &amp; events - ZNZ\" \/>\n<meta property=\"og:description\" content=\"HI-SCAN 6040C is designed to screen bags, parcels and other objects for prohibited and dangerous items at building entrances.\" \/>\n<meta property=\"og:url\" content=\"https:\/\/znz.hu\/en\/product\/hi-scan-6040c\/\" \/>\n<meta property=\"og:site_name\" content=\"ZNZ\" \/>\n<meta property=\"article:modified_time\" content=\"2018-09-20T08:09:17+00:00\" \/>\n<meta property=\"og:image\" content=\"https:\/\/znz.hu\/wp-content\/uploads\/2015\/12\/6040C_csomagatvizsgalo_rontgenberendezes1.jpg\" \/>\n\t<meta property=\"og:image:width\" content=\"500\" \/>\n\t<meta property=\"og:image:height\" content=\"500\" \/>\n\t<meta property=\"og:image:type\" content=\"image\/jpeg\" \/>\n<meta name=\"twitter:card\" content=\"summary_large_image\" \/>\n<meta name=\"twitter:label1\" content=\"Est. reading time\" \/>\n\t<meta name=\"twitter:data1\" content=\"1 minute\" \/>\n<script type=\"application\/ld+json\" class=\"yoast-schema-graph\">{\"@context\":\"https:\\\/\\\/schema.org\",\"@graph\":[{\"@type\":\"WebPage\",\"@id\":\"https:\\\/\\\/znz.hu\\\/en\\\/product\\\/hi-scan-6040c\\\/\",\"url\":\"https:\\\/\\\/znz.hu\\\/en\\\/product\\\/hi-scan-6040c\\\/\",\"name\":\"HI-SCAN 6040C Airport quality screening for buildings & events - ZNZ\",\"isPartOf\":{\"@id\":\"https:\\\/\\\/znz.hu\\\/en\\\/#website\"},\"primaryImageOfPage\":{\"@id\":\"https:\\\/\\\/znz.hu\\\/en\\\/product\\\/hi-scan-6040c\\\/#primaryimage\"},\"image\":{\"@id\":\"https:\\\/\\\/znz.hu\\\/en\\\/product\\\/hi-scan-6040c\\\/#primaryimage\"},\"thumbnailUrl\":\"https:\\\/\\\/znz.hu\\\/wp-content\\\/uploads\\\/2015\\\/12\\\/6040C_csomagatvizsgalo_rontgenberendezes1.jpg\",\"datePublished\":\"2015-12-18T13:59:54+00:00\",\"dateModified\":\"2018-09-20T08:09:17+00:00\",\"description\":\"HI-SCAN 6040C is designed to screen bags, parcels and other objects for prohibited and dangerous items at building entrances.\",\"breadcrumb\":{\"@id\":\"https:\\\/\\\/znz.hu\\\/en\\\/product\\\/hi-scan-6040c\\\/#breadcrumb\"},\"inLanguage\":\"en-US\",\"potentialAction\":[{\"@type\":\"ReadAction\",\"target\":[\"https:\\\/\\\/znz.hu\\\/en\\\/product\\\/hi-scan-6040c\\\/\"]}]},{\"@type\":\"ImageObject\",\"inLanguage\":\"en-US\",\"@id\":\"https:\\\/\\\/znz.hu\\\/en\\\/product\\\/hi-scan-6040c\\\/#primaryimage\",\"url\":\"https:\\\/\\\/znz.hu\\\/wp-content\\\/uploads\\\/2015\\\/12\\\/6040C_csomagatvizsgalo_rontgenberendezes1.jpg\",\"contentUrl\":\"https:\\\/\\\/znz.hu\\\/wp-content\\\/uploads\\\/2015\\\/12\\\/6040C_csomagatvizsgalo_rontgenberendezes1.jpg\",\"width\":500,\"height\":500,\"caption\":\"HI-SCAN 6040C X-ray screening\"},{\"@type\":\"BreadcrumbList\",\"@id\":\"https:\\\/\\\/znz.hu\\\/en\\\/product\\\/hi-scan-6040c\\\/#breadcrumb\",\"itemListElement\":[{\"@type\":\"ListItem\",\"position\":1,\"name\":\"Kezd\u0151lap\",\"item\":\"https:\\\/\\\/znz.hu\\\/en\\\/\"},{\"@type\":\"ListItem\",\"position\":2,\"name\":\"\u00dczlet\",\"item\":\"https:\\\/\\\/znz.hu\\\/uzlet\\\/\"},{\"@type\":\"ListItem\",\"position\":3,\"name\":\"HI-SCAN 6040C Airport quality screening for buildings &#038; events\"}]},{\"@type\":\"WebSite\",\"@id\":\"https:\\\/\\\/znz.hu\\\/en\\\/#website\",\"url\":\"https:\\\/\\\/znz.hu\\\/en\\\/\",\"name\":\"ZNZ\",\"description\":\"A vil\u00e1g vezet\u0151 v\u00e9delemtechnol\u00f3giai megold\u00e1sai teljes term\u00e9kt\u00e1mogat\u00e1ssal m\u00e1r 30 \u00e9ve.\",\"potentialAction\":[{\"@type\":\"SearchAction\",\"target\":{\"@type\":\"EntryPoint\",\"urlTemplate\":\"https:\\\/\\\/znz.hu\\\/en\\\/?s={search_term_string}\"},\"query-input\":{\"@type\":\"PropertyValueSpecification\",\"valueRequired\":true,\"valueName\":\"search_term_string\"}}],\"inLanguage\":\"en-US\"}]}<\/script>\n<!-- \/ Yoast SEO plugin. -->","yoast_head_json":{"title":"HI-SCAN 6040C Airport quality screening for buildings & events - ZNZ","description":"HI-SCAN 6040C is designed to screen bags, parcels and other objects for prohibited and dangerous items at building entrances.","robots":{"index":"index","follow":"follow","max-snippet":"max-snippet:-1","max-image-preview":"max-image-preview:large","max-video-preview":"max-video-preview:-1"},"canonical":"https:\/\/znz.hu\/en\/product\/hi-scan-6040c\/","og_locale":"en_US","og_type":"article","og_title":"HI-SCAN 6040C Airport quality screening for buildings & events - ZNZ","og_description":"HI-SCAN 6040C is designed to screen bags, parcels and other objects for prohibited and dangerous items at building entrances.","og_url":"https:\/\/znz.hu\/en\/product\/hi-scan-6040c\/","og_site_name":"ZNZ","article_modified_time":"2018-09-20T08:09:17+00:00","og_image":[{"width":500,"height":500,"url":"https:\/\/znz.hu\/wp-content\/uploads\/2015\/12\/6040C_csomagatvizsgalo_rontgenberendezes1.jpg","type":"image\/jpeg"}],"twitter_card":"summary_large_image","twitter_misc":{"Est. reading time":"1 minute"},"schema":{"@context":"https:\/\/schema.org","@graph":[{"@type":"WebPage","@id":"https:\/\/znz.hu\/en\/product\/hi-scan-6040c\/","url":"https:\/\/znz.hu\/en\/product\/hi-scan-6040c\/","name":"HI-SCAN 6040C Airport quality screening for buildings & events - ZNZ","isPartOf":{"@id":"https:\/\/znz.hu\/en\/#website"},"primaryImageOfPage":{"@id":"https:\/\/znz.hu\/en\/product\/hi-scan-6040c\/#primaryimage"},"image":{"@id":"https:\/\/znz.hu\/en\/product\/hi-scan-6040c\/#primaryimage"},"thumbnailUrl":"https:\/\/znz.hu\/wp-content\/uploads\/2015\/12\/6040C_csomagatvizsgalo_rontgenberendezes1.jpg","datePublished":"2015-12-18T13:59:54+00:00","dateModified":"2018-09-20T08:09:17+00:00","description":"HI-SCAN 6040C is designed to screen bags, parcels and other objects for prohibited and dangerous items at building entrances.","breadcrumb":{"@id":"https:\/\/znz.hu\/en\/product\/hi-scan-6040c\/#breadcrumb"},"inLanguage":"en-US","potentialAction":[{"@type":"ReadAction","target":["https:\/\/znz.hu\/en\/product\/hi-scan-6040c\/"]}]},{"@type":"ImageObject","inLanguage":"en-US","@id":"https:\/\/znz.hu\/en\/product\/hi-scan-6040c\/#primaryimage","url":"https:\/\/znz.hu\/wp-content\/uploads\/2015\/12\/6040C_csomagatvizsgalo_rontgenberendezes1.jpg","contentUrl":"https:\/\/znz.hu\/wp-content\/uploads\/2015\/12\/6040C_csomagatvizsgalo_rontgenberendezes1.jpg","width":500,"height":500,"caption":"HI-SCAN 6040C X-ray screening"},{"@type":"BreadcrumbList","@id":"https:\/\/znz.hu\/en\/product\/hi-scan-6040c\/#breadcrumb","itemListElement":[{"@type":"ListItem","position":1,"name":"Kezd\u0151lap","item":"https:\/\/znz.hu\/en\/"},{"@type":"ListItem","position":2,"name":"\u00dczlet","item":"https:\/\/znz.hu\/uzlet\/"},{"@type":"ListItem","position":3,"name":"HI-SCAN 6040C Airport quality screening for buildings &#038; events"}]},{"@type":"WebSite","@id":"https:\/\/znz.hu\/en\/#website","url":"https:\/\/znz.hu\/en\/","name":"ZNZ","description":"A vil\u00e1g vezet\u0151 v\u00e9delemtechnol\u00f3giai megold\u00e1sai teljes term\u00e9kt\u00e1mogat\u00e1ssal m\u00e1r 30 \u00e9ve.","potentialAction":[{"@type":"SearchAction","target":{"@type":"EntryPoint","urlTemplate":"https:\/\/znz.hu\/en\/?s={search_term_string}"},"query-input":{"@type":"PropertyValueSpecification","valueRequired":true,"valueName":"search_term_string"}}],"inLanguage":"en-US"}]}},"_links":{"self":[{"href":"https:\/\/znz.hu\/en\/wp-json\/wp\/v2\/product\/2583","targetHints":{"allow":["GET"]}}],"collection":[{"href":"https:\/\/znz.hu\/en\/wp-json\/wp\/v2\/product"}],"about":[{"href":"https:\/\/znz.hu\/en\/wp-json\/wp\/v2\/types\/product"}],"wp:featuredmedia":[{"embeddable":true,"href":"https:\/\/znz.hu\/en\/wp-json\/wp\/v2\/media\/16747"}],"wp:attachment":[{"href":"https:\/\/znz.hu\/en\/wp-json\/wp\/v2\/media?parent=2583"}],"wp:term":[{"taxonomy":"product_brand","embeddable":true,"href":"https:\/\/znz.hu\/en\/wp-json\/wp\/v2\/product_brand?post=2583"},{"taxonomy":"product_cat","embeddable":true,"href":"https:\/\/znz.hu\/en\/wp-json\/wp\/v2\/product_cat?post=2583"},{"taxonomy":"product_tag","embeddable":true,"href":"https:\/\/znz.hu\/en\/wp-json\/wp\/v2\/product_tag?post=2583"}],"curies":[{"name":"wp","href":"https:\/\/api.w.org\/{rel}","templated":true}]}}