{"id":18539,"date":"2021-01-12T11:22:23","date_gmt":"2021-01-12T10:22:23","guid":{"rendered":"https:\/\/znz.hu\/termek\/hi-scan-6040c-screening-for-buildings-events-more-info\/"},"modified":"2023-06-22T15:18:31","modified_gmt":"2023-06-22T13:18:31","slug":"hi-scan-6040c-xray-screening","status":"publish","type":"product","link":"https:\/\/znz.hu\/en\/product\/hi-scan-6040c-xray-screening\/","title":{"rendered":"HI-SCAN 6040C X-ray SCREENING"},"content":{"rendered":"<p>This HI-SCAN 6040C X-ray screening system was manufactured in 2016 ZNZ purchased for demonstration purposes, It has never operated continuously was used exclusively for demo occasions. Warranty period: 6 months<\/p>\n<p><strong>Features<\/strong>:<\/p>\n<ul>\n<li>Designed for use at building entrances<\/li>\n<li>High reliability<\/li>\n<li>Best-in-class image quality<\/li>\n<li>Easy to operate<\/li>\n<li>Upgradable electronics and software<\/li>\n<li>Uses next-generation HiTrax Software &amp; Hardware<\/li>\n<li>Cost-optimised<\/li>\n<\/ul>\n<p>HI-SCAN 6040C is designed to screen bags, parcels and other objects for prohibited and dangerous items at building entrances.<\/p>\n<p>Generating highly detailed, easily interpreted X-ray images, with a background-contrast function that improves the recognizability of objects on the screen.<\/p>\n<p>Intelligent image-display functions support the operator in the rapid and reliable distinction of organic and inorganic threats.<\/p>\n<p>It can also provide real-time diagnostics on its operating status, ensuring easy handling and troubleshooting.<\/p>\n","protected":false},"excerpt":{"rendered":"<p>This HI-SCAN 6040C X-ray screening system was manufactured in 2016 ZNZ purchased for demonstration purposes, It has never operated continuously was used exclusively for demo occasions. Warranty period: 6 months Features: Designed for use at building entrances High reliability Best-in-class image quality Easy to operate Upgradable electronics and software Uses next-generation HiTrax Software &amp; Hardware [&hellip;]<\/p>\n","protected":false},"featured_media":16747,"template":"","meta":{"_et_pb_use_builder":"","_et_pb_old_content":"","_et_gb_content_width":""},"product_brand":[],"product_cat":[546],"product_tag":[547,549,550,548,551,552],"class_list":{"0":"post-18539","1":"product","2":"type-product","3":"status-publish","4":"has-post-thumbnail","6":"product_cat-used-equipment-for-sale","7":"product_tag-csomagatvizsgalas-en","8":"product_tag-infrastruktura-vedelem-en","9":"product_tag-repuloter-en","10":"product_tag-rontgenberendezes-en","11":"product_tag-smiths-detection-en-2","12":"product_tag-smiths-heimann-en-2","14":"first","15":"instock","16":"featured","17":"shipping-taxable","18":"product-type-simple"},"yoast_head":"<!-- This site is optimized with the Yoast SEO plugin v27.5 - https:\/\/yoast.com\/product\/yoast-seo-wordpress\/ -->\n<title>HI-SCAN 6040C X-ray screening- ZNZ<\/title>\n<meta name=\"description\" content=\"The HI-SCAN 6040C X-ray system was developed for baggage inspection at checkpoints. With its compact dimensions, it can fit to a small spaces.\" \/>\n<meta name=\"robots\" content=\"index, follow, max-snippet:-1, max-image-preview:large, max-video-preview:-1\" \/>\n<link rel=\"canonical\" href=\"https:\/\/znz.hu\/en\/product\/hi-scan-6040c-xray-screening\/\" \/>\n<meta property=\"og:locale\" content=\"en_US\" \/>\n<meta property=\"og:type\" content=\"article\" \/>\n<meta property=\"og:title\" content=\"HI-SCAN 6040C X-ray screening- ZNZ\" \/>\n<meta property=\"og:description\" content=\"The HI-SCAN 6040C X-ray system was developed for baggage inspection at checkpoints. With its compact dimensions, it can fit to a small spaces.\" \/>\n<meta property=\"og:url\" content=\"https:\/\/znz.hu\/en\/product\/hi-scan-6040c-xray-screening\/\" \/>\n<meta property=\"og:site_name\" content=\"ZNZ\" \/>\n<meta property=\"article:modified_time\" content=\"2023-06-22T13:18:31+00:00\" \/>\n<meta property=\"og:image\" content=\"https:\/\/znz.hu\/wp-content\/uploads\/2015\/12\/6040C_csomagatvizsgalo_rontgenberendezes1.jpg\" \/>\n\t<meta property=\"og:image:width\" content=\"500\" \/>\n\t<meta property=\"og:image:height\" content=\"500\" \/>\n\t<meta property=\"og:image:type\" content=\"image\/jpeg\" \/>\n<meta name=\"twitter:card\" content=\"summary_large_image\" \/>\n<meta name=\"twitter:label1\" content=\"Est. reading time\" \/>\n\t<meta name=\"twitter:data1\" content=\"1 minute\" \/>\n<script type=\"application\/ld+json\" class=\"yoast-schema-graph\">{\"@context\":\"https:\\\/\\\/schema.org\",\"@graph\":[{\"@type\":\"WebPage\",\"@id\":\"https:\\\/\\\/znz.hu\\\/en\\\/product\\\/hi-scan-6040c-xray-screening\\\/\",\"url\":\"https:\\\/\\\/znz.hu\\\/en\\\/product\\\/hi-scan-6040c-xray-screening\\\/\",\"name\":\"HI-SCAN 6040C X-ray screening- ZNZ\",\"isPartOf\":{\"@id\":\"https:\\\/\\\/znz.hu\\\/en\\\/#website\"},\"primaryImageOfPage\":{\"@id\":\"https:\\\/\\\/znz.hu\\\/en\\\/product\\\/hi-scan-6040c-xray-screening\\\/#primaryimage\"},\"image\":{\"@id\":\"https:\\\/\\\/znz.hu\\\/en\\\/product\\\/hi-scan-6040c-xray-screening\\\/#primaryimage\"},\"thumbnailUrl\":\"https:\\\/\\\/znz.hu\\\/wp-content\\\/uploads\\\/2015\\\/12\\\/6040C_csomagatvizsgalo_rontgenberendezes1.jpg\",\"datePublished\":\"2021-01-12T10:22:23+00:00\",\"dateModified\":\"2023-06-22T13:18:31+00:00\",\"description\":\"The HI-SCAN 6040C X-ray system was developed for baggage inspection at checkpoints. With its compact dimensions, it can fit to a small spaces.\",\"breadcrumb\":{\"@id\":\"https:\\\/\\\/znz.hu\\\/en\\\/product\\\/hi-scan-6040c-xray-screening\\\/#breadcrumb\"},\"inLanguage\":\"en-US\",\"potentialAction\":[{\"@type\":\"ReadAction\",\"target\":[\"https:\\\/\\\/znz.hu\\\/en\\\/product\\\/hi-scan-6040c-xray-screening\\\/\"]}]},{\"@type\":\"ImageObject\",\"inLanguage\":\"en-US\",\"@id\":\"https:\\\/\\\/znz.hu\\\/en\\\/product\\\/hi-scan-6040c-xray-screening\\\/#primaryimage\",\"url\":\"https:\\\/\\\/znz.hu\\\/wp-content\\\/uploads\\\/2015\\\/12\\\/6040C_csomagatvizsgalo_rontgenberendezes1.jpg\",\"contentUrl\":\"https:\\\/\\\/znz.hu\\\/wp-content\\\/uploads\\\/2015\\\/12\\\/6040C_csomagatvizsgalo_rontgenberendezes1.jpg\",\"width\":500,\"height\":500,\"caption\":\"HI-SCAN 6040C X-ray screening\"},{\"@type\":\"BreadcrumbList\",\"@id\":\"https:\\\/\\\/znz.hu\\\/en\\\/product\\\/hi-scan-6040c-xray-screening\\\/#breadcrumb\",\"itemListElement\":[{\"@type\":\"ListItem\",\"position\":1,\"name\":\"Kezd\u0151lap\",\"item\":\"https:\\\/\\\/znz.hu\\\/en\\\/\"},{\"@type\":\"ListItem\",\"position\":2,\"name\":\"\u00dczlet\",\"item\":\"https:\\\/\\\/znz.hu\\\/uzlet\\\/\"},{\"@type\":\"ListItem\",\"position\":3,\"name\":\"HI-SCAN 6040C X-ray SCREENING\"}]},{\"@type\":\"WebSite\",\"@id\":\"https:\\\/\\\/znz.hu\\\/en\\\/#website\",\"url\":\"https:\\\/\\\/znz.hu\\\/en\\\/\",\"name\":\"ZNZ\",\"description\":\"A vil\u00e1g vezet\u0151 v\u00e9delemtechnol\u00f3giai megold\u00e1sai teljes term\u00e9kt\u00e1mogat\u00e1ssal m\u00e1r 30 \u00e9ve.\",\"potentialAction\":[{\"@type\":\"SearchAction\",\"target\":{\"@type\":\"EntryPoint\",\"urlTemplate\":\"https:\\\/\\\/znz.hu\\\/en\\\/?s={search_term_string}\"},\"query-input\":{\"@type\":\"PropertyValueSpecification\",\"valueRequired\":true,\"valueName\":\"search_term_string\"}}],\"inLanguage\":\"en-US\"}]}<\/script>\n<!-- \/ Yoast SEO plugin. -->","yoast_head_json":{"title":"HI-SCAN 6040C X-ray screening- ZNZ","description":"The HI-SCAN 6040C X-ray system was developed for baggage inspection at checkpoints. With its compact dimensions, it can fit to a small spaces.","robots":{"index":"index","follow":"follow","max-snippet":"max-snippet:-1","max-image-preview":"max-image-preview:large","max-video-preview":"max-video-preview:-1"},"canonical":"https:\/\/znz.hu\/en\/product\/hi-scan-6040c-xray-screening\/","og_locale":"en_US","og_type":"article","og_title":"HI-SCAN 6040C X-ray screening- ZNZ","og_description":"The HI-SCAN 6040C X-ray system was developed for baggage inspection at checkpoints. With its compact dimensions, it can fit to a small spaces.","og_url":"https:\/\/znz.hu\/en\/product\/hi-scan-6040c-xray-screening\/","og_site_name":"ZNZ","article_modified_time":"2023-06-22T13:18:31+00:00","og_image":[{"width":500,"height":500,"url":"https:\/\/znz.hu\/wp-content\/uploads\/2015\/12\/6040C_csomagatvizsgalo_rontgenberendezes1.jpg","type":"image\/jpeg"}],"twitter_card":"summary_large_image","twitter_misc":{"Est. reading time":"1 minute"},"schema":{"@context":"https:\/\/schema.org","@graph":[{"@type":"WebPage","@id":"https:\/\/znz.hu\/en\/product\/hi-scan-6040c-xray-screening\/","url":"https:\/\/znz.hu\/en\/product\/hi-scan-6040c-xray-screening\/","name":"HI-SCAN 6040C X-ray screening- ZNZ","isPartOf":{"@id":"https:\/\/znz.hu\/en\/#website"},"primaryImageOfPage":{"@id":"https:\/\/znz.hu\/en\/product\/hi-scan-6040c-xray-screening\/#primaryimage"},"image":{"@id":"https:\/\/znz.hu\/en\/product\/hi-scan-6040c-xray-screening\/#primaryimage"},"thumbnailUrl":"https:\/\/znz.hu\/wp-content\/uploads\/2015\/12\/6040C_csomagatvizsgalo_rontgenberendezes1.jpg","datePublished":"2021-01-12T10:22:23+00:00","dateModified":"2023-06-22T13:18:31+00:00","description":"The HI-SCAN 6040C X-ray system was developed for baggage inspection at checkpoints. With its compact dimensions, it can fit to a small spaces.","breadcrumb":{"@id":"https:\/\/znz.hu\/en\/product\/hi-scan-6040c-xray-screening\/#breadcrumb"},"inLanguage":"en-US","potentialAction":[{"@type":"ReadAction","target":["https:\/\/znz.hu\/en\/product\/hi-scan-6040c-xray-screening\/"]}]},{"@type":"ImageObject","inLanguage":"en-US","@id":"https:\/\/znz.hu\/en\/product\/hi-scan-6040c-xray-screening\/#primaryimage","url":"https:\/\/znz.hu\/wp-content\/uploads\/2015\/12\/6040C_csomagatvizsgalo_rontgenberendezes1.jpg","contentUrl":"https:\/\/znz.hu\/wp-content\/uploads\/2015\/12\/6040C_csomagatvizsgalo_rontgenberendezes1.jpg","width":500,"height":500,"caption":"HI-SCAN 6040C X-ray screening"},{"@type":"BreadcrumbList","@id":"https:\/\/znz.hu\/en\/product\/hi-scan-6040c-xray-screening\/#breadcrumb","itemListElement":[{"@type":"ListItem","position":1,"name":"Kezd\u0151lap","item":"https:\/\/znz.hu\/en\/"},{"@type":"ListItem","position":2,"name":"\u00dczlet","item":"https:\/\/znz.hu\/uzlet\/"},{"@type":"ListItem","position":3,"name":"HI-SCAN 6040C X-ray SCREENING"}]},{"@type":"WebSite","@id":"https:\/\/znz.hu\/en\/#website","url":"https:\/\/znz.hu\/en\/","name":"ZNZ","description":"A vil\u00e1g vezet\u0151 v\u00e9delemtechnol\u00f3giai megold\u00e1sai teljes term\u00e9kt\u00e1mogat\u00e1ssal m\u00e1r 30 \u00e9ve.","potentialAction":[{"@type":"SearchAction","target":{"@type":"EntryPoint","urlTemplate":"https:\/\/znz.hu\/en\/?s={search_term_string}"},"query-input":{"@type":"PropertyValueSpecification","valueRequired":true,"valueName":"search_term_string"}}],"inLanguage":"en-US"}]}},"_links":{"self":[{"href":"https:\/\/znz.hu\/en\/wp-json\/wp\/v2\/product\/18539","targetHints":{"allow":["GET"]}}],"collection":[{"href":"https:\/\/znz.hu\/en\/wp-json\/wp\/v2\/product"}],"about":[{"href":"https:\/\/znz.hu\/en\/wp-json\/wp\/v2\/types\/product"}],"wp:featuredmedia":[{"embeddable":true,"href":"https:\/\/znz.hu\/en\/wp-json\/wp\/v2\/media\/16747"}],"wp:attachment":[{"href":"https:\/\/znz.hu\/en\/wp-json\/wp\/v2\/media?parent=18539"}],"wp:term":[{"taxonomy":"product_brand","embeddable":true,"href":"https:\/\/znz.hu\/en\/wp-json\/wp\/v2\/product_brand?post=18539"},{"taxonomy":"product_cat","embeddable":true,"href":"https:\/\/znz.hu\/en\/wp-json\/wp\/v2\/product_cat?post=18539"},{"taxonomy":"product_tag","embeddable":true,"href":"https:\/\/znz.hu\/en\/wp-json\/wp\/v2\/product_tag?post=18539"}],"curies":[{"name":"wp","href":"https:\/\/api.w.org\/{rel}","templated":true}]}}