{"id":11376,"date":"2021-04-30T10:42:41","date_gmt":"2021-04-30T10:42:41","guid":{"rendered":"https:\/\/znz.hu\/about-us\/certifications-and-licences\/"},"modified":"2021-06-29T10:34:05","modified_gmt":"2021-06-29T08:34:05","slug":"certifications-and-licences","status":"publish","type":"page","link":"https:\/\/znz.hu\/en\/about-us\/certifications-and-licences\/","title":{"rendered":"Certifications and licences"},"content":{"rendered":"<p>[et_pb_section fb_built=&#8221;1&#8243; admin_label=&#8221;section&#8221; _builder_version=&#8221;4.4.8&#8243; min_height=&#8221;700px&#8221;][et_pb_row admin_label=&#8221;row&#8221; _builder_version=&#8221;3.25&#8243; background_size=&#8221;initial&#8221; background_position=&#8221;top_left&#8221; background_repeat=&#8221;repeat&#8221;][et_pb_column type=&#8221;4_4&#8243; _builder_version=&#8221;3.25&#8243; custom_padding=&#8221;|||&#8221; custom_padding__hover=&#8221;|||&#8221;][et_pb_text admin_label=&#8221;Text&#8221; _builder_version=&#8221;4.9.7&#8243; background_size=&#8221;initial&#8221; background_position=&#8221;top_left&#8221; background_repeat=&#8221;repeat&#8221; hover_enabled=&#8221;0&#8243; sticky_enabled=&#8221;0&#8243;]<\/p>\n<p><strong>Certifications and licences<\/strong><\/p>\n<p>&nbsp;<\/p>\n<p>According to the statutory requirements, we have the expert opinion of the <a href=\"https:\/\/www.nnk.gov.hu\/index.php\/szakteruletek\/sugarbiologiai-es-sugaregeszsegugyi-foosztaly\" target=\"_blank\" rel=\"noopener\">National Public Health Centre for Radiology and Radiation Health Department<\/a> (formerly the National \u201cFr\u00e9d\u00e9ric Joliot-Curie\u201d Research Institute for Radiology and Radiation Health) and the appropriate <a href=\"https:\/\/www.haea.gov.hu\/web\/v3\/OAHPortal.nsf\/web?OpenAgent\" target=\"_blank\" rel=\"noopener\">OAH<\/a> (formerly NTSZ) certifications.<\/p>\n<p>Our focus is on the quality of service and ensuring customer satisfaction. In order to achieve this goal, we introduced the MSZ EN ISO 9001:2000 quality assurance system in 2002. Our company meets the requirements of MSZ EN ISO 9001:2015, MSZ EN ISO 14001:2015 and NATO AQAP 2120 standards.<\/p>\n<p>&nbsp;<\/p>\n<p>[\/et_pb_text][\/et_pb_column][\/et_pb_row][\/et_pb_section]<\/p>\n","protected":false},"excerpt":{"rendered":"<p>Certifications and licences &nbsp; According to the statutory requirements, we have the expert opinion of the National Public Health Centre for Radiology and Radiation Health Department (formerly the National \u201cFr\u00e9d\u00e9ric Joliot-Curie\u201d Research Institute for Radiology and Radiation Health) and the appropriate OAH (formerly NTSZ) certifications. Our focus is on the quality of service and ensuring [&hellip;]<\/p>\n","protected":false},"author":1001011,"featured_media":0,"parent":2451,"menu_order":3,"comment_status":"closed","ping_status":"closed","template":"","meta":{"_et_pb_use_builder":"on","_et_pb_old_content":"","_et_gb_content_width":"","footnotes":""},"class_list":["post-11376","page","type-page","status-publish","hentry"],"yoast_head":"<!-- This site is optimized with the Yoast SEO plugin v27.5 - https:\/\/yoast.com\/product\/yoast-seo-wordpress\/ -->\n<title>Certifications and licences - ZNZ<\/title>\n<meta name=\"description\" content=\"Jogszab\u00e1lyi el\u0151\u00edr\u00e1sok szerint az \u00e1ltalunk forgalmazott berendez\u00e9sekre vonatkoz\u00f3an rendelkez\u00fcnk az OSSKI szakv\u00e9lem\u00e9ny\u00e9vel \u00e9s a megfelel\u0151 \u00c1NTSZ min\u0151s\u00edt\u00e9sekkel\" \/>\n<meta name=\"robots\" content=\"index, follow, max-snippet:-1, max-image-preview:large, max-video-preview:-1\" \/>\n<link rel=\"canonical\" href=\"https:\/\/znz.hu\/en\/about-us\/certifications-and-licences\/\" \/>\n<meta property=\"og:locale\" content=\"en_US\" \/>\n<meta property=\"og:type\" content=\"article\" \/>\n<meta property=\"og:title\" content=\"Certifications and licences - ZNZ\" \/>\n<meta property=\"og:description\" content=\"Jogszab\u00e1lyi el\u0151\u00edr\u00e1sok szerint az \u00e1ltalunk forgalmazott berendez\u00e9sekre vonatkoz\u00f3an rendelkez\u00fcnk az OSSKI szakv\u00e9lem\u00e9ny\u00e9vel \u00e9s a megfelel\u0151 \u00c1NTSZ min\u0151s\u00edt\u00e9sekkel\" \/>\n<meta property=\"og:url\" content=\"https:\/\/znz.hu\/en\/about-us\/certifications-and-licences\/\" \/>\n<meta property=\"og:site_name\" content=\"ZNZ\" \/>\n<meta property=\"article:modified_time\" content=\"2021-06-29T08:34:05+00:00\" \/>\n<meta name=\"twitter:card\" content=\"summary_large_image\" \/>\n<meta name=\"twitter:label1\" content=\"Est. reading time\" \/>\n\t<meta name=\"twitter:data1\" content=\"1 minute\" \/>\n<script type=\"application\/ld+json\" class=\"yoast-schema-graph\">{\"@context\":\"https:\\\/\\\/schema.org\",\"@graph\":[{\"@type\":\"WebPage\",\"@id\":\"https:\\\/\\\/znz.hu\\\/en\\\/about-us\\\/certifications-and-licences\\\/\",\"url\":\"https:\\\/\\\/znz.hu\\\/en\\\/about-us\\\/certifications-and-licences\\\/\",\"name\":\"Certifications and licences - ZNZ\",\"isPartOf\":{\"@id\":\"https:\\\/\\\/znz.hu\\\/en\\\/#website\"},\"datePublished\":\"2021-04-30T10:42:41+00:00\",\"dateModified\":\"2021-06-29T08:34:05+00:00\",\"description\":\"Jogszab\u00e1lyi el\u0151\u00edr\u00e1sok szerint az \u00e1ltalunk forgalmazott berendez\u00e9sekre vonatkoz\u00f3an rendelkez\u00fcnk az OSSKI szakv\u00e9lem\u00e9ny\u00e9vel \u00e9s a megfelel\u0151 \u00c1NTSZ min\u0151s\u00edt\u00e9sekkel\",\"breadcrumb\":{\"@id\":\"https:\\\/\\\/znz.hu\\\/en\\\/about-us\\\/certifications-and-licences\\\/#breadcrumb\"},\"inLanguage\":\"en-US\",\"potentialAction\":[{\"@type\":\"ReadAction\",\"target\":[\"https:\\\/\\\/znz.hu\\\/en\\\/about-us\\\/certifications-and-licences\\\/\"]}]},{\"@type\":\"BreadcrumbList\",\"@id\":\"https:\\\/\\\/znz.hu\\\/en\\\/about-us\\\/certifications-and-licences\\\/#breadcrumb\",\"itemListElement\":[{\"@type\":\"ListItem\",\"position\":1,\"name\":\"Kezd\u0151lap\",\"item\":\"https:\\\/\\\/znz.hu\\\/en\\\/\"},{\"@type\":\"ListItem\",\"position\":2,\"name\":\"About us\",\"item\":\"https:\\\/\\\/znz.hu\\\/en\\\/rolunk\\\/\"},{\"@type\":\"ListItem\",\"position\":3,\"name\":\"Certifications and licences\"}]},{\"@type\":\"WebSite\",\"@id\":\"https:\\\/\\\/znz.hu\\\/en\\\/#website\",\"url\":\"https:\\\/\\\/znz.hu\\\/en\\\/\",\"name\":\"ZNZ\",\"description\":\"A vil\u00e1g vezet\u0151 v\u00e9delemtechnol\u00f3giai megold\u00e1sai teljes term\u00e9kt\u00e1mogat\u00e1ssal m\u00e1r 30 \u00e9ve.\",\"potentialAction\":[{\"@type\":\"SearchAction\",\"target\":{\"@type\":\"EntryPoint\",\"urlTemplate\":\"https:\\\/\\\/znz.hu\\\/en\\\/?s={search_term_string}\"},\"query-input\":{\"@type\":\"PropertyValueSpecification\",\"valueRequired\":true,\"valueName\":\"search_term_string\"}}],\"inLanguage\":\"en-US\"}]}<\/script>\n<!-- \/ Yoast SEO plugin. -->","yoast_head_json":{"title":"Certifications and licences - ZNZ","description":"Jogszab\u00e1lyi el\u0151\u00edr\u00e1sok szerint az \u00e1ltalunk forgalmazott berendez\u00e9sekre vonatkoz\u00f3an rendelkez\u00fcnk az OSSKI szakv\u00e9lem\u00e9ny\u00e9vel \u00e9s a megfelel\u0151 \u00c1NTSZ min\u0151s\u00edt\u00e9sekkel","robots":{"index":"index","follow":"follow","max-snippet":"max-snippet:-1","max-image-preview":"max-image-preview:large","max-video-preview":"max-video-preview:-1"},"canonical":"https:\/\/znz.hu\/en\/about-us\/certifications-and-licences\/","og_locale":"en_US","og_type":"article","og_title":"Certifications and licences - ZNZ","og_description":"Jogszab\u00e1lyi el\u0151\u00edr\u00e1sok szerint az \u00e1ltalunk forgalmazott berendez\u00e9sekre vonatkoz\u00f3an rendelkez\u00fcnk az OSSKI szakv\u00e9lem\u00e9ny\u00e9vel \u00e9s a megfelel\u0151 \u00c1NTSZ min\u0151s\u00edt\u00e9sekkel","og_url":"https:\/\/znz.hu\/en\/about-us\/certifications-and-licences\/","og_site_name":"ZNZ","article_modified_time":"2021-06-29T08:34:05+00:00","twitter_card":"summary_large_image","twitter_misc":{"Est. reading time":"1 minute"},"schema":{"@context":"https:\/\/schema.org","@graph":[{"@type":"WebPage","@id":"https:\/\/znz.hu\/en\/about-us\/certifications-and-licences\/","url":"https:\/\/znz.hu\/en\/about-us\/certifications-and-licences\/","name":"Certifications and licences - ZNZ","isPartOf":{"@id":"https:\/\/znz.hu\/en\/#website"},"datePublished":"2021-04-30T10:42:41+00:00","dateModified":"2021-06-29T08:34:05+00:00","description":"Jogszab\u00e1lyi el\u0151\u00edr\u00e1sok szerint az \u00e1ltalunk forgalmazott berendez\u00e9sekre vonatkoz\u00f3an rendelkez\u00fcnk az OSSKI szakv\u00e9lem\u00e9ny\u00e9vel \u00e9s a megfelel\u0151 \u00c1NTSZ min\u0151s\u00edt\u00e9sekkel","breadcrumb":{"@id":"https:\/\/znz.hu\/en\/about-us\/certifications-and-licences\/#breadcrumb"},"inLanguage":"en-US","potentialAction":[{"@type":"ReadAction","target":["https:\/\/znz.hu\/en\/about-us\/certifications-and-licences\/"]}]},{"@type":"BreadcrumbList","@id":"https:\/\/znz.hu\/en\/about-us\/certifications-and-licences\/#breadcrumb","itemListElement":[{"@type":"ListItem","position":1,"name":"Kezd\u0151lap","item":"https:\/\/znz.hu\/en\/"},{"@type":"ListItem","position":2,"name":"About us","item":"https:\/\/znz.hu\/en\/rolunk\/"},{"@type":"ListItem","position":3,"name":"Certifications and licences"}]},{"@type":"WebSite","@id":"https:\/\/znz.hu\/en\/#website","url":"https:\/\/znz.hu\/en\/","name":"ZNZ","description":"A vil\u00e1g vezet\u0151 v\u00e9delemtechnol\u00f3giai megold\u00e1sai teljes term\u00e9kt\u00e1mogat\u00e1ssal m\u00e1r 30 \u00e9ve.","potentialAction":[{"@type":"SearchAction","target":{"@type":"EntryPoint","urlTemplate":"https:\/\/znz.hu\/en\/?s={search_term_string}"},"query-input":{"@type":"PropertyValueSpecification","valueRequired":true,"valueName":"search_term_string"}}],"inLanguage":"en-US"}]}},"_links":{"self":[{"href":"https:\/\/znz.hu\/en\/wp-json\/wp\/v2\/pages\/11376","targetHints":{"allow":["GET"]}}],"collection":[{"href":"https:\/\/znz.hu\/en\/wp-json\/wp\/v2\/pages"}],"about":[{"href":"https:\/\/znz.hu\/en\/wp-json\/wp\/v2\/types\/page"}],"author":[{"embeddable":true,"href":"https:\/\/znz.hu\/en\/wp-json\/wp\/v2\/users\/1001011"}],"replies":[{"embeddable":true,"href":"https:\/\/znz.hu\/en\/wp-json\/wp\/v2\/comments?post=11376"}],"version-history":[{"count":0,"href":"https:\/\/znz.hu\/en\/wp-json\/wp\/v2\/pages\/11376\/revisions"}],"up":[{"embeddable":true,"href":"https:\/\/znz.hu\/en\/wp-json\/wp\/v2\/pages\/2451"}],"wp:attachment":[{"href":"https:\/\/znz.hu\/en\/wp-json\/wp\/v2\/media?parent=11376"}],"curies":[{"name":"wp","href":"https:\/\/api.w.org\/{rel}","templated":true}]}}