{"id":11370,"date":"2021-04-30T10:19:00","date_gmt":"2021-04-30T10:19:00","guid":{"rendered":"https:\/\/znz.hu\/about-us\/references\/"},"modified":"2021-06-29T10:46:05","modified_gmt":"2021-06-29T08:46:05","slug":"references","status":"publish","type":"page","link":"https:\/\/znz.hu\/en\/about-us\/references\/","title":{"rendered":"References"},"content":{"rendered":"<p>[et_pb_section fb_built=&#8221;1&#8243; admin_label=&#8221;TITLE&#8221; _builder_version=&#8221;4.9.4&#8243; background_color=&#8221;#ff4712&#8243; min_height=&#8221;40px&#8221; min_height_tablet=&#8221;&#8221; min_height_phone=&#8221;40px&#8221; min_height_last_edited=&#8221;on|desktop&#8221; height=&#8221;40px&#8221; height_tablet=&#8221;&#8221; height_phone=&#8221;40px&#8221; height_last_edited=&#8221;on|desktop&#8221; max_height=&#8221;40px&#8221; max_height_tablet=&#8221;&#8221; max_height_phone=&#8221;40px&#8221; max_height_last_edited=&#8221;on|desktop&#8221; custom_margin=&#8221;0px||0px||false|false&#8221; custom_padding=&#8221;0px||0px||false|false&#8221; locked=&#8221;off&#8221;][et_pb_row make_equal=&#8221;on&#8221; _builder_version=&#8221;4.9.4&#8243; width=&#8221;100%&#8221; min_height=&#8221;40px&#8221; min_height_tablet=&#8221;&#8221; min_height_phone=&#8221;40px&#8221; min_height_last_edited=&#8221;on|desktop&#8221; height=&#8221;40px&#8221; height_tablet=&#8221;&#8221; height_phone=&#8221;40px&#8221; height_last_edited=&#8221;on|desktop&#8221; max_height=&#8221;40px&#8221; max_height_tablet=&#8221;&#8221; max_height_phone=&#8221;40px&#8221; max_height_last_edited=&#8221;on|desktop&#8221; custom_margin=&#8221;0px||||false|false&#8221; custom_padding=&#8221;10px||10px||false|false&#8221; custom_css_main_element=&#8221;margin: auto;&#8221;][et_pb_column type=&#8221;4_4&#8243; _builder_version=&#8221;4.9.4&#8243; custom_padding=&#8221;||||false|false&#8221; custom_css_main_element=&#8221;margin:auto;&#8221;][et_pb_text module_class=&#8221;global-title&#8221; _builder_version=&#8221;4.9.4&#8243; _dynamic_attributes=&#8221;content&#8221; text_font=&#8221;|700||on|||||&#8221; text_text_color=&#8221;#ffffff&#8221; text_font_size=&#8221;30px&#8221; text_letter_spacing=&#8221;1px&#8221; text_line_height=&#8221;1em&#8221; header_font=&#8221;|300||on|||||&#8221; header_text_align=&#8221;center&#8221; header_text_color=&#8221;#ffffff&#8221; header_font_size=&#8221;15px&#8221; max_width=&#8221;1280px&#8221; module_alignment=&#8221;center&#8221; custom_margin=&#8221;0px|0px|0px|0px|true|false&#8221; custom_padding=&#8221;0px|0px|0px|0px|false|false&#8221;]@ET-DC@eyJkeW5hbWljIjp0cnVlLCJjb250ZW50IjoicG9zdF90aXRsZSIsInNldHRpbmdzIjp7ImJlZm9yZSI6IjxoMT4iLCJhZnRlciI6IjwvaDE+In19@[\/et_pb_text][\/et_pb_column][\/et_pb_row][\/et_pb_section][et_pb_section fb_built=&#8221;1&#8243; custom_padding_last_edited=&#8221;on|phone&#8221; admin_label=&#8221;section&#8221; _builder_version=&#8221;4.9.4&#8243; custom_margin_tablet=&#8221;&#8221; custom_margin_phone=&#8221;0px||0px||false|false&#8221; custom_margin_last_edited=&#8221;on|phone&#8221; custom_padding_tablet=&#8221;&#8221; custom_padding_phone=&#8221;0px||0px||false|false&#8221; locked=&#8221;off&#8221;][et_pb_row column_structure=&#8221;1_2,1_2&#8243; admin_label=&#8221;row&#8221; _builder_version=&#8221;3.25&#8243; background_size=&#8221;initial&#8221; background_position=&#8221;top_left&#8221; background_repeat=&#8221;repeat&#8221;][et_pb_column type=&#8221;1_2&#8243; _builder_version=&#8221;3.25&#8243; custom_padding=&#8221;|||&#8221; custom_padding__hover=&#8221;|||&#8221;][et_pb_text admin_label=&#8221;Text&#8221; _builder_version=&#8221;4.9.4&#8243; background_size=&#8221;initial&#8221; background_position=&#8221;top_left&#8221; background_repeat=&#8221;repeat&#8221;]<\/p>\n<p>ADT-Sensormatic Kft.<\/p>\n<p>Airport Security Kft.<\/p>\n<p>Alkotm\u00e1nyb\u00edr\u00f3s\u00e1g<\/p>\n<p>Alkotm\u00e1nyv\u00e9delmi HIvatal<\/p>\n<p>AUDI Hungaria Motor Kft.<\/p>\n<p>B\u00e9k\u00e9s Rep\u00fcl\u0151t\u00e9r<\/p>\n<p>Bel\u00fcgyminiszt\u00e9rium<\/p>\n<p>BM Hat\u00e1r\u0151rs\u00e9g Orsz\u00e1gos Parancsnoks\u00e1ga<\/p>\n<p>Budapest Liszt Ferenc Nemzetk\u00f6zi Rep\u00fcl\u0151t\u00e9r<\/p>\n<p>Budapesti Rend\u0151rf\u0151kapit\u00e1nys\u00e1g<\/p>\n<p>B\u00fcntet\u00e9s-v\u00e9grehajt\u00e1s Orsz\u00e1gos Parancsnoks\u00e1ga<\/p>\n<p>Cargo-Partner Kft.<\/p>\n<p>Cape Clear Aviation Kft.<\/p>\n<p>Celebi Ground Handling Hungary Kft.<\/p>\n<p>Debrecen Nemzetk\u00f6zi Rep\u00fcl\u0151t\u00e9r<\/p>\n<p>DHL Express Magyarorsz\u00e1g Sz\u00e1ll\u00edtm\u00e1nyoz\u00f3 \u00e9s Szolg\u00e1ltat\u00f3 Kft.<\/p>\n<p>Elcoteq Magyarorsz\u00e1g Kft.<\/p>\n<p>Elit Ruhagy\u00e1r<\/p>\n<p>FIH Europe Ltd.<\/p>\n<p>Flextronics International Kft.<\/p>\n<p>Franciaorsz\u00e1g Nagyk\u00f6vets\u00e9ge, Budapest<\/p>\n<p>Honv\u00e9delmi Miniszt\u00e9rium<\/p>\n<p>Hungarocontrol Zrt.<\/p>\n<p>IBM Data Storage Systems Kft.<\/p>\n<p>Industrial Technique Kft.<\/p>\n<p>Jabil Circuit Hungary Kft., Tisza\u00fajv\u00e1ros<\/p>\n<p>K\u00f6zt\u00e1rsas\u00e1gi Eln\u00f6ki Hivatal<\/p>\n<p>K\u00fcl\u00fcgyminiszt\u00e9rium<\/p>\n<p>LEAR Corporation Hungary Kft.<\/p>\n<p>Magyar \u00c1llamkincst\u00e1r<\/p>\n<p>[\/et_pb_text][\/et_pb_column][et_pb_column type=&#8221;1_2&#8243; _builder_version=&#8221;3.25&#8243; custom_padding=&#8221;|||&#8221; custom_padding__hover=&#8221;|||&#8221;][et_pb_text admin_label=&#8221;Text&#8221; _builder_version=&#8221;4.9.4&#8243; background_size=&#8221;initial&#8221; background_position=&#8221;top_left&#8221; background_repeat=&#8221;repeat&#8221;]<\/p>\n<p>Magyar K\u00e9pz\u0151m\u0171v\u00e9szeti Egyetem<\/p>\n<p>Magyar Nemzeti Bank<\/p>\n<p>Menzies Aviation Cargo (Hungary) Kft.<\/p>\n<p>Magyar Villamos M\u0171vek Zrt.<\/p>\n<p>Mercedes-Benz Manufacturing Hungary Kft.<\/p>\n<p>Minisztereln\u00f6ki Hivatal<\/p>\n<p>Nemzetbiztons\u00e1gi Szakszolg\u00e1lat<\/p>\n<p>Nemzeti Ad\u00f3- \u00e9s V\u00e1mhivatal<\/p>\n<p>Nemzeti M\u00fazeum<\/p>\n<p>Opel Szentgotth\u00e1rd Kft.<\/p>\n<p>Orion Elektronikai Kft.<\/p>\n<p>Oroszorsz\u00e1gi F\u00f6der\u00e1ci\u00f3 Nagyk\u00f6vets\u00e9ge, Budapest<\/p>\n<p>Orsz\u00e1gos B\u00edr\u00f3s\u00e1gi Hivatal<\/p>\n<p>Orsz\u00e1gos Villamost\u00e1vvezet\u00e9k Zrt.<\/p>\n<p>Orsz\u00e1ggy\u0171l\u00e9s Hivatala<\/p>\n<p>OTP Bank K\u00f6zponti fi\u00f3k<\/p>\n<p>Parlament \u2013 K\u00f6zt\u00e1rsas\u00e1gi \u0150rezred<\/p>\n<p>Pesti K\u00f6zponti Ker\u00fcleti B\u00edr\u00f3s\u00e1g<\/p>\n<p>PHILIPS Components Kft.<\/p>\n<p>Richter Gedeon Nyrt.<\/p>\n<p>SAMSUNG Electronics Magyar Zrt.<\/p>\n<p>SANMINA-SCI Hungary, Tatab\u00e1nya<\/p>\n<p>S\u00e1rmell\u00e9k Airport<\/p>\n<p>Siemens Zrt.<\/p>\n<p>Suzuki Hungary<\/p>\n<p>Techno Security Zrt.<\/p>\n<p>TNT Express Hungary Kft.<\/p>\n<p>TVT Rt.<\/p>\n<p>Videoton Holding Zrt.<\/p>\n<p>Villeroy &amp; Boch Hungary Kft.<\/p>\n<p>[\/et_pb_text][\/et_pb_column][\/et_pb_row][\/et_pb_section]<\/p>\n","protected":false},"excerpt":{"rendered":"<p>ADT-Sensormatic Kft. Airport Security Kft. Alkotm\u00e1nyb\u00edr\u00f3s\u00e1g Alkotm\u00e1nyv\u00e9delmi HIvatal AUDI Hungaria Motor Kft. B\u00e9k\u00e9s Rep\u00fcl\u0151t\u00e9r Bel\u00fcgyminiszt\u00e9rium BM Hat\u00e1r\u0151rs\u00e9g Orsz\u00e1gos Parancsnoks\u00e1ga Budapest Liszt Ferenc Nemzetk\u00f6zi Rep\u00fcl\u0151t\u00e9r Budapesti Rend\u0151rf\u0151kapit\u00e1nys\u00e1g B\u00fcntet\u00e9s-v\u00e9grehajt\u00e1s Orsz\u00e1gos Parancsnoks\u00e1ga Cargo-Partner Kft. Cape Clear Aviation Kft. Celebi Ground Handling Hungary Kft. Debrecen Nemzetk\u00f6zi Rep\u00fcl\u0151t\u00e9r DHL Express Magyarorsz\u00e1g Sz\u00e1ll\u00edtm\u00e1nyoz\u00f3 \u00e9s Szolg\u00e1ltat\u00f3 Kft. Elcoteq Magyarorsz\u00e1g Kft. Elit Ruhagy\u00e1r [&hellip;]<\/p>\n","protected":false},"author":1001011,"featured_media":0,"parent":2451,"menu_order":5,"comment_status":"closed","ping_status":"closed","template":"","meta":{"_et_pb_use_builder":"on","_et_pb_old_content":"","_et_gb_content_width":"","footnotes":""},"class_list":["post-11370","page","type-page","status-publish","hentry"],"yoast_head":"<!-- This site is optimized with the Yoast SEO plugin v27.5 - https:\/\/yoast.com\/product\/yoast-seo-wordpress\/ -->\n<title>References - ZNZ<\/title>\n<meta name=\"description\" content=\"References I Where the security technology is equipped by ZNZ Preventive Technologies, we build long therm relationship with our clients.\" \/>\n<meta name=\"robots\" content=\"index, follow, max-snippet:-1, max-image-preview:large, max-video-preview:-1\" \/>\n<link rel=\"canonical\" href=\"https:\/\/znz.hu\/en\/about-us\/references\/\" \/>\n<meta property=\"og:locale\" content=\"en_US\" \/>\n<meta property=\"og:type\" content=\"article\" \/>\n<meta property=\"og:title\" content=\"References - ZNZ\" \/>\n<meta property=\"og:description\" content=\"References I Where the security technology is equipped by ZNZ Preventive Technologies, we build long therm relationship with our clients.\" \/>\n<meta property=\"og:url\" content=\"https:\/\/znz.hu\/en\/about-us\/references\/\" \/>\n<meta property=\"og:site_name\" content=\"ZNZ\" \/>\n<meta property=\"article:modified_time\" content=\"2021-06-29T08:46:05+00:00\" \/>\n<meta name=\"twitter:card\" content=\"summary_large_image\" \/>\n<meta name=\"twitter:label1\" content=\"Est. reading time\" \/>\n\t<meta name=\"twitter:data1\" content=\"3 minutes\" \/>\n<script type=\"application\/ld+json\" class=\"yoast-schema-graph\">{\"@context\":\"https:\\\/\\\/schema.org\",\"@graph\":[{\"@type\":\"WebPage\",\"@id\":\"https:\\\/\\\/znz.hu\\\/en\\\/about-us\\\/references\\\/\",\"url\":\"https:\\\/\\\/znz.hu\\\/en\\\/about-us\\\/references\\\/\",\"name\":\"References - ZNZ\",\"isPartOf\":{\"@id\":\"https:\\\/\\\/znz.hu\\\/en\\\/#website\"},\"datePublished\":\"2021-04-30T10:19:00+00:00\",\"dateModified\":\"2021-06-29T08:46:05+00:00\",\"description\":\"References I Where the security technology is equipped by ZNZ Preventive Technologies, we build long therm relationship with our clients.\",\"breadcrumb\":{\"@id\":\"https:\\\/\\\/znz.hu\\\/en\\\/about-us\\\/references\\\/#breadcrumb\"},\"inLanguage\":\"en-US\",\"potentialAction\":[{\"@type\":\"ReadAction\",\"target\":[\"https:\\\/\\\/znz.hu\\\/en\\\/about-us\\\/references\\\/\"]}]},{\"@type\":\"BreadcrumbList\",\"@id\":\"https:\\\/\\\/znz.hu\\\/en\\\/about-us\\\/references\\\/#breadcrumb\",\"itemListElement\":[{\"@type\":\"ListItem\",\"position\":1,\"name\":\"Kezd\u0151lap\",\"item\":\"https:\\\/\\\/znz.hu\\\/en\\\/\"},{\"@type\":\"ListItem\",\"position\":2,\"name\":\"About us\",\"item\":\"https:\\\/\\\/znz.hu\\\/en\\\/rolunk\\\/\"},{\"@type\":\"ListItem\",\"position\":3,\"name\":\"References\"}]},{\"@type\":\"WebSite\",\"@id\":\"https:\\\/\\\/znz.hu\\\/en\\\/#website\",\"url\":\"https:\\\/\\\/znz.hu\\\/en\\\/\",\"name\":\"ZNZ\",\"description\":\"A vil\u00e1g vezet\u0151 v\u00e9delemtechnol\u00f3giai megold\u00e1sai teljes term\u00e9kt\u00e1mogat\u00e1ssal m\u00e1r 30 \u00e9ve.\",\"potentialAction\":[{\"@type\":\"SearchAction\",\"target\":{\"@type\":\"EntryPoint\",\"urlTemplate\":\"https:\\\/\\\/znz.hu\\\/en\\\/?s={search_term_string}\"},\"query-input\":{\"@type\":\"PropertyValueSpecification\",\"valueRequired\":true,\"valueName\":\"search_term_string\"}}],\"inLanguage\":\"en-US\"}]}<\/script>\n<!-- \/ Yoast SEO plugin. -->","yoast_head_json":{"title":"References - ZNZ","description":"References I Where the security technology is equipped by ZNZ Preventive Technologies, we build long therm relationship with our clients.","robots":{"index":"index","follow":"follow","max-snippet":"max-snippet:-1","max-image-preview":"max-image-preview:large","max-video-preview":"max-video-preview:-1"},"canonical":"https:\/\/znz.hu\/en\/about-us\/references\/","og_locale":"en_US","og_type":"article","og_title":"References - ZNZ","og_description":"References I Where the security technology is equipped by ZNZ Preventive Technologies, we build long therm relationship with our clients.","og_url":"https:\/\/znz.hu\/en\/about-us\/references\/","og_site_name":"ZNZ","article_modified_time":"2021-06-29T08:46:05+00:00","twitter_card":"summary_large_image","twitter_misc":{"Est. reading time":"3 minutes"},"schema":{"@context":"https:\/\/schema.org","@graph":[{"@type":"WebPage","@id":"https:\/\/znz.hu\/en\/about-us\/references\/","url":"https:\/\/znz.hu\/en\/about-us\/references\/","name":"References - ZNZ","isPartOf":{"@id":"https:\/\/znz.hu\/en\/#website"},"datePublished":"2021-04-30T10:19:00+00:00","dateModified":"2021-06-29T08:46:05+00:00","description":"References I Where the security technology is equipped by ZNZ Preventive Technologies, we build long therm relationship with our clients.","breadcrumb":{"@id":"https:\/\/znz.hu\/en\/about-us\/references\/#breadcrumb"},"inLanguage":"en-US","potentialAction":[{"@type":"ReadAction","target":["https:\/\/znz.hu\/en\/about-us\/references\/"]}]},{"@type":"BreadcrumbList","@id":"https:\/\/znz.hu\/en\/about-us\/references\/#breadcrumb","itemListElement":[{"@type":"ListItem","position":1,"name":"Kezd\u0151lap","item":"https:\/\/znz.hu\/en\/"},{"@type":"ListItem","position":2,"name":"About us","item":"https:\/\/znz.hu\/en\/rolunk\/"},{"@type":"ListItem","position":3,"name":"References"}]},{"@type":"WebSite","@id":"https:\/\/znz.hu\/en\/#website","url":"https:\/\/znz.hu\/en\/","name":"ZNZ","description":"A vil\u00e1g vezet\u0151 v\u00e9delemtechnol\u00f3giai megold\u00e1sai teljes term\u00e9kt\u00e1mogat\u00e1ssal m\u00e1r 30 \u00e9ve.","potentialAction":[{"@type":"SearchAction","target":{"@type":"EntryPoint","urlTemplate":"https:\/\/znz.hu\/en\/?s={search_term_string}"},"query-input":{"@type":"PropertyValueSpecification","valueRequired":true,"valueName":"search_term_string"}}],"inLanguage":"en-US"}]}},"_links":{"self":[{"href":"https:\/\/znz.hu\/en\/wp-json\/wp\/v2\/pages\/11370","targetHints":{"allow":["GET"]}}],"collection":[{"href":"https:\/\/znz.hu\/en\/wp-json\/wp\/v2\/pages"}],"about":[{"href":"https:\/\/znz.hu\/en\/wp-json\/wp\/v2\/types\/page"}],"author":[{"embeddable":true,"href":"https:\/\/znz.hu\/en\/wp-json\/wp\/v2\/users\/1001011"}],"replies":[{"embeddable":true,"href":"https:\/\/znz.hu\/en\/wp-json\/wp\/v2\/comments?post=11370"}],"version-history":[{"count":0,"href":"https:\/\/znz.hu\/en\/wp-json\/wp\/v2\/pages\/11370\/revisions"}],"up":[{"embeddable":true,"href":"https:\/\/znz.hu\/en\/wp-json\/wp\/v2\/pages\/2451"}],"wp:attachment":[{"href":"https:\/\/znz.hu\/en\/wp-json\/wp\/v2\/media?parent=11370"}],"curies":[{"name":"wp","href":"https:\/\/api.w.org\/{rel}","templated":true}]}}